{"id":13,"date":"2015-10-12T14:44:48","date_gmt":"2015-10-12T14:44:48","guid":{"rendered":"http:\/\/www.calidadartesana.es\/blog\/?page_id=13"},"modified":"2016-07-25T15:37:19","modified_gmt":"2016-07-25T15:37:19","slug":"fibras-vegetales-papel-y-carton","status":"publish","type":"page","link":"https:\/\/blog.calidadartesana.com\/index.php\/fibras-vegetales-papel-y-carton\/","title":{"rendered":"Fibras Vegetales, Papel y Cart\u00f3n"},"content":{"rendered":"<figure id=\"attachment_142\" aria-describedby=\"caption-attachment-142\" style=\"width: 815px\" class=\"wp-caption alignnone\"><a href=\"http:\/\/www.calidadartesana.es\/contacto\/\"><img loading=\"lazy\" decoding=\"async\" class=\"wp-image-142 size-full\" src=\"http:\/\/www.calidadartesana.es\/blog\/wp-content\/uploads\/Fibras-vegetales-papel-y-carton-.jpg\" alt=\"Fibras vegetales, papel y cart\u00f3n\" width=\"815\" height=\"315\" srcset=\"https:\/\/blog.calidadartesana.com\/wp-content\/uploads\/Fibras-vegetales-papel-y-carton-.jpg 815w, https:\/\/blog.calidadartesana.com\/wp-content\/uploads\/Fibras-vegetales-papel-y-carton--300x116.jpg 300w\" sizes=\"auto, (max-width: 815px) 100vw, 815px\" \/><\/a><figcaption id=\"caption-attachment-142\" class=\"wp-caption-text\">Fibras vegetales, papel y cart\u00f3n<\/figcaption><\/figure>\n<p style=\"text-align: justify;\">Existen multitud de trabajos artesanos que emplean pr\u00e1cticamente los mismos materiales e iguales t\u00e9cnicas por lo que, en ocasiones, son los mismo artesanos los que realizan unos y otros productos.<\/p>\n<p style=\"text-align: justify;\">Aunque ser\u00eda casi imposible referir aqu\u00ed la amplia gama de objetos \u00a0que se realizan artesanalmente a partir de distintas <strong>fibras vegetales,<\/strong> cabr\u00eda quiz\u00e1 citar en primer t\u00e9rmino, por la belleza e importancia de su producci\u00f3n en ciertos paises, la elaboracion de <em>sombreros.<\/em> \u00a0En efecto, la producci\u00f3n artesanal de <em>sombreros<\/em> utilizando diversas <strong>fibras<\/strong> tiene gran relevancia en los paises de la cuenca mediterr\u00e1nea y, en general, en todas las zonas tropicales. Cabe, asi, destacar en <strong>Espa\u00f1a<\/strong> los <em>sombreros canarios<\/em> hechos con <strong>palma<\/strong> blanqueada; los de ciertas zonas de la provincia de <em>C\u00e1ceres,<\/em> que se adornan con telas y espejos; o los de <em>Segovia<\/em>, y elaborados con <strong>paja de centeno<\/strong> y adornados con dibujos realizados con la misma paja.<\/p>\n<p style=\"text-align: justify;\">En el continente americano hay que destacar, si duda, dentro de esta <strong>actividad artesanal<\/strong>, la producci\u00f3n de los cl\u00e1sicos <em>jipijapa o panama<\/em>, para cuya producci\u00f3n se utiliza un tipo particular de <strong>fibra<\/strong> que en aquellas latitudes se denomina <strong>paja toquilla<\/strong>. Esta fibra no es sino el cogollo tierno de <strong>palmito<\/strong> de Iraca, planta cuyo cultivo y preparaci\u00f3n se puede ya considerar en s\u00ed como una labor artesana. De este mismo material se realizan tambi\u00e9n <em>cestos y alfombras<\/em> de gran finura y belleza.<\/p>\n<p style=\"text-align: justify;\">Tambi\u00e9n en la zona mediterr\u00e1nea, si bien con claras diferencias entre un pa\u00eds y otro, es importante la producci\u00f3n de <em>calzado<\/em>, fundamentalmente <strong>alpargatas y esparte\u00f1as<\/strong>, realizado con <strong>fibras vegetales<\/strong>. Para la elaboraci\u00f3n de este tipo de <em>calzado,<\/em> eminentemente popular, se trenza el <strong>esparto<\/strong> o el <strong>c\u00e1\u00f1amo<\/strong> de que est\u00e1n formadas las suelas y se les une, sobreponiendolos, una puntera y un tal\u00f3n en cordoncillo de mejor realizaci\u00f3n. En otras ocasiones, la parte superior de la <em>alpargata<\/em> se hace de lona.<\/p>\n<p style=\"text-align: justify;\">Dentro de este campo, tambi\u00e9n se puede destacar la fabricaci\u00f3n de <em>alfombras<\/em> realizadas a base de <strong>palma y palmito<\/strong>, que se cose en tiras bordeando posteriormente sus contornos, o las m\u00e1s bastas producidas entretejiendo <strong>esparto<\/strong>.<\/p>\n<p style=\"text-align: justify;\">Gran importancia tiene en este tipo de artesan\u00eda la elaboraci\u00f3n de <strong>muebles<\/strong> en los que interviene la <strong>fibra vegetal entretejida<\/strong>. En este tipo de muebles se pueden diferenciar las cl\u00e1sicas <em>sillas<\/em>, hoy parcialmente en desuso, cuyo armaz\u00f3n es de madera y en las que solamente el asiento se realiza a base de <strong>enea<\/strong> entretejida, y los muebles completos de <strong>mimbre<\/strong> y <strong>junco<\/strong> que, si bien durante alg\u00fan tiempo estuvieron dedicados casi exclusivamente a la decoraci\u00f3n de jardines y espacios exteriores, han adquirido en la actualidad gran importancia en la decoraci\u00f3n de interiores, realiz\u00e1ndose <em>sillas y sillones<\/em> de mimbre u otras <strong>fibras<\/strong> cuyos respaldos son verdaderas filigranas y cuya realizaci\u00f3n, por el momento, se hace exclusivamente de manera artesanal por lo que, en general, tienen un precio bastante elevado.<\/p>\n<p style=\"text-align: justify;\">A partir de la pasta de <strong>fibras vegetales<\/strong> se elabora, despu\u00e9s de procedimientos especiales, un material en forma de l\u00e1minas finas, <strong>el papel<\/strong>. Al ser un elemento b\u00e1sico en la comunicaci\u00f3n y en la informaci\u00f3n, ha repercutido en el progreso de todo el mundo. Despu\u00e9s de mucho tiempo de elaboraci\u00f3n manual, la primera m\u00e1quina para la obtenci\u00f3n del papel se invent\u00f3 a principios del siglo XIX.<\/p>\n<p style=\"text-align: justify;\">En este breve repaso se puede observar que la imaginaci\u00f3n del <strong>artesano cestero<\/strong> no tiene l\u00edmites y que, a pesar de la competencia que le vienen haciendo los productos pl\u00e1sticos, la belleza y la autenticidad de la obra artesana sigue abriendo nuevos caminos y nuevas perspectivas para una creaci\u00f3n constante, amplia e ingeniosa que no solo tiene una finalidad decorativa, sino, tambi\u00e9n, esencialmente utilitaria.<\/p>\n<p style=\"text-align: justify;\">Los siguientes oficios comprenden esta categor\u00eda:<\/p>\n<ul>\n<li style=\"text-align: justify;\"><a href=\"https:\/\/blog.calidadartesana.com\/index.php\/fibras-vegetales-papel-y-carton\/cesteria\/\" target=\"_blank\">Cester\u00eda.<\/a><a href=\"http:\/\/www.calidadartesana.es\/socios-artesanos\/\"><img loading=\"lazy\" decoding=\"async\" class=\"alignright wp-image-114 size-medium\" src=\"http:\/\/www.calidadartesana.es\/blog\/wp-content\/uploads\/Certificados-205x300.png\" alt=\"Certificados Calidad Artesana\" width=\"205\" height=\"300\" srcset=\"https:\/\/blog.calidadartesana.com\/wp-content\/uploads\/Certificados-205x300.png 205w, https:\/\/blog.calidadartesana.com\/wp-content\/uploads\/Certificados-300x439.png 300w, https:\/\/blog.calidadartesana.com\/wp-content\/uploads\/Certificados.png 374w\" sizes=\"auto, (max-width: 205px) 100vw, 205px\" \/><\/a><\/li>\n<li style=\"text-align: justify;\"><span style=\"line-height: 1.5;\"><a href=\"https:\/\/blog.calidadartesana.com\/index.php\/fibras-vegetales-papel-y-carton\/cordeleria-y-cordoneria\/\" target=\"_blank\">Cordeleria y cordoner\u00eda.<\/a><\/span><\/li>\n<li style=\"text-align: justify;\"><a href=\"https:\/\/blog.calidadartesana.com\/index.php\/fibras-vegetales-papel-y-carton\/elaboracion-de-albardas\/\" target=\"_blank\">Elaboraci\u00f3n de albardas.<\/a><\/li>\n<li style=\"text-align: justify;\"><a href=\"https:\/\/blog.calidadartesana.com\/index.php\/fibras-vegetales-papel-y-carton\/elaboracion-de-alpargatas\/\" target=\"_blank\">Elaboraci\u00f3n de alpargatas.<\/a><\/li>\n<li style=\"text-align: justify;\"><a href=\"https:\/\/blog.calidadartesana.com\/index.php\/fibras-vegetales-papel-y-carton\/elaboracion-de-banderillas\/\" target=\"_blank\">Elaboraci\u00f3n de banderillas.<\/a><\/li>\n<li style=\"text-align: justify;\"><a href=\"https:\/\/blog.calidadartesana.com\/index.php\/fibras-vegetales-papel-y-carton\/elaboracion-de-capirotes-de-semana-santa\/\" target=\"_blank\">Elaboraci\u00f3n de capirotes de Semana Santa.<\/a><\/li>\n<li style=\"text-align: justify;\"><a href=\"https:\/\/blog.calidadartesana.com\/index.php\/fibras-vegetales-papel-y-carton\/elaboracion-de-flores-secas\/\" target=\"_blank\">Elaboraci\u00f3n de flores secas.<\/a><\/li>\n<li style=\"text-align: justify;\"><a href=\"https:\/\/blog.calidadartesana.com\/index.php\/fibras-vegetales-papel-y-carton\/elaboracion-de-muebles-con-fibra-vegetal\/\" target=\"_blank\">Elaboraci\u00f3n de muebles con fibra vegetal.<\/a><\/li>\n<li style=\"text-align: justify;\"><a href=\"https:\/\/blog.calidadartesana.com\/index.php\/fibras-vegetales-papel-y-carton\/elaboracion-de-objetos-artisticos-de-carton\/\" target=\"_blank\">Elaboraci\u00f3n de objetos art\u00edsticos de cart\u00f3n.<\/a><\/li>\n<li style=\"text-align: justify;\"><a href=\"https:\/\/blog.calidadartesana.com\/index.php\/fibras-vegetales-papel-y-carton\/elaboracion-de-objetos-con-palmito\/\" target=\"_blank\">Elaboraci\u00f3n de objetos con palmito.<\/a><\/li>\n<li style=\"text-align: justify;\"><a href=\"https:\/\/blog.calidadartesana.com\/index.php\/fibras-vegetales-papel-y-carton\/elaboracion-de-objetos-de-carton-piedra\/\" target=\"_blank\">Elaboraci\u00f3n de objetos de cart\u00f3n piedra.<\/a><\/li>\n<li style=\"text-align: justify;\"><a href=\"https:\/\/blog.calidadartesana.com\/index.php\/fibras-vegetales-papel-y-carton\/elaboracion-de-objetos-de-paja\/\" target=\"_blank\">Elaboraci\u00f3n de objetos de paja.<\/a><\/li>\n<li style=\"text-align: justify;\"><a href=\"https:\/\/blog.calidadartesana.com\/index.php\/fibras-vegetales-papel-y-carton\/elaboracion-de-papel\/\" target=\"_blank\">Elaboraci\u00f3n de papel.<\/a><\/li>\n<li style=\"text-align: justify;\"><a href=\"https:\/\/blog.calidadartesana.com\/index.php\/fibras-vegetales-papel-y-carton\/elaboracion-de-papel-y-carton-reciclado\/\" target=\"_blank\">Elaboraci\u00f3n de papel y cart\u00f3n reciclado.<\/a><\/li>\n<li style=\"text-align: justify;\"><a href=\"https:\/\/blog.calidadartesana.com\/index.php\/fibras-vegetales-papel-y-carton\/elaboracion-de-sillas-de-enea\/\" target=\"_blank\">Elaboraci\u00f3n de sillas de enea.<\/a><\/li>\n<li style=\"text-align: justify;\">Encuadernador.<\/li>\n<li style=\"text-align: justify;\">Esparter\u00eda.<\/li>\n<li style=\"text-align: justify;\">Elaboraci\u00f3n de fieltro.<\/li>\n<\/ul>\n","protected":false},"excerpt":{"rendered":"<p>Existen multitud de trabajos artesanos que emplean pr\u00e1cticamente los mismos materiales e iguales t\u00e9cnicas por lo que, en ocasiones, son [&hellip;]<\/p>\n","protected":false},"author":1,"featured_media":0,"parent":0,"menu_order":0,"comment_status":"closed","ping_status":"closed","template":"","meta":{"site-sidebar-layout":"default","site-content-layout":"","ast-site-content-layout":"default","site-content-style":"default","site-sidebar-style":"default","ast-global-header-display":"","ast-banner-title-visibility":"","ast-main-header-display":"","ast-hfb-above-header-display":"","ast-hfb-below-header-display":"","ast-hfb-mobile-header-display":"","site-post-title":"","ast-breadcrumbs-content":"","ast-featured-img":"","footer-sml-layout":"","theme-transparent-header-meta":"","adv-header-id-meta":"","stick-header-meta":"","header-above-stick-meta":"","header-main-stick-meta":"","header-below-stick-meta":"","astra-migrate-meta-layouts":"default","ast-page-background-enabled":"default","ast-page-background-meta":{"desktop":{"background-color":"var(--ast-global-color-4)","background-image":"","background-repeat":"repeat","background-position":"center center","background-size":"auto","background-attachment":"scroll","background-type":"","background-media":"","overlay-type":"","overlay-color":"","overlay-opacity":"","overlay-gradient":""},"tablet":{"background-color":"","background-image":"","background-repeat":"repeat","background-position":"center center","background-size":"auto","background-attachment":"scroll","background-type":"","background-media":"","overlay-type":"","overlay-color":"","overlay-opacity":"","overlay-gradient":""},"mobile":{"background-color":"","background-image":"","background-repeat":"repeat","background-position":"center center","background-size":"auto","background-attachment":"scroll","background-type":"","background-media":"","overlay-type":"","overlay-color":"","overlay-opacity":"","overlay-gradient":""}},"ast-content-background-meta":{"desktop":{"background-color":"var(--ast-global-color-5)","background-image":"","background-repeat":"repeat","background-position":"center center","background-size":"auto","background-attachment":"scroll","background-type":"","background-media":"","overlay-type":"","overlay-color":"","overlay-opacity":"","overlay-gradient":""},"tablet":{"background-color":"var(--ast-global-color-5)","background-image":"","background-repeat":"repeat","background-position":"center center","background-size":"auto","background-attachment":"scroll","background-type":"","background-media":"","overlay-type":"","overlay-color":"","overlay-opacity":"","overlay-gradient":""},"mobile":{"background-color":"var(--ast-global-color-5)","background-image":"","background-repeat":"repeat","background-position":"center center","background-size":"auto","background-attachment":"scroll","background-type":"","background-media":"","overlay-type":"","overlay-color":"","overlay-opacity":"","overlay-gradient":""}},"footnotes":""},"class_list":["post-13","page","type-page","status-publish","hentry"],"yoast_head":"<!-- This site is optimized with the Yoast SEO plugin v27.6 - https:\/\/yoast.com\/product\/yoast-seo-wordpress\/ -->\n<title>Fibras Vegetales, Papel y Cart\u00f3n -<\/title>\n<meta name=\"robots\" content=\"index, follow, max-snippet:-1, max-image-preview:large, max-video-preview:-1\" \/>\n<link rel=\"canonical\" href=\"https:\/\/blog.calidadartesana.com\/index.php\/fibras-vegetales-papel-y-carton\/\" \/>\n<meta property=\"og:locale\" content=\"es_ES\" \/>\n<meta property=\"og:type\" content=\"article\" \/>\n<meta property=\"og:title\" content=\"Fibras Vegetales, Papel y Cart\u00f3n -\" \/>\n<meta property=\"og:description\" content=\"Existen multitud de trabajos artesanos que emplean pr\u00e1cticamente los mismos materiales e iguales t\u00e9cnicas por lo que, en ocasiones, son [&hellip;]\" \/>\n<meta property=\"og:url\" content=\"https:\/\/blog.calidadartesana.com\/index.php\/fibras-vegetales-papel-y-carton\/\" \/>\n<meta property=\"article:publisher\" content=\"https:\/\/www.facebook.com\/CalidadArtesana\" \/>\n<meta property=\"article:modified_time\" content=\"2016-07-25T15:37:19+00:00\" \/>\n<meta property=\"og:image\" content=\"https:\/\/blog.calidadartesana.com\/wp-content\/uploads\/Fibras-vegetales-papel-y-carton-.jpg\" \/>\n\t<meta property=\"og:image:width\" content=\"815\" \/>\n\t<meta property=\"og:image:height\" content=\"315\" \/>\n\t<meta property=\"og:image:type\" content=\"image\/jpeg\" \/>\n<meta name=\"twitter:card\" content=\"summary_large_image\" \/>\n<meta name=\"twitter:site\" content=\"@CalidadArtesana\" \/>\n<meta name=\"twitter:label1\" content=\"Tiempo de lectura\" \/>\n\t<meta name=\"twitter:data1\" content=\"4 minutos\" \/>\n<script type=\"application\/ld+json\" class=\"yoast-schema-graph\">{\"@context\":\"https:\\\/\\\/schema.org\",\"@graph\":[{\"@type\":\"WebPage\",\"@id\":\"https:\\\/\\\/blog.calidadartesana.com\\\/index.php\\\/fibras-vegetales-papel-y-carton\\\/\",\"url\":\"https:\\\/\\\/blog.calidadartesana.com\\\/index.php\\\/fibras-vegetales-papel-y-carton\\\/\",\"name\":\"Fibras Vegetales, Papel y Cart\u00f3n -\",\"isPartOf\":{\"@id\":\"https:\\\/\\\/blog.calidadartesana.com\\\/#website\"},\"primaryImageOfPage\":{\"@id\":\"https:\\\/\\\/blog.calidadartesana.com\\\/index.php\\\/fibras-vegetales-papel-y-carton\\\/#primaryimage\"},\"image\":{\"@id\":\"https:\\\/\\\/blog.calidadartesana.com\\\/index.php\\\/fibras-vegetales-papel-y-carton\\\/#primaryimage\"},\"thumbnailUrl\":\"http:\\\/\\\/www.calidadartesana.es\\\/blog\\\/wp-content\\\/uploads\\\/Fibras-vegetales-papel-y-carton-.jpg\",\"datePublished\":\"2015-10-12T14:44:48+00:00\",\"dateModified\":\"2016-07-25T15:37:19+00:00\",\"breadcrumb\":{\"@id\":\"https:\\\/\\\/blog.calidadartesana.com\\\/index.php\\\/fibras-vegetales-papel-y-carton\\\/#breadcrumb\"},\"inLanguage\":\"es\",\"potentialAction\":[{\"@type\":\"ReadAction\",\"target\":[\"https:\\\/\\\/blog.calidadartesana.com\\\/index.php\\\/fibras-vegetales-papel-y-carton\\\/\"]}]},{\"@type\":\"ImageObject\",\"inLanguage\":\"es\",\"@id\":\"https:\\\/\\\/blog.calidadartesana.com\\\/index.php\\\/fibras-vegetales-papel-y-carton\\\/#primaryimage\",\"url\":\"http:\\\/\\\/www.calidadartesana.es\\\/blog\\\/wp-content\\\/uploads\\\/Fibras-vegetales-papel-y-carton-.jpg\",\"contentUrl\":\"http:\\\/\\\/www.calidadartesana.es\\\/blog\\\/wp-content\\\/uploads\\\/Fibras-vegetales-papel-y-carton-.jpg\"},{\"@type\":\"BreadcrumbList\",\"@id\":\"https:\\\/\\\/blog.calidadartesana.com\\\/index.php\\\/fibras-vegetales-papel-y-carton\\\/#breadcrumb\",\"itemListElement\":[{\"@type\":\"ListItem\",\"position\":1,\"name\":\"Portada\",\"item\":\"https:\\\/\\\/blog.calidadartesana.com\\\/\"},{\"@type\":\"ListItem\",\"position\":2,\"name\":\"Fibras Vegetales, Papel y Cart\u00f3n\"}]},{\"@type\":\"WebSite\",\"@id\":\"https:\\\/\\\/blog.calidadartesana.com\\\/#website\",\"url\":\"https:\\\/\\\/blog.calidadartesana.com\\\/\",\"name\":\"Calidad Artesana\",\"description\":\"Blog Calidad Artesana\",\"publisher\":{\"@id\":\"https:\\\/\\\/blog.calidadartesana.com\\\/#organization\"},\"potentialAction\":[{\"@type\":\"SearchAction\",\"target\":{\"@type\":\"EntryPoint\",\"urlTemplate\":\"https:\\\/\\\/blog.calidadartesana.com\\\/?s={search_term_string}\"},\"query-input\":{\"@type\":\"PropertyValueSpecification\",\"valueRequired\":true,\"valueName\":\"search_term_string\"}}],\"inLanguage\":\"es\"},{\"@type\":\"Organization\",\"@id\":\"https:\\\/\\\/blog.calidadartesana.com\\\/#organization\",\"name\":\"Calidad Artesana\",\"url\":\"https:\\\/\\\/blog.calidadartesana.com\\\/\",\"logo\":{\"@type\":\"ImageObject\",\"inLanguage\":\"es\",\"@id\":\"https:\\\/\\\/blog.calidadartesana.com\\\/#\\\/schema\\\/logo\\\/image\\\/\",\"url\":\"https:\\\/\\\/blog.calidadartesana.com\\\/wp-content\\\/uploads\\\/cropped-calidadArtesana.png\",\"contentUrl\":\"https:\\\/\\\/blog.calidadartesana.com\\\/wp-content\\\/uploads\\\/cropped-calidadArtesana.png\",\"width\":690,\"height\":230,\"caption\":\"Calidad Artesana\"},\"image\":{\"@id\":\"https:\\\/\\\/blog.calidadartesana.com\\\/#\\\/schema\\\/logo\\\/image\\\/\"},\"sameAs\":[\"https:\\\/\\\/www.facebook.com\\\/CalidadArtesana\",\"https:\\\/\\\/x.com\\\/CalidadArtesana\",\"https:\\\/\\\/www.instagram.com\\\/calidad_artesana\\\/\",\"https:\\\/\\\/es.pinterest.com\\\/CertificadoCalidadArtesana\\\/\"]}]}<\/script>\n<!-- \/ Yoast SEO plugin. -->","yoast_head_json":{"title":"Fibras Vegetales, Papel y Cart\u00f3n -","robots":{"index":"index","follow":"follow","max-snippet":"max-snippet:-1","max-image-preview":"max-image-preview:large","max-video-preview":"max-video-preview:-1"},"canonical":"https:\/\/blog.calidadartesana.com\/index.php\/fibras-vegetales-papel-y-carton\/","og_locale":"es_ES","og_type":"article","og_title":"Fibras Vegetales, Papel y Cart\u00f3n -","og_description":"Existen multitud de trabajos artesanos que emplean pr\u00e1cticamente los mismos materiales e iguales t\u00e9cnicas por lo que, en ocasiones, son [&hellip;]","og_url":"https:\/\/blog.calidadartesana.com\/index.php\/fibras-vegetales-papel-y-carton\/","article_publisher":"https:\/\/www.facebook.com\/CalidadArtesana","article_modified_time":"2016-07-25T15:37:19+00:00","og_image":[{"width":815,"height":315,"url":"https:\/\/blog.calidadartesana.com\/wp-content\/uploads\/Fibras-vegetales-papel-y-carton-.jpg","type":"image\/jpeg"}],"twitter_card":"summary_large_image","twitter_site":"@CalidadArtesana","twitter_misc":{"Tiempo de lectura":"4 minutos"},"schema":{"@context":"https:\/\/schema.org","@graph":[{"@type":"WebPage","@id":"https:\/\/blog.calidadartesana.com\/index.php\/fibras-vegetales-papel-y-carton\/","url":"https:\/\/blog.calidadartesana.com\/index.php\/fibras-vegetales-papel-y-carton\/","name":"Fibras Vegetales, Papel y Cart\u00f3n -","isPartOf":{"@id":"https:\/\/blog.calidadartesana.com\/#website"},"primaryImageOfPage":{"@id":"https:\/\/blog.calidadartesana.com\/index.php\/fibras-vegetales-papel-y-carton\/#primaryimage"},"image":{"@id":"https:\/\/blog.calidadartesana.com\/index.php\/fibras-vegetales-papel-y-carton\/#primaryimage"},"thumbnailUrl":"http:\/\/www.calidadartesana.es\/blog\/wp-content\/uploads\/Fibras-vegetales-papel-y-carton-.jpg","datePublished":"2015-10-12T14:44:48+00:00","dateModified":"2016-07-25T15:37:19+00:00","breadcrumb":{"@id":"https:\/\/blog.calidadartesana.com\/index.php\/fibras-vegetales-papel-y-carton\/#breadcrumb"},"inLanguage":"es","potentialAction":[{"@type":"ReadAction","target":["https:\/\/blog.calidadartesana.com\/index.php\/fibras-vegetales-papel-y-carton\/"]}]},{"@type":"ImageObject","inLanguage":"es","@id":"https:\/\/blog.calidadartesana.com\/index.php\/fibras-vegetales-papel-y-carton\/#primaryimage","url":"http:\/\/www.calidadartesana.es\/blog\/wp-content\/uploads\/Fibras-vegetales-papel-y-carton-.jpg","contentUrl":"http:\/\/www.calidadartesana.es\/blog\/wp-content\/uploads\/Fibras-vegetales-papel-y-carton-.jpg"},{"@type":"BreadcrumbList","@id":"https:\/\/blog.calidadartesana.com\/index.php\/fibras-vegetales-papel-y-carton\/#breadcrumb","itemListElement":[{"@type":"ListItem","position":1,"name":"Portada","item":"https:\/\/blog.calidadartesana.com\/"},{"@type":"ListItem","position":2,"name":"Fibras Vegetales, Papel y Cart\u00f3n"}]},{"@type":"WebSite","@id":"https:\/\/blog.calidadartesana.com\/#website","url":"https:\/\/blog.calidadartesana.com\/","name":"Calidad Artesana","description":"Blog Calidad Artesana","publisher":{"@id":"https:\/\/blog.calidadartesana.com\/#organization"},"potentialAction":[{"@type":"SearchAction","target":{"@type":"EntryPoint","urlTemplate":"https:\/\/blog.calidadartesana.com\/?s={search_term_string}"},"query-input":{"@type":"PropertyValueSpecification","valueRequired":true,"valueName":"search_term_string"}}],"inLanguage":"es"},{"@type":"Organization","@id":"https:\/\/blog.calidadartesana.com\/#organization","name":"Calidad Artesana","url":"https:\/\/blog.calidadartesana.com\/","logo":{"@type":"ImageObject","inLanguage":"es","@id":"https:\/\/blog.calidadartesana.com\/#\/schema\/logo\/image\/","url":"https:\/\/blog.calidadartesana.com\/wp-content\/uploads\/cropped-calidadArtesana.png","contentUrl":"https:\/\/blog.calidadartesana.com\/wp-content\/uploads\/cropped-calidadArtesana.png","width":690,"height":230,"caption":"Calidad Artesana"},"image":{"@id":"https:\/\/blog.calidadartesana.com\/#\/schema\/logo\/image\/"},"sameAs":["https:\/\/www.facebook.com\/CalidadArtesana","https:\/\/x.com\/CalidadArtesana","https:\/\/www.instagram.com\/calidad_artesana\/","https:\/\/es.pinterest.com\/CertificadoCalidadArtesana\/"]}]}},"_links":{"self":[{"href":"https:\/\/blog.calidadartesana.com\/index.php\/wp-json\/wp\/v2\/pages\/13","targetHints":{"allow":["GET"]}}],"collection":[{"href":"https:\/\/blog.calidadartesana.com\/index.php\/wp-json\/wp\/v2\/pages"}],"about":[{"href":"https:\/\/blog.calidadartesana.com\/index.php\/wp-json\/wp\/v2\/types\/page"}],"author":[{"embeddable":true,"href":"https:\/\/blog.calidadartesana.com\/index.php\/wp-json\/wp\/v2\/users\/1"}],"replies":[{"embeddable":true,"href":"https:\/\/blog.calidadartesana.com\/index.php\/wp-json\/wp\/v2\/comments?post=13"}],"version-history":[{"count":24,"href":"https:\/\/blog.calidadartesana.com\/index.php\/wp-json\/wp\/v2\/pages\/13\/revisions"}],"predecessor-version":[{"id":476,"href":"https:\/\/blog.calidadartesana.com\/index.php\/wp-json\/wp\/v2\/pages\/13\/revisions\/476"}],"wp:attachment":[{"href":"https:\/\/blog.calidadartesana.com\/index.php\/wp-json\/wp\/v2\/media?parent=13"}],"curies":[{"name":"wp","href":"https:\/\/api.w.org\/{rel}","templated":true}]}}