{"id":15,"date":"2015-10-12T14:45:28","date_gmt":"2015-10-12T14:45:28","guid":{"rendered":"http:\/\/www.calidadartesana.es\/blog\/?page_id=15"},"modified":"2015-12-26T16:39:33","modified_gmt":"2015-12-26T16:39:33","slug":"madera-y-corcho","status":"publish","type":"page","link":"https:\/\/blog.calidadartesana.com\/index.php\/madera-y-corcho\/","title":{"rendered":"Madera y Corcho"},"content":{"rendered":"<figure id=\"attachment_147\" aria-describedby=\"caption-attachment-147\" style=\"width: 815px\" class=\"wp-caption alignnone\"><a href=\"http:\/\/www.calidadartesana.es\/contacto\/\"><img loading=\"lazy\" decoding=\"async\" class=\"wp-image-147 size-full\" src=\"http:\/\/www.calidadartesana.es\/blog\/wp-content\/uploads\/Madera-y-Corcho.jpg\" alt=\"Madera y Corcho\" width=\"815\" height=\"315\" srcset=\"https:\/\/blog.calidadartesana.com\/wp-content\/uploads\/Madera-y-Corcho.jpg 815w, https:\/\/blog.calidadartesana.com\/wp-content\/uploads\/Madera-y-Corcho-300x116.jpg 300w\" sizes=\"auto, (max-width: 815px) 100vw, 815px\" \/><\/a><figcaption id=\"caption-attachment-147\" class=\"wp-caption-text\">Madera y Corcho<\/figcaption><\/figure>\n<p style=\"text-align: justify;\">Desde hace miles de a\u00f1os el hombre se ha servido de la <strong>madera<\/strong> para realizar multitud de objetos diferentes que van desde el calzado <em>(zuecos o almadre\u00f1as)<\/em> hasta embarcaciones, pasando por recipientes diversos e incluso su \u00a0propia vivienda. Esta multiplicidad de usos ha dado lugar a la existencia de diferentes <strong>artesan\u00edas<\/strong> que trabajan dicho material, entre las que cabr\u00eda destacar, por el componente art\u00edstico que tiene su trabajo, las dedicadas a la<strong> talla de madera<\/strong>.<\/p>\n<p style=\"text-align: justify;\">La talla se puede llevar a cabo sobre diferentes tipos de <strong>madera<\/strong>, que en principio se clasifican seg\u00fan su grado de dureza. As\u00ed, hay <em>maderas dur\u00edsimas <\/em>(como el \u00e9bano y el olivo), <em>muy duras<\/em> (como el boj y el espino), <em>duras<\/em> (como la encina y el fresno), <em>poco duras<\/em> (como el casta\u00f1o, la caoba, el haya y el cedro), <em>blandas<\/em> (como el abedul, el pino y el avellano) y <em>muy blandas<\/em> (como el chopo y el tilo).<\/p>\n<p style=\"text-align: justify;\">La talla de<strong> madera<\/strong>, que ha generado obras de gran calidad art\u00edstica en el campo de la <em>imaginaria<\/em>, el mueble tallado y otras representaciones de caracter religiosos, ha perdido, sin embargo, en buena medida su valoraci\u00f3n social. Esta perdida ha venido originada en gran parte por la disminuci\u00f3n real de la labor artesana en este campo, ya que, en la actualidad, existen maquinas copiadoras -denominadas <em>pant\u00f3grafos<\/em>&#8211; capaces de reproducir, a partir de un original, gran numero de piezas por medio de unos brazos articulados, con lo que la labor del artesano ha quedado reducida en muchos casos a la creaci\u00f3n de original, al repasado y acabado de determinadas cavidades y al barnizado o decoraci\u00f3n de la talla.<\/p>\n<p style=\"text-align: justify;\">Aparte de la talla, que tiene una misi\u00f3n fundamentalmente ornamental, existen otras <strong>artesan\u00edas de la madera<\/strong> cuyo fin es mucho mas funcional, como puede ser la construcci\u00f3n de muebles. Dentro de esta labor existen una serie de trabajos previos como <em>cortar, cepillar, regruesar o moldurar la madera<\/em>, que en la actualidad se hacen generalmente de forma industrial; sin embargo, en el mueble de <strong>artesan\u00eda<\/strong> siguen existiendo labores que se hacen fundamentalmente a mano. Entre otros se debe destacar los siguiente <strong>oficios:<\/strong><\/p>\n<ul>\n<li style=\"text-align: justify;\">Barnizador\/lacador.<a href=\"http:\/\/www.calidadartesana.es\/socios-artesanos\/\"><img loading=\"lazy\" decoding=\"async\" class=\"alignright wp-image-114 size-medium\" src=\"http:\/\/www.calidadartesana.es\/blog\/wp-content\/uploads\/Certificados-205x300.png\" alt=\"Certificados Calidad Artesana\" width=\"205\" height=\"300\" srcset=\"https:\/\/blog.calidadartesana.com\/wp-content\/uploads\/Certificados-205x300.png 205w, https:\/\/blog.calidadartesana.com\/wp-content\/uploads\/Certificados-300x439.png 300w, https:\/\/blog.calidadartesana.com\/wp-content\/uploads\/Certificados.png 374w\" sizes=\"auto, (max-width: 205px) 100vw, 205px\" \/><\/a><\/li>\n<li style=\"text-align: justify;\">Carpinter\u00eda.<\/li>\n<li style=\"text-align: justify;\">Carpinter\u00eda de Ribera.<\/li>\n<li style=\"text-align: justify;\">Decoraci\u00f3n de muebles.<\/li>\n<li style=\"text-align: justify;\">Ebanister\u00eda.<\/li>\n<li style=\"text-align: justify;\">Elaboraci\u00f3n artesanado mud\u00e9jar.<\/li>\n<li style=\"text-align: justify;\">Elaboraci\u00f3n de almadre\u00f1as.<\/li>\n<li style=\"text-align: justify;\">Elaboraci\u00f3n de arados y aperos de labranza.<\/li>\n<li style=\"text-align: justify;\">Elaboraci\u00f3n de art\u00edculos con corcho.<\/li>\n<li style=\"text-align: justify;\">Elaboraci\u00f3n de carros y carruajes.<\/li>\n<li style=\"text-align: justify;\">Elaboraci\u00f3n de hormas.<\/li>\n<li style=\"text-align: justify;\">Elaboraci\u00f3n de instrumentos musicales de arco, teclado y cuerda pulsada.<\/li>\n<li style=\"text-align: justify;\">Elaboraci\u00f3n de pipas de fumar.<\/li>\n<li style=\"text-align: justify;\">Imaginer\u00eda.<\/li>\n<li style=\"text-align: justify;\">Marqueter\u00eda.<\/li>\n<li style=\"text-align: justify;\">Siller\u00eda.<\/li>\n<li style=\"text-align: justify;\">Tallista de madera.<\/li>\n<li style=\"text-align: justify;\">Taraceador.<\/li>\n<li style=\"text-align: justify;\">Toneler\u00eda.<\/li>\n<li style=\"text-align: justify;\">Torner\u00eda.<\/li>\n<\/ul>\n","protected":false},"excerpt":{"rendered":"<p>Desde hace miles de a\u00f1os el hombre se ha servido de la madera para realizar multitud de objetos diferentes que [&hellip;]<\/p>\n","protected":false},"author":1,"featured_media":0,"parent":0,"menu_order":0,"comment_status":"closed","ping_status":"closed","template":"","meta":{"site-sidebar-layout":"default","site-content-layout":"","ast-site-content-layout":"default","site-content-style":"default","site-sidebar-style":"default","ast-global-header-display":"","ast-banner-title-visibility":"","ast-main-header-display":"","ast-hfb-above-header-display":"","ast-hfb-below-header-display":"","ast-hfb-mobile-header-display":"","site-post-title":"","ast-breadcrumbs-content":"","ast-featured-img":"","footer-sml-layout":"","theme-transparent-header-meta":"","adv-header-id-meta":"","stick-header-meta":"","header-above-stick-meta":"","header-main-stick-meta":"","header-below-stick-meta":"","astra-migrate-meta-layouts":"default","ast-page-background-enabled":"default","ast-page-background-meta":{"desktop":{"background-color":"var(--ast-global-color-4)","background-image":"","background-repeat":"repeat","background-position":"center center","background-size":"auto","background-attachment":"scroll","background-type":"","background-media":"","overlay-type":"","overlay-color":"","overlay-opacity":"","overlay-gradient":""},"tablet":{"background-color":"","background-image":"","background-repeat":"repeat","background-position":"center center","background-size":"auto","background-attachment":"scroll","background-type":"","background-media":"","overlay-type":"","overlay-color":"","overlay-opacity":"","overlay-gradient":""},"mobile":{"background-color":"","background-image":"","background-repeat":"repeat","background-position":"center center","background-size":"auto","background-attachment":"scroll","background-type":"","background-media":"","overlay-type":"","overlay-color":"","overlay-opacity":"","overlay-gradient":""}},"ast-content-background-meta":{"desktop":{"background-color":"var(--ast-global-color-5)","background-image":"","background-repeat":"repeat","background-position":"center center","background-size":"auto","background-attachment":"scroll","background-type":"","background-media":"","overlay-type":"","overlay-color":"","overlay-opacity":"","overlay-gradient":""},"tablet":{"background-color":"var(--ast-global-color-5)","background-image":"","background-repeat":"repeat","background-position":"center center","background-size":"auto","background-attachment":"scroll","background-type":"","background-media":"","overlay-type":"","overlay-color":"","overlay-opacity":"","overlay-gradient":""},"mobile":{"background-color":"var(--ast-global-color-5)","background-image":"","background-repeat":"repeat","background-position":"center center","background-size":"auto","background-attachment":"scroll","background-type":"","background-media":"","overlay-type":"","overlay-color":"","overlay-opacity":"","overlay-gradient":""}},"footnotes":""},"class_list":["post-15","page","type-page","status-publish","hentry"],"yoast_head":"<!-- This site is optimized with the Yoast SEO plugin v27.6 - https:\/\/yoast.com\/product\/yoast-seo-wordpress\/ -->\n<title>Madera y Corcho -<\/title>\n<meta name=\"robots\" content=\"index, follow, max-snippet:-1, max-image-preview:large, max-video-preview:-1\" \/>\n<link rel=\"canonical\" href=\"https:\/\/blog.calidadartesana.com\/index.php\/madera-y-corcho\/\" \/>\n<meta property=\"og:locale\" content=\"es_ES\" \/>\n<meta property=\"og:type\" content=\"article\" \/>\n<meta property=\"og:title\" content=\"Madera y Corcho -\" \/>\n<meta property=\"og:description\" content=\"Desde hace miles de a\u00f1os el hombre se ha servido de la madera para realizar multitud de objetos diferentes que [&hellip;]\" \/>\n<meta property=\"og:url\" content=\"https:\/\/blog.calidadartesana.com\/index.php\/madera-y-corcho\/\" \/>\n<meta property=\"article:publisher\" content=\"https:\/\/www.facebook.com\/CalidadArtesana\" \/>\n<meta property=\"article:modified_time\" content=\"2015-12-26T16:39:33+00:00\" \/>\n<meta property=\"og:image\" content=\"https:\/\/blog.calidadartesana.com\/wp-content\/uploads\/Madera-y-Corcho.jpg\" \/>\n\t<meta property=\"og:image:width\" content=\"815\" \/>\n\t<meta property=\"og:image:height\" content=\"315\" \/>\n\t<meta property=\"og:image:type\" content=\"image\/jpeg\" \/>\n<meta name=\"twitter:card\" content=\"summary_large_image\" \/>\n<meta name=\"twitter:site\" content=\"@CalidadArtesana\" \/>\n<meta name=\"twitter:label1\" content=\"Tiempo de lectura\" \/>\n\t<meta name=\"twitter:data1\" content=\"2 minutos\" \/>\n<script type=\"application\/ld+json\" class=\"yoast-schema-graph\">{\"@context\":\"https:\\\/\\\/schema.org\",\"@graph\":[{\"@type\":\"WebPage\",\"@id\":\"https:\\\/\\\/blog.calidadartesana.com\\\/index.php\\\/madera-y-corcho\\\/\",\"url\":\"https:\\\/\\\/blog.calidadartesana.com\\\/index.php\\\/madera-y-corcho\\\/\",\"name\":\"Madera y Corcho -\",\"isPartOf\":{\"@id\":\"https:\\\/\\\/blog.calidadartesana.com\\\/#website\"},\"primaryImageOfPage\":{\"@id\":\"https:\\\/\\\/blog.calidadartesana.com\\\/index.php\\\/madera-y-corcho\\\/#primaryimage\"},\"image\":{\"@id\":\"https:\\\/\\\/blog.calidadartesana.com\\\/index.php\\\/madera-y-corcho\\\/#primaryimage\"},\"thumbnailUrl\":\"http:\\\/\\\/www.calidadartesana.es\\\/blog\\\/wp-content\\\/uploads\\\/Madera-y-Corcho.jpg\",\"datePublished\":\"2015-10-12T14:45:28+00:00\",\"dateModified\":\"2015-12-26T16:39:33+00:00\",\"breadcrumb\":{\"@id\":\"https:\\\/\\\/blog.calidadartesana.com\\\/index.php\\\/madera-y-corcho\\\/#breadcrumb\"},\"inLanguage\":\"es\",\"potentialAction\":[{\"@type\":\"ReadAction\",\"target\":[\"https:\\\/\\\/blog.calidadartesana.com\\\/index.php\\\/madera-y-corcho\\\/\"]}]},{\"@type\":\"ImageObject\",\"inLanguage\":\"es\",\"@id\":\"https:\\\/\\\/blog.calidadartesana.com\\\/index.php\\\/madera-y-corcho\\\/#primaryimage\",\"url\":\"http:\\\/\\\/www.calidadartesana.es\\\/blog\\\/wp-content\\\/uploads\\\/Madera-y-Corcho.jpg\",\"contentUrl\":\"http:\\\/\\\/www.calidadartesana.es\\\/blog\\\/wp-content\\\/uploads\\\/Madera-y-Corcho.jpg\"},{\"@type\":\"BreadcrumbList\",\"@id\":\"https:\\\/\\\/blog.calidadartesana.com\\\/index.php\\\/madera-y-corcho\\\/#breadcrumb\",\"itemListElement\":[{\"@type\":\"ListItem\",\"position\":1,\"name\":\"Portada\",\"item\":\"https:\\\/\\\/blog.calidadartesana.com\\\/\"},{\"@type\":\"ListItem\",\"position\":2,\"name\":\"Madera y Corcho\"}]},{\"@type\":\"WebSite\",\"@id\":\"https:\\\/\\\/blog.calidadartesana.com\\\/#website\",\"url\":\"https:\\\/\\\/blog.calidadartesana.com\\\/\",\"name\":\"Calidad Artesana\",\"description\":\"Blog Calidad Artesana\",\"publisher\":{\"@id\":\"https:\\\/\\\/blog.calidadartesana.com\\\/#organization\"},\"potentialAction\":[{\"@type\":\"SearchAction\",\"target\":{\"@type\":\"EntryPoint\",\"urlTemplate\":\"https:\\\/\\\/blog.calidadartesana.com\\\/?s={search_term_string}\"},\"query-input\":{\"@type\":\"PropertyValueSpecification\",\"valueRequired\":true,\"valueName\":\"search_term_string\"}}],\"inLanguage\":\"es\"},{\"@type\":\"Organization\",\"@id\":\"https:\\\/\\\/blog.calidadartesana.com\\\/#organization\",\"name\":\"Calidad Artesana\",\"url\":\"https:\\\/\\\/blog.calidadartesana.com\\\/\",\"logo\":{\"@type\":\"ImageObject\",\"inLanguage\":\"es\",\"@id\":\"https:\\\/\\\/blog.calidadartesana.com\\\/#\\\/schema\\\/logo\\\/image\\\/\",\"url\":\"https:\\\/\\\/blog.calidadartesana.com\\\/wp-content\\\/uploads\\\/cropped-calidadArtesana.png\",\"contentUrl\":\"https:\\\/\\\/blog.calidadartesana.com\\\/wp-content\\\/uploads\\\/cropped-calidadArtesana.png\",\"width\":690,\"height\":230,\"caption\":\"Calidad Artesana\"},\"image\":{\"@id\":\"https:\\\/\\\/blog.calidadartesana.com\\\/#\\\/schema\\\/logo\\\/image\\\/\"},\"sameAs\":[\"https:\\\/\\\/www.facebook.com\\\/CalidadArtesana\",\"https:\\\/\\\/x.com\\\/CalidadArtesana\",\"https:\\\/\\\/www.instagram.com\\\/calidad_artesana\\\/\",\"https:\\\/\\\/es.pinterest.com\\\/CertificadoCalidadArtesana\\\/\"]}]}<\/script>\n<!-- \/ Yoast SEO plugin. -->","yoast_head_json":{"title":"Madera y Corcho -","robots":{"index":"index","follow":"follow","max-snippet":"max-snippet:-1","max-image-preview":"max-image-preview:large","max-video-preview":"max-video-preview:-1"},"canonical":"https:\/\/blog.calidadartesana.com\/index.php\/madera-y-corcho\/","og_locale":"es_ES","og_type":"article","og_title":"Madera y Corcho -","og_description":"Desde hace miles de a\u00f1os el hombre se ha servido de la madera para realizar multitud de objetos diferentes que [&hellip;]","og_url":"https:\/\/blog.calidadartesana.com\/index.php\/madera-y-corcho\/","article_publisher":"https:\/\/www.facebook.com\/CalidadArtesana","article_modified_time":"2015-12-26T16:39:33+00:00","og_image":[{"width":815,"height":315,"url":"https:\/\/blog.calidadartesana.com\/wp-content\/uploads\/Madera-y-Corcho.jpg","type":"image\/jpeg"}],"twitter_card":"summary_large_image","twitter_site":"@CalidadArtesana","twitter_misc":{"Tiempo de lectura":"2 minutos"},"schema":{"@context":"https:\/\/schema.org","@graph":[{"@type":"WebPage","@id":"https:\/\/blog.calidadartesana.com\/index.php\/madera-y-corcho\/","url":"https:\/\/blog.calidadartesana.com\/index.php\/madera-y-corcho\/","name":"Madera y Corcho -","isPartOf":{"@id":"https:\/\/blog.calidadartesana.com\/#website"},"primaryImageOfPage":{"@id":"https:\/\/blog.calidadartesana.com\/index.php\/madera-y-corcho\/#primaryimage"},"image":{"@id":"https:\/\/blog.calidadartesana.com\/index.php\/madera-y-corcho\/#primaryimage"},"thumbnailUrl":"http:\/\/www.calidadartesana.es\/blog\/wp-content\/uploads\/Madera-y-Corcho.jpg","datePublished":"2015-10-12T14:45:28+00:00","dateModified":"2015-12-26T16:39:33+00:00","breadcrumb":{"@id":"https:\/\/blog.calidadartesana.com\/index.php\/madera-y-corcho\/#breadcrumb"},"inLanguage":"es","potentialAction":[{"@type":"ReadAction","target":["https:\/\/blog.calidadartesana.com\/index.php\/madera-y-corcho\/"]}]},{"@type":"ImageObject","inLanguage":"es","@id":"https:\/\/blog.calidadartesana.com\/index.php\/madera-y-corcho\/#primaryimage","url":"http:\/\/www.calidadartesana.es\/blog\/wp-content\/uploads\/Madera-y-Corcho.jpg","contentUrl":"http:\/\/www.calidadartesana.es\/blog\/wp-content\/uploads\/Madera-y-Corcho.jpg"},{"@type":"BreadcrumbList","@id":"https:\/\/blog.calidadartesana.com\/index.php\/madera-y-corcho\/#breadcrumb","itemListElement":[{"@type":"ListItem","position":1,"name":"Portada","item":"https:\/\/blog.calidadartesana.com\/"},{"@type":"ListItem","position":2,"name":"Madera y Corcho"}]},{"@type":"WebSite","@id":"https:\/\/blog.calidadartesana.com\/#website","url":"https:\/\/blog.calidadartesana.com\/","name":"Calidad Artesana","description":"Blog Calidad Artesana","publisher":{"@id":"https:\/\/blog.calidadartesana.com\/#organization"},"potentialAction":[{"@type":"SearchAction","target":{"@type":"EntryPoint","urlTemplate":"https:\/\/blog.calidadartesana.com\/?s={search_term_string}"},"query-input":{"@type":"PropertyValueSpecification","valueRequired":true,"valueName":"search_term_string"}}],"inLanguage":"es"},{"@type":"Organization","@id":"https:\/\/blog.calidadartesana.com\/#organization","name":"Calidad Artesana","url":"https:\/\/blog.calidadartesana.com\/","logo":{"@type":"ImageObject","inLanguage":"es","@id":"https:\/\/blog.calidadartesana.com\/#\/schema\/logo\/image\/","url":"https:\/\/blog.calidadartesana.com\/wp-content\/uploads\/cropped-calidadArtesana.png","contentUrl":"https:\/\/blog.calidadartesana.com\/wp-content\/uploads\/cropped-calidadArtesana.png","width":690,"height":230,"caption":"Calidad Artesana"},"image":{"@id":"https:\/\/blog.calidadartesana.com\/#\/schema\/logo\/image\/"},"sameAs":["https:\/\/www.facebook.com\/CalidadArtesana","https:\/\/x.com\/CalidadArtesana","https:\/\/www.instagram.com\/calidad_artesana\/","https:\/\/es.pinterest.com\/CertificadoCalidadArtesana\/"]}]}},"_links":{"self":[{"href":"https:\/\/blog.calidadartesana.com\/index.php\/wp-json\/wp\/v2\/pages\/15","targetHints":{"allow":["GET"]}}],"collection":[{"href":"https:\/\/blog.calidadartesana.com\/index.php\/wp-json\/wp\/v2\/pages"}],"about":[{"href":"https:\/\/blog.calidadartesana.com\/index.php\/wp-json\/wp\/v2\/types\/page"}],"author":[{"embeddable":true,"href":"https:\/\/blog.calidadartesana.com\/index.php\/wp-json\/wp\/v2\/users\/1"}],"replies":[{"embeddable":true,"href":"https:\/\/blog.calidadartesana.com\/index.php\/wp-json\/wp\/v2\/comments?post=15"}],"version-history":[{"count":7,"href":"https:\/\/blog.calidadartesana.com\/index.php\/wp-json\/wp\/v2\/pages\/15\/revisions"}],"predecessor-version":[{"id":151,"href":"https:\/\/blog.calidadartesana.com\/index.php\/wp-json\/wp\/v2\/pages\/15\/revisions\/151"}],"wp:attachment":[{"href":"https:\/\/blog.calidadartesana.com\/index.php\/wp-json\/wp\/v2\/media?parent=15"}],"curies":[{"name":"wp","href":"https:\/\/api.w.org\/{rel}","templated":true}]}}