{"id":168,"date":"2015-12-26T17:17:08","date_gmt":"2015-12-26T17:17:08","guid":{"rendered":"http:\/\/www.calidadartesana.es\/blog\/?page_id=168"},"modified":"2025-08-06T15:21:10","modified_gmt":"2025-08-06T15:21:10","slug":"azulejeria","status":"publish","type":"page","link":"https:\/\/blog.calidadartesana.com\/index.php\/arcilla-y-barro\/azulejeria\/","title":{"rendered":"Azulejer\u00eda"},"content":{"rendered":"<figure id=\"attachment_169\" aria-describedby=\"caption-attachment-169\" style=\"width: 800px\" class=\"wp-caption aligncenter\"><a href=\"http:\/\/www.calidadartesana.es\/blog\/wp-content\/uploads\/Azulejeria.jpg\"><img loading=\"lazy\" decoding=\"async\" class=\"size-full wp-image-169\" src=\"http:\/\/www.calidadartesana.es\/blog\/wp-content\/uploads\/Azulejeria.jpg\" alt=\"Azulejer\u00eda\" width=\"800\" height=\"528\" srcset=\"https:\/\/blog.calidadartesana.com\/wp-content\/uploads\/Azulejeria.jpg 800w, https:\/\/blog.calidadartesana.com\/wp-content\/uploads\/Azulejeria-300x198.jpg 300w\" sizes=\"auto, (max-width: 800px) 100vw, 800px\" \/><\/a><figcaption id=\"caption-attachment-169\" class=\"wp-caption-text\">Azulejer\u00eda<\/figcaption><\/figure>\n<h2 data-start=\"108\" data-end=\"155\"><\/h2>\n<h2 data-start=\"108\" data-end=\"155\"><span style=\"color: #800000;\"><strong data-start=\"115\" data-end=\"155\">Oficio de azulejer\u00eda:<\/strong><\/span><\/h2>\n<p data-start=\"108\" data-end=\"155\">La <strong>azulejer\u00eda<\/strong> es el oficio artesanal dedicado a la elaboraci\u00f3n y decoraci\u00f3n de azulejos cer\u00e1micos. Este arte combina t\u00e9cnicas de alfarer\u00eda y pintura para crear piezas planas, esmaltadas y decoradas que se utilizan en revestimientos de paredes, suelos y fachadas. Tradicionalmente vinculado a la arquitectura, el oficio ha sido clave en la identidad est\u00e9tica de regiones como Andaluc\u00eda, Portugal o Marruecos, donde los azulejos forman parte del patrimonio cultural.<\/p>\n<h2 data-start=\"679\" data-end=\"731\"><span style=\"color: #800000;\"><strong data-start=\"686\" data-end=\"731\">Caracter\u00edsticas del oficio de azulejer\u00eda:<\/strong><\/span><\/h2>\n<ul data-start=\"733\" data-end=\"1903\">\n<li data-start=\"733\" data-end=\"817\">\n<p data-start=\"735\" data-end=\"817\"><strong data-start=\"735\" data-end=\"758\">Material principal:<\/strong> Arcilla cocida (bizcocho cer\u00e1mico) y esmaltes cer\u00e1micos.<\/p>\n<\/li>\n<li data-start=\"818\" data-end=\"1050\">\n<p data-start=\"820\" data-end=\"859\"><strong data-start=\"820\" data-end=\"857\">T\u00e9cnicas decorativas m\u00e1s comunes:<\/strong><\/p>\n<ul data-start=\"862\" data-end=\"1050\">\n<li data-start=\"862\" data-end=\"881\">\n<p data-start=\"864\" data-end=\"881\"><strong data-start=\"864\" data-end=\"879\">Cuerda seca<\/strong><\/p>\n<\/li>\n<li data-start=\"884\" data-end=\"928\">\n<p data-start=\"886\" data-end=\"928\"><strong data-start=\"886\" data-end=\"903\">A la maj\u00f3lica<\/strong> (sobre esmalte blanco)<\/p>\n<\/li>\n<li data-start=\"931\" data-end=\"964\">\n<p data-start=\"933\" data-end=\"964\"><strong data-start=\"933\" data-end=\"948\">A la cuenca<\/strong> (con relieve)<\/p>\n<\/li>\n<li data-start=\"967\" data-end=\"1006\">\n<p data-start=\"969\" data-end=\"1006\"><strong data-start=\"969\" data-end=\"1004\">Serigraf\u00eda o estampaci\u00f3n manual<\/strong><\/p>\n<\/li>\n<li data-start=\"1009\" data-end=\"1050\">\n<p data-start=\"1011\" data-end=\"1050\"><strong data-start=\"1011\" data-end=\"1050\">Pintura a mano con \u00f3xidos met\u00e1licos<\/strong><\/p>\n<\/li>\n<\/ul>\n<\/li>\n<li data-start=\"1052\" data-end=\"1252\">\n<p data-start=\"1054\" data-end=\"1079\"><strong data-start=\"1054\" data-end=\"1077\">Etapas del proceso:<\/strong><\/p>\n<ol data-start=\"1082\" data-end=\"1252\">\n<li data-start=\"1082\" data-end=\"1112\">\n<p data-start=\"1085\" data-end=\"1112\">Preparaci\u00f3n de la arcilla<\/p>\n<\/li>\n<li data-start=\"1115\" data-end=\"1144\">\n<p data-start=\"1118\" data-end=\"1144\">Moldeo del azulejo plano<\/p>\n<\/li>\n<li data-start=\"1147\" data-end=\"1180\">\n<p data-start=\"1150\" data-end=\"1180\">Primera cocci\u00f3n (bizcochado)<\/p>\n<\/li>\n<li data-start=\"1183\" data-end=\"1222\">\n<p data-start=\"1186\" data-end=\"1222\">Aplicaci\u00f3n de esmalte y decoraci\u00f3n<\/p>\n<\/li>\n<li data-start=\"1225\" data-end=\"1252\">\n<p data-start=\"1228\" data-end=\"1252\">Segunda cocci\u00f3n en horno<\/p>\n<\/li>\n<\/ol>\n<\/li>\n<li data-start=\"1254\" data-end=\"1396\">\n<p data-start=\"1256\" data-end=\"1283\"><strong data-start=\"1256\" data-end=\"1281\">Herramientas comunes:<\/strong><\/p>\n<ul data-start=\"1286\" data-end=\"1396\">\n<li data-start=\"1286\" data-end=\"1306\">\n<p data-start=\"1288\" data-end=\"1306\">Moldes o prensas<\/p>\n<\/li>\n<li data-start=\"1309\" data-end=\"1327\">\n<p data-start=\"1311\" data-end=\"1327\">Pinceles finos<\/p>\n<\/li>\n<li data-start=\"1330\" data-end=\"1351\">\n<p data-start=\"1332\" data-end=\"1351\">Esmaltes y \u00f3xidos<\/p>\n<\/li>\n<li data-start=\"1354\" data-end=\"1374\">\n<p data-start=\"1356\" data-end=\"1374\">Hornos cer\u00e1micos<\/p>\n<\/li>\n<li data-start=\"1377\" data-end=\"1396\">\n<p data-start=\"1379\" data-end=\"1396\">C\u00e1nulas y paletas<\/p>\n<\/li>\n<\/ul>\n<\/li>\n<li data-start=\"1398\" data-end=\"1559\">\n<p data-start=\"1400\" data-end=\"1422\"><strong data-start=\"1400\" data-end=\"1420\">Uso tradicional:<\/strong><\/p>\n<ul data-start=\"1425\" data-end=\"1559\">\n<li data-start=\"1425\" data-end=\"1517\">\n<p data-start=\"1427\" data-end=\"1517\">Decoraci\u00f3n de edificios religiosos, patios, cocinas, ba\u00f1os, fuentes y espacios p\u00fablicos.<\/p>\n<\/li>\n<li data-start=\"1520\" data-end=\"1559\">\n<p data-start=\"1522\" data-end=\"1559\">Revestimiento ornamental o funcional.<\/p>\n<\/li>\n<\/ul>\n<\/li>\n<li data-start=\"1561\" data-end=\"1726\">\n<p data-start=\"1563\" data-end=\"1586\"><strong data-start=\"1563\" data-end=\"1584\">Estilo art\u00edstico:<\/strong><\/p>\n<ul data-start=\"1589\" data-end=\"1726\">\n<li data-start=\"1589\" data-end=\"1647\">\n<p data-start=\"1591\" data-end=\"1647\">Geom\u00e9trico, floral, her\u00e1ldico, figurativo o narrativo.<\/p>\n<\/li>\n<li data-start=\"1650\" data-end=\"1726\">\n<p data-start=\"1652\" data-end=\"1726\">Influencias mud\u00e9jares, renacentistas, barrocas y modernistas, entre otras.<\/p>\n<\/li>\n<\/ul>\n<\/li>\n<\/ul>\n<h2 data-start=\"2615\" data-end=\"2660\"><span style=\"color: #800000;\"><strong data-start=\"2622\" data-end=\"2660\">Importancia Cultural y Patrimonial<\/strong><\/span><\/h2>\n<p>Considerado una forma de arte decorativa y funcional, con presencia destacada en el patrimonio arquitect\u00f3nico del Mediterr\u00e1neo y el mundo hispano.<\/p>\n<p><!--more--><\/p>\n<blockquote>\n<p style=\"text-align: center;\"><span style=\"color: #800000;\"><em><strong>Oficio artesanal que crea y decora azulejos de cer\u00e1mica, combinando arte, t\u00e9cnica y tradici\u00f3n para revestir muros y espacios con dise\u00f1os \u00fanicos.<\/strong><\/em><\/span><\/p>\n<\/blockquote>\n","protected":false},"excerpt":{"rendered":"<p>Oficio de azulejer\u00eda: La azulejer\u00eda es el oficio artesanal dedicado a la elaboraci\u00f3n y decoraci\u00f3n de azulejos cer\u00e1micos. Este arte [&hellip;]<\/p>\n","protected":false},"author":1,"featured_media":592,"parent":9,"menu_order":0,"comment_status":"closed","ping_status":"closed","template":"","meta":{"site-sidebar-layout":"default","site-content-layout":"","ast-site-content-layout":"default","site-content-style":"default","site-sidebar-style":"default","ast-global-header-display":"","ast-banner-title-visibility":"","ast-main-header-display":"","ast-hfb-above-header-display":"","ast-hfb-below-header-display":"","ast-hfb-mobile-header-display":"","site-post-title":"","ast-breadcrumbs-content":"","ast-featured-img":"disabled","footer-sml-layout":"","theme-transparent-header-meta":"","adv-header-id-meta":"","stick-header-meta":"","header-above-stick-meta":"","header-main-stick-meta":"","header-below-stick-meta":"","astra-migrate-meta-layouts":"default","ast-page-background-enabled":"default","ast-page-background-meta":{"desktop":{"background-color":"var(--ast-global-color-4)","background-image":"","background-repeat":"repeat","background-position":"center center","background-size":"auto","background-attachment":"scroll","background-type":"","background-media":"","overlay-type":"","overlay-color":"","overlay-opacity":"","overlay-gradient":""},"tablet":{"background-color":"","background-image":"","background-repeat":"repeat","background-position":"center center","background-size":"auto","background-attachment":"scroll","background-type":"","background-media":"","overlay-type":"","overlay-color":"","overlay-opacity":"","overlay-gradient":""},"mobile":{"background-color":"","background-image":"","background-repeat":"repeat","background-position":"center center","background-size":"auto","background-attachment":"scroll","background-type":"","background-media":"","overlay-type":"","overlay-color":"","overlay-opacity":"","overlay-gradient":""}},"ast-content-background-meta":{"desktop":{"background-color":"var(--ast-global-color-5)","background-image":"","background-repeat":"repeat","background-position":"center center","background-size":"auto","background-attachment":"scroll","background-type":"","background-media":"","overlay-type":"","overlay-color":"","overlay-opacity":"","overlay-gradient":""},"tablet":{"background-color":"var(--ast-global-color-5)","background-image":"","background-repeat":"repeat","background-position":"center center","background-size":"auto","background-attachment":"scroll","background-type":"","background-media":"","overlay-type":"","overlay-color":"","overlay-opacity":"","overlay-gradient":""},"mobile":{"background-color":"var(--ast-global-color-5)","background-image":"","background-repeat":"repeat","background-position":"center center","background-size":"auto","background-attachment":"scroll","background-type":"","background-media":"","overlay-type":"","overlay-color":"","overlay-opacity":"","overlay-gradient":""}},"footnotes":""},"class_list":["post-168","page","type-page","status-publish","has-post-thumbnail","hentry"],"yoast_head":"<!-- This site is optimized with the Yoast SEO plugin v27.6 - https:\/\/yoast.com\/product\/yoast-seo-wordpress\/ -->\n<title>Azulejer\u00eda | Calidad Artesana<\/title>\n<meta name=\"description\" content=\"Azulejero crea y decora azulejos de cer\u00e1mica, combinando arte, t\u00e9cnica y tradici\u00f3n para revestir muros y espacios con dise\u00f1os \u00fanicos.\" \/>\n<meta name=\"robots\" content=\"index, follow, max-snippet:-1, max-image-preview:large, max-video-preview:-1\" \/>\n<link rel=\"canonical\" href=\"https:\/\/blog.calidadartesana.com\/index.php\/arcilla-y-barro\/azulejeria\/\" \/>\n<meta property=\"og:locale\" content=\"es_ES\" \/>\n<meta property=\"og:type\" content=\"article\" \/>\n<meta property=\"og:title\" content=\"Azulejer\u00eda | Calidad Artesana\" \/>\n<meta property=\"og:description\" content=\"Azulejero crea y decora azulejos de cer\u00e1mica, combinando arte, t\u00e9cnica y tradici\u00f3n para revestir muros y espacios con dise\u00f1os \u00fanicos.\" \/>\n<meta property=\"og:url\" content=\"https:\/\/blog.calidadartesana.com\/index.php\/arcilla-y-barro\/azulejeria\/\" \/>\n<meta property=\"article:publisher\" content=\"https:\/\/www.facebook.com\/CalidadArtesana\" \/>\n<meta property=\"article:modified_time\" content=\"2025-08-06T15:21:10+00:00\" \/>\n<meta property=\"og:image\" content=\"https:\/\/blog.calidadartesana.com\/wp-content\/uploads\/Oficio-Azulejeria.png\" \/>\n\t<meta property=\"og:image:width\" content=\"1024\" \/>\n\t<meta property=\"og:image:height\" content=\"1024\" \/>\n\t<meta property=\"og:image:type\" content=\"image\/png\" \/>\n<meta name=\"twitter:card\" content=\"summary_large_image\" \/>\n<meta name=\"twitter:site\" content=\"@CalidadArtesana\" \/>\n<meta name=\"twitter:label1\" content=\"Tiempo de lectura\" \/>\n\t<meta name=\"twitter:data1\" content=\"2 minutos\" \/>\n<script type=\"application\/ld+json\" class=\"yoast-schema-graph\">{\"@context\":\"https:\\\/\\\/schema.org\",\"@graph\":[{\"@type\":\"WebPage\",\"@id\":\"https:\\\/\\\/blog.calidadartesana.com\\\/index.php\\\/arcilla-y-barro\\\/azulejeria\\\/\",\"url\":\"https:\\\/\\\/blog.calidadartesana.com\\\/index.php\\\/arcilla-y-barro\\\/azulejeria\\\/\",\"name\":\"Azulejer\u00eda | Calidad Artesana\",\"isPartOf\":{\"@id\":\"https:\\\/\\\/blog.calidadartesana.com\\\/#website\"},\"primaryImageOfPage\":{\"@id\":\"https:\\\/\\\/blog.calidadartesana.com\\\/index.php\\\/arcilla-y-barro\\\/azulejeria\\\/#primaryimage\"},\"image\":{\"@id\":\"https:\\\/\\\/blog.calidadartesana.com\\\/index.php\\\/arcilla-y-barro\\\/azulejeria\\\/#primaryimage\"},\"thumbnailUrl\":\"https:\\\/\\\/blog.calidadartesana.com\\\/wp-content\\\/uploads\\\/Oficio-Azulejeria.png\",\"datePublished\":\"2015-12-26T17:17:08+00:00\",\"dateModified\":\"2025-08-06T15:21:10+00:00\",\"description\":\"Azulejero crea y decora azulejos de cer\u00e1mica, combinando arte, t\u00e9cnica y tradici\u00f3n para revestir muros y espacios con dise\u00f1os \u00fanicos.\",\"breadcrumb\":{\"@id\":\"https:\\\/\\\/blog.calidadartesana.com\\\/index.php\\\/arcilla-y-barro\\\/azulejeria\\\/#breadcrumb\"},\"inLanguage\":\"es\",\"potentialAction\":[{\"@type\":\"ReadAction\",\"target\":[\"https:\\\/\\\/blog.calidadartesana.com\\\/index.php\\\/arcilla-y-barro\\\/azulejeria\\\/\"]}]},{\"@type\":\"ImageObject\",\"inLanguage\":\"es\",\"@id\":\"https:\\\/\\\/blog.calidadartesana.com\\\/index.php\\\/arcilla-y-barro\\\/azulejeria\\\/#primaryimage\",\"url\":\"https:\\\/\\\/blog.calidadartesana.com\\\/wp-content\\\/uploads\\\/Oficio-Azulejeria.png\",\"contentUrl\":\"https:\\\/\\\/blog.calidadartesana.com\\\/wp-content\\\/uploads\\\/Oficio-Azulejeria.png\",\"width\":1024,\"height\":1024,\"caption\":\"Oficio Azulejer\u00eda\"},{\"@type\":\"BreadcrumbList\",\"@id\":\"https:\\\/\\\/blog.calidadartesana.com\\\/index.php\\\/arcilla-y-barro\\\/azulejeria\\\/#breadcrumb\",\"itemListElement\":[{\"@type\":\"ListItem\",\"position\":1,\"name\":\"Portada\",\"item\":\"https:\\\/\\\/blog.calidadartesana.com\\\/\"},{\"@type\":\"ListItem\",\"position\":2,\"name\":\"Arcilla y Barro\",\"item\":\"https:\\\/\\\/blog.calidadartesana.com\\\/index.php\\\/arcilla-y-barro\\\/\"},{\"@type\":\"ListItem\",\"position\":3,\"name\":\"Azulejer\u00eda\"}]},{\"@type\":\"WebSite\",\"@id\":\"https:\\\/\\\/blog.calidadartesana.com\\\/#website\",\"url\":\"https:\\\/\\\/blog.calidadartesana.com\\\/\",\"name\":\"Calidad Artesana\",\"description\":\"Blog Calidad Artesana\",\"publisher\":{\"@id\":\"https:\\\/\\\/blog.calidadartesana.com\\\/#organization\"},\"potentialAction\":[{\"@type\":\"SearchAction\",\"target\":{\"@type\":\"EntryPoint\",\"urlTemplate\":\"https:\\\/\\\/blog.calidadartesana.com\\\/?s={search_term_string}\"},\"query-input\":{\"@type\":\"PropertyValueSpecification\",\"valueRequired\":true,\"valueName\":\"search_term_string\"}}],\"inLanguage\":\"es\"},{\"@type\":\"Organization\",\"@id\":\"https:\\\/\\\/blog.calidadartesana.com\\\/#organization\",\"name\":\"Calidad Artesana\",\"url\":\"https:\\\/\\\/blog.calidadartesana.com\\\/\",\"logo\":{\"@type\":\"ImageObject\",\"inLanguage\":\"es\",\"@id\":\"https:\\\/\\\/blog.calidadartesana.com\\\/#\\\/schema\\\/logo\\\/image\\\/\",\"url\":\"https:\\\/\\\/blog.calidadartesana.com\\\/wp-content\\\/uploads\\\/cropped-calidadArtesana.png\",\"contentUrl\":\"https:\\\/\\\/blog.calidadartesana.com\\\/wp-content\\\/uploads\\\/cropped-calidadArtesana.png\",\"width\":690,\"height\":230,\"caption\":\"Calidad Artesana\"},\"image\":{\"@id\":\"https:\\\/\\\/blog.calidadartesana.com\\\/#\\\/schema\\\/logo\\\/image\\\/\"},\"sameAs\":[\"https:\\\/\\\/www.facebook.com\\\/CalidadArtesana\",\"https:\\\/\\\/x.com\\\/CalidadArtesana\",\"https:\\\/\\\/www.instagram.com\\\/calidad_artesana\\\/\",\"https:\\\/\\\/es.pinterest.com\\\/CertificadoCalidadArtesana\\\/\"]}]}<\/script>\n<!-- \/ Yoast SEO plugin. -->","yoast_head_json":{"title":"Azulejer\u00eda | Calidad Artesana","description":"Azulejero crea y decora azulejos de cer\u00e1mica, combinando arte, t\u00e9cnica y tradici\u00f3n para revestir muros y espacios con dise\u00f1os \u00fanicos.","robots":{"index":"index","follow":"follow","max-snippet":"max-snippet:-1","max-image-preview":"max-image-preview:large","max-video-preview":"max-video-preview:-1"},"canonical":"https:\/\/blog.calidadartesana.com\/index.php\/arcilla-y-barro\/azulejeria\/","og_locale":"es_ES","og_type":"article","og_title":"Azulejer\u00eda | Calidad Artesana","og_description":"Azulejero crea y decora azulejos de cer\u00e1mica, combinando arte, t\u00e9cnica y tradici\u00f3n para revestir muros y espacios con dise\u00f1os \u00fanicos.","og_url":"https:\/\/blog.calidadartesana.com\/index.php\/arcilla-y-barro\/azulejeria\/","article_publisher":"https:\/\/www.facebook.com\/CalidadArtesana","article_modified_time":"2025-08-06T15:21:10+00:00","og_image":[{"width":1024,"height":1024,"url":"https:\/\/blog.calidadartesana.com\/wp-content\/uploads\/Oficio-Azulejeria.png","type":"image\/png"}],"twitter_card":"summary_large_image","twitter_site":"@CalidadArtesana","twitter_misc":{"Tiempo de lectura":"2 minutos"},"schema":{"@context":"https:\/\/schema.org","@graph":[{"@type":"WebPage","@id":"https:\/\/blog.calidadartesana.com\/index.php\/arcilla-y-barro\/azulejeria\/","url":"https:\/\/blog.calidadartesana.com\/index.php\/arcilla-y-barro\/azulejeria\/","name":"Azulejer\u00eda | Calidad Artesana","isPartOf":{"@id":"https:\/\/blog.calidadartesana.com\/#website"},"primaryImageOfPage":{"@id":"https:\/\/blog.calidadartesana.com\/index.php\/arcilla-y-barro\/azulejeria\/#primaryimage"},"image":{"@id":"https:\/\/blog.calidadartesana.com\/index.php\/arcilla-y-barro\/azulejeria\/#primaryimage"},"thumbnailUrl":"https:\/\/blog.calidadartesana.com\/wp-content\/uploads\/Oficio-Azulejeria.png","datePublished":"2015-12-26T17:17:08+00:00","dateModified":"2025-08-06T15:21:10+00:00","description":"Azulejero crea y decora azulejos de cer\u00e1mica, combinando arte, t\u00e9cnica y tradici\u00f3n para revestir muros y espacios con dise\u00f1os \u00fanicos.","breadcrumb":{"@id":"https:\/\/blog.calidadartesana.com\/index.php\/arcilla-y-barro\/azulejeria\/#breadcrumb"},"inLanguage":"es","potentialAction":[{"@type":"ReadAction","target":["https:\/\/blog.calidadartesana.com\/index.php\/arcilla-y-barro\/azulejeria\/"]}]},{"@type":"ImageObject","inLanguage":"es","@id":"https:\/\/blog.calidadartesana.com\/index.php\/arcilla-y-barro\/azulejeria\/#primaryimage","url":"https:\/\/blog.calidadartesana.com\/wp-content\/uploads\/Oficio-Azulejeria.png","contentUrl":"https:\/\/blog.calidadartesana.com\/wp-content\/uploads\/Oficio-Azulejeria.png","width":1024,"height":1024,"caption":"Oficio Azulejer\u00eda"},{"@type":"BreadcrumbList","@id":"https:\/\/blog.calidadartesana.com\/index.php\/arcilla-y-barro\/azulejeria\/#breadcrumb","itemListElement":[{"@type":"ListItem","position":1,"name":"Portada","item":"https:\/\/blog.calidadartesana.com\/"},{"@type":"ListItem","position":2,"name":"Arcilla y Barro","item":"https:\/\/blog.calidadartesana.com\/index.php\/arcilla-y-barro\/"},{"@type":"ListItem","position":3,"name":"Azulejer\u00eda"}]},{"@type":"WebSite","@id":"https:\/\/blog.calidadartesana.com\/#website","url":"https:\/\/blog.calidadartesana.com\/","name":"Calidad Artesana","description":"Blog Calidad Artesana","publisher":{"@id":"https:\/\/blog.calidadartesana.com\/#organization"},"potentialAction":[{"@type":"SearchAction","target":{"@type":"EntryPoint","urlTemplate":"https:\/\/blog.calidadartesana.com\/?s={search_term_string}"},"query-input":{"@type":"PropertyValueSpecification","valueRequired":true,"valueName":"search_term_string"}}],"inLanguage":"es"},{"@type":"Organization","@id":"https:\/\/blog.calidadartesana.com\/#organization","name":"Calidad Artesana","url":"https:\/\/blog.calidadartesana.com\/","logo":{"@type":"ImageObject","inLanguage":"es","@id":"https:\/\/blog.calidadartesana.com\/#\/schema\/logo\/image\/","url":"https:\/\/blog.calidadartesana.com\/wp-content\/uploads\/cropped-calidadArtesana.png","contentUrl":"https:\/\/blog.calidadartesana.com\/wp-content\/uploads\/cropped-calidadArtesana.png","width":690,"height":230,"caption":"Calidad Artesana"},"image":{"@id":"https:\/\/blog.calidadartesana.com\/#\/schema\/logo\/image\/"},"sameAs":["https:\/\/www.facebook.com\/CalidadArtesana","https:\/\/x.com\/CalidadArtesana","https:\/\/www.instagram.com\/calidad_artesana\/","https:\/\/es.pinterest.com\/CertificadoCalidadArtesana\/"]}]}},"_links":{"self":[{"href":"https:\/\/blog.calidadartesana.com\/index.php\/wp-json\/wp\/v2\/pages\/168","targetHints":{"allow":["GET"]}}],"collection":[{"href":"https:\/\/blog.calidadartesana.com\/index.php\/wp-json\/wp\/v2\/pages"}],"about":[{"href":"https:\/\/blog.calidadartesana.com\/index.php\/wp-json\/wp\/v2\/types\/page"}],"author":[{"embeddable":true,"href":"https:\/\/blog.calidadartesana.com\/index.php\/wp-json\/wp\/v2\/users\/1"}],"replies":[{"embeddable":true,"href":"https:\/\/blog.calidadartesana.com\/index.php\/wp-json\/wp\/v2\/comments?post=168"}],"version-history":[{"count":7,"href":"https:\/\/blog.calidadartesana.com\/index.php\/wp-json\/wp\/v2\/pages\/168\/revisions"}],"predecessor-version":[{"id":598,"href":"https:\/\/blog.calidadartesana.com\/index.php\/wp-json\/wp\/v2\/pages\/168\/revisions\/598"}],"up":[{"embeddable":true,"href":"https:\/\/blog.calidadartesana.com\/index.php\/wp-json\/wp\/v2\/pages\/9"}],"wp:featuredmedia":[{"embeddable":true,"href":"https:\/\/blog.calidadartesana.com\/index.php\/wp-json\/wp\/v2\/media\/592"}],"wp:attachment":[{"href":"https:\/\/blog.calidadartesana.com\/index.php\/wp-json\/wp\/v2\/media?parent=168"}],"curies":[{"name":"wp","href":"https:\/\/api.w.org\/{rel}","templated":true}]}}