{"id":201,"date":"2015-12-26T18:27:11","date_gmt":"2015-12-26T18:27:11","guid":{"rendered":"http:\/\/www.calidadartesana.es\/blog\/?page_id=201"},"modified":"2025-08-06T11:57:21","modified_gmt":"2025-08-06T11:57:21","slug":"tejeria-y-ladrilleria","status":"publish","type":"page","link":"https:\/\/blog.calidadartesana.com\/index.php\/arcilla-y-barro\/tejeria-y-ladrilleria\/","title":{"rendered":"Tejer\u00eda y Ladriller\u00eda"},"content":{"rendered":"<figure id=\"attachment_219\" aria-describedby=\"caption-attachment-219\" style=\"width: 500px\" class=\"wp-caption aligncenter\"><a href=\"http:\/\/www.calidadartesana.es\/blog\/wp-content\/uploads\/Tejeria-y-Ladrilleria.jpg\"><img loading=\"lazy\" decoding=\"async\" class=\"wp-image-219 size-full\" src=\"http:\/\/www.calidadartesana.es\/blog\/wp-content\/uploads\/Tejeria-y-Ladrilleria.jpg\" alt=\"Tejeria y Ladrilleria\" width=\"500\" height=\"334\" srcset=\"https:\/\/blog.calidadartesana.com\/wp-content\/uploads\/Tejeria-y-Ladrilleria.jpg 500w, https:\/\/blog.calidadartesana.com\/wp-content\/uploads\/Tejeria-y-Ladrilleria-300x200.jpg 300w\" sizes=\"auto, (max-width: 500px) 100vw, 500px\" \/><\/a><figcaption id=\"caption-attachment-219\" class=\"wp-caption-text\">Tejeria y Ladrilleria<\/figcaption><\/figure>\n<h2 data-start=\"201\" data-end=\"256\"><span style=\"color: #800000;\"><strong data-start=\"207\" data-end=\"256\">Oficio de Tejero y Ladrillero<\/strong><\/span><\/h2>\n<p data-start=\"258\" data-end=\"458\">El <strong data-start=\"261\" data-end=\"284\">tejero y ladrillero<\/strong> es el artesano encargado de <strong data-start=\"313\" data-end=\"371\">fabricar manualmente tejas y ladrillos de barro cocido<\/strong>, materiales fundamentales en la construcci\u00f3n tradicional de viviendas y edificaciones.<\/p>\n<p data-start=\"460\" data-end=\"801\">Este oficio combina conocimientos ancestrales, t\u00e9cnicas manuales y un profundo entendimiento de los materiales naturales como el barro y el fuego. Aunque hoy existen procesos industriales para la fabricaci\u00f3n de estos elementos, el trabajo del tejero y ladrillero artesanal sigue siendo valorado por su calidad, sostenibilidad y autenticidad.<\/p>\n<h2 data-start=\"808\" data-end=\"867\"><span style=\"color: #800000;\"><strong data-start=\"814\" data-end=\"867\">Caracter\u00edsticas del Oficio de Tejero y Ladrillero<\/strong><\/span><\/h2>\n<h3 data-start=\"869\" data-end=\"893\">1. <strong data-start=\"876\" data-end=\"893\">Materia Prima<\/strong><\/h3>\n<ul data-start=\"894\" data-end=\"1122\">\n<li data-start=\"894\" data-end=\"985\">\n<p data-start=\"896\" data-end=\"985\"><strong data-start=\"896\" data-end=\"915\">Arcilla o barro<\/strong>: Extra\u00edda generalmente de zonas naturales, debe ser de buena calidad.<\/p>\n<\/li>\n<li data-start=\"986\" data-end=\"1019\">\n<p data-start=\"988\" data-end=\"1019\"><strong data-start=\"988\" data-end=\"996\">Agua<\/strong>: Para amasar el barro.<\/p>\n<\/li>\n<li data-start=\"1020\" data-end=\"1122\">\n<p data-start=\"1022\" data-end=\"1122\"><strong data-start=\"1022\" data-end=\"1044\">Aditivos naturales<\/strong> (en algunos casos): Como paja, arena o esti\u00e9rcol para mejorar la resistencia.<\/p>\n<\/li>\n<\/ul>\n<h3 data-start=\"1124\" data-end=\"1166\">2. <strong data-start=\"1131\" data-end=\"1166\">Proceso de Producci\u00f3n Artesanal<\/strong><\/h3>\n<ol data-start=\"1167\" data-end=\"1780\">\n<li data-start=\"1167\" data-end=\"1279\">\n<p data-start=\"1170\" data-end=\"1279\"><strong data-start=\"1170\" data-end=\"1208\">Extracci\u00f3n y preparaci\u00f3n del barro<\/strong>: Se limpia, tritura y mezcla con agua hasta lograr una masa moldeable.<\/p>\n<\/li>\n<li data-start=\"1280\" data-end=\"1429\">\n<p data-start=\"1283\" data-end=\"1294\"><strong data-start=\"1283\" data-end=\"1293\">Moldeo<\/strong>:<\/p>\n<ul data-start=\"1298\" data-end=\"1429\">\n<li data-start=\"1298\" data-end=\"1372\">\n<p data-start=\"1300\" data-end=\"1372\"><strong data-start=\"1300\" data-end=\"1309\">Tejas<\/strong>: Se moldean en formas curvas o planas usando moldes de madera.<\/p>\n<\/li>\n<li data-start=\"1376\" data-end=\"1429\">\n<p data-start=\"1378\" data-end=\"1429\"><strong data-start=\"1378\" data-end=\"1391\">Ladrillos<\/strong>: Se moldean en bloques rectangulares.<\/p>\n<\/li>\n<\/ul>\n<\/li>\n<li data-start=\"1430\" data-end=\"1547\">\n<p data-start=\"1433\" data-end=\"1547\"><strong data-start=\"1433\" data-end=\"1450\">Secado al sol<\/strong>: Durante varios d\u00edas, se dejan las piezas secar naturalmente para eliminar el exceso de humedad.<\/p>\n<\/li>\n<li data-start=\"1548\" data-end=\"1780\">\n<p data-start=\"1551\" data-end=\"1572\"><strong data-start=\"1551\" data-end=\"1571\">Cocci\u00f3n en horno<\/strong>:<\/p>\n<ul data-start=\"1576\" data-end=\"1780\">\n<li data-start=\"1576\" data-end=\"1635\">\n<p data-start=\"1578\" data-end=\"1635\">Se realiza en hornos r\u00fasticos (de le\u00f1a o carb\u00f3n vegetal).<\/p>\n<\/li>\n<li data-start=\"1639\" data-end=\"1730\">\n<p data-start=\"1641\" data-end=\"1730\">El fuego debe controlarse cuidadosamente para evitar que las piezas se rompan o deformen.<\/p>\n<\/li>\n<li data-start=\"1734\" data-end=\"1780\">\n<p data-start=\"1736\" data-end=\"1780\">La cocci\u00f3n puede durar de uno a varios d\u00edas.<\/p>\n<\/li>\n<\/ul>\n<\/li>\n<\/ol>\n<h3 data-start=\"1782\" data-end=\"1815\">3. <strong data-start=\"1789\" data-end=\"1815\">Herramientas y Equipos<\/strong><\/h3>\n<ul data-start=\"1816\" data-end=\"1940\">\n<li data-start=\"1816\" data-end=\"1835\">\n<p data-start=\"1818\" data-end=\"1835\">Moldes de madera.<\/p>\n<\/li>\n<li data-start=\"1836\" data-end=\"1868\">\n<p data-start=\"1838\" data-end=\"1868\">Palas, azadones y carretillas.<\/p>\n<\/li>\n<li data-start=\"1869\" data-end=\"1898\">\n<p data-start=\"1871\" data-end=\"1898\">Hornos de barro o ladrillo.<\/p>\n<\/li>\n<li data-start=\"1899\" data-end=\"1940\">\n<p data-start=\"1901\" data-end=\"1940\">Esp\u00e1tulas, rodillos y mesas de trabajo.<\/p>\n<\/li>\n<\/ul>\n<h3 data-start=\"1942\" data-end=\"1987\">4. <strong data-start=\"1949\" data-end=\"1987\">Conocimientos T\u00e9cnicos y Pr\u00e1cticos<\/strong><\/h3>\n<ul data-start=\"1988\" data-end=\"2229\">\n<li data-start=\"1988\" data-end=\"2030\">\n<p data-start=\"1990\" data-end=\"2030\">Identificar el tipo de arcilla adecuada.<\/p>\n<\/li>\n<li data-start=\"2031\" data-end=\"2096\">\n<p data-start=\"2033\" data-end=\"2096\">Saber cu\u00e1nto tiempo debe secarse cada pieza antes del horneado.<\/p>\n<\/li>\n<li data-start=\"2097\" data-end=\"2159\">\n<p data-start=\"2099\" data-end=\"2159\">Controlar la temperatura del horno y duraci\u00f3n de la cocci\u00f3n.<\/p>\n<\/li>\n<li data-start=\"2160\" data-end=\"2229\">\n<p data-start=\"2162\" data-end=\"2229\">Detectar defectos en las piezas (grietas, burbujas, deformaciones).<\/p>\n<\/li>\n<\/ul>\n<h3 data-start=\"2231\" data-end=\"2277\">5. <strong data-start=\"2238\" data-end=\"2277\">Habilidades del Tejero y Ladrillero<\/strong><\/h3>\n<ul data-start=\"2278\" data-end=\"2608\">\n<li data-start=\"2278\" data-end=\"2356\">\n<p data-start=\"2280\" data-end=\"2356\"><strong data-start=\"2280\" data-end=\"2311\">Fuerza f\u00edsica y resistencia<\/strong>: El trabajo implica esfuerzo f\u00edsico intenso.<\/p>\n<\/li>\n<li data-start=\"2357\" data-end=\"2428\">\n<p data-start=\"2359\" data-end=\"2428\"><strong data-start=\"2359\" data-end=\"2384\">Precisi\u00f3n y paciencia<\/strong>: Especialmente durante el moldeo y cocci\u00f3n.<\/p>\n<\/li>\n<li data-start=\"2429\" data-end=\"2507\">\n<p data-start=\"2431\" data-end=\"2507\"><strong data-start=\"2431\" data-end=\"2457\">Conocimiento del clima<\/strong>: El secado depende de las condiciones clim\u00e1ticas.<\/p>\n<\/li>\n<li data-start=\"2508\" data-end=\"2608\">\n<p data-start=\"2510\" data-end=\"2608\"><strong data-start=\"2510\" data-end=\"2531\">Trabajo en equipo<\/strong>: Muchas veces el proceso se hace en grupo, especialmente durante la cocci\u00f3n.<\/p>\n<\/li>\n<\/ul>\n<h2 data-start=\"2615\" data-end=\"2660\"><span style=\"color: #800000;\"><strong data-start=\"2622\" data-end=\"2660\">Importancia Cultural y Patrimonial<\/strong><\/span><\/h2>\n<ul data-start=\"2661\" data-end=\"2989\">\n<li data-start=\"2661\" data-end=\"2735\">\n<p data-start=\"2663\" data-end=\"2735\">Oficio con siglos de tradici\u00f3n, transmitido de generaci\u00f3n en generaci\u00f3n.<\/p>\n<\/li>\n<li data-start=\"2736\" data-end=\"2815\">\n<p data-start=\"2738\" data-end=\"2815\">En muchas regiones se considera parte del <strong data-start=\"2780\" data-end=\"2814\">patrimonio cultural inmaterial<\/strong>.<\/p>\n<\/li>\n<li data-start=\"2816\" data-end=\"2881\">\n<p data-start=\"2818\" data-end=\"2881\">Sus t\u00e9cnicas son sostenibles y amigables con el medio ambiente.<\/p>\n<\/li>\n<li data-start=\"2882\" data-end=\"2989\">\n<p data-start=\"2884\" data-end=\"2989\">Los productos tienen alto valor en restauraciones, arquitectura bioclim\u00e1tica y construcciones ecol\u00f3gicas.<\/p>\n<\/li>\n<\/ul>\n<p>&nbsp;<\/p>\n","protected":false},"excerpt":{"rendered":"<p>Oficio de Tejero y Ladrillero El tejero y ladrillero es el artesano encargado de fabricar manualmente tejas y ladrillos de [&hellip;]<\/p>\n","protected":false},"author":1,"featured_media":589,"parent":9,"menu_order":0,"comment_status":"closed","ping_status":"closed","template":"","meta":{"site-sidebar-layout":"default","site-content-layout":"","ast-site-content-layout":"default","site-content-style":"default","site-sidebar-style":"default","ast-global-header-display":"","ast-banner-title-visibility":"","ast-main-header-display":"","ast-hfb-above-header-display":"","ast-hfb-below-header-display":"","ast-hfb-mobile-header-display":"","site-post-title":"","ast-breadcrumbs-content":"","ast-featured-img":"disabled","footer-sml-layout":"","theme-transparent-header-meta":"","adv-header-id-meta":"","stick-header-meta":"","header-above-stick-meta":"","header-main-stick-meta":"","header-below-stick-meta":"","astra-migrate-meta-layouts":"default","ast-page-background-enabled":"default","ast-page-background-meta":{"desktop":{"background-color":"var(--ast-global-color-4)","background-image":"","background-repeat":"repeat","background-position":"center center","background-size":"auto","background-attachment":"scroll","background-type":"","background-media":"","overlay-type":"","overlay-color":"","overlay-opacity":"","overlay-gradient":""},"tablet":{"background-color":"","background-image":"","background-repeat":"repeat","background-position":"center center","background-size":"auto","background-attachment":"scroll","background-type":"","background-media":"","overlay-type":"","overlay-color":"","overlay-opacity":"","overlay-gradient":""},"mobile":{"background-color":"","background-image":"","background-repeat":"repeat","background-position":"center center","background-size":"auto","background-attachment":"scroll","background-type":"","background-media":"","overlay-type":"","overlay-color":"","overlay-opacity":"","overlay-gradient":""}},"ast-content-background-meta":{"desktop":{"background-color":"var(--ast-global-color-5)","background-image":"","background-repeat":"repeat","background-position":"center center","background-size":"auto","background-attachment":"scroll","background-type":"","background-media":"","overlay-type":"","overlay-color":"","overlay-opacity":"","overlay-gradient":""},"tablet":{"background-color":"var(--ast-global-color-5)","background-image":"","background-repeat":"repeat","background-position":"center center","background-size":"auto","background-attachment":"scroll","background-type":"","background-media":"","overlay-type":"","overlay-color":"","overlay-opacity":"","overlay-gradient":""},"mobile":{"background-color":"var(--ast-global-color-5)","background-image":"","background-repeat":"repeat","background-position":"center center","background-size":"auto","background-attachment":"scroll","background-type":"","background-media":"","overlay-type":"","overlay-color":"","overlay-opacity":"","overlay-gradient":""}},"footnotes":""},"class_list":["post-201","page","type-page","status-publish","has-post-thumbnail","hentry"],"yoast_head":"<!-- This site is optimized with the Yoast SEO plugin v27.6 - https:\/\/yoast.com\/product\/yoast-seo-wordpress\/ -->\n<title>Tejer\u00eda y Ladriller\u00eda | Calidad Artesana<\/title>\n<meta name=\"description\" content=\"Oficio tradicional de fabricar ladrillos y tejas de barro cocido con t\u00e9cnicas artesanales y saberes ancestrales.\" \/>\n<meta name=\"robots\" content=\"index, follow, max-snippet:-1, max-image-preview:large, max-video-preview:-1\" \/>\n<link rel=\"canonical\" href=\"https:\/\/blog.calidadartesana.com\/index.php\/arcilla-y-barro\/tejeria-y-ladrilleria\/\" \/>\n<meta property=\"og:locale\" content=\"es_ES\" \/>\n<meta property=\"og:type\" content=\"article\" \/>\n<meta property=\"og:title\" content=\"Tejer\u00eda y Ladriller\u00eda | Calidad Artesana\" \/>\n<meta property=\"og:description\" content=\"Oficio tradicional de fabricar ladrillos y tejas de barro cocido con t\u00e9cnicas artesanales y saberes ancestrales.\" \/>\n<meta property=\"og:url\" content=\"https:\/\/blog.calidadartesana.com\/index.php\/arcilla-y-barro\/tejeria-y-ladrilleria\/\" \/>\n<meta property=\"article:publisher\" content=\"https:\/\/www.facebook.com\/CalidadArtesana\" \/>\n<meta property=\"article:modified_time\" content=\"2025-08-06T11:57:21+00:00\" \/>\n<meta property=\"og:image\" content=\"https:\/\/blog.calidadartesana.com\/wp-content\/uploads\/Oficio-Tejeria-y-Ladrilleria.png\" \/>\n\t<meta property=\"og:image:width\" content=\"1024\" \/>\n\t<meta property=\"og:image:height\" content=\"1024\" \/>\n\t<meta property=\"og:image:type\" content=\"image\/png\" \/>\n<meta name=\"twitter:card\" content=\"summary_large_image\" \/>\n<meta name=\"twitter:site\" content=\"@CalidadArtesana\" \/>\n<meta name=\"twitter:label1\" content=\"Tiempo de lectura\" \/>\n\t<meta name=\"twitter:data1\" content=\"3 minutos\" \/>\n<script type=\"application\/ld+json\" class=\"yoast-schema-graph\">{\"@context\":\"https:\\\/\\\/schema.org\",\"@graph\":[{\"@type\":\"WebPage\",\"@id\":\"https:\\\/\\\/blog.calidadartesana.com\\\/index.php\\\/arcilla-y-barro\\\/tejeria-y-ladrilleria\\\/\",\"url\":\"https:\\\/\\\/blog.calidadartesana.com\\\/index.php\\\/arcilla-y-barro\\\/tejeria-y-ladrilleria\\\/\",\"name\":\"Tejer\u00eda y Ladriller\u00eda | Calidad Artesana\",\"isPartOf\":{\"@id\":\"https:\\\/\\\/blog.calidadartesana.com\\\/#website\"},\"primaryImageOfPage\":{\"@id\":\"https:\\\/\\\/blog.calidadartesana.com\\\/index.php\\\/arcilla-y-barro\\\/tejeria-y-ladrilleria\\\/#primaryimage\"},\"image\":{\"@id\":\"https:\\\/\\\/blog.calidadartesana.com\\\/index.php\\\/arcilla-y-barro\\\/tejeria-y-ladrilleria\\\/#primaryimage\"},\"thumbnailUrl\":\"https:\\\/\\\/blog.calidadartesana.com\\\/wp-content\\\/uploads\\\/Oficio-Tejeria-y-Ladrilleria.png\",\"datePublished\":\"2015-12-26T18:27:11+00:00\",\"dateModified\":\"2025-08-06T11:57:21+00:00\",\"description\":\"Oficio tradicional de fabricar ladrillos y tejas de barro cocido con t\u00e9cnicas artesanales y saberes ancestrales.\",\"breadcrumb\":{\"@id\":\"https:\\\/\\\/blog.calidadartesana.com\\\/index.php\\\/arcilla-y-barro\\\/tejeria-y-ladrilleria\\\/#breadcrumb\"},\"inLanguage\":\"es\",\"potentialAction\":[{\"@type\":\"ReadAction\",\"target\":[\"https:\\\/\\\/blog.calidadartesana.com\\\/index.php\\\/arcilla-y-barro\\\/tejeria-y-ladrilleria\\\/\"]}]},{\"@type\":\"ImageObject\",\"inLanguage\":\"es\",\"@id\":\"https:\\\/\\\/blog.calidadartesana.com\\\/index.php\\\/arcilla-y-barro\\\/tejeria-y-ladrilleria\\\/#primaryimage\",\"url\":\"https:\\\/\\\/blog.calidadartesana.com\\\/wp-content\\\/uploads\\\/Oficio-Tejeria-y-Ladrilleria.png\",\"contentUrl\":\"https:\\\/\\\/blog.calidadartesana.com\\\/wp-content\\\/uploads\\\/Oficio-Tejeria-y-Ladrilleria.png\",\"width\":1024,\"height\":1024,\"caption\":\"Oficio Tejer\u00eda y Ladriller\u00eda\"},{\"@type\":\"BreadcrumbList\",\"@id\":\"https:\\\/\\\/blog.calidadartesana.com\\\/index.php\\\/arcilla-y-barro\\\/tejeria-y-ladrilleria\\\/#breadcrumb\",\"itemListElement\":[{\"@type\":\"ListItem\",\"position\":1,\"name\":\"Portada\",\"item\":\"https:\\\/\\\/blog.calidadartesana.com\\\/\"},{\"@type\":\"ListItem\",\"position\":2,\"name\":\"Arcilla y Barro\",\"item\":\"https:\\\/\\\/blog.calidadartesana.com\\\/index.php\\\/arcilla-y-barro\\\/\"},{\"@type\":\"ListItem\",\"position\":3,\"name\":\"Tejer\u00eda y Ladriller\u00eda\"}]},{\"@type\":\"WebSite\",\"@id\":\"https:\\\/\\\/blog.calidadartesana.com\\\/#website\",\"url\":\"https:\\\/\\\/blog.calidadartesana.com\\\/\",\"name\":\"Calidad Artesana\",\"description\":\"Blog Calidad Artesana\",\"publisher\":{\"@id\":\"https:\\\/\\\/blog.calidadartesana.com\\\/#organization\"},\"potentialAction\":[{\"@type\":\"SearchAction\",\"target\":{\"@type\":\"EntryPoint\",\"urlTemplate\":\"https:\\\/\\\/blog.calidadartesana.com\\\/?s={search_term_string}\"},\"query-input\":{\"@type\":\"PropertyValueSpecification\",\"valueRequired\":true,\"valueName\":\"search_term_string\"}}],\"inLanguage\":\"es\"},{\"@type\":\"Organization\",\"@id\":\"https:\\\/\\\/blog.calidadartesana.com\\\/#organization\",\"name\":\"Calidad Artesana\",\"url\":\"https:\\\/\\\/blog.calidadartesana.com\\\/\",\"logo\":{\"@type\":\"ImageObject\",\"inLanguage\":\"es\",\"@id\":\"https:\\\/\\\/blog.calidadartesana.com\\\/#\\\/schema\\\/logo\\\/image\\\/\",\"url\":\"https:\\\/\\\/blog.calidadartesana.com\\\/wp-content\\\/uploads\\\/cropped-calidadArtesana.png\",\"contentUrl\":\"https:\\\/\\\/blog.calidadartesana.com\\\/wp-content\\\/uploads\\\/cropped-calidadArtesana.png\",\"width\":690,\"height\":230,\"caption\":\"Calidad Artesana\"},\"image\":{\"@id\":\"https:\\\/\\\/blog.calidadartesana.com\\\/#\\\/schema\\\/logo\\\/image\\\/\"},\"sameAs\":[\"https:\\\/\\\/www.facebook.com\\\/CalidadArtesana\",\"https:\\\/\\\/x.com\\\/CalidadArtesana\",\"https:\\\/\\\/www.instagram.com\\\/calidad_artesana\\\/\",\"https:\\\/\\\/es.pinterest.com\\\/CertificadoCalidadArtesana\\\/\"]}]}<\/script>\n<!-- \/ Yoast SEO plugin. -->","yoast_head_json":{"title":"Tejer\u00eda y Ladriller\u00eda | Calidad Artesana","description":"Oficio tradicional de fabricar ladrillos y tejas de barro cocido con t\u00e9cnicas artesanales y saberes ancestrales.","robots":{"index":"index","follow":"follow","max-snippet":"max-snippet:-1","max-image-preview":"max-image-preview:large","max-video-preview":"max-video-preview:-1"},"canonical":"https:\/\/blog.calidadartesana.com\/index.php\/arcilla-y-barro\/tejeria-y-ladrilleria\/","og_locale":"es_ES","og_type":"article","og_title":"Tejer\u00eda y Ladriller\u00eda | Calidad Artesana","og_description":"Oficio tradicional de fabricar ladrillos y tejas de barro cocido con t\u00e9cnicas artesanales y saberes ancestrales.","og_url":"https:\/\/blog.calidadartesana.com\/index.php\/arcilla-y-barro\/tejeria-y-ladrilleria\/","article_publisher":"https:\/\/www.facebook.com\/CalidadArtesana","article_modified_time":"2025-08-06T11:57:21+00:00","og_image":[{"width":1024,"height":1024,"url":"https:\/\/blog.calidadartesana.com\/wp-content\/uploads\/Oficio-Tejeria-y-Ladrilleria.png","type":"image\/png"}],"twitter_card":"summary_large_image","twitter_site":"@CalidadArtesana","twitter_misc":{"Tiempo de lectura":"3 minutos"},"schema":{"@context":"https:\/\/schema.org","@graph":[{"@type":"WebPage","@id":"https:\/\/blog.calidadartesana.com\/index.php\/arcilla-y-barro\/tejeria-y-ladrilleria\/","url":"https:\/\/blog.calidadartesana.com\/index.php\/arcilla-y-barro\/tejeria-y-ladrilleria\/","name":"Tejer\u00eda y Ladriller\u00eda | Calidad Artesana","isPartOf":{"@id":"https:\/\/blog.calidadartesana.com\/#website"},"primaryImageOfPage":{"@id":"https:\/\/blog.calidadartesana.com\/index.php\/arcilla-y-barro\/tejeria-y-ladrilleria\/#primaryimage"},"image":{"@id":"https:\/\/blog.calidadartesana.com\/index.php\/arcilla-y-barro\/tejeria-y-ladrilleria\/#primaryimage"},"thumbnailUrl":"https:\/\/blog.calidadartesana.com\/wp-content\/uploads\/Oficio-Tejeria-y-Ladrilleria.png","datePublished":"2015-12-26T18:27:11+00:00","dateModified":"2025-08-06T11:57:21+00:00","description":"Oficio tradicional de fabricar ladrillos y tejas de barro cocido con t\u00e9cnicas artesanales y saberes ancestrales.","breadcrumb":{"@id":"https:\/\/blog.calidadartesana.com\/index.php\/arcilla-y-barro\/tejeria-y-ladrilleria\/#breadcrumb"},"inLanguage":"es","potentialAction":[{"@type":"ReadAction","target":["https:\/\/blog.calidadartesana.com\/index.php\/arcilla-y-barro\/tejeria-y-ladrilleria\/"]}]},{"@type":"ImageObject","inLanguage":"es","@id":"https:\/\/blog.calidadartesana.com\/index.php\/arcilla-y-barro\/tejeria-y-ladrilleria\/#primaryimage","url":"https:\/\/blog.calidadartesana.com\/wp-content\/uploads\/Oficio-Tejeria-y-Ladrilleria.png","contentUrl":"https:\/\/blog.calidadartesana.com\/wp-content\/uploads\/Oficio-Tejeria-y-Ladrilleria.png","width":1024,"height":1024,"caption":"Oficio Tejer\u00eda y Ladriller\u00eda"},{"@type":"BreadcrumbList","@id":"https:\/\/blog.calidadartesana.com\/index.php\/arcilla-y-barro\/tejeria-y-ladrilleria\/#breadcrumb","itemListElement":[{"@type":"ListItem","position":1,"name":"Portada","item":"https:\/\/blog.calidadartesana.com\/"},{"@type":"ListItem","position":2,"name":"Arcilla y Barro","item":"https:\/\/blog.calidadartesana.com\/index.php\/arcilla-y-barro\/"},{"@type":"ListItem","position":3,"name":"Tejer\u00eda y Ladriller\u00eda"}]},{"@type":"WebSite","@id":"https:\/\/blog.calidadartesana.com\/#website","url":"https:\/\/blog.calidadartesana.com\/","name":"Calidad Artesana","description":"Blog Calidad Artesana","publisher":{"@id":"https:\/\/blog.calidadartesana.com\/#organization"},"potentialAction":[{"@type":"SearchAction","target":{"@type":"EntryPoint","urlTemplate":"https:\/\/blog.calidadartesana.com\/?s={search_term_string}"},"query-input":{"@type":"PropertyValueSpecification","valueRequired":true,"valueName":"search_term_string"}}],"inLanguage":"es"},{"@type":"Organization","@id":"https:\/\/blog.calidadartesana.com\/#organization","name":"Calidad Artesana","url":"https:\/\/blog.calidadartesana.com\/","logo":{"@type":"ImageObject","inLanguage":"es","@id":"https:\/\/blog.calidadartesana.com\/#\/schema\/logo\/image\/","url":"https:\/\/blog.calidadartesana.com\/wp-content\/uploads\/cropped-calidadArtesana.png","contentUrl":"https:\/\/blog.calidadartesana.com\/wp-content\/uploads\/cropped-calidadArtesana.png","width":690,"height":230,"caption":"Calidad Artesana"},"image":{"@id":"https:\/\/blog.calidadartesana.com\/#\/schema\/logo\/image\/"},"sameAs":["https:\/\/www.facebook.com\/CalidadArtesana","https:\/\/x.com\/CalidadArtesana","https:\/\/www.instagram.com\/calidad_artesana\/","https:\/\/es.pinterest.com\/CertificadoCalidadArtesana\/"]}]}},"_links":{"self":[{"href":"https:\/\/blog.calidadartesana.com\/index.php\/wp-json\/wp\/v2\/pages\/201","targetHints":{"allow":["GET"]}}],"collection":[{"href":"https:\/\/blog.calidadartesana.com\/index.php\/wp-json\/wp\/v2\/pages"}],"about":[{"href":"https:\/\/blog.calidadartesana.com\/index.php\/wp-json\/wp\/v2\/types\/page"}],"author":[{"embeddable":true,"href":"https:\/\/blog.calidadartesana.com\/index.php\/wp-json\/wp\/v2\/users\/1"}],"replies":[{"embeddable":true,"href":"https:\/\/blog.calidadartesana.com\/index.php\/wp-json\/wp\/v2\/comments?post=201"}],"version-history":[{"count":11,"href":"https:\/\/blog.calidadartesana.com\/index.php\/wp-json\/wp\/v2\/pages\/201\/revisions"}],"predecessor-version":[{"id":590,"href":"https:\/\/blog.calidadartesana.com\/index.php\/wp-json\/wp\/v2\/pages\/201\/revisions\/590"}],"up":[{"embeddable":true,"href":"https:\/\/blog.calidadartesana.com\/index.php\/wp-json\/wp\/v2\/pages\/9"}],"wp:featuredmedia":[{"embeddable":true,"href":"https:\/\/blog.calidadartesana.com\/index.php\/wp-json\/wp\/v2\/media\/589"}],"wp:attachment":[{"href":"https:\/\/blog.calidadartesana.com\/index.php\/wp-json\/wp\/v2\/media?parent=201"}],"curies":[{"name":"wp","href":"https:\/\/api.w.org\/{rel}","templated":true}]}}