{"id":21,"date":"2015-10-12T14:46:49","date_gmt":"2015-10-12T14:46:49","guid":{"rendered":"http:\/\/www.calidadartesana.es\/blog\/?page_id=21"},"modified":"2015-12-26T16:42:00","modified_gmt":"2015-12-26T16:42:00","slug":"metal-y-aleaciones","status":"publish","type":"page","link":"https:\/\/blog.calidadartesana.com\/index.php\/metal-y-aleaciones\/","title":{"rendered":"Metal y Aleaciones"},"content":{"rendered":"<figure id=\"attachment_152\" aria-describedby=\"caption-attachment-152\" style=\"width: 815px\" class=\"wp-caption alignnone\"><a href=\"http:\/\/www.calidadartesana.es\/contacto\/\"><img loading=\"lazy\" decoding=\"async\" class=\"wp-image-152 size-full\" src=\"http:\/\/www.calidadartesana.es\/blog\/wp-content\/uploads\/Metal-y-Aleaciones.jpg\" alt=\"Metal y Aleaciones\" width=\"815\" height=\"315\" srcset=\"https:\/\/blog.calidadartesana.com\/wp-content\/uploads\/Metal-y-Aleaciones.jpg 815w, https:\/\/blog.calidadartesana.com\/wp-content\/uploads\/Metal-y-Aleaciones-300x116.jpg 300w\" sizes=\"auto, (max-width: 815px) 100vw, 815px\" \/><\/a><figcaption id=\"caption-attachment-152\" class=\"wp-caption-text\">Metal y Aleaciones<\/figcaption><\/figure>\n<p style=\"text-align: justify;\">Muchos de los grandes avances de la humanidad han venido marcados por la facilidad que el hombre tuvo en el manejo de los <strong>distintos metales.<\/strong> Baste para confirmar esta idea recordar las grandes divisiones de la Prehistoria &#8211;<em>Edad del Hierro, Edad del Bronce, etc.<\/em>&#8211; Por este motivo, el trabajo de los <strong>distintos metales<\/strong> con el fin de elaborar armas (<strong>cuchillos, espadas<\/strong>&#8230;), utensilios dom\u00e9sticos (<strong>jarras, calderos<\/strong>&#8230;), \u00fatiles de trabajo (<strong>azadas, palas, hachas<\/strong>&#8230;) e incluso elementos auxiliares de la arquitectura (<strong>rejas, puertas, apliques<\/strong>&#8230;) hacen que esta <strong>artesan\u00eda de los metales<\/strong> haya sido hist\u00f3ricamente una de las de mayor importancia.<\/p>\n<p style=\"text-align: justify;\">Sin embargo, como en el resto de las <strong>artesan\u00edas<\/strong>, la producci\u00f3n industrial ha venido a restar gran parte de la importancia que el trabajo manual de los<strong> metales<\/strong> tuvo durante siglos, y asi, el tradicional papel de los <strong>herreros<\/strong> en nuestras comunidades rurales ha quedado en gran parte relegado. No obstante, a\u00fan siguen existiendo <strong>artesanos<\/strong> que trabajan en la <strong>forja<\/strong>, aunque en la actualidad ya no tengan que hacer muchos de los trabajos que hab\u00edan de realizar sus antecesores. Nadie, por ejemplo, ha de trabajar hoy directamente con el mineral, como se hac\u00eda anta\u00f1o cuando el mismo <strong>artesano<\/strong> ten\u00eda que cribarlo, fundirlo, hacer las mezclas que dar\u00edan lugar a los distintos <strong>tipos de acero<\/strong>, etc., sino que en nuestros d\u00edas, incluso en los talleres m\u00e1s tradicionales, se utiliza <strong>el metal<\/strong> ya fundido que previamente al trabajo se corta por medio de <em>sierras mec\u00e1nicas o cizallas.\u00a0<\/em><\/p>\n<p style=\"text-align: justify;\">El trabajo de la <strong>forja artesana<\/strong> se basa &#8211; igual que en el caso de la producci\u00f3n industrial- en la propiedad que tienen los <strong>metales<\/strong> de ser maleables por la acci\u00f3n de esfuerzos externos cuando se encuentran a temperaturas inferiores a su punto de fusi\u00f3n y \u00a0superiores a su temperatura de plasticidad. El valor de estas temperaturas de trabajo, que en el caso de la <strong>forja artesana<\/strong> se logran por medio de la fragua, depende de la naturaleza del metal.<\/p>\n<p style=\"text-align: justify;\">Aunque, como ya hemos comentado, la <strong>artesan\u00eda del hierro<\/strong> ha desaparecido en gran parte, <em>las rejas, las aldabas y otros motivos ornamentales<\/em> realizados con esta t\u00e9cnica artesana siguen siendo todav\u00eda muy apreciados, lo que permite la subsistencia de un buen numero de<strong> talleres<\/strong> dedicados a este tipo de trabajos.<\/p>\n<p style=\"text-align: justify;\">El <strong>hierro<\/strong>, no ha sido el \u00fanico <strong>metal<\/strong> utilizado a lo largo de la Historia por las diferentes culturas, ni tampoco el \u00fanico que se utiliza en la actualidad. As\u00ed, por ejemplo, las culturas americanas precolombinas, desconocedores del <strong>hierro<\/strong> y su manipulaci\u00f3n hasta la colonizaci\u00f3n espa\u00f1ola, dominaba con gran perfecci\u00f3n las t\u00e9cnicas de trabajo de otros <strong>metales<\/strong> como el<strong> oro, el cobre, el bronce<\/strong> (aleaci\u00f3n de cobre y esta\u00f1o) y, en particular, una mezcla de oro y cobre conocida como <em>tumbaga.<\/em><\/p>\n<p style=\"text-align: justify;\">El sistema tradicional de manipulaci\u00f3n del <strong>cobre<\/strong> es el modelado, que consiste en golpear el<strong> metal<\/strong> hasta que adquiera la forma deseada, bien en fr\u00edo -para lo que es especialmente apto- o en caliente. En la actualidad se utilizan, por lo general, planchas delgadas de <strong>cobre<\/strong> a las que se da forma mediante <em>el batido o golpeo, el repujado o la estampaci\u00f3n.<\/em> Esta \u00faltima se emplea no solamente con el <strong>cobre<\/strong>, sino tambi\u00e9n con otros <strong>metales<\/strong> como el <strong>lat\u00f3n<\/strong>, encontr\u00e1ndose esta <strong>artesan\u00eda<\/strong> actualmente en un momento de auge; para su realizaci\u00f3n es necesario un molde en el que se distinguen dos partes: <em>estampa y matriz.<\/em> Entre ellas se coloca la\u00a0<strong>l\u00e1mina\u00a0de metal<\/strong> que ser\u00e1 comprimida hasta la obtenci\u00f3n del modelo que desea reproducirse. La calidad de las piezas obtenidas mediante este sistema es inferior a la de las realizadas mediante moldeo, pero el numero de piezas producido en cada unidad de tiempo es, l\u00f3gicamente, sensiblemente superior.<\/p>\n<p style=\"text-align: justify;\">Estrechamente ligada al trabajo del <strong>cobre<\/strong> se encuentra la manipulaci\u00f3n del <strong>lat\u00f3n <\/strong><em>(aleaci\u00f3n de cobre y cinc, con un contenido m\u00ednimo de cobre del 50%)<\/em>. Este <strong>metal,<\/strong> altamente maleable, se ha trabajado tradicionalmente a martillo, pero tambi\u00e9n se ha <em>repujado, cincelado y estampado<\/em> como el <strong>cobre<\/strong>. En la actualidad, sin embargo, todos estos procesos se han industrializado y, aprovechando el bajo punto de fusi\u00f3n del <strong>lat\u00f3n<\/strong>, se suele recurrir al sistema de fundici\u00f3n.<\/p>\n<p style=\"text-align: justify;\">El <strong>esta\u00f1o,<\/strong> metal muy utilizado en otro tiempo para los servicios de mesa, hoy casi ha desaparecido de las <em>labores artesanas<\/em>, y la escasa producci\u00f3n actual se dedica \u00fanicamente a la reproducci\u00f3n de bellos objetos antiguos que cumplen una funci\u00f3n exclusivamente decorativa.<\/p>\n<p style=\"text-align: justify;\">Para terminar, merecen una menci\u00f3n especial los trabajos artesanos realizados con <strong>hojalata<\/strong> <em>(l\u00e1mina de hierro esta\u00f1ada por las dos caras)<\/em>, material poco costoso y de f\u00e1cil manipulado dad su maleabilidad. La <strong>hojalata<\/strong> se emplea para obtener modestas piezas de uso dom\u00e9stico u objetos decorativos, aprovechando el aspecto brillante del metal o colore\u00e1ndolo.<\/p>\n<p style=\"text-align: justify;\">Oficios elaborados con METALES Y ALEACIONES:<\/p>\n<ul>\n<li style=\"text-align: justify;\">Armer\u00eda.<\/li>\n<li style=\"text-align: justify;\">Broncer\u00eda.<\/li>\n<li style=\"text-align: justify;\">Calderer\u00eda.<\/li>\n<li style=\"text-align: justify;\">Cerrajer\u00eda.<\/li>\n<li style=\"text-align: justify;\">Cuchiller\u00eda y Navajer\u00eda.<\/li>\n<li style=\"text-align: justify;\">Elaboraci\u00f3n de balanzas romanas.<a href=\"http:\/\/www.calidadartesana.es\/socios-artesanos\/\"><img loading=\"lazy\" decoding=\"async\" class=\"alignright wp-image-114 size-medium\" src=\"http:\/\/www.calidadartesana.es\/blog\/wp-content\/uploads\/Certificados-205x300.png\" alt=\"Certificados Calidad Artesana\" width=\"205\" height=\"300\" srcset=\"https:\/\/blog.calidadartesana.com\/wp-content\/uploads\/Certificados-205x300.png 205w, https:\/\/blog.calidadartesana.com\/wp-content\/uploads\/Certificados-300x439.png 300w, https:\/\/blog.calidadartesana.com\/wp-content\/uploads\/Certificados.png 374w\" sizes=\"auto, (max-width: 205px) 100vw, 205px\" \/><\/a><\/li>\n<li style=\"text-align: justify;\">Elaboraci\u00f3n de campanas.<\/li>\n<li style=\"text-align: justify;\">Elaboraci\u00f3n de cencerros.<\/li>\n<li style=\"text-align: justify;\">Elaboraci\u00f3n de esmaltes al fuego.<\/li>\n<li style=\"text-align: justify;\">Elaboraci\u00f3n de espadas.<\/li>\n<li style=\"text-align: justify;\">Elaboraci\u00f3n de hoces.<\/li>\n<li style=\"text-align: justify;\">Elaboraci\u00f3n figuras de plomo.<\/li>\n<li style=\"text-align: justify;\">Forja y Herrer\u00eda.<\/li>\n<li style=\"text-align: justify;\">Fundidor art\u00edstico.<\/li>\n<li style=\"text-align: justify;\">Herradur\u00eda.<\/li>\n<li style=\"text-align: justify;\">Hojalater\u00eda.<\/li>\n<li style=\"text-align: justify;\">Lampister\u00eda art\u00edstica.<\/li>\n<li style=\"text-align: justify;\">Metalister\u00eda art\u00edstica.<\/li>\n<li style=\"text-align: justify;\">Repujado de metales.<\/li>\n<\/ul>\n","protected":false},"excerpt":{"rendered":"<p>Muchos de los grandes avances de la humanidad han venido marcados por la facilidad que el hombre tuvo en el [&hellip;]<\/p>\n","protected":false},"author":1,"featured_media":0,"parent":0,"menu_order":0,"comment_status":"closed","ping_status":"closed","template":"","meta":{"site-sidebar-layout":"default","site-content-layout":"","ast-site-content-layout":"default","site-content-style":"default","site-sidebar-style":"default","ast-global-header-display":"","ast-banner-title-visibility":"","ast-main-header-display":"","ast-hfb-above-header-display":"","ast-hfb-below-header-display":"","ast-hfb-mobile-header-display":"","site-post-title":"","ast-breadcrumbs-content":"","ast-featured-img":"","footer-sml-layout":"","theme-transparent-header-meta":"","adv-header-id-meta":"","stick-header-meta":"","header-above-stick-meta":"","header-main-stick-meta":"","header-below-stick-meta":"","astra-migrate-meta-layouts":"default","ast-page-background-enabled":"default","ast-page-background-meta":{"desktop":{"background-color":"var(--ast-global-color-4)","background-image":"","background-repeat":"repeat","background-position":"center center","background-size":"auto","background-attachment":"scroll","background-type":"","background-media":"","overlay-type":"","overlay-color":"","overlay-opacity":"","overlay-gradient":""},"tablet":{"background-color":"","background-image":"","background-repeat":"repeat","background-position":"center center","background-size":"auto","background-attachment":"scroll","background-type":"","background-media":"","overlay-type":"","overlay-color":"","overlay-opacity":"","overlay-gradient":""},"mobile":{"background-color":"","background-image":"","background-repeat":"repeat","background-position":"center center","background-size":"auto","background-attachment":"scroll","background-type":"","background-media":"","overlay-type":"","overlay-color":"","overlay-opacity":"","overlay-gradient":""}},"ast-content-background-meta":{"desktop":{"background-color":"var(--ast-global-color-5)","background-image":"","background-repeat":"repeat","background-position":"center center","background-size":"auto","background-attachment":"scroll","background-type":"","background-media":"","overlay-type":"","overlay-color":"","overlay-opacity":"","overlay-gradient":""},"tablet":{"background-color":"var(--ast-global-color-5)","background-image":"","background-repeat":"repeat","background-position":"center center","background-size":"auto","background-attachment":"scroll","background-type":"","background-media":"","overlay-type":"","overlay-color":"","overlay-opacity":"","overlay-gradient":""},"mobile":{"background-color":"var(--ast-global-color-5)","background-image":"","background-repeat":"repeat","background-position":"center center","background-size":"auto","background-attachment":"scroll","background-type":"","background-media":"","overlay-type":"","overlay-color":"","overlay-opacity":"","overlay-gradient":""}},"footnotes":""},"class_list":["post-21","page","type-page","status-publish","hentry"],"yoast_head":"<!-- This site is optimized with the Yoast SEO plugin v27.6 - https:\/\/yoast.com\/product\/yoast-seo-wordpress\/ -->\n<title>Metal y Aleaciones -<\/title>\n<meta name=\"robots\" content=\"index, follow, max-snippet:-1, max-image-preview:large, max-video-preview:-1\" \/>\n<link rel=\"canonical\" href=\"https:\/\/blog.calidadartesana.com\/index.php\/metal-y-aleaciones\/\" \/>\n<meta property=\"og:locale\" content=\"es_ES\" \/>\n<meta property=\"og:type\" content=\"article\" \/>\n<meta property=\"og:title\" content=\"Metal y Aleaciones -\" \/>\n<meta property=\"og:description\" content=\"Muchos de los grandes avances de la humanidad han venido marcados por la facilidad que el hombre tuvo en el [&hellip;]\" \/>\n<meta property=\"og:url\" content=\"https:\/\/blog.calidadartesana.com\/index.php\/metal-y-aleaciones\/\" \/>\n<meta property=\"article:publisher\" content=\"https:\/\/www.facebook.com\/CalidadArtesana\" \/>\n<meta property=\"article:modified_time\" content=\"2015-12-26T16:42:00+00:00\" \/>\n<meta property=\"og:image\" content=\"https:\/\/blog.calidadartesana.com\/wp-content\/uploads\/Metal-y-Aleaciones.jpg\" \/>\n\t<meta property=\"og:image:width\" content=\"815\" \/>\n\t<meta property=\"og:image:height\" content=\"315\" \/>\n\t<meta property=\"og:image:type\" content=\"image\/jpeg\" \/>\n<meta name=\"twitter:card\" content=\"summary_large_image\" \/>\n<meta name=\"twitter:site\" content=\"@CalidadArtesana\" \/>\n<meta name=\"twitter:label1\" content=\"Tiempo de lectura\" \/>\n\t<meta name=\"twitter:data1\" content=\"5 minutos\" \/>\n<script type=\"application\/ld+json\" class=\"yoast-schema-graph\">{\"@context\":\"https:\\\/\\\/schema.org\",\"@graph\":[{\"@type\":\"WebPage\",\"@id\":\"https:\\\/\\\/blog.calidadartesana.com\\\/index.php\\\/metal-y-aleaciones\\\/\",\"url\":\"https:\\\/\\\/blog.calidadartesana.com\\\/index.php\\\/metal-y-aleaciones\\\/\",\"name\":\"Metal y Aleaciones -\",\"isPartOf\":{\"@id\":\"https:\\\/\\\/blog.calidadartesana.com\\\/#website\"},\"primaryImageOfPage\":{\"@id\":\"https:\\\/\\\/blog.calidadartesana.com\\\/index.php\\\/metal-y-aleaciones\\\/#primaryimage\"},\"image\":{\"@id\":\"https:\\\/\\\/blog.calidadartesana.com\\\/index.php\\\/metal-y-aleaciones\\\/#primaryimage\"},\"thumbnailUrl\":\"http:\\\/\\\/www.calidadartesana.es\\\/blog\\\/wp-content\\\/uploads\\\/Metal-y-Aleaciones.jpg\",\"datePublished\":\"2015-10-12T14:46:49+00:00\",\"dateModified\":\"2015-12-26T16:42:00+00:00\",\"breadcrumb\":{\"@id\":\"https:\\\/\\\/blog.calidadartesana.com\\\/index.php\\\/metal-y-aleaciones\\\/#breadcrumb\"},\"inLanguage\":\"es\",\"potentialAction\":[{\"@type\":\"ReadAction\",\"target\":[\"https:\\\/\\\/blog.calidadartesana.com\\\/index.php\\\/metal-y-aleaciones\\\/\"]}]},{\"@type\":\"ImageObject\",\"inLanguage\":\"es\",\"@id\":\"https:\\\/\\\/blog.calidadartesana.com\\\/index.php\\\/metal-y-aleaciones\\\/#primaryimage\",\"url\":\"http:\\\/\\\/www.calidadartesana.es\\\/blog\\\/wp-content\\\/uploads\\\/Metal-y-Aleaciones.jpg\",\"contentUrl\":\"http:\\\/\\\/www.calidadartesana.es\\\/blog\\\/wp-content\\\/uploads\\\/Metal-y-Aleaciones.jpg\"},{\"@type\":\"BreadcrumbList\",\"@id\":\"https:\\\/\\\/blog.calidadartesana.com\\\/index.php\\\/metal-y-aleaciones\\\/#breadcrumb\",\"itemListElement\":[{\"@type\":\"ListItem\",\"position\":1,\"name\":\"Portada\",\"item\":\"https:\\\/\\\/blog.calidadartesana.com\\\/\"},{\"@type\":\"ListItem\",\"position\":2,\"name\":\"Metal y Aleaciones\"}]},{\"@type\":\"WebSite\",\"@id\":\"https:\\\/\\\/blog.calidadartesana.com\\\/#website\",\"url\":\"https:\\\/\\\/blog.calidadartesana.com\\\/\",\"name\":\"Calidad Artesana\",\"description\":\"Blog Calidad Artesana\",\"publisher\":{\"@id\":\"https:\\\/\\\/blog.calidadartesana.com\\\/#organization\"},\"potentialAction\":[{\"@type\":\"SearchAction\",\"target\":{\"@type\":\"EntryPoint\",\"urlTemplate\":\"https:\\\/\\\/blog.calidadartesana.com\\\/?s={search_term_string}\"},\"query-input\":{\"@type\":\"PropertyValueSpecification\",\"valueRequired\":true,\"valueName\":\"search_term_string\"}}],\"inLanguage\":\"es\"},{\"@type\":\"Organization\",\"@id\":\"https:\\\/\\\/blog.calidadartesana.com\\\/#organization\",\"name\":\"Calidad Artesana\",\"url\":\"https:\\\/\\\/blog.calidadartesana.com\\\/\",\"logo\":{\"@type\":\"ImageObject\",\"inLanguage\":\"es\",\"@id\":\"https:\\\/\\\/blog.calidadartesana.com\\\/#\\\/schema\\\/logo\\\/image\\\/\",\"url\":\"https:\\\/\\\/blog.calidadartesana.com\\\/wp-content\\\/uploads\\\/cropped-calidadArtesana.png\",\"contentUrl\":\"https:\\\/\\\/blog.calidadartesana.com\\\/wp-content\\\/uploads\\\/cropped-calidadArtesana.png\",\"width\":690,\"height\":230,\"caption\":\"Calidad Artesana\"},\"image\":{\"@id\":\"https:\\\/\\\/blog.calidadartesana.com\\\/#\\\/schema\\\/logo\\\/image\\\/\"},\"sameAs\":[\"https:\\\/\\\/www.facebook.com\\\/CalidadArtesana\",\"https:\\\/\\\/x.com\\\/CalidadArtesana\",\"https:\\\/\\\/www.instagram.com\\\/calidad_artesana\\\/\",\"https:\\\/\\\/es.pinterest.com\\\/CertificadoCalidadArtesana\\\/\"]}]}<\/script>\n<!-- \/ Yoast SEO plugin. -->","yoast_head_json":{"title":"Metal y Aleaciones -","robots":{"index":"index","follow":"follow","max-snippet":"max-snippet:-1","max-image-preview":"max-image-preview:large","max-video-preview":"max-video-preview:-1"},"canonical":"https:\/\/blog.calidadartesana.com\/index.php\/metal-y-aleaciones\/","og_locale":"es_ES","og_type":"article","og_title":"Metal y Aleaciones -","og_description":"Muchos de los grandes avances de la humanidad han venido marcados por la facilidad que el hombre tuvo en el [&hellip;]","og_url":"https:\/\/blog.calidadartesana.com\/index.php\/metal-y-aleaciones\/","article_publisher":"https:\/\/www.facebook.com\/CalidadArtesana","article_modified_time":"2015-12-26T16:42:00+00:00","og_image":[{"width":815,"height":315,"url":"https:\/\/blog.calidadartesana.com\/wp-content\/uploads\/Metal-y-Aleaciones.jpg","type":"image\/jpeg"}],"twitter_card":"summary_large_image","twitter_site":"@CalidadArtesana","twitter_misc":{"Tiempo de lectura":"5 minutos"},"schema":{"@context":"https:\/\/schema.org","@graph":[{"@type":"WebPage","@id":"https:\/\/blog.calidadartesana.com\/index.php\/metal-y-aleaciones\/","url":"https:\/\/blog.calidadartesana.com\/index.php\/metal-y-aleaciones\/","name":"Metal y Aleaciones -","isPartOf":{"@id":"https:\/\/blog.calidadartesana.com\/#website"},"primaryImageOfPage":{"@id":"https:\/\/blog.calidadartesana.com\/index.php\/metal-y-aleaciones\/#primaryimage"},"image":{"@id":"https:\/\/blog.calidadartesana.com\/index.php\/metal-y-aleaciones\/#primaryimage"},"thumbnailUrl":"http:\/\/www.calidadartesana.es\/blog\/wp-content\/uploads\/Metal-y-Aleaciones.jpg","datePublished":"2015-10-12T14:46:49+00:00","dateModified":"2015-12-26T16:42:00+00:00","breadcrumb":{"@id":"https:\/\/blog.calidadartesana.com\/index.php\/metal-y-aleaciones\/#breadcrumb"},"inLanguage":"es","potentialAction":[{"@type":"ReadAction","target":["https:\/\/blog.calidadartesana.com\/index.php\/metal-y-aleaciones\/"]}]},{"@type":"ImageObject","inLanguage":"es","@id":"https:\/\/blog.calidadartesana.com\/index.php\/metal-y-aleaciones\/#primaryimage","url":"http:\/\/www.calidadartesana.es\/blog\/wp-content\/uploads\/Metal-y-Aleaciones.jpg","contentUrl":"http:\/\/www.calidadartesana.es\/blog\/wp-content\/uploads\/Metal-y-Aleaciones.jpg"},{"@type":"BreadcrumbList","@id":"https:\/\/blog.calidadartesana.com\/index.php\/metal-y-aleaciones\/#breadcrumb","itemListElement":[{"@type":"ListItem","position":1,"name":"Portada","item":"https:\/\/blog.calidadartesana.com\/"},{"@type":"ListItem","position":2,"name":"Metal y Aleaciones"}]},{"@type":"WebSite","@id":"https:\/\/blog.calidadartesana.com\/#website","url":"https:\/\/blog.calidadartesana.com\/","name":"Calidad Artesana","description":"Blog Calidad Artesana","publisher":{"@id":"https:\/\/blog.calidadartesana.com\/#organization"},"potentialAction":[{"@type":"SearchAction","target":{"@type":"EntryPoint","urlTemplate":"https:\/\/blog.calidadartesana.com\/?s={search_term_string}"},"query-input":{"@type":"PropertyValueSpecification","valueRequired":true,"valueName":"search_term_string"}}],"inLanguage":"es"},{"@type":"Organization","@id":"https:\/\/blog.calidadartesana.com\/#organization","name":"Calidad Artesana","url":"https:\/\/blog.calidadartesana.com\/","logo":{"@type":"ImageObject","inLanguage":"es","@id":"https:\/\/blog.calidadartesana.com\/#\/schema\/logo\/image\/","url":"https:\/\/blog.calidadartesana.com\/wp-content\/uploads\/cropped-calidadArtesana.png","contentUrl":"https:\/\/blog.calidadartesana.com\/wp-content\/uploads\/cropped-calidadArtesana.png","width":690,"height":230,"caption":"Calidad Artesana"},"image":{"@id":"https:\/\/blog.calidadartesana.com\/#\/schema\/logo\/image\/"},"sameAs":["https:\/\/www.facebook.com\/CalidadArtesana","https:\/\/x.com\/CalidadArtesana","https:\/\/www.instagram.com\/calidad_artesana\/","https:\/\/es.pinterest.com\/CertificadoCalidadArtesana\/"]}]}},"_links":{"self":[{"href":"https:\/\/blog.calidadartesana.com\/index.php\/wp-json\/wp\/v2\/pages\/21","targetHints":{"allow":["GET"]}}],"collection":[{"href":"https:\/\/blog.calidadartesana.com\/index.php\/wp-json\/wp\/v2\/pages"}],"about":[{"href":"https:\/\/blog.calidadartesana.com\/index.php\/wp-json\/wp\/v2\/types\/page"}],"author":[{"embeddable":true,"href":"https:\/\/blog.calidadartesana.com\/index.php\/wp-json\/wp\/v2\/users\/1"}],"replies":[{"embeddable":true,"href":"https:\/\/blog.calidadartesana.com\/index.php\/wp-json\/wp\/v2\/comments?post=21"}],"version-history":[{"count":6,"href":"https:\/\/blog.calidadartesana.com\/index.php\/wp-json\/wp\/v2\/pages\/21\/revisions"}],"predecessor-version":[{"id":153,"href":"https:\/\/blog.calidadartesana.com\/index.php\/wp-json\/wp\/v2\/pages\/21\/revisions\/153"}],"wp:attachment":[{"href":"https:\/\/blog.calidadartesana.com\/index.php\/wp-json\/wp\/v2\/media?parent=21"}],"curies":[{"name":"wp","href":"https:\/\/api.w.org\/{rel}","templated":true}]}}