{"id":23,"date":"2015-10-12T14:47:22","date_gmt":"2015-10-12T14:47:22","guid":{"rendered":"http:\/\/www.calidadartesana.es\/blog\/?page_id=23"},"modified":"2015-12-26T16:43:26","modified_gmt":"2015-12-26T16:43:26","slug":"piedra-marmol-y-escayola","status":"publish","type":"page","link":"https:\/\/blog.calidadartesana.com\/index.php\/piedra-marmol-y-escayola\/","title":{"rendered":"Piedra, Marmol y Escayola"},"content":{"rendered":"<figure id=\"attachment_154\" aria-describedby=\"caption-attachment-154\" style=\"width: 815px\" class=\"wp-caption alignnone\"><a href=\"http:\/\/www.calidadartesana.es\/contacto\/\"><img loading=\"lazy\" decoding=\"async\" class=\"wp-image-154 size-full\" src=\"http:\/\/www.calidadartesana.es\/blog\/wp-content\/uploads\/Piedra-marmol-y-escayola.jpg\" alt=\"Piedra, m\u00e1rmol y escayola\" width=\"815\" height=\"315\" srcset=\"https:\/\/blog.calidadartesana.com\/wp-content\/uploads\/Piedra-marmol-y-escayola.jpg 815w, https:\/\/blog.calidadartesana.com\/wp-content\/uploads\/Piedra-marmol-y-escayola-300x116.jpg 300w\" sizes=\"auto, (max-width: 815px) 100vw, 815px\" \/><\/a><figcaption id=\"caption-attachment-154\" class=\"wp-caption-text\">Piedra, m\u00e1rmol y escayola<\/figcaption><\/figure>\n<p style=\"text-align: justify;\">Desde las impresionantes pir\u00e1mides egipcias o mayas a las catedrales g\u00f3ticas, pasando por las bellas edificaciones griegas y romanas, son miles las construcciones que demuestran la existencia de uno de los m\u00e1s antiguos oficios artesanos: <strong>la canter\u00eda.<\/strong><\/p>\n<p style=\"text-align: justify;\">El <strong>oficio de cantero<\/strong> fue, sin duda, en la Antig\u00fcedad una de las labores m\u00e1s duras, ya que, debido a la falta de herramientas adecuadas, la extracci\u00f3n de los grandes bloques de <strong>piedra<\/strong> que hab\u00edan de servir para la edificaci\u00f3n de <em>templos y palacios<\/em> requer\u00eda un gran esfuerzo f\u00edsico y una constancia que no se encuentran en otros <strong>oficios artesanos<\/strong>. Bate pensar que durante muchos siglos una de las mayores penas que se pod\u00eda imponer a un condenado era enviarlo a<em> las canteras.<\/em><\/p>\n<p style=\"text-align: justify;\">En la actualidad, sin embargo, la utilizaci\u00f3n de <em>explosivos<\/em> y la existencia de potentes <em>m\u00e1quinas perforadoras y excavadoras<\/em> han transformado totalmente este tipo de trabajo. No obstante, la labor del <strong>picapedrero<\/strong>, consistente en dar forma a los bloques extra\u00eddos de la <strong>cantera<\/strong>, sigue realiz\u00e1ndose en nuestros dias fundamentalmente de manera artesanal, usando simplemente para ello el <strong>martillo y el cortafr\u00edos.<\/strong><\/p>\n<p style=\"text-align: justify;\"><strong>\u00a0<\/strong>La labor artesana del <strong>cantero<\/strong> no se reduce a la preparaci\u00f3n de las<strong> siller\u00edas<\/strong> destinadas a la edificaci\u00f3n, sino que, en ocasiones, su trabajo entra de pleno en la actividad art\u00edstica cuando de tallar la <strong>piedra<\/strong> se trata. Partiendo de un dise\u00f1o definido, el <strong>cantero<\/strong>, por medio de <em>escoplos, escodas, buriles, punteros, macetas, martillos y escofinas,<\/em> va labrando en la <strong>piedra<\/strong> <em>escudos y relieves.<\/em> Este trabajo no se realiza generalmente en un solo bloque de piedra, sino que se va haciendo en peque\u00f1os bloques que, despu\u00e9s de numerados, se montan para dar lugar a la pieza definitiva.<\/p>\n<p style=\"text-align: justify;\">Aunque en principio la labor del <strong>cantero<\/strong> parezca algo arcaica, en la actualidad son muchos los artesanos dedicados a este tipo de actividad, sobre todo en lo que se refiere al <em>tallado de l\u00e1pidas y monumentos funerarios,<\/em> e incluso, en el caso particular de Espa\u00f1a, a la construcci\u00f3n de los t\u00edpicos cruceiros que pueblan la regi\u00f3n gallega o de los s\u00edmbolos p\u00e9treos que marcan muchas encrucijadas.<\/p>\n<p style=\"text-align: justify;\">\u00daltimamente, sin embargo, para la labor de <em>talla decorativa<\/em> se suelen emplear sustancias m\u00e1s blandas que el t\u00edpico <strong>granito<\/strong>, tales como el <strong>m\u00e1rmol<\/strong> o el <strong>alabastro<\/strong>, que permiten la introducci\u00f3n de ciertos procesos mec\u00e1nicos, como los <em>pant\u00f3grafos<\/em> mediante los cuales se pueden realizar un elevado numero de copias a partir de un original. No obstante, la<strong> obra de calidad<\/strong> ha de seguir siendo acabada de forma artesanal para conferir el toque de autenticidad que se puede descubrir en el tratamiento de los detalles.<\/p>\n<p style=\"text-align: justify;\">Aunque por los materiales utilizados y las t\u00e9cnicas de trabajo seguidas no pueda incluirse dentro del trabajo de la piedra, quiz\u00e1 sea conveniente introducir aqu\u00ed una labor artesana como la talla en<strong> yeso<\/strong> y <strong>escayola<\/strong>, que durante muchos a\u00f1os, tuvo una gran importancia. Esta labor <strong>artesana<\/strong>, basada fundamentalmente en la <em>imaginer\u00eda religiosa<\/em>, ha experimentado en los \u00faltimos a\u00f1os un espectacular descenso en la producci\u00f3n.<\/p>\n<p style=\"text-align: justify;\">Oficios elaborados con PIEDRA, M\u00c1RMOL Y ESCAYOLA:<a href=\"http:\/\/www.calidadartesana.es\/socios-artesanos\/\"><img loading=\"lazy\" decoding=\"async\" class=\"alignright wp-image-114\" src=\"http:\/\/www.calidadartesana.es\/blog\/wp-content\/uploads\/Certificados-205x300.png\" alt=\"Certificados Calidad Artesana\" width=\"161\" height=\"236\" srcset=\"https:\/\/blog.calidadartesana.com\/wp-content\/uploads\/Certificados-205x300.png 205w, https:\/\/blog.calidadartesana.com\/wp-content\/uploads\/Certificados-300x439.png 300w, https:\/\/blog.calidadartesana.com\/wp-content\/uploads\/Certificados.png 374w\" sizes=\"auto, (max-width: 161px) 100vw, 161px\" \/><\/a><\/p>\n<ul>\n<li style=\"text-align: justify;\">Canter\u00eda.<\/li>\n<li style=\"text-align: justify;\">Construcci\u00f3n de piedra seca.<\/li>\n<li style=\"text-align: justify;\">Elaboraci\u00f3n de Cal.<\/li>\n<li style=\"text-align: justify;\">Elaboraci\u00f3n de mosaicos.<\/li>\n<li style=\"text-align: justify;\">Elaboraci\u00f3n y aplicaci\u00f3n de estuco.<\/li>\n<li style=\"text-align: justify;\">Escayolista art\u00edstico.<\/li>\n<li style=\"text-align: justify;\">Talla de piedra y m\u00e1rmol.<\/li>\n<\/ul>\n","protected":false},"excerpt":{"rendered":"<p>Desde las impresionantes pir\u00e1mides egipcias o mayas a las catedrales g\u00f3ticas, pasando por las bellas edificaciones griegas y romanas, son [&hellip;]<\/p>\n","protected":false},"author":1,"featured_media":0,"parent":0,"menu_order":0,"comment_status":"closed","ping_status":"closed","template":"","meta":{"site-sidebar-layout":"default","site-content-layout":"","ast-site-content-layout":"default","site-content-style":"default","site-sidebar-style":"default","ast-global-header-display":"","ast-banner-title-visibility":"","ast-main-header-display":"","ast-hfb-above-header-display":"","ast-hfb-below-header-display":"","ast-hfb-mobile-header-display":"","site-post-title":"","ast-breadcrumbs-content":"","ast-featured-img":"","footer-sml-layout":"","theme-transparent-header-meta":"","adv-header-id-meta":"","stick-header-meta":"","header-above-stick-meta":"","header-main-stick-meta":"","header-below-stick-meta":"","astra-migrate-meta-layouts":"default","ast-page-background-enabled":"default","ast-page-background-meta":{"desktop":{"background-color":"var(--ast-global-color-4)","background-image":"","background-repeat":"repeat","background-position":"center center","background-size":"auto","background-attachment":"scroll","background-type":"","background-media":"","overlay-type":"","overlay-color":"","overlay-opacity":"","overlay-gradient":""},"tablet":{"background-color":"","background-image":"","background-repeat":"repeat","background-position":"center center","background-size":"auto","background-attachment":"scroll","background-type":"","background-media":"","overlay-type":"","overlay-color":"","overlay-opacity":"","overlay-gradient":""},"mobile":{"background-color":"","background-image":"","background-repeat":"repeat","background-position":"center center","background-size":"auto","background-attachment":"scroll","background-type":"","background-media":"","overlay-type":"","overlay-color":"","overlay-opacity":"","overlay-gradient":""}},"ast-content-background-meta":{"desktop":{"background-color":"var(--ast-global-color-5)","background-image":"","background-repeat":"repeat","background-position":"center center","background-size":"auto","background-attachment":"scroll","background-type":"","background-media":"","overlay-type":"","overlay-color":"","overlay-opacity":"","overlay-gradient":""},"tablet":{"background-color":"var(--ast-global-color-5)","background-image":"","background-repeat":"repeat","background-position":"center center","background-size":"auto","background-attachment":"scroll","background-type":"","background-media":"","overlay-type":"","overlay-color":"","overlay-opacity":"","overlay-gradient":""},"mobile":{"background-color":"var(--ast-global-color-5)","background-image":"","background-repeat":"repeat","background-position":"center center","background-size":"auto","background-attachment":"scroll","background-type":"","background-media":"","overlay-type":"","overlay-color":"","overlay-opacity":"","overlay-gradient":""}},"footnotes":""},"class_list":["post-23","page","type-page","status-publish","hentry"],"yoast_head":"<!-- This site is optimized with the Yoast SEO plugin v27.6 - https:\/\/yoast.com\/product\/yoast-seo-wordpress\/ -->\n<title>Piedra, Marmol y Escayola -<\/title>\n<meta name=\"robots\" content=\"index, follow, max-snippet:-1, max-image-preview:large, max-video-preview:-1\" \/>\n<link rel=\"canonical\" href=\"https:\/\/blog.calidadartesana.com\/index.php\/piedra-marmol-y-escayola\/\" \/>\n<meta property=\"og:locale\" content=\"es_ES\" \/>\n<meta property=\"og:type\" content=\"article\" \/>\n<meta property=\"og:title\" content=\"Piedra, Marmol y Escayola -\" \/>\n<meta property=\"og:description\" content=\"Desde las impresionantes pir\u00e1mides egipcias o mayas a las catedrales g\u00f3ticas, pasando por las bellas edificaciones griegas y romanas, son [&hellip;]\" \/>\n<meta property=\"og:url\" content=\"https:\/\/blog.calidadartesana.com\/index.php\/piedra-marmol-y-escayola\/\" \/>\n<meta property=\"article:publisher\" content=\"https:\/\/www.facebook.com\/CalidadArtesana\" \/>\n<meta property=\"article:modified_time\" content=\"2015-12-26T16:43:26+00:00\" \/>\n<meta property=\"og:image\" content=\"https:\/\/blog.calidadartesana.com\/wp-content\/uploads\/Piedra-marmol-y-escayola.jpg\" \/>\n\t<meta property=\"og:image:width\" content=\"815\" \/>\n\t<meta property=\"og:image:height\" content=\"315\" \/>\n\t<meta property=\"og:image:type\" content=\"image\/jpeg\" \/>\n<meta name=\"twitter:card\" content=\"summary_large_image\" \/>\n<meta name=\"twitter:site\" content=\"@CalidadArtesana\" \/>\n<meta name=\"twitter:label1\" content=\"Tiempo de lectura\" \/>\n\t<meta name=\"twitter:data1\" content=\"3 minutos\" \/>\n<script type=\"application\/ld+json\" class=\"yoast-schema-graph\">{\"@context\":\"https:\\\/\\\/schema.org\",\"@graph\":[{\"@type\":\"WebPage\",\"@id\":\"https:\\\/\\\/blog.calidadartesana.com\\\/index.php\\\/piedra-marmol-y-escayola\\\/\",\"url\":\"https:\\\/\\\/blog.calidadartesana.com\\\/index.php\\\/piedra-marmol-y-escayola\\\/\",\"name\":\"Piedra, Marmol y Escayola -\",\"isPartOf\":{\"@id\":\"https:\\\/\\\/blog.calidadartesana.com\\\/#website\"},\"primaryImageOfPage\":{\"@id\":\"https:\\\/\\\/blog.calidadartesana.com\\\/index.php\\\/piedra-marmol-y-escayola\\\/#primaryimage\"},\"image\":{\"@id\":\"https:\\\/\\\/blog.calidadartesana.com\\\/index.php\\\/piedra-marmol-y-escayola\\\/#primaryimage\"},\"thumbnailUrl\":\"http:\\\/\\\/www.calidadartesana.es\\\/blog\\\/wp-content\\\/uploads\\\/Piedra-marmol-y-escayola.jpg\",\"datePublished\":\"2015-10-12T14:47:22+00:00\",\"dateModified\":\"2015-12-26T16:43:26+00:00\",\"breadcrumb\":{\"@id\":\"https:\\\/\\\/blog.calidadartesana.com\\\/index.php\\\/piedra-marmol-y-escayola\\\/#breadcrumb\"},\"inLanguage\":\"es\",\"potentialAction\":[{\"@type\":\"ReadAction\",\"target\":[\"https:\\\/\\\/blog.calidadartesana.com\\\/index.php\\\/piedra-marmol-y-escayola\\\/\"]}]},{\"@type\":\"ImageObject\",\"inLanguage\":\"es\",\"@id\":\"https:\\\/\\\/blog.calidadartesana.com\\\/index.php\\\/piedra-marmol-y-escayola\\\/#primaryimage\",\"url\":\"http:\\\/\\\/www.calidadartesana.es\\\/blog\\\/wp-content\\\/uploads\\\/Piedra-marmol-y-escayola.jpg\",\"contentUrl\":\"http:\\\/\\\/www.calidadartesana.es\\\/blog\\\/wp-content\\\/uploads\\\/Piedra-marmol-y-escayola.jpg\"},{\"@type\":\"BreadcrumbList\",\"@id\":\"https:\\\/\\\/blog.calidadartesana.com\\\/index.php\\\/piedra-marmol-y-escayola\\\/#breadcrumb\",\"itemListElement\":[{\"@type\":\"ListItem\",\"position\":1,\"name\":\"Portada\",\"item\":\"https:\\\/\\\/blog.calidadartesana.com\\\/\"},{\"@type\":\"ListItem\",\"position\":2,\"name\":\"Piedra, Marmol y Escayola\"}]},{\"@type\":\"WebSite\",\"@id\":\"https:\\\/\\\/blog.calidadartesana.com\\\/#website\",\"url\":\"https:\\\/\\\/blog.calidadartesana.com\\\/\",\"name\":\"Calidad Artesana\",\"description\":\"Blog Calidad Artesana\",\"publisher\":{\"@id\":\"https:\\\/\\\/blog.calidadartesana.com\\\/#organization\"},\"potentialAction\":[{\"@type\":\"SearchAction\",\"target\":{\"@type\":\"EntryPoint\",\"urlTemplate\":\"https:\\\/\\\/blog.calidadartesana.com\\\/?s={search_term_string}\"},\"query-input\":{\"@type\":\"PropertyValueSpecification\",\"valueRequired\":true,\"valueName\":\"search_term_string\"}}],\"inLanguage\":\"es\"},{\"@type\":\"Organization\",\"@id\":\"https:\\\/\\\/blog.calidadartesana.com\\\/#organization\",\"name\":\"Calidad Artesana\",\"url\":\"https:\\\/\\\/blog.calidadartesana.com\\\/\",\"logo\":{\"@type\":\"ImageObject\",\"inLanguage\":\"es\",\"@id\":\"https:\\\/\\\/blog.calidadartesana.com\\\/#\\\/schema\\\/logo\\\/image\\\/\",\"url\":\"https:\\\/\\\/blog.calidadartesana.com\\\/wp-content\\\/uploads\\\/cropped-calidadArtesana.png\",\"contentUrl\":\"https:\\\/\\\/blog.calidadartesana.com\\\/wp-content\\\/uploads\\\/cropped-calidadArtesana.png\",\"width\":690,\"height\":230,\"caption\":\"Calidad Artesana\"},\"image\":{\"@id\":\"https:\\\/\\\/blog.calidadartesana.com\\\/#\\\/schema\\\/logo\\\/image\\\/\"},\"sameAs\":[\"https:\\\/\\\/www.facebook.com\\\/CalidadArtesana\",\"https:\\\/\\\/x.com\\\/CalidadArtesana\",\"https:\\\/\\\/www.instagram.com\\\/calidad_artesana\\\/\",\"https:\\\/\\\/es.pinterest.com\\\/CertificadoCalidadArtesana\\\/\"]}]}<\/script>\n<!-- \/ Yoast SEO plugin. -->","yoast_head_json":{"title":"Piedra, Marmol y Escayola -","robots":{"index":"index","follow":"follow","max-snippet":"max-snippet:-1","max-image-preview":"max-image-preview:large","max-video-preview":"max-video-preview:-1"},"canonical":"https:\/\/blog.calidadartesana.com\/index.php\/piedra-marmol-y-escayola\/","og_locale":"es_ES","og_type":"article","og_title":"Piedra, Marmol y Escayola -","og_description":"Desde las impresionantes pir\u00e1mides egipcias o mayas a las catedrales g\u00f3ticas, pasando por las bellas edificaciones griegas y romanas, son [&hellip;]","og_url":"https:\/\/blog.calidadartesana.com\/index.php\/piedra-marmol-y-escayola\/","article_publisher":"https:\/\/www.facebook.com\/CalidadArtesana","article_modified_time":"2015-12-26T16:43:26+00:00","og_image":[{"width":815,"height":315,"url":"https:\/\/blog.calidadartesana.com\/wp-content\/uploads\/Piedra-marmol-y-escayola.jpg","type":"image\/jpeg"}],"twitter_card":"summary_large_image","twitter_site":"@CalidadArtesana","twitter_misc":{"Tiempo de lectura":"3 minutos"},"schema":{"@context":"https:\/\/schema.org","@graph":[{"@type":"WebPage","@id":"https:\/\/blog.calidadartesana.com\/index.php\/piedra-marmol-y-escayola\/","url":"https:\/\/blog.calidadartesana.com\/index.php\/piedra-marmol-y-escayola\/","name":"Piedra, Marmol y Escayola -","isPartOf":{"@id":"https:\/\/blog.calidadartesana.com\/#website"},"primaryImageOfPage":{"@id":"https:\/\/blog.calidadartesana.com\/index.php\/piedra-marmol-y-escayola\/#primaryimage"},"image":{"@id":"https:\/\/blog.calidadartesana.com\/index.php\/piedra-marmol-y-escayola\/#primaryimage"},"thumbnailUrl":"http:\/\/www.calidadartesana.es\/blog\/wp-content\/uploads\/Piedra-marmol-y-escayola.jpg","datePublished":"2015-10-12T14:47:22+00:00","dateModified":"2015-12-26T16:43:26+00:00","breadcrumb":{"@id":"https:\/\/blog.calidadartesana.com\/index.php\/piedra-marmol-y-escayola\/#breadcrumb"},"inLanguage":"es","potentialAction":[{"@type":"ReadAction","target":["https:\/\/blog.calidadartesana.com\/index.php\/piedra-marmol-y-escayola\/"]}]},{"@type":"ImageObject","inLanguage":"es","@id":"https:\/\/blog.calidadartesana.com\/index.php\/piedra-marmol-y-escayola\/#primaryimage","url":"http:\/\/www.calidadartesana.es\/blog\/wp-content\/uploads\/Piedra-marmol-y-escayola.jpg","contentUrl":"http:\/\/www.calidadartesana.es\/blog\/wp-content\/uploads\/Piedra-marmol-y-escayola.jpg"},{"@type":"BreadcrumbList","@id":"https:\/\/blog.calidadartesana.com\/index.php\/piedra-marmol-y-escayola\/#breadcrumb","itemListElement":[{"@type":"ListItem","position":1,"name":"Portada","item":"https:\/\/blog.calidadartesana.com\/"},{"@type":"ListItem","position":2,"name":"Piedra, Marmol y Escayola"}]},{"@type":"WebSite","@id":"https:\/\/blog.calidadartesana.com\/#website","url":"https:\/\/blog.calidadartesana.com\/","name":"Calidad Artesana","description":"Blog Calidad Artesana","publisher":{"@id":"https:\/\/blog.calidadartesana.com\/#organization"},"potentialAction":[{"@type":"SearchAction","target":{"@type":"EntryPoint","urlTemplate":"https:\/\/blog.calidadartesana.com\/?s={search_term_string}"},"query-input":{"@type":"PropertyValueSpecification","valueRequired":true,"valueName":"search_term_string"}}],"inLanguage":"es"},{"@type":"Organization","@id":"https:\/\/blog.calidadartesana.com\/#organization","name":"Calidad Artesana","url":"https:\/\/blog.calidadartesana.com\/","logo":{"@type":"ImageObject","inLanguage":"es","@id":"https:\/\/blog.calidadartesana.com\/#\/schema\/logo\/image\/","url":"https:\/\/blog.calidadartesana.com\/wp-content\/uploads\/cropped-calidadArtesana.png","contentUrl":"https:\/\/blog.calidadartesana.com\/wp-content\/uploads\/cropped-calidadArtesana.png","width":690,"height":230,"caption":"Calidad Artesana"},"image":{"@id":"https:\/\/blog.calidadartesana.com\/#\/schema\/logo\/image\/"},"sameAs":["https:\/\/www.facebook.com\/CalidadArtesana","https:\/\/x.com\/CalidadArtesana","https:\/\/www.instagram.com\/calidad_artesana\/","https:\/\/es.pinterest.com\/CertificadoCalidadArtesana\/"]}]}},"_links":{"self":[{"href":"https:\/\/blog.calidadartesana.com\/index.php\/wp-json\/wp\/v2\/pages\/23","targetHints":{"allow":["GET"]}}],"collection":[{"href":"https:\/\/blog.calidadartesana.com\/index.php\/wp-json\/wp\/v2\/pages"}],"about":[{"href":"https:\/\/blog.calidadartesana.com\/index.php\/wp-json\/wp\/v2\/types\/page"}],"author":[{"embeddable":true,"href":"https:\/\/blog.calidadartesana.com\/index.php\/wp-json\/wp\/v2\/users\/1"}],"replies":[{"embeddable":true,"href":"https:\/\/blog.calidadartesana.com\/index.php\/wp-json\/wp\/v2\/comments?post=23"}],"version-history":[{"count":6,"href":"https:\/\/blog.calidadartesana.com\/index.php\/wp-json\/wp\/v2\/pages\/23\/revisions"}],"predecessor-version":[{"id":155,"href":"https:\/\/blog.calidadartesana.com\/index.php\/wp-json\/wp\/v2\/pages\/23\/revisions\/155"}],"wp:attachment":[{"href":"https:\/\/blog.calidadartesana.com\/index.php\/wp-json\/wp\/v2\/media?parent=23"}],"curies":[{"name":"wp","href":"https:\/\/api.w.org\/{rel}","templated":true}]}}