{"id":25,"date":"2015-10-12T14:48:01","date_gmt":"2015-10-12T14:48:01","guid":{"rendered":"http:\/\/www.calidadartesana.es\/blog\/?page_id=25"},"modified":"2015-12-26T16:45:00","modified_gmt":"2015-12-26T16:45:00","slug":"piel-y-cuero","status":"publish","type":"page","link":"https:\/\/blog.calidadartesana.com\/index.php\/piel-y-cuero\/","title":{"rendered":"Piel y Cuero"},"content":{"rendered":"<figure id=\"attachment_156\" aria-describedby=\"caption-attachment-156\" style=\"width: 815px\" class=\"wp-caption alignnone\"><a href=\"http:\/\/www.calidadartesana.es\/contacto\/\"><img loading=\"lazy\" decoding=\"async\" class=\"wp-image-156 size-full\" src=\"http:\/\/www.calidadartesana.es\/blog\/wp-content\/uploads\/Piel-y-cuero.jpg\" alt=\"Piel y cuero\" width=\"815\" height=\"315\" srcset=\"https:\/\/blog.calidadartesana.com\/wp-content\/uploads\/Piel-y-cuero.jpg 815w, https:\/\/blog.calidadartesana.com\/wp-content\/uploads\/Piel-y-cuero-300x116.jpg 300w\" sizes=\"auto, (max-width: 815px) 100vw, 815px\" \/><\/a><figcaption id=\"caption-attachment-156\" class=\"wp-caption-text\">Piel y cuero<\/figcaption><\/figure>\n<p style=\"text-align: justify;\">Habr\u00eda que remontarse a \u00e9pocas muy primitivas de la vida de la Humanidad para encontrar el origen de la utilizaci\u00f3n de las <strong>pieles animales<\/strong> como forma de satisfacer las necesidades materiales de los hombres; necesidades que si en un principio se redujeron al <em>vestido, el calzado y algunos recipientes<\/em>, se extendieron despu\u00e9s a lo largo de la Historia, convirti\u00e9ndose la <strong>piel<\/strong> en el soporte material de vivienda, escritura, etc. Pero, dadas las caracter\u00edsticas especiales y la naturaleza org\u00e1nica de la<strong> piel,<\/strong> no han llegado hasta nosotros sino escasas muestras de estos productos realizados por nuestros antepasados, a diferencia de lo que ha ocurrido con piezas realizadas en otros materiales, como la <em>piedra o el metal.\u00a0<\/em><\/p>\n<p style=\"text-align: justify;\">Con el tiempo, el proceso t\u00e9cnico de <strong>manipulaci\u00f3n de la piel<\/strong> se ha ido perfeccionando, hasta tal punto que ha llegado a industrializarse casi en su totalidad, desde la <strong>curtici\u00f3n<\/strong> de las<strong> pieles<\/strong> mediante sistemas qu\u00edmicos complejos hasta la misma elaboraci\u00f3n y acabado de los objetos.<\/p>\n<p style=\"text-align: justify;\">Por otra parte, la <strong>piel<\/strong>, debido a su <em>durabilidad, elasticidad, manejabilidad, flexibilidad y prestancia<\/em>, se ha convertido actualmente en material indispensable e irremplazable de muchos objetos de uso personal, e incluso se ha observado en los \u00faltimos a\u00f1os una recuperaci\u00f3n a nivel popular de los productos de <strong>piel<\/strong>. Como es l\u00f3gico, en cada pa\u00eds tienen preferencia los <strong>cueros<\/strong> de los animales m\u00e1s frecuentes y peculiares, aunque, dada la diversidad de la demanda, se utilizan todo tipo de <strong>pieles<\/strong>, desde las de <strong>mam\u00edferos, reptiles<\/strong> (<em>cocodrilo, serpiente, lagarto<\/em>) y <strong>aves<\/strong> (<em>avestruz, dorma, casuario<\/em>) hasta incluso las de <strong>peces<\/strong> como la <em>raya y el tibur\u00f3n.\u00a0<\/em><\/p>\n<p style=\"text-align: justify;\">Adem\u00e1s de la diversidad de <strong>pieles<\/strong> que pueden utilizarse, es tambi\u00e9n amplio y diverso el campo de arte y los trabajos que pueden realizarse con este material, ya que, aparte de la curtici\u00f3n &#8211;<em>proceso previo a cualquier de la \u00a0manipulaci\u00f3n \u00a0de piel-<\/em>, existe una gran variedad de trabajos y especialidades, clasificados seg\u00fan los objetos producidos o la t\u00e9cnica empleada para trabajar el <strong>cuero.\u00a0<\/strong><\/p>\n<p style=\"text-align: justify;\">Cabe, as\u00ed, hablar de la <strong>marroquiner\u00eda<\/strong> &#8211; <em>tambi\u00e9n llamada <strong>estucher\u00eda<\/strong><\/em>&#8211; que consiste en la elaboraci\u00f3n de art\u00edculos de tama\u00f1o reducido, como <strong>carteras, pitilleras, estuches<\/strong>, etc., con <strong>cueros<\/strong> ligeros de mam\u00edferos o reptiles peque\u00f1os, actividad que ha seguido un r\u00e1pido proceso de industrializaci\u00f3n en los \u00faltimos a\u00f1os; de la <strong>guarnicioner\u00eda<\/strong> y<strong>\u00a0talabarter\u00eda,<\/strong> trabajos que abastecen de <strong>correajes, sillas<\/strong> y dem\u00e1s aparejos a los animales de carga, tiro y montura. Estas \u00faltimas especialidades se encuentran actualmente en franca regresi\u00f3n en la mayor\u00eda de los paises, debido a la mecanizaci\u00f3n de las labores agr\u00edcolas con la consiguiente sustituci\u00f3n de la tracci\u00f3n animal por la mec\u00e1nica; sin embargo, siguen existiendo talleres especializados en estas actividades, que enfocan su producci\u00f3n a los objetos relacionados con la <strong>caza y la\u00a0equitaci\u00f3n.<\/strong><\/p>\n<p style=\"text-align: justify;\">En cuanto a la <strong>zapater\u00eda,<\/strong> a pesar de haber desaparecido pr\u00e1cticamente el trabajo artesanal en esta especialidad, se siguen aun realizando a mano algunas piezas como las <em>botas camperas y determinados tipos de sandalias.<\/em><\/p>\n<p style=\"text-align: justify;\">Por ultimo, habria que mencionar, entre los trabajos de la<strong> piel<\/strong>, el de la <strong>boter\u00eda<\/strong> -elaboraci\u00f3n de <em>\u00abbotas\u00bb y \u00abpellejos\u00bb<\/em> para contener y transportar el vino-, especialidad que, sin bien est\u00e1 cayendo en desuso, mantiene a\u00fan una saneada demanda.<\/p>\n<p style=\"text-align: justify;\">Por supuesto habr\u00eda que hablar de otros trabajos relacionados con \u00a0la <strong>piel<\/strong> como la elaboraci\u00f3n de <em>maletas, baules, tapicer\u00edas, alfombras, sombreros,<\/em> etc, en la actualidad altamente industrializados. (No se hace referencia en este m\u00f3dulo a la <strong>peleter\u00eda<\/strong>, por ser una especialidad que no entra claramente en el \u00e1mbito de la <strong>artesan\u00eda<\/strong>).<\/p>\n<p style=\"text-align: justify;\">Por lo que respecta a las diferentes t\u00e9cnicas de <strong>manipulado de la piel<\/strong>, son m\u00faltiples las trabajos art\u00edsticos creativos que en ella pueden realizarse: <em>cincelado, martilleado, calado, policromado<\/em>, etc., pero podr\u00eda destacarse por su originalidad el <strong><em>guadamecil<\/em><\/strong>, cuero repujado y policromado de gran plasticidad realizado en Espa\u00f1a, y cuyo origen se remonta a la dominaci\u00f3n musulmana de la Pen\u00ednsula.<\/p>\n<p style=\"text-align: justify;\">Oficios elaborados con PIEL Y CUERO:<\/p>\n<ul>\n<li style=\"text-align: justify;\">Curtidur\u00eda.<a href=\"http:\/\/www.calidadartesana.es\/socios-artesanos\/\"><img loading=\"lazy\" decoding=\"async\" class=\"alignright wp-image-114\" src=\"http:\/\/www.calidadartesana.es\/blog\/wp-content\/uploads\/Certificados-205x300.png\" alt=\"Certificados Calidad Artesana\" width=\"171\" height=\"250\" srcset=\"https:\/\/blog.calidadartesana.com\/wp-content\/uploads\/Certificados-205x300.png 205w, https:\/\/blog.calidadartesana.com\/wp-content\/uploads\/Certificados-300x439.png 300w, https:\/\/blog.calidadartesana.com\/wp-content\/uploads\/Certificados.png 374w\" sizes=\"auto, (max-width: 171px) 100vw, 171px\" \/><\/a><\/li>\n<li style=\"text-align: justify;\">Elaboraci\u00f3n de botas.<\/li>\n<li style=\"text-align: justify;\">Elaboraci\u00f3n de cordob\u00e1n y guadamecil.<\/li>\n<li style=\"text-align: justify;\">Elaboraci\u00f3n de fuelles.<\/li>\n<li style=\"text-align: justify;\">Elaboraci\u00f3n de odres.<\/li>\n<li style=\"text-align: justify;\">Elaboraci\u00f3n y reparaci\u00f3n de calzado.<\/li>\n<li style=\"text-align: justify;\">Guanter\u00eda.<\/li>\n<li style=\"text-align: justify;\">Guarnicioner\u00eda y Talabarter\u00eda.<\/li>\n<li style=\"text-align: justify;\">Marroquiner\u00eda.<\/li>\n<li style=\"text-align: justify;\">Repujado de cuero.<\/li>\n<\/ul>\n","protected":false},"excerpt":{"rendered":"<p>Habr\u00eda que remontarse a \u00e9pocas muy primitivas de la vida de la Humanidad para encontrar el origen de la utilizaci\u00f3n [&hellip;]<\/p>\n","protected":false},"author":1,"featured_media":0,"parent":0,"menu_order":0,"comment_status":"closed","ping_status":"closed","template":"","meta":{"site-sidebar-layout":"default","site-content-layout":"","ast-site-content-layout":"default","site-content-style":"default","site-sidebar-style":"default","ast-global-header-display":"","ast-banner-title-visibility":"","ast-main-header-display":"","ast-hfb-above-header-display":"","ast-hfb-below-header-display":"","ast-hfb-mobile-header-display":"","site-post-title":"","ast-breadcrumbs-content":"","ast-featured-img":"","footer-sml-layout":"","theme-transparent-header-meta":"","adv-header-id-meta":"","stick-header-meta":"","header-above-stick-meta":"","header-main-stick-meta":"","header-below-stick-meta":"","astra-migrate-meta-layouts":"default","ast-page-background-enabled":"default","ast-page-background-meta":{"desktop":{"background-color":"var(--ast-global-color-4)","background-image":"","background-repeat":"repeat","background-position":"center center","background-size":"auto","background-attachment":"scroll","background-type":"","background-media":"","overlay-type":"","overlay-color":"","overlay-opacity":"","overlay-gradient":""},"tablet":{"background-color":"","background-image":"","background-repeat":"repeat","background-position":"center center","background-size":"auto","background-attachment":"scroll","background-type":"","background-media":"","overlay-type":"","overlay-color":"","overlay-opacity":"","overlay-gradient":""},"mobile":{"background-color":"","background-image":"","background-repeat":"repeat","background-position":"center center","background-size":"auto","background-attachment":"scroll","background-type":"","background-media":"","overlay-type":"","overlay-color":"","overlay-opacity":"","overlay-gradient":""}},"ast-content-background-meta":{"desktop":{"background-color":"var(--ast-global-color-5)","background-image":"","background-repeat":"repeat","background-position":"center center","background-size":"auto","background-attachment":"scroll","background-type":"","background-media":"","overlay-type":"","overlay-color":"","overlay-opacity":"","overlay-gradient":""},"tablet":{"background-color":"var(--ast-global-color-5)","background-image":"","background-repeat":"repeat","background-position":"center center","background-size":"auto","background-attachment":"scroll","background-type":"","background-media":"","overlay-type":"","overlay-color":"","overlay-opacity":"","overlay-gradient":""},"mobile":{"background-color":"var(--ast-global-color-5)","background-image":"","background-repeat":"repeat","background-position":"center center","background-size":"auto","background-attachment":"scroll","background-type":"","background-media":"","overlay-type":"","overlay-color":"","overlay-opacity":"","overlay-gradient":""}},"footnotes":""},"class_list":["post-25","page","type-page","status-publish","hentry"],"yoast_head":"<!-- This site is optimized with the Yoast SEO plugin v27.6 - https:\/\/yoast.com\/product\/yoast-seo-wordpress\/ -->\n<title>Piel y Cuero -<\/title>\n<meta name=\"robots\" content=\"index, follow, max-snippet:-1, max-image-preview:large, max-video-preview:-1\" \/>\n<link rel=\"canonical\" href=\"https:\/\/blog.calidadartesana.com\/index.php\/piel-y-cuero\/\" \/>\n<meta property=\"og:locale\" content=\"es_ES\" \/>\n<meta property=\"og:type\" content=\"article\" \/>\n<meta property=\"og:title\" content=\"Piel y Cuero -\" \/>\n<meta property=\"og:description\" content=\"Habr\u00eda que remontarse a \u00e9pocas muy primitivas de la vida de la Humanidad para encontrar el origen de la utilizaci\u00f3n [&hellip;]\" \/>\n<meta property=\"og:url\" content=\"https:\/\/blog.calidadartesana.com\/index.php\/piel-y-cuero\/\" \/>\n<meta property=\"article:publisher\" content=\"https:\/\/www.facebook.com\/CalidadArtesana\" \/>\n<meta property=\"article:modified_time\" content=\"2015-12-26T16:45:00+00:00\" \/>\n<meta property=\"og:image\" content=\"https:\/\/blog.calidadartesana.com\/wp-content\/uploads\/Piel-y-cuero.jpg\" \/>\n\t<meta property=\"og:image:width\" content=\"815\" \/>\n\t<meta property=\"og:image:height\" content=\"315\" \/>\n\t<meta property=\"og:image:type\" content=\"image\/jpeg\" \/>\n<meta name=\"twitter:card\" content=\"summary_large_image\" \/>\n<meta name=\"twitter:site\" content=\"@CalidadArtesana\" \/>\n<meta name=\"twitter:label1\" content=\"Tiempo de lectura\" \/>\n\t<meta name=\"twitter:data1\" content=\"4 minutos\" \/>\n<script type=\"application\/ld+json\" class=\"yoast-schema-graph\">{\"@context\":\"https:\\\/\\\/schema.org\",\"@graph\":[{\"@type\":\"WebPage\",\"@id\":\"https:\\\/\\\/blog.calidadartesana.com\\\/index.php\\\/piel-y-cuero\\\/\",\"url\":\"https:\\\/\\\/blog.calidadartesana.com\\\/index.php\\\/piel-y-cuero\\\/\",\"name\":\"Piel y Cuero -\",\"isPartOf\":{\"@id\":\"https:\\\/\\\/blog.calidadartesana.com\\\/#website\"},\"primaryImageOfPage\":{\"@id\":\"https:\\\/\\\/blog.calidadartesana.com\\\/index.php\\\/piel-y-cuero\\\/#primaryimage\"},\"image\":{\"@id\":\"https:\\\/\\\/blog.calidadartesana.com\\\/index.php\\\/piel-y-cuero\\\/#primaryimage\"},\"thumbnailUrl\":\"http:\\\/\\\/www.calidadartesana.es\\\/blog\\\/wp-content\\\/uploads\\\/Piel-y-cuero.jpg\",\"datePublished\":\"2015-10-12T14:48:01+00:00\",\"dateModified\":\"2015-12-26T16:45:00+00:00\",\"breadcrumb\":{\"@id\":\"https:\\\/\\\/blog.calidadartesana.com\\\/index.php\\\/piel-y-cuero\\\/#breadcrumb\"},\"inLanguage\":\"es\",\"potentialAction\":[{\"@type\":\"ReadAction\",\"target\":[\"https:\\\/\\\/blog.calidadartesana.com\\\/index.php\\\/piel-y-cuero\\\/\"]}]},{\"@type\":\"ImageObject\",\"inLanguage\":\"es\",\"@id\":\"https:\\\/\\\/blog.calidadartesana.com\\\/index.php\\\/piel-y-cuero\\\/#primaryimage\",\"url\":\"http:\\\/\\\/www.calidadartesana.es\\\/blog\\\/wp-content\\\/uploads\\\/Piel-y-cuero.jpg\",\"contentUrl\":\"http:\\\/\\\/www.calidadartesana.es\\\/blog\\\/wp-content\\\/uploads\\\/Piel-y-cuero.jpg\"},{\"@type\":\"BreadcrumbList\",\"@id\":\"https:\\\/\\\/blog.calidadartesana.com\\\/index.php\\\/piel-y-cuero\\\/#breadcrumb\",\"itemListElement\":[{\"@type\":\"ListItem\",\"position\":1,\"name\":\"Portada\",\"item\":\"https:\\\/\\\/blog.calidadartesana.com\\\/\"},{\"@type\":\"ListItem\",\"position\":2,\"name\":\"Piel y Cuero\"}]},{\"@type\":\"WebSite\",\"@id\":\"https:\\\/\\\/blog.calidadartesana.com\\\/#website\",\"url\":\"https:\\\/\\\/blog.calidadartesana.com\\\/\",\"name\":\"Calidad Artesana\",\"description\":\"Blog Calidad Artesana\",\"publisher\":{\"@id\":\"https:\\\/\\\/blog.calidadartesana.com\\\/#organization\"},\"potentialAction\":[{\"@type\":\"SearchAction\",\"target\":{\"@type\":\"EntryPoint\",\"urlTemplate\":\"https:\\\/\\\/blog.calidadartesana.com\\\/?s={search_term_string}\"},\"query-input\":{\"@type\":\"PropertyValueSpecification\",\"valueRequired\":true,\"valueName\":\"search_term_string\"}}],\"inLanguage\":\"es\"},{\"@type\":\"Organization\",\"@id\":\"https:\\\/\\\/blog.calidadartesana.com\\\/#organization\",\"name\":\"Calidad Artesana\",\"url\":\"https:\\\/\\\/blog.calidadartesana.com\\\/\",\"logo\":{\"@type\":\"ImageObject\",\"inLanguage\":\"es\",\"@id\":\"https:\\\/\\\/blog.calidadartesana.com\\\/#\\\/schema\\\/logo\\\/image\\\/\",\"url\":\"https:\\\/\\\/blog.calidadartesana.com\\\/wp-content\\\/uploads\\\/cropped-calidadArtesana.png\",\"contentUrl\":\"https:\\\/\\\/blog.calidadartesana.com\\\/wp-content\\\/uploads\\\/cropped-calidadArtesana.png\",\"width\":690,\"height\":230,\"caption\":\"Calidad Artesana\"},\"image\":{\"@id\":\"https:\\\/\\\/blog.calidadartesana.com\\\/#\\\/schema\\\/logo\\\/image\\\/\"},\"sameAs\":[\"https:\\\/\\\/www.facebook.com\\\/CalidadArtesana\",\"https:\\\/\\\/x.com\\\/CalidadArtesana\",\"https:\\\/\\\/www.instagram.com\\\/calidad_artesana\\\/\",\"https:\\\/\\\/es.pinterest.com\\\/CertificadoCalidadArtesana\\\/\"]}]}<\/script>\n<!-- \/ Yoast SEO plugin. -->","yoast_head_json":{"title":"Piel y Cuero -","robots":{"index":"index","follow":"follow","max-snippet":"max-snippet:-1","max-image-preview":"max-image-preview:large","max-video-preview":"max-video-preview:-1"},"canonical":"https:\/\/blog.calidadartesana.com\/index.php\/piel-y-cuero\/","og_locale":"es_ES","og_type":"article","og_title":"Piel y Cuero -","og_description":"Habr\u00eda que remontarse a \u00e9pocas muy primitivas de la vida de la Humanidad para encontrar el origen de la utilizaci\u00f3n [&hellip;]","og_url":"https:\/\/blog.calidadartesana.com\/index.php\/piel-y-cuero\/","article_publisher":"https:\/\/www.facebook.com\/CalidadArtesana","article_modified_time":"2015-12-26T16:45:00+00:00","og_image":[{"width":815,"height":315,"url":"https:\/\/blog.calidadartesana.com\/wp-content\/uploads\/Piel-y-cuero.jpg","type":"image\/jpeg"}],"twitter_card":"summary_large_image","twitter_site":"@CalidadArtesana","twitter_misc":{"Tiempo de lectura":"4 minutos"},"schema":{"@context":"https:\/\/schema.org","@graph":[{"@type":"WebPage","@id":"https:\/\/blog.calidadartesana.com\/index.php\/piel-y-cuero\/","url":"https:\/\/blog.calidadartesana.com\/index.php\/piel-y-cuero\/","name":"Piel y Cuero -","isPartOf":{"@id":"https:\/\/blog.calidadartesana.com\/#website"},"primaryImageOfPage":{"@id":"https:\/\/blog.calidadartesana.com\/index.php\/piel-y-cuero\/#primaryimage"},"image":{"@id":"https:\/\/blog.calidadartesana.com\/index.php\/piel-y-cuero\/#primaryimage"},"thumbnailUrl":"http:\/\/www.calidadartesana.es\/blog\/wp-content\/uploads\/Piel-y-cuero.jpg","datePublished":"2015-10-12T14:48:01+00:00","dateModified":"2015-12-26T16:45:00+00:00","breadcrumb":{"@id":"https:\/\/blog.calidadartesana.com\/index.php\/piel-y-cuero\/#breadcrumb"},"inLanguage":"es","potentialAction":[{"@type":"ReadAction","target":["https:\/\/blog.calidadartesana.com\/index.php\/piel-y-cuero\/"]}]},{"@type":"ImageObject","inLanguage":"es","@id":"https:\/\/blog.calidadartesana.com\/index.php\/piel-y-cuero\/#primaryimage","url":"http:\/\/www.calidadartesana.es\/blog\/wp-content\/uploads\/Piel-y-cuero.jpg","contentUrl":"http:\/\/www.calidadartesana.es\/blog\/wp-content\/uploads\/Piel-y-cuero.jpg"},{"@type":"BreadcrumbList","@id":"https:\/\/blog.calidadartesana.com\/index.php\/piel-y-cuero\/#breadcrumb","itemListElement":[{"@type":"ListItem","position":1,"name":"Portada","item":"https:\/\/blog.calidadartesana.com\/"},{"@type":"ListItem","position":2,"name":"Piel y Cuero"}]},{"@type":"WebSite","@id":"https:\/\/blog.calidadartesana.com\/#website","url":"https:\/\/blog.calidadartesana.com\/","name":"Calidad Artesana","description":"Blog Calidad Artesana","publisher":{"@id":"https:\/\/blog.calidadartesana.com\/#organization"},"potentialAction":[{"@type":"SearchAction","target":{"@type":"EntryPoint","urlTemplate":"https:\/\/blog.calidadartesana.com\/?s={search_term_string}"},"query-input":{"@type":"PropertyValueSpecification","valueRequired":true,"valueName":"search_term_string"}}],"inLanguage":"es"},{"@type":"Organization","@id":"https:\/\/blog.calidadartesana.com\/#organization","name":"Calidad Artesana","url":"https:\/\/blog.calidadartesana.com\/","logo":{"@type":"ImageObject","inLanguage":"es","@id":"https:\/\/blog.calidadartesana.com\/#\/schema\/logo\/image\/","url":"https:\/\/blog.calidadartesana.com\/wp-content\/uploads\/cropped-calidadArtesana.png","contentUrl":"https:\/\/blog.calidadartesana.com\/wp-content\/uploads\/cropped-calidadArtesana.png","width":690,"height":230,"caption":"Calidad Artesana"},"image":{"@id":"https:\/\/blog.calidadartesana.com\/#\/schema\/logo\/image\/"},"sameAs":["https:\/\/www.facebook.com\/CalidadArtesana","https:\/\/x.com\/CalidadArtesana","https:\/\/www.instagram.com\/calidad_artesana\/","https:\/\/es.pinterest.com\/CertificadoCalidadArtesana\/"]}]}},"_links":{"self":[{"href":"https:\/\/blog.calidadartesana.com\/index.php\/wp-json\/wp\/v2\/pages\/25","targetHints":{"allow":["GET"]}}],"collection":[{"href":"https:\/\/blog.calidadartesana.com\/index.php\/wp-json\/wp\/v2\/pages"}],"about":[{"href":"https:\/\/blog.calidadartesana.com\/index.php\/wp-json\/wp\/v2\/types\/page"}],"author":[{"embeddable":true,"href":"https:\/\/blog.calidadartesana.com\/index.php\/wp-json\/wp\/v2\/users\/1"}],"replies":[{"embeddable":true,"href":"https:\/\/blog.calidadartesana.com\/index.php\/wp-json\/wp\/v2\/comments?post=25"}],"version-history":[{"count":6,"href":"https:\/\/blog.calidadartesana.com\/index.php\/wp-json\/wp\/v2\/pages\/25\/revisions"}],"predecessor-version":[{"id":157,"href":"https:\/\/blog.calidadartesana.com\/index.php\/wp-json\/wp\/v2\/pages\/25\/revisions\/157"}],"wp:attachment":[{"href":"https:\/\/blog.calidadartesana.com\/index.php\/wp-json\/wp\/v2\/media?parent=25"}],"curies":[{"name":"wp","href":"https:\/\/api.w.org\/{rel}","templated":true}]}}