{"id":27,"date":"2015-10-12T14:48:34","date_gmt":"2015-10-12T14:48:34","guid":{"rendered":"http:\/\/www.calidadartesana.es\/blog\/?page_id=27"},"modified":"2015-12-26T16:46:13","modified_gmt":"2015-12-26T16:46:13","slug":"textil","status":"publish","type":"page","link":"https:\/\/blog.calidadartesana.com\/index.php\/textil\/","title":{"rendered":"Textil"},"content":{"rendered":"<figure id=\"attachment_158\" aria-describedby=\"caption-attachment-158\" style=\"width: 815px\" class=\"wp-caption alignnone\"><a href=\"http:\/\/www.calidadartesana.es\/contacto\/\"><img loading=\"lazy\" decoding=\"async\" class=\"wp-image-158 size-full\" src=\"http:\/\/www.calidadartesana.es\/blog\/wp-content\/uploads\/Textil.jpg\" alt=\"Textil\" width=\"815\" height=\"315\" srcset=\"https:\/\/blog.calidadartesana.com\/wp-content\/uploads\/Textil.jpg 815w, https:\/\/blog.calidadartesana.com\/wp-content\/uploads\/Textil-300x116.jpg 300w\" sizes=\"auto, (max-width: 815px) 100vw, 815px\" \/><\/a><figcaption id=\"caption-attachment-158\" class=\"wp-caption-text\">Textil<\/figcaption><\/figure>\n<p style=\"text-align: justify;\">Las referencias al <strong>arte de tejer<\/strong> son muy abundantes en la literatura universal, incluso en la m\u00e1s antigua, siendo bien conocidas en nuestro \u00e1mbito cultural muchas leyendas referidas a este tema, como las de Pen\u00e9lope o Aracne.<\/p>\n<p style=\"text-align: justify;\">Si bien la t\u00e9cnica, como es l\u00f3gico, ha variado a lo largo de los tiempos, haci\u00e9ndose uso progresivamente de <strong>telares<\/strong> cada vez m\u00e1s perfeccionados, el fundamento del arte de <strong>tejer<\/strong> ha permanecido inalterable: entrecruzamiento de una hebra, a la que se denomina <em>trama,<\/em> a trav\u00e9s de un conjunto de hilos tensados entre dos puntos, que recibe el nombre de <strong><em>urdimbre<\/em>;<\/strong> a esta disposici\u00f3n de materiales e hilos se llama, gen\u00e9ricamente, <strong><em>telar<\/em>.<\/strong>\u00a0<strong>\u00a0<\/strong>En el caso de que la <strong><em>urdimbre<\/em><\/strong> se tense entre un punto cualquiera (un \u00e1rbol, una estaca, etc.) y la cintura del <strong>tejedor,<\/strong> estaremos ante un <em>telar de cintura o telar de palitos<\/em>, que constituye uno de los sistemas de tejer m\u00e1s antiguos, si bien sigue utilizando profusamente en Latinoam\u00e9rica y algunas zonas de \u00c1frica. En otros casos, la <em><strong>urdimbre<\/strong><\/em> puede estar tensada horizontal o verticalmente entre <em>cuatro estacas<\/em>, lo que da el nombre al conocido telar de estacas, tambi\u00e9n usado en la actualidad en dichas zonas. Por lo general, estos tipos de <strong>telares,<\/strong> f\u00e1cilmente inestables y desmontables en cualquier momento dada su sencillez, son los utilizado en Am\u00e9rica para la confecci\u00f3n de piezas de peque\u00f1o tama\u00f1o, como <em>fajas, huipiles<\/em> (camisas con vistosos bordados), etc.<\/p>\n<p style=\"text-align: justify;\">Sin embargo, en Europa ha venido aplic\u00e1ndose durante los \u00faltimos siglos el llamado <strong>telar de pedal<\/strong>, que consiste en un bastidor con dos cilindros (<em>enjulios<\/em>) entre los que se tensan los hilos de la <strong>urdimbre<\/strong> que, a su vez, pasan alternativamente por los ojetes de los <strong>lizos<\/strong> (listones de madera). Estos lizos son accionados por pedales de madera, de tal modo que al pisar uno u otro sube el juego de lizos correspondiente, dejando un hueco entre los hilos de la urdimbre por el que pasar\u00e1 el hilo o hebra que hace de trama y que se encuentra colocado en la <strong>lanzadera<\/strong> (cajet\u00edn de madera).<\/p>\n<p style=\"text-align: justify;\">Tradicionalmente, las <strong>materias primas<\/strong> m\u00e1s utilizadas ha sido <strong>el lino, la lana, el\u00a0algod\u00f3n, el\u00a0c\u00e1\u00f1amo\u00a0y la seda.<\/strong><\/p>\n<p style=\"text-align: justify;\">En una panor\u00e1mica de las <strong>artesan\u00edas textiles<\/strong> hay que mencionar necesariamente, junto al arte de <strong>tejer<\/strong>, otras labores, quiz\u00e1 no debidamente valoradas en las actualidad, pero que alcanzaron en otro tiempo, por su belleza como elementos decorativos de los tejidos o como pieza de ornato de las edificaciones, las m\u00e1ximas cotas de prestigio en las sociedades de entonces.<\/p>\n<p style=\"text-align: justify;\">As\u00ed puede hablarse del <strong>bordado<\/strong>, que representa una de las artes suntuarias m\u00e1s antiguas de la Humanidad. El <strong>bordado<\/strong>, en efecto, ha adornado desde los tiempos m\u00e1s remotos, tanto los <em>trajes, mantos o indumentaria del guerrero y de las elites sacerdotales<\/em> como los <em>pendones, banderas y telas\u00a0her\u00e1ldicas\u00a0o un\u00a0sinf\u00edn\u00a0de tejidos de uso domestico (manteler\u00edas, ropa\u00a0de\u00a0cama, camisas, etc.\u00a0<\/em><\/p>\n<p style=\"text-align: justify;\">De igual modo, habr\u00eda que mencionar los trabajos de <strong>encajes<\/strong>, de origen muy remoto y que consisten, en esencia, en la <strong>\u00abcreaci\u00f3n de un tejido decorativo sin un soporte textil previo\u00bb,<\/strong> bien sea con el movimiento de la aguja en su ir y venir formando el dibujo, o con la t\u00e9cnica de los <strong>bolillos<\/strong>, en la que varios hilos se entretejen con el movimiento cruzado de aquellos.<em> Espa\u00f1a, Francia, Italia y Flandes<\/em> se disputan la paternidad de su invenci\u00f3n en la versi\u00f3n actual, a finales de la Baja Edad Media.<\/p>\n<p style=\"text-align: justify;\">El continuo proceso de mecanizaci\u00f3n y automatizaci\u00f3n de la <strong>industria textil<\/strong> en los \u00faltimos siglos ha provocado, como era previsible, la pr\u00e1ctica desaparici\u00f3n del <strong>oficio de tejedor<\/strong> de nuestra sociedades industriales. No obstante, las recientes experiencias que se est\u00e1n llevando a cabo, parad\u00f3jicamente en el medio urbano, tendentes a <strong>recuperar,<\/strong> tras arduas investigaciones, las t\u00e9cnicas, materiales y dise\u00f1os originales, asi como la pureza de los <strong>tintes naturales<\/strong>, son indicios alentadores para aventurar que en el futuro, quiz\u00e1s con m\u00e1s dificultades de las deseadas, el arte de tejer seguir\u00e1 ocupando un lugar tal vez valorizado en la sociedad postindustrial.<\/p>\n<p style=\"text-align: justify;\">Oficios elaborados en TEXTIL:<\/p>\n<ul>\n<li style=\"text-align: justify;\">Calceter\u00eda.<\/li>\n<li style=\"text-align: justify;\">Camiser\u00eda.<\/li>\n<li style=\"text-align: justify;\">Elaboraci\u00f3n de abanicos.<\/li>\n<li style=\"text-align: justify;\">Elaboraci\u00f3n de alfombras.<\/li>\n<li style=\"text-align: justify;\">Elaboraci\u00f3n de almazuela (patchwork).<\/li>\n<li style=\"text-align: justify;\">Elaboraci\u00f3n de bordados.<\/li>\n<li style=\"text-align: justify;\">Elaboraci\u00f3n de calados.<\/li>\n<li style=\"text-align: justify;\">Elaboraci\u00f3n de colchones.<\/li>\n<li style=\"text-align: justify;\">Elaboraci\u00f3n de encajes de bolillos.<a href=\"http:\/\/www.calidadartesana.es\/socios-artesanos\/\"><img loading=\"lazy\" decoding=\"async\" class=\"alignright wp-image-114 size-medium\" src=\"http:\/\/www.calidadartesana.es\/blog\/wp-content\/uploads\/Certificados-205x300.png\" alt=\"Certificados Calidad Artesana\" width=\"205\" height=\"300\" srcset=\"https:\/\/blog.calidadartesana.com\/wp-content\/uploads\/Certificados-205x300.png 205w, https:\/\/blog.calidadartesana.com\/wp-content\/uploads\/Certificados-300x439.png 300w, https:\/\/blog.calidadartesana.com\/wp-content\/uploads\/Certificados.png 374w\" sizes=\"auto, (max-width: 205px) 100vw, 205px\" \/><\/a><\/li>\n<li style=\"text-align: justify;\">Elaboraci\u00f3n de encajes de ganchillo.<\/li>\n<li style=\"text-align: justify;\">Elaboraci\u00f3n de flecos.<\/li>\n<li style=\"text-align: justify;\">Elaboraci\u00f3n de macram\u00e9.<\/li>\n<li style=\"text-align: justify;\">Elaboraci\u00f3n de nudos marineros.<\/li>\n<li style=\"text-align: justify;\">Elaboraci\u00f3n de redes.<\/li>\n<li style=\"text-align: justify;\">Elaboraci\u00f3n de sombreros.<\/li>\n<li style=\"text-align: justify;\">Elaboraci\u00f3n de tocados.<\/li>\n<li style=\"text-align: justify;\">Estampaci\u00f3n textil.<\/li>\n<li style=\"text-align: justify;\">Modister\u00eda.<\/li>\n<li style=\"text-align: justify;\">Pasamaner\u00eda.<\/li>\n<li style=\"text-align: justify;\">Pintura en seda.<\/li>\n<li style=\"text-align: justify;\">Sastrer\u00eda.<\/li>\n<li style=\"text-align: justify;\">Sastrer\u00eda de disfraces.<\/li>\n<li style=\"text-align: justify;\">Sastrer\u00eda trajes de torero.<\/li>\n<li style=\"text-align: justify;\">Sastrer\u00eda trajes regionales.<\/li>\n<li style=\"text-align: justify;\">Tapicer\u00eda.<\/li>\n<li style=\"text-align: justify;\">Tejido bajo lizo.<\/li>\n<li style=\"text-align: justify;\">Tejido en alto lizo.<\/li>\n<\/ul>\n","protected":false},"excerpt":{"rendered":"<p>Las referencias al arte de tejer son muy abundantes en la literatura universal, incluso en la m\u00e1s antigua, siendo bien [&hellip;]<\/p>\n","protected":false},"author":1,"featured_media":0,"parent":0,"menu_order":0,"comment_status":"closed","ping_status":"closed","template":"","meta":{"site-sidebar-layout":"default","site-content-layout":"","ast-site-content-layout":"default","site-content-style":"default","site-sidebar-style":"default","ast-global-header-display":"","ast-banner-title-visibility":"","ast-main-header-display":"","ast-hfb-above-header-display":"","ast-hfb-below-header-display":"","ast-hfb-mobile-header-display":"","site-post-title":"","ast-breadcrumbs-content":"","ast-featured-img":"","footer-sml-layout":"","theme-transparent-header-meta":"","adv-header-id-meta":"","stick-header-meta":"","header-above-stick-meta":"","header-main-stick-meta":"","header-below-stick-meta":"","astra-migrate-meta-layouts":"default","ast-page-background-enabled":"default","ast-page-background-meta":{"desktop":{"background-color":"var(--ast-global-color-4)","background-image":"","background-repeat":"repeat","background-position":"center center","background-size":"auto","background-attachment":"scroll","background-type":"","background-media":"","overlay-type":"","overlay-color":"","overlay-opacity":"","overlay-gradient":""},"tablet":{"background-color":"","background-image":"","background-repeat":"repeat","background-position":"center center","background-size":"auto","background-attachment":"scroll","background-type":"","background-media":"","overlay-type":"","overlay-color":"","overlay-opacity":"","overlay-gradient":""},"mobile":{"background-color":"","background-image":"","background-repeat":"repeat","background-position":"center center","background-size":"auto","background-attachment":"scroll","background-type":"","background-media":"","overlay-type":"","overlay-color":"","overlay-opacity":"","overlay-gradient":""}},"ast-content-background-meta":{"desktop":{"background-color":"var(--ast-global-color-5)","background-image":"","background-repeat":"repeat","background-position":"center center","background-size":"auto","background-attachment":"scroll","background-type":"","background-media":"","overlay-type":"","overlay-color":"","overlay-opacity":"","overlay-gradient":""},"tablet":{"background-color":"var(--ast-global-color-5)","background-image":"","background-repeat":"repeat","background-position":"center center","background-size":"auto","background-attachment":"scroll","background-type":"","background-media":"","overlay-type":"","overlay-color":"","overlay-opacity":"","overlay-gradient":""},"mobile":{"background-color":"var(--ast-global-color-5)","background-image":"","background-repeat":"repeat","background-position":"center center","background-size":"auto","background-attachment":"scroll","background-type":"","background-media":"","overlay-type":"","overlay-color":"","overlay-opacity":"","overlay-gradient":""}},"footnotes":""},"class_list":["post-27","page","type-page","status-publish","hentry"],"yoast_head":"<!-- This site is optimized with the Yoast SEO plugin v27.6 - https:\/\/yoast.com\/product\/yoast-seo-wordpress\/ -->\n<title>Textil -<\/title>\n<meta name=\"robots\" content=\"index, follow, max-snippet:-1, max-image-preview:large, max-video-preview:-1\" \/>\n<link rel=\"canonical\" href=\"https:\/\/blog.calidadartesana.com\/index.php\/textil\/\" \/>\n<meta property=\"og:locale\" content=\"es_ES\" \/>\n<meta property=\"og:type\" content=\"article\" \/>\n<meta property=\"og:title\" content=\"Textil -\" \/>\n<meta property=\"og:description\" content=\"Las referencias al arte de tejer son muy abundantes en la literatura universal, incluso en la m\u00e1s antigua, siendo bien [&hellip;]\" \/>\n<meta property=\"og:url\" content=\"https:\/\/blog.calidadartesana.com\/index.php\/textil\/\" \/>\n<meta property=\"article:publisher\" content=\"https:\/\/www.facebook.com\/CalidadArtesana\" \/>\n<meta property=\"article:modified_time\" content=\"2015-12-26T16:46:13+00:00\" \/>\n<meta property=\"og:image\" content=\"https:\/\/blog.calidadartesana.com\/wp-content\/uploads\/Textil.jpg\" \/>\n\t<meta property=\"og:image:width\" content=\"815\" \/>\n\t<meta property=\"og:image:height\" content=\"315\" \/>\n\t<meta property=\"og:image:type\" content=\"image\/jpeg\" \/>\n<meta name=\"twitter:card\" content=\"summary_large_image\" \/>\n<meta name=\"twitter:site\" content=\"@CalidadArtesana\" \/>\n<meta name=\"twitter:label1\" content=\"Tiempo de lectura\" \/>\n\t<meta name=\"twitter:data1\" content=\"4 minutos\" \/>\n<script type=\"application\/ld+json\" class=\"yoast-schema-graph\">{\"@context\":\"https:\\\/\\\/schema.org\",\"@graph\":[{\"@type\":\"WebPage\",\"@id\":\"https:\\\/\\\/blog.calidadartesana.com\\\/index.php\\\/textil\\\/\",\"url\":\"https:\\\/\\\/blog.calidadartesana.com\\\/index.php\\\/textil\\\/\",\"name\":\"Textil -\",\"isPartOf\":{\"@id\":\"https:\\\/\\\/blog.calidadartesana.com\\\/#website\"},\"primaryImageOfPage\":{\"@id\":\"https:\\\/\\\/blog.calidadartesana.com\\\/index.php\\\/textil\\\/#primaryimage\"},\"image\":{\"@id\":\"https:\\\/\\\/blog.calidadartesana.com\\\/index.php\\\/textil\\\/#primaryimage\"},\"thumbnailUrl\":\"http:\\\/\\\/www.calidadartesana.es\\\/blog\\\/wp-content\\\/uploads\\\/Textil.jpg\",\"datePublished\":\"2015-10-12T14:48:34+00:00\",\"dateModified\":\"2015-12-26T16:46:13+00:00\",\"breadcrumb\":{\"@id\":\"https:\\\/\\\/blog.calidadartesana.com\\\/index.php\\\/textil\\\/#breadcrumb\"},\"inLanguage\":\"es\",\"potentialAction\":[{\"@type\":\"ReadAction\",\"target\":[\"https:\\\/\\\/blog.calidadartesana.com\\\/index.php\\\/textil\\\/\"]}]},{\"@type\":\"ImageObject\",\"inLanguage\":\"es\",\"@id\":\"https:\\\/\\\/blog.calidadartesana.com\\\/index.php\\\/textil\\\/#primaryimage\",\"url\":\"http:\\\/\\\/www.calidadartesana.es\\\/blog\\\/wp-content\\\/uploads\\\/Textil.jpg\",\"contentUrl\":\"http:\\\/\\\/www.calidadartesana.es\\\/blog\\\/wp-content\\\/uploads\\\/Textil.jpg\"},{\"@type\":\"BreadcrumbList\",\"@id\":\"https:\\\/\\\/blog.calidadartesana.com\\\/index.php\\\/textil\\\/#breadcrumb\",\"itemListElement\":[{\"@type\":\"ListItem\",\"position\":1,\"name\":\"Portada\",\"item\":\"https:\\\/\\\/blog.calidadartesana.com\\\/\"},{\"@type\":\"ListItem\",\"position\":2,\"name\":\"Textil\"}]},{\"@type\":\"WebSite\",\"@id\":\"https:\\\/\\\/blog.calidadartesana.com\\\/#website\",\"url\":\"https:\\\/\\\/blog.calidadartesana.com\\\/\",\"name\":\"Calidad Artesana\",\"description\":\"Blog Calidad Artesana\",\"publisher\":{\"@id\":\"https:\\\/\\\/blog.calidadartesana.com\\\/#organization\"},\"potentialAction\":[{\"@type\":\"SearchAction\",\"target\":{\"@type\":\"EntryPoint\",\"urlTemplate\":\"https:\\\/\\\/blog.calidadartesana.com\\\/?s={search_term_string}\"},\"query-input\":{\"@type\":\"PropertyValueSpecification\",\"valueRequired\":true,\"valueName\":\"search_term_string\"}}],\"inLanguage\":\"es\"},{\"@type\":\"Organization\",\"@id\":\"https:\\\/\\\/blog.calidadartesana.com\\\/#organization\",\"name\":\"Calidad Artesana\",\"url\":\"https:\\\/\\\/blog.calidadartesana.com\\\/\",\"logo\":{\"@type\":\"ImageObject\",\"inLanguage\":\"es\",\"@id\":\"https:\\\/\\\/blog.calidadartesana.com\\\/#\\\/schema\\\/logo\\\/image\\\/\",\"url\":\"https:\\\/\\\/blog.calidadartesana.com\\\/wp-content\\\/uploads\\\/cropped-calidadArtesana.png\",\"contentUrl\":\"https:\\\/\\\/blog.calidadartesana.com\\\/wp-content\\\/uploads\\\/cropped-calidadArtesana.png\",\"width\":690,\"height\":230,\"caption\":\"Calidad Artesana\"},\"image\":{\"@id\":\"https:\\\/\\\/blog.calidadartesana.com\\\/#\\\/schema\\\/logo\\\/image\\\/\"},\"sameAs\":[\"https:\\\/\\\/www.facebook.com\\\/CalidadArtesana\",\"https:\\\/\\\/x.com\\\/CalidadArtesana\",\"https:\\\/\\\/www.instagram.com\\\/calidad_artesana\\\/\",\"https:\\\/\\\/es.pinterest.com\\\/CertificadoCalidadArtesana\\\/\"]}]}<\/script>\n<!-- \/ Yoast SEO plugin. -->","yoast_head_json":{"title":"Textil -","robots":{"index":"index","follow":"follow","max-snippet":"max-snippet:-1","max-image-preview":"max-image-preview:large","max-video-preview":"max-video-preview:-1"},"canonical":"https:\/\/blog.calidadartesana.com\/index.php\/textil\/","og_locale":"es_ES","og_type":"article","og_title":"Textil -","og_description":"Las referencias al arte de tejer son muy abundantes en la literatura universal, incluso en la m\u00e1s antigua, siendo bien [&hellip;]","og_url":"https:\/\/blog.calidadartesana.com\/index.php\/textil\/","article_publisher":"https:\/\/www.facebook.com\/CalidadArtesana","article_modified_time":"2015-12-26T16:46:13+00:00","og_image":[{"width":815,"height":315,"url":"https:\/\/blog.calidadartesana.com\/wp-content\/uploads\/Textil.jpg","type":"image\/jpeg"}],"twitter_card":"summary_large_image","twitter_site":"@CalidadArtesana","twitter_misc":{"Tiempo de lectura":"4 minutos"},"schema":{"@context":"https:\/\/schema.org","@graph":[{"@type":"WebPage","@id":"https:\/\/blog.calidadartesana.com\/index.php\/textil\/","url":"https:\/\/blog.calidadartesana.com\/index.php\/textil\/","name":"Textil -","isPartOf":{"@id":"https:\/\/blog.calidadartesana.com\/#website"},"primaryImageOfPage":{"@id":"https:\/\/blog.calidadartesana.com\/index.php\/textil\/#primaryimage"},"image":{"@id":"https:\/\/blog.calidadartesana.com\/index.php\/textil\/#primaryimage"},"thumbnailUrl":"http:\/\/www.calidadartesana.es\/blog\/wp-content\/uploads\/Textil.jpg","datePublished":"2015-10-12T14:48:34+00:00","dateModified":"2015-12-26T16:46:13+00:00","breadcrumb":{"@id":"https:\/\/blog.calidadartesana.com\/index.php\/textil\/#breadcrumb"},"inLanguage":"es","potentialAction":[{"@type":"ReadAction","target":["https:\/\/blog.calidadartesana.com\/index.php\/textil\/"]}]},{"@type":"ImageObject","inLanguage":"es","@id":"https:\/\/blog.calidadartesana.com\/index.php\/textil\/#primaryimage","url":"http:\/\/www.calidadartesana.es\/blog\/wp-content\/uploads\/Textil.jpg","contentUrl":"http:\/\/www.calidadartesana.es\/blog\/wp-content\/uploads\/Textil.jpg"},{"@type":"BreadcrumbList","@id":"https:\/\/blog.calidadartesana.com\/index.php\/textil\/#breadcrumb","itemListElement":[{"@type":"ListItem","position":1,"name":"Portada","item":"https:\/\/blog.calidadartesana.com\/"},{"@type":"ListItem","position":2,"name":"Textil"}]},{"@type":"WebSite","@id":"https:\/\/blog.calidadartesana.com\/#website","url":"https:\/\/blog.calidadartesana.com\/","name":"Calidad Artesana","description":"Blog Calidad Artesana","publisher":{"@id":"https:\/\/blog.calidadartesana.com\/#organization"},"potentialAction":[{"@type":"SearchAction","target":{"@type":"EntryPoint","urlTemplate":"https:\/\/blog.calidadartesana.com\/?s={search_term_string}"},"query-input":{"@type":"PropertyValueSpecification","valueRequired":true,"valueName":"search_term_string"}}],"inLanguage":"es"},{"@type":"Organization","@id":"https:\/\/blog.calidadartesana.com\/#organization","name":"Calidad Artesana","url":"https:\/\/blog.calidadartesana.com\/","logo":{"@type":"ImageObject","inLanguage":"es","@id":"https:\/\/blog.calidadartesana.com\/#\/schema\/logo\/image\/","url":"https:\/\/blog.calidadartesana.com\/wp-content\/uploads\/cropped-calidadArtesana.png","contentUrl":"https:\/\/blog.calidadartesana.com\/wp-content\/uploads\/cropped-calidadArtesana.png","width":690,"height":230,"caption":"Calidad Artesana"},"image":{"@id":"https:\/\/blog.calidadartesana.com\/#\/schema\/logo\/image\/"},"sameAs":["https:\/\/www.facebook.com\/CalidadArtesana","https:\/\/x.com\/CalidadArtesana","https:\/\/www.instagram.com\/calidad_artesana\/","https:\/\/es.pinterest.com\/CertificadoCalidadArtesana\/"]}]}},"_links":{"self":[{"href":"https:\/\/blog.calidadartesana.com\/index.php\/wp-json\/wp\/v2\/pages\/27","targetHints":{"allow":["GET"]}}],"collection":[{"href":"https:\/\/blog.calidadartesana.com\/index.php\/wp-json\/wp\/v2\/pages"}],"about":[{"href":"https:\/\/blog.calidadartesana.com\/index.php\/wp-json\/wp\/v2\/types\/page"}],"author":[{"embeddable":true,"href":"https:\/\/blog.calidadartesana.com\/index.php\/wp-json\/wp\/v2\/users\/1"}],"replies":[{"embeddable":true,"href":"https:\/\/blog.calidadartesana.com\/index.php\/wp-json\/wp\/v2\/comments?post=27"}],"version-history":[{"count":10,"href":"https:\/\/blog.calidadartesana.com\/index.php\/wp-json\/wp\/v2\/pages\/27\/revisions"}],"predecessor-version":[{"id":159,"href":"https:\/\/blog.calidadartesana.com\/index.php\/wp-json\/wp\/v2\/pages\/27\/revisions\/159"}],"wp:attachment":[{"href":"https:\/\/blog.calidadartesana.com\/index.php\/wp-json\/wp\/v2\/media?parent=27"}],"curies":[{"name":"wp","href":"https:\/\/api.w.org\/{rel}","templated":true}]}}