{"id":276,"date":"2016-02-17T19:59:27","date_gmt":"2016-02-17T19:59:27","guid":{"rendered":"http:\/\/www.calidadartesana.es\/blog\/?page_id=276"},"modified":"2016-07-25T15:38:03","modified_gmt":"2016-07-25T15:38:03","slug":"elaboracion-de-capirotes-de-semana-santa","status":"publish","type":"page","link":"https:\/\/blog.calidadartesana.com\/index.php\/fibras-vegetales-papel-y-carton\/elaboracion-de-capirotes-de-semana-santa\/","title":{"rendered":"Elaboraci\u00f3n de Capirotes de Semana Santa"},"content":{"rendered":"<figure id=\"attachment_277\" aria-describedby=\"caption-attachment-277\" style=\"width: 2592px\" class=\"wp-caption aligncenter\"><a href=\"http:\/\/www.calidadartesana.es\/blog\/wp-content\/uploads\/Elaboracion-de-Capirotes-de-Semana-Santa.jpg\"><img loading=\"lazy\" decoding=\"async\" class=\"size-full wp-image-277\" src=\"http:\/\/www.calidadartesana.es\/blog\/wp-content\/uploads\/Elaboracion-de-Capirotes-de-Semana-Santa.jpg\" alt=\"Elaboracion de Capirotes de Semana Santa\" width=\"2592\" height=\"1944\" srcset=\"https:\/\/blog.calidadartesana.com\/wp-content\/uploads\/Elaboracion-de-Capirotes-de-Semana-Santa.jpg 2592w, https:\/\/blog.calidadartesana.com\/wp-content\/uploads\/Elaboracion-de-Capirotes-de-Semana-Santa-300x225.jpg 300w, https:\/\/blog.calidadartesana.com\/wp-content\/uploads\/Elaboracion-de-Capirotes-de-Semana-Santa-1024x768.jpg 1024w\" sizes=\"auto, (max-width: 2592px) 100vw, 2592px\" \/><\/a><figcaption id=\"caption-attachment-277\" class=\"wp-caption-text\">Elaboraci\u00f3n de Capirotes de Semana Santa<\/figcaption><\/figure>\n<p style=\"text-align: justify;\">El <strong>elaborador\/a de capirotes<\/strong> es la persona que hace dise\u00f1o y elaboraci\u00f3n de capirotes de Semana Santa.<\/p>\n<p style=\"text-align: justify;\"><span style=\"color: #800000;\"><strong><em>Los productos que crea son:\u00a0<\/em><\/strong><\/span>Capirotes.<\/p>\n<p style=\"text-align: justify;\"><strong><span style=\"color: #800000;\"><em>Emplea las siguiente materias primas:<\/em><\/span><\/strong>\u00a0Cart\u00f3n, hilo, papel. Menos habitual rejilla, material plastificado.<\/p>\n<p style=\"text-align: justify;\"><strong><span style=\"color: #800000;\"><em>Herramientas de trabajo:\u00a0<\/em><\/span><\/strong>Aguja, tijera, metro, l\u00e1piz. En ocasiones tambi\u00e9n se utiliza un comp\u00e1s.<\/p>\n","protected":false},"excerpt":{"rendered":"<p>El elaborador\/a de capirotes es la persona que hace dise\u00f1o y elaboraci\u00f3n de capirotes de Semana Santa. Los productos que [&hellip;]<\/p>\n","protected":false},"author":1,"featured_media":0,"parent":13,"menu_order":0,"comment_status":"closed","ping_status":"closed","template":"","meta":{"site-sidebar-layout":"default","site-content-layout":"","ast-site-content-layout":"default","site-content-style":"default","site-sidebar-style":"default","ast-global-header-display":"","ast-banner-title-visibility":"","ast-main-header-display":"","ast-hfb-above-header-display":"","ast-hfb-below-header-display":"","ast-hfb-mobile-header-display":"","site-post-title":"","ast-breadcrumbs-content":"","ast-featured-img":"","footer-sml-layout":"","theme-transparent-header-meta":"","adv-header-id-meta":"","stick-header-meta":"","header-above-stick-meta":"","header-main-stick-meta":"","header-below-stick-meta":"","astra-migrate-meta-layouts":"default","ast-page-background-enabled":"default","ast-page-background-meta":{"desktop":{"background-color":"var(--ast-global-color-4)","background-image":"","background-repeat":"repeat","background-position":"center center","background-size":"auto","background-attachment":"scroll","background-type":"","background-media":"","overlay-type":"","overlay-color":"","overlay-opacity":"","overlay-gradient":""},"tablet":{"background-color":"","background-image":"","background-repeat":"repeat","background-position":"center center","background-size":"auto","background-attachment":"scroll","background-type":"","background-media":"","overlay-type":"","overlay-color":"","overlay-opacity":"","overlay-gradient":""},"mobile":{"background-color":"","background-image":"","background-repeat":"repeat","background-position":"center center","background-size":"auto","background-attachment":"scroll","background-type":"","background-media":"","overlay-type":"","overlay-color":"","overlay-opacity":"","overlay-gradient":""}},"ast-content-background-meta":{"desktop":{"background-color":"var(--ast-global-color-5)","background-image":"","background-repeat":"repeat","background-position":"center center","background-size":"auto","background-attachment":"scroll","background-type":"","background-media":"","overlay-type":"","overlay-color":"","overlay-opacity":"","overlay-gradient":""},"tablet":{"background-color":"var(--ast-global-color-5)","background-image":"","background-repeat":"repeat","background-position":"center center","background-size":"auto","background-attachment":"scroll","background-type":"","background-media":"","overlay-type":"","overlay-color":"","overlay-opacity":"","overlay-gradient":""},"mobile":{"background-color":"var(--ast-global-color-5)","background-image":"","background-repeat":"repeat","background-position":"center center","background-size":"auto","background-attachment":"scroll","background-type":"","background-media":"","overlay-type":"","overlay-color":"","overlay-opacity":"","overlay-gradient":""}},"footnotes":""},"class_list":["post-276","page","type-page","status-publish","hentry"],"yoast_head":"<!-- This site is optimized with the Yoast SEO plugin v27.6 - https:\/\/yoast.com\/product\/yoast-seo-wordpress\/ -->\n<title>Elaboraci\u00f3n de Capirotes de Semana Santa -<\/title>\n<meta name=\"robots\" content=\"index, follow, max-snippet:-1, max-image-preview:large, max-video-preview:-1\" \/>\n<link rel=\"canonical\" href=\"https:\/\/blog.calidadartesana.com\/index.php\/fibras-vegetales-papel-y-carton\/elaboracion-de-capirotes-de-semana-santa\/\" \/>\n<meta property=\"og:locale\" content=\"es_ES\" \/>\n<meta property=\"og:type\" content=\"article\" \/>\n<meta property=\"og:title\" content=\"Elaboraci\u00f3n de Capirotes de Semana Santa -\" \/>\n<meta property=\"og:description\" content=\"El elaborador\/a de capirotes es la persona que hace dise\u00f1o y elaboraci\u00f3n de capirotes de Semana Santa. Los productos que [&hellip;]\" \/>\n<meta property=\"og:url\" content=\"https:\/\/blog.calidadartesana.com\/index.php\/fibras-vegetales-papel-y-carton\/elaboracion-de-capirotes-de-semana-santa\/\" \/>\n<meta property=\"article:publisher\" content=\"https:\/\/www.facebook.com\/CalidadArtesana\" \/>\n<meta property=\"article:modified_time\" content=\"2016-07-25T15:38:03+00:00\" \/>\n<meta property=\"og:image\" content=\"https:\/\/blog.calidadartesana.com\/wp-content\/uploads\/Elaboracion-de-Capirotes-de-Semana-Santa-1024x768.jpg\" \/>\n\t<meta property=\"og:image:width\" content=\"1024\" \/>\n\t<meta property=\"og:image:height\" content=\"768\" \/>\n\t<meta property=\"og:image:type\" content=\"image\/jpeg\" \/>\n<meta name=\"twitter:card\" content=\"summary_large_image\" \/>\n<meta name=\"twitter:site\" content=\"@CalidadArtesana\" \/>\n<script type=\"application\/ld+json\" class=\"yoast-schema-graph\">{\"@context\":\"https:\\\/\\\/schema.org\",\"@graph\":[{\"@type\":\"WebPage\",\"@id\":\"https:\\\/\\\/blog.calidadartesana.com\\\/index.php\\\/fibras-vegetales-papel-y-carton\\\/elaboracion-de-capirotes-de-semana-santa\\\/\",\"url\":\"https:\\\/\\\/blog.calidadartesana.com\\\/index.php\\\/fibras-vegetales-papel-y-carton\\\/elaboracion-de-capirotes-de-semana-santa\\\/\",\"name\":\"Elaboraci\u00f3n de Capirotes de Semana Santa -\",\"isPartOf\":{\"@id\":\"https:\\\/\\\/blog.calidadartesana.com\\\/#website\"},\"primaryImageOfPage\":{\"@id\":\"https:\\\/\\\/blog.calidadartesana.com\\\/index.php\\\/fibras-vegetales-papel-y-carton\\\/elaboracion-de-capirotes-de-semana-santa\\\/#primaryimage\"},\"image\":{\"@id\":\"https:\\\/\\\/blog.calidadartesana.com\\\/index.php\\\/fibras-vegetales-papel-y-carton\\\/elaboracion-de-capirotes-de-semana-santa\\\/#primaryimage\"},\"thumbnailUrl\":\"http:\\\/\\\/www.calidadartesana.es\\\/blog\\\/wp-content\\\/uploads\\\/Elaboracion-de-Capirotes-de-Semana-Santa.jpg\",\"datePublished\":\"2016-02-17T19:59:27+00:00\",\"dateModified\":\"2016-07-25T15:38:03+00:00\",\"breadcrumb\":{\"@id\":\"https:\\\/\\\/blog.calidadartesana.com\\\/index.php\\\/fibras-vegetales-papel-y-carton\\\/elaboracion-de-capirotes-de-semana-santa\\\/#breadcrumb\"},\"inLanguage\":\"es\",\"potentialAction\":[{\"@type\":\"ReadAction\",\"target\":[\"https:\\\/\\\/blog.calidadartesana.com\\\/index.php\\\/fibras-vegetales-papel-y-carton\\\/elaboracion-de-capirotes-de-semana-santa\\\/\"]}]},{\"@type\":\"ImageObject\",\"inLanguage\":\"es\",\"@id\":\"https:\\\/\\\/blog.calidadartesana.com\\\/index.php\\\/fibras-vegetales-papel-y-carton\\\/elaboracion-de-capirotes-de-semana-santa\\\/#primaryimage\",\"url\":\"http:\\\/\\\/www.calidadartesana.es\\\/blog\\\/wp-content\\\/uploads\\\/Elaboracion-de-Capirotes-de-Semana-Santa.jpg\",\"contentUrl\":\"http:\\\/\\\/www.calidadartesana.es\\\/blog\\\/wp-content\\\/uploads\\\/Elaboracion-de-Capirotes-de-Semana-Santa.jpg\"},{\"@type\":\"BreadcrumbList\",\"@id\":\"https:\\\/\\\/blog.calidadartesana.com\\\/index.php\\\/fibras-vegetales-papel-y-carton\\\/elaboracion-de-capirotes-de-semana-santa\\\/#breadcrumb\",\"itemListElement\":[{\"@type\":\"ListItem\",\"position\":1,\"name\":\"Portada\",\"item\":\"https:\\\/\\\/blog.calidadartesana.com\\\/\"},{\"@type\":\"ListItem\",\"position\":2,\"name\":\"Fibras Vegetales, Papel y Cart\u00f3n\",\"item\":\"https:\\\/\\\/blog.calidadartesana.com\\\/index.php\\\/fibras-vegetales-papel-y-carton\\\/\"},{\"@type\":\"ListItem\",\"position\":3,\"name\":\"Elaboraci\u00f3n de Capirotes de Semana Santa\"}]},{\"@type\":\"WebSite\",\"@id\":\"https:\\\/\\\/blog.calidadartesana.com\\\/#website\",\"url\":\"https:\\\/\\\/blog.calidadartesana.com\\\/\",\"name\":\"Calidad Artesana\",\"description\":\"Blog Calidad Artesana\",\"publisher\":{\"@id\":\"https:\\\/\\\/blog.calidadartesana.com\\\/#organization\"},\"potentialAction\":[{\"@type\":\"SearchAction\",\"target\":{\"@type\":\"EntryPoint\",\"urlTemplate\":\"https:\\\/\\\/blog.calidadartesana.com\\\/?s={search_term_string}\"},\"query-input\":{\"@type\":\"PropertyValueSpecification\",\"valueRequired\":true,\"valueName\":\"search_term_string\"}}],\"inLanguage\":\"es\"},{\"@type\":\"Organization\",\"@id\":\"https:\\\/\\\/blog.calidadartesana.com\\\/#organization\",\"name\":\"Calidad Artesana\",\"url\":\"https:\\\/\\\/blog.calidadartesana.com\\\/\",\"logo\":{\"@type\":\"ImageObject\",\"inLanguage\":\"es\",\"@id\":\"https:\\\/\\\/blog.calidadartesana.com\\\/#\\\/schema\\\/logo\\\/image\\\/\",\"url\":\"https:\\\/\\\/blog.calidadartesana.com\\\/wp-content\\\/uploads\\\/cropped-calidadArtesana.png\",\"contentUrl\":\"https:\\\/\\\/blog.calidadartesana.com\\\/wp-content\\\/uploads\\\/cropped-calidadArtesana.png\",\"width\":690,\"height\":230,\"caption\":\"Calidad Artesana\"},\"image\":{\"@id\":\"https:\\\/\\\/blog.calidadartesana.com\\\/#\\\/schema\\\/logo\\\/image\\\/\"},\"sameAs\":[\"https:\\\/\\\/www.facebook.com\\\/CalidadArtesana\",\"https:\\\/\\\/x.com\\\/CalidadArtesana\",\"https:\\\/\\\/www.instagram.com\\\/calidad_artesana\\\/\",\"https:\\\/\\\/es.pinterest.com\\\/CertificadoCalidadArtesana\\\/\"]}]}<\/script>\n<!-- \/ Yoast SEO plugin. -->","yoast_head_json":{"title":"Elaboraci\u00f3n de Capirotes de Semana Santa -","robots":{"index":"index","follow":"follow","max-snippet":"max-snippet:-1","max-image-preview":"max-image-preview:large","max-video-preview":"max-video-preview:-1"},"canonical":"https:\/\/blog.calidadartesana.com\/index.php\/fibras-vegetales-papel-y-carton\/elaboracion-de-capirotes-de-semana-santa\/","og_locale":"es_ES","og_type":"article","og_title":"Elaboraci\u00f3n de Capirotes de Semana Santa -","og_description":"El elaborador\/a de capirotes es la persona que hace dise\u00f1o y elaboraci\u00f3n de capirotes de Semana Santa. Los productos que [&hellip;]","og_url":"https:\/\/blog.calidadartesana.com\/index.php\/fibras-vegetales-papel-y-carton\/elaboracion-de-capirotes-de-semana-santa\/","article_publisher":"https:\/\/www.facebook.com\/CalidadArtesana","article_modified_time":"2016-07-25T15:38:03+00:00","og_image":[{"width":1024,"height":768,"url":"https:\/\/blog.calidadartesana.com\/wp-content\/uploads\/Elaboracion-de-Capirotes-de-Semana-Santa-1024x768.jpg","type":"image\/jpeg"}],"twitter_card":"summary_large_image","twitter_site":"@CalidadArtesana","schema":{"@context":"https:\/\/schema.org","@graph":[{"@type":"WebPage","@id":"https:\/\/blog.calidadartesana.com\/index.php\/fibras-vegetales-papel-y-carton\/elaboracion-de-capirotes-de-semana-santa\/","url":"https:\/\/blog.calidadartesana.com\/index.php\/fibras-vegetales-papel-y-carton\/elaboracion-de-capirotes-de-semana-santa\/","name":"Elaboraci\u00f3n de Capirotes de Semana Santa -","isPartOf":{"@id":"https:\/\/blog.calidadartesana.com\/#website"},"primaryImageOfPage":{"@id":"https:\/\/blog.calidadartesana.com\/index.php\/fibras-vegetales-papel-y-carton\/elaboracion-de-capirotes-de-semana-santa\/#primaryimage"},"image":{"@id":"https:\/\/blog.calidadartesana.com\/index.php\/fibras-vegetales-papel-y-carton\/elaboracion-de-capirotes-de-semana-santa\/#primaryimage"},"thumbnailUrl":"http:\/\/www.calidadartesana.es\/blog\/wp-content\/uploads\/Elaboracion-de-Capirotes-de-Semana-Santa.jpg","datePublished":"2016-02-17T19:59:27+00:00","dateModified":"2016-07-25T15:38:03+00:00","breadcrumb":{"@id":"https:\/\/blog.calidadartesana.com\/index.php\/fibras-vegetales-papel-y-carton\/elaboracion-de-capirotes-de-semana-santa\/#breadcrumb"},"inLanguage":"es","potentialAction":[{"@type":"ReadAction","target":["https:\/\/blog.calidadartesana.com\/index.php\/fibras-vegetales-papel-y-carton\/elaboracion-de-capirotes-de-semana-santa\/"]}]},{"@type":"ImageObject","inLanguage":"es","@id":"https:\/\/blog.calidadartesana.com\/index.php\/fibras-vegetales-papel-y-carton\/elaboracion-de-capirotes-de-semana-santa\/#primaryimage","url":"http:\/\/www.calidadartesana.es\/blog\/wp-content\/uploads\/Elaboracion-de-Capirotes-de-Semana-Santa.jpg","contentUrl":"http:\/\/www.calidadartesana.es\/blog\/wp-content\/uploads\/Elaboracion-de-Capirotes-de-Semana-Santa.jpg"},{"@type":"BreadcrumbList","@id":"https:\/\/blog.calidadartesana.com\/index.php\/fibras-vegetales-papel-y-carton\/elaboracion-de-capirotes-de-semana-santa\/#breadcrumb","itemListElement":[{"@type":"ListItem","position":1,"name":"Portada","item":"https:\/\/blog.calidadartesana.com\/"},{"@type":"ListItem","position":2,"name":"Fibras Vegetales, Papel y Cart\u00f3n","item":"https:\/\/blog.calidadartesana.com\/index.php\/fibras-vegetales-papel-y-carton\/"},{"@type":"ListItem","position":3,"name":"Elaboraci\u00f3n de Capirotes de Semana Santa"}]},{"@type":"WebSite","@id":"https:\/\/blog.calidadartesana.com\/#website","url":"https:\/\/blog.calidadartesana.com\/","name":"Calidad Artesana","description":"Blog Calidad Artesana","publisher":{"@id":"https:\/\/blog.calidadartesana.com\/#organization"},"potentialAction":[{"@type":"SearchAction","target":{"@type":"EntryPoint","urlTemplate":"https:\/\/blog.calidadartesana.com\/?s={search_term_string}"},"query-input":{"@type":"PropertyValueSpecification","valueRequired":true,"valueName":"search_term_string"}}],"inLanguage":"es"},{"@type":"Organization","@id":"https:\/\/blog.calidadartesana.com\/#organization","name":"Calidad Artesana","url":"https:\/\/blog.calidadartesana.com\/","logo":{"@type":"ImageObject","inLanguage":"es","@id":"https:\/\/blog.calidadartesana.com\/#\/schema\/logo\/image\/","url":"https:\/\/blog.calidadartesana.com\/wp-content\/uploads\/cropped-calidadArtesana.png","contentUrl":"https:\/\/blog.calidadartesana.com\/wp-content\/uploads\/cropped-calidadArtesana.png","width":690,"height":230,"caption":"Calidad Artesana"},"image":{"@id":"https:\/\/blog.calidadartesana.com\/#\/schema\/logo\/image\/"},"sameAs":["https:\/\/www.facebook.com\/CalidadArtesana","https:\/\/x.com\/CalidadArtesana","https:\/\/www.instagram.com\/calidad_artesana\/","https:\/\/es.pinterest.com\/CertificadoCalidadArtesana\/"]}]}},"_links":{"self":[{"href":"https:\/\/blog.calidadartesana.com\/index.php\/wp-json\/wp\/v2\/pages\/276","targetHints":{"allow":["GET"]}}],"collection":[{"href":"https:\/\/blog.calidadartesana.com\/index.php\/wp-json\/wp\/v2\/pages"}],"about":[{"href":"https:\/\/blog.calidadartesana.com\/index.php\/wp-json\/wp\/v2\/types\/page"}],"author":[{"embeddable":true,"href":"https:\/\/blog.calidadartesana.com\/index.php\/wp-json\/wp\/v2\/users\/1"}],"replies":[{"embeddable":true,"href":"https:\/\/blog.calidadartesana.com\/index.php\/wp-json\/wp\/v2\/comments?post=276"}],"version-history":[{"count":3,"href":"https:\/\/blog.calidadartesana.com\/index.php\/wp-json\/wp\/v2\/pages\/276\/revisions"}],"predecessor-version":[{"id":477,"href":"https:\/\/blog.calidadartesana.com\/index.php\/wp-json\/wp\/v2\/pages\/276\/revisions\/477"}],"up":[{"embeddable":true,"href":"https:\/\/blog.calidadartesana.com\/index.php\/wp-json\/wp\/v2\/pages\/13"}],"wp:attachment":[{"href":"https:\/\/blog.calidadartesana.com\/index.php\/wp-json\/wp\/v2\/media?parent=276"}],"curies":[{"name":"wp","href":"https:\/\/api.w.org\/{rel}","templated":true}]}}