{"id":29,"date":"2015-10-12T14:50:37","date_gmt":"2015-10-12T14:50:37","guid":{"rendered":"http:\/\/www.calidadartesana.es\/blog\/?page_id=29"},"modified":"2015-12-26T16:58:52","modified_gmt":"2015-12-26T16:58:52","slug":"otros-artesanias","status":"publish","type":"page","link":"https:\/\/blog.calidadartesana.com\/index.php\/otros-artesanias\/","title":{"rendered":"Otras artesan\u00edas"},"content":{"rendered":"<figure id=\"attachment_164\" aria-describedby=\"caption-attachment-164\" style=\"width: 815px\" class=\"wp-caption alignnone\"><a href=\"http:\/\/www.calidadartesana.es\/contacto\/\"><img loading=\"lazy\" decoding=\"async\" class=\"wp-image-164 size-full\" src=\"http:\/\/www.calidadartesana.es\/blog\/wp-content\/uploads\/Otras-artesanias1.jpg\" alt=\"Otras artesan\u00edas\" width=\"815\" height=\"315\" srcset=\"https:\/\/blog.calidadartesana.com\/wp-content\/uploads\/Otras-artesanias1.jpg 815w, https:\/\/blog.calidadartesana.com\/wp-content\/uploads\/Otras-artesanias1-300x116.jpg 300w\" sizes=\"auto, (max-width: 815px) 100vw, 815px\" \/><\/a><figcaption id=\"caption-attachment-164\" class=\"wp-caption-text\">Otras artesan\u00edas<\/figcaption><\/figure>\n<p style=\"text-align: justify;\">En la panor\u00e1mica de las <strong>artesan\u00edas<\/strong> m\u00e1s relevantes que se ha presentado en las diferentes entradas anteriores de este blog, dif\u00edcilmente pod\u00edan encuadrarse otras manifestaciones <strong>artesanales<\/strong>\u00a0pero merecedoras, por la peculiaridad de su proceso o la singularidad de las materias primas empleadas, de, al menos, un breve comentario.<\/p>\n<p style=\"text-align: justify;\">El<strong> miniaturismo<\/strong> o modelismo, reproduciendo barcos y buques en peque\u00f1a escala, es una actividad artesana muy apreciada, existiendo una modalidad muy sugestiva de este tipo de trabajo constituida por miniaturas de barcos introducidas en botellas.<\/p>\n<p style=\"text-align: justify;\">Rara vez en la las recopilaciones de <strong>artesan\u00eda<\/strong> suelen figurar las especialidades de <strong>jugueter\u00eda<\/strong> y <strong>mu\u00f1equeter\u00eda<\/strong>, a pesar de que estas actividades emplean un elevado numero de personas en su realizaci\u00f3n y constituyen una de las especialidades de mayor raigambre en la historia de los <strong>oficios<\/strong>.<\/p>\n<p style=\"text-align: justify;\">La m\u00fasica, como un integrante m\u00e1s de la vida cotidiana del hombre, es una realidad desde los mismos comienzos de la Humanidad. Los primeros <strong>instrumentos musicales<\/strong> de que se tiene noticias son, l\u00f3gicamente, muy simples: <em>pitos, bocinas o silbatos<\/em> elaborados con <em>asta de animal, caracolas marinas<\/em> utilizadas como bocinas, rudimentarios <strong>instrumentos de cuerda e instrumentos de cuerda e instrumentos de\u00a0<\/strong><b>percusi\u00f3n<\/b>\u00a0que, si en principio eran simples troncos huecos, pronto evolucionan hacia los tradicionales tambores de cubierta de piel.<\/p>\n<p style=\"text-align: justify;\">Oficios elaborados incluidos dentro de OTRAS ARTESAN\u00cdAS:<\/p>\n<ul>\n<li style=\"text-align: justify;\">Afinaci\u00f3n de instrumentos musicales.<\/li>\n<li style=\"text-align: justify;\">Arte pastoril.<\/li>\n<li style=\"text-align: justify;\">Carteler\u00eda y Rotulaci\u00f3n.<\/li>\n<li style=\"text-align: justify;\">Cinceladura.<\/li>\n<li style=\"text-align: justify;\">Elaboraci\u00f3n de farolillos festivos.<\/li>\n<li style=\"text-align: justify;\">Elaboraci\u00f3n de flores artificiales.<\/li>\n<li style=\"text-align: justify;\">Elaboraci\u00f3n de instrumentos musicales de percusi\u00f3n.<\/li>\n<li style=\"text-align: justify;\">Elaboraci\u00f3n de instrumentos musicales de viento.<a href=\"http:\/\/www.calidadartesana.es\/socios-artesanos\/\"><img loading=\"lazy\" decoding=\"async\" class=\"alignright wp-image-114 size-medium\" src=\"http:\/\/www.calidadartesana.es\/blog\/wp-content\/uploads\/Certificados-205x300.png\" alt=\"Certificados Calidad Artesana\" width=\"205\" height=\"300\" srcset=\"https:\/\/blog.calidadartesana.com\/wp-content\/uploads\/Certificados-205x300.png 205w, https:\/\/blog.calidadartesana.com\/wp-content\/uploads\/Certificados-300x439.png 300w, https:\/\/blog.calidadartesana.com\/wp-content\/uploads\/Certificados.png 374w\" sizes=\"auto, (max-width: 205px) 100vw, 205px\" \/><\/a><\/li>\n<li style=\"text-align: justify;\">Elaboraci\u00f3n de jaulas.<\/li>\n<li style=\"text-align: justify;\">Elaboraci\u00f3n de juguetes.<\/li>\n<li style=\"text-align: justify;\">Elaboraci\u00f3n de maquetas.<\/li>\n<li style=\"text-align: justify;\">Elaboraci\u00f3n de matrices o moldes.<\/li>\n<li style=\"text-align: justify;\">Elaboraci\u00f3n de miniaturas.<\/li>\n<li style=\"text-align: justify;\">Elaboraci\u00f3n de mu\u00f1ecos.<\/li>\n<li style=\"text-align: justify;\">Elaboraci\u00f3n de pelucas y postizos.<\/li>\n<li style=\"text-align: justify;\">Elaboraci\u00f3n de perfumes.<\/li>\n<li style=\"text-align: justify;\">Elaboraci\u00f3n de pirograbados.<\/li>\n<li style=\"text-align: justify;\">Elaboraci\u00f3n de t\u00edteres.<\/li>\n<li style=\"text-align: justify;\">Escultura.<\/li>\n<li style=\"text-align: justify;\">Grabaci\u00f3n y t\u00e9cnicas de estampaci\u00f3n.<\/li>\n<li style=\"text-align: justify;\">Parag\u00fcer\u00eda y bastoner\u00eda.<\/li>\n<li style=\"text-align: justify;\">Pirotecnia.<\/li>\n<li style=\"text-align: justify;\">Relojer\u00eda.<\/li>\n<li style=\"text-align: justify;\">Restauraci\u00f3n.<\/li>\n<li style=\"text-align: justify;\">Serigraf\u00eda art\u00edstica.<\/li>\n<\/ul>\n","protected":false},"excerpt":{"rendered":"<p>En la panor\u00e1mica de las artesan\u00edas m\u00e1s relevantes que se ha presentado en las diferentes entradas anteriores de este blog, [&hellip;]<\/p>\n","protected":false},"author":1,"featured_media":0,"parent":0,"menu_order":0,"comment_status":"closed","ping_status":"closed","template":"","meta":{"site-sidebar-layout":"default","site-content-layout":"","ast-site-content-layout":"default","site-content-style":"default","site-sidebar-style":"default","ast-global-header-display":"","ast-banner-title-visibility":"","ast-main-header-display":"","ast-hfb-above-header-display":"","ast-hfb-below-header-display":"","ast-hfb-mobile-header-display":"","site-post-title":"","ast-breadcrumbs-content":"","ast-featured-img":"","footer-sml-layout":"","theme-transparent-header-meta":"","adv-header-id-meta":"","stick-header-meta":"","header-above-stick-meta":"","header-main-stick-meta":"","header-below-stick-meta":"","astra-migrate-meta-layouts":"default","ast-page-background-enabled":"default","ast-page-background-meta":{"desktop":{"background-color":"var(--ast-global-color-4)","background-image":"","background-repeat":"repeat","background-position":"center center","background-size":"auto","background-attachment":"scroll","background-type":"","background-media":"","overlay-type":"","overlay-color":"","overlay-opacity":"","overlay-gradient":""},"tablet":{"background-color":"","background-image":"","background-repeat":"repeat","background-position":"center center","background-size":"auto","background-attachment":"scroll","background-type":"","background-media":"","overlay-type":"","overlay-color":"","overlay-opacity":"","overlay-gradient":""},"mobile":{"background-color":"","background-image":"","background-repeat":"repeat","background-position":"center center","background-size":"auto","background-attachment":"scroll","background-type":"","background-media":"","overlay-type":"","overlay-color":"","overlay-opacity":"","overlay-gradient":""}},"ast-content-background-meta":{"desktop":{"background-color":"var(--ast-global-color-5)","background-image":"","background-repeat":"repeat","background-position":"center center","background-size":"auto","background-attachment":"scroll","background-type":"","background-media":"","overlay-type":"","overlay-color":"","overlay-opacity":"","overlay-gradient":""},"tablet":{"background-color":"var(--ast-global-color-5)","background-image":"","background-repeat":"repeat","background-position":"center center","background-size":"auto","background-attachment":"scroll","background-type":"","background-media":"","overlay-type":"","overlay-color":"","overlay-opacity":"","overlay-gradient":""},"mobile":{"background-color":"var(--ast-global-color-5)","background-image":"","background-repeat":"repeat","background-position":"center center","background-size":"auto","background-attachment":"scroll","background-type":"","background-media":"","overlay-type":"","overlay-color":"","overlay-opacity":"","overlay-gradient":""}},"footnotes":""},"class_list":["post-29","page","type-page","status-publish","hentry"],"yoast_head":"<!-- This site is optimized with the Yoast SEO plugin v27.6 - https:\/\/yoast.com\/product\/yoast-seo-wordpress\/ -->\n<title>Otras artesan\u00edas -<\/title>\n<meta name=\"robots\" content=\"index, follow, max-snippet:-1, max-image-preview:large, max-video-preview:-1\" \/>\n<link rel=\"canonical\" href=\"https:\/\/blog.calidadartesana.com\/index.php\/otros-artesanias\/\" \/>\n<meta property=\"og:locale\" content=\"es_ES\" \/>\n<meta property=\"og:type\" content=\"article\" \/>\n<meta property=\"og:title\" content=\"Otras artesan\u00edas -\" \/>\n<meta property=\"og:description\" content=\"En la panor\u00e1mica de las artesan\u00edas m\u00e1s relevantes que se ha presentado en las diferentes entradas anteriores de este blog, [&hellip;]\" \/>\n<meta property=\"og:url\" content=\"https:\/\/blog.calidadartesana.com\/index.php\/otros-artesanias\/\" \/>\n<meta property=\"article:publisher\" content=\"https:\/\/www.facebook.com\/CalidadArtesana\" \/>\n<meta property=\"article:modified_time\" content=\"2015-12-26T16:58:52+00:00\" \/>\n<meta property=\"og:image\" content=\"https:\/\/blog.calidadartesana.com\/wp-content\/uploads\/Otras-artesanias1.jpg\" \/>\n\t<meta property=\"og:image:width\" content=\"815\" \/>\n\t<meta property=\"og:image:height\" content=\"315\" \/>\n\t<meta property=\"og:image:type\" content=\"image\/jpeg\" \/>\n<meta name=\"twitter:card\" content=\"summary_large_image\" \/>\n<meta name=\"twitter:site\" content=\"@CalidadArtesana\" \/>\n<meta name=\"twitter:label1\" content=\"Tiempo de lectura\" \/>\n\t<meta name=\"twitter:data1\" content=\"2 minutos\" \/>\n<script type=\"application\/ld+json\" class=\"yoast-schema-graph\">{\"@context\":\"https:\\\/\\\/schema.org\",\"@graph\":[{\"@type\":\"WebPage\",\"@id\":\"https:\\\/\\\/blog.calidadartesana.com\\\/index.php\\\/otros-artesanias\\\/\",\"url\":\"https:\\\/\\\/blog.calidadartesana.com\\\/index.php\\\/otros-artesanias\\\/\",\"name\":\"Otras artesan\u00edas -\",\"isPartOf\":{\"@id\":\"https:\\\/\\\/blog.calidadartesana.com\\\/#website\"},\"primaryImageOfPage\":{\"@id\":\"https:\\\/\\\/blog.calidadartesana.com\\\/index.php\\\/otros-artesanias\\\/#primaryimage\"},\"image\":{\"@id\":\"https:\\\/\\\/blog.calidadartesana.com\\\/index.php\\\/otros-artesanias\\\/#primaryimage\"},\"thumbnailUrl\":\"http:\\\/\\\/www.calidadartesana.es\\\/blog\\\/wp-content\\\/uploads\\\/Otras-artesanias1.jpg\",\"datePublished\":\"2015-10-12T14:50:37+00:00\",\"dateModified\":\"2015-12-26T16:58:52+00:00\",\"breadcrumb\":{\"@id\":\"https:\\\/\\\/blog.calidadartesana.com\\\/index.php\\\/otros-artesanias\\\/#breadcrumb\"},\"inLanguage\":\"es\",\"potentialAction\":[{\"@type\":\"ReadAction\",\"target\":[\"https:\\\/\\\/blog.calidadartesana.com\\\/index.php\\\/otros-artesanias\\\/\"]}]},{\"@type\":\"ImageObject\",\"inLanguage\":\"es\",\"@id\":\"https:\\\/\\\/blog.calidadartesana.com\\\/index.php\\\/otros-artesanias\\\/#primaryimage\",\"url\":\"http:\\\/\\\/www.calidadartesana.es\\\/blog\\\/wp-content\\\/uploads\\\/Otras-artesanias1.jpg\",\"contentUrl\":\"http:\\\/\\\/www.calidadartesana.es\\\/blog\\\/wp-content\\\/uploads\\\/Otras-artesanias1.jpg\"},{\"@type\":\"BreadcrumbList\",\"@id\":\"https:\\\/\\\/blog.calidadartesana.com\\\/index.php\\\/otros-artesanias\\\/#breadcrumb\",\"itemListElement\":[{\"@type\":\"ListItem\",\"position\":1,\"name\":\"Portada\",\"item\":\"https:\\\/\\\/blog.calidadartesana.com\\\/\"},{\"@type\":\"ListItem\",\"position\":2,\"name\":\"Otras artesan\u00edas\"}]},{\"@type\":\"WebSite\",\"@id\":\"https:\\\/\\\/blog.calidadartesana.com\\\/#website\",\"url\":\"https:\\\/\\\/blog.calidadartesana.com\\\/\",\"name\":\"Calidad Artesana\",\"description\":\"Blog Calidad Artesana\",\"publisher\":{\"@id\":\"https:\\\/\\\/blog.calidadartesana.com\\\/#organization\"},\"potentialAction\":[{\"@type\":\"SearchAction\",\"target\":{\"@type\":\"EntryPoint\",\"urlTemplate\":\"https:\\\/\\\/blog.calidadartesana.com\\\/?s={search_term_string}\"},\"query-input\":{\"@type\":\"PropertyValueSpecification\",\"valueRequired\":true,\"valueName\":\"search_term_string\"}}],\"inLanguage\":\"es\"},{\"@type\":\"Organization\",\"@id\":\"https:\\\/\\\/blog.calidadartesana.com\\\/#organization\",\"name\":\"Calidad Artesana\",\"url\":\"https:\\\/\\\/blog.calidadartesana.com\\\/\",\"logo\":{\"@type\":\"ImageObject\",\"inLanguage\":\"es\",\"@id\":\"https:\\\/\\\/blog.calidadartesana.com\\\/#\\\/schema\\\/logo\\\/image\\\/\",\"url\":\"https:\\\/\\\/blog.calidadartesana.com\\\/wp-content\\\/uploads\\\/cropped-calidadArtesana.png\",\"contentUrl\":\"https:\\\/\\\/blog.calidadartesana.com\\\/wp-content\\\/uploads\\\/cropped-calidadArtesana.png\",\"width\":690,\"height\":230,\"caption\":\"Calidad Artesana\"},\"image\":{\"@id\":\"https:\\\/\\\/blog.calidadartesana.com\\\/#\\\/schema\\\/logo\\\/image\\\/\"},\"sameAs\":[\"https:\\\/\\\/www.facebook.com\\\/CalidadArtesana\",\"https:\\\/\\\/x.com\\\/CalidadArtesana\",\"https:\\\/\\\/www.instagram.com\\\/calidad_artesana\\\/\",\"https:\\\/\\\/es.pinterest.com\\\/CertificadoCalidadArtesana\\\/\"]}]}<\/script>\n<!-- \/ Yoast SEO plugin. -->","yoast_head_json":{"title":"Otras artesan\u00edas -","robots":{"index":"index","follow":"follow","max-snippet":"max-snippet:-1","max-image-preview":"max-image-preview:large","max-video-preview":"max-video-preview:-1"},"canonical":"https:\/\/blog.calidadartesana.com\/index.php\/otros-artesanias\/","og_locale":"es_ES","og_type":"article","og_title":"Otras artesan\u00edas -","og_description":"En la panor\u00e1mica de las artesan\u00edas m\u00e1s relevantes que se ha presentado en las diferentes entradas anteriores de este blog, [&hellip;]","og_url":"https:\/\/blog.calidadartesana.com\/index.php\/otros-artesanias\/","article_publisher":"https:\/\/www.facebook.com\/CalidadArtesana","article_modified_time":"2015-12-26T16:58:52+00:00","og_image":[{"width":815,"height":315,"url":"https:\/\/blog.calidadartesana.com\/wp-content\/uploads\/Otras-artesanias1.jpg","type":"image\/jpeg"}],"twitter_card":"summary_large_image","twitter_site":"@CalidadArtesana","twitter_misc":{"Tiempo de lectura":"2 minutos"},"schema":{"@context":"https:\/\/schema.org","@graph":[{"@type":"WebPage","@id":"https:\/\/blog.calidadartesana.com\/index.php\/otros-artesanias\/","url":"https:\/\/blog.calidadartesana.com\/index.php\/otros-artesanias\/","name":"Otras artesan\u00edas -","isPartOf":{"@id":"https:\/\/blog.calidadartesana.com\/#website"},"primaryImageOfPage":{"@id":"https:\/\/blog.calidadartesana.com\/index.php\/otros-artesanias\/#primaryimage"},"image":{"@id":"https:\/\/blog.calidadartesana.com\/index.php\/otros-artesanias\/#primaryimage"},"thumbnailUrl":"http:\/\/www.calidadartesana.es\/blog\/wp-content\/uploads\/Otras-artesanias1.jpg","datePublished":"2015-10-12T14:50:37+00:00","dateModified":"2015-12-26T16:58:52+00:00","breadcrumb":{"@id":"https:\/\/blog.calidadartesana.com\/index.php\/otros-artesanias\/#breadcrumb"},"inLanguage":"es","potentialAction":[{"@type":"ReadAction","target":["https:\/\/blog.calidadartesana.com\/index.php\/otros-artesanias\/"]}]},{"@type":"ImageObject","inLanguage":"es","@id":"https:\/\/blog.calidadartesana.com\/index.php\/otros-artesanias\/#primaryimage","url":"http:\/\/www.calidadartesana.es\/blog\/wp-content\/uploads\/Otras-artesanias1.jpg","contentUrl":"http:\/\/www.calidadartesana.es\/blog\/wp-content\/uploads\/Otras-artesanias1.jpg"},{"@type":"BreadcrumbList","@id":"https:\/\/blog.calidadartesana.com\/index.php\/otros-artesanias\/#breadcrumb","itemListElement":[{"@type":"ListItem","position":1,"name":"Portada","item":"https:\/\/blog.calidadartesana.com\/"},{"@type":"ListItem","position":2,"name":"Otras artesan\u00edas"}]},{"@type":"WebSite","@id":"https:\/\/blog.calidadartesana.com\/#website","url":"https:\/\/blog.calidadartesana.com\/","name":"Calidad Artesana","description":"Blog Calidad Artesana","publisher":{"@id":"https:\/\/blog.calidadartesana.com\/#organization"},"potentialAction":[{"@type":"SearchAction","target":{"@type":"EntryPoint","urlTemplate":"https:\/\/blog.calidadartesana.com\/?s={search_term_string}"},"query-input":{"@type":"PropertyValueSpecification","valueRequired":true,"valueName":"search_term_string"}}],"inLanguage":"es"},{"@type":"Organization","@id":"https:\/\/blog.calidadartesana.com\/#organization","name":"Calidad Artesana","url":"https:\/\/blog.calidadartesana.com\/","logo":{"@type":"ImageObject","inLanguage":"es","@id":"https:\/\/blog.calidadartesana.com\/#\/schema\/logo\/image\/","url":"https:\/\/blog.calidadartesana.com\/wp-content\/uploads\/cropped-calidadArtesana.png","contentUrl":"https:\/\/blog.calidadartesana.com\/wp-content\/uploads\/cropped-calidadArtesana.png","width":690,"height":230,"caption":"Calidad Artesana"},"image":{"@id":"https:\/\/blog.calidadartesana.com\/#\/schema\/logo\/image\/"},"sameAs":["https:\/\/www.facebook.com\/CalidadArtesana","https:\/\/x.com\/CalidadArtesana","https:\/\/www.instagram.com\/calidad_artesana\/","https:\/\/es.pinterest.com\/CertificadoCalidadArtesana\/"]}]}},"_links":{"self":[{"href":"https:\/\/blog.calidadartesana.com\/index.php\/wp-json\/wp\/v2\/pages\/29","targetHints":{"allow":["GET"]}}],"collection":[{"href":"https:\/\/blog.calidadartesana.com\/index.php\/wp-json\/wp\/v2\/pages"}],"about":[{"href":"https:\/\/blog.calidadartesana.com\/index.php\/wp-json\/wp\/v2\/types\/page"}],"author":[{"embeddable":true,"href":"https:\/\/blog.calidadartesana.com\/index.php\/wp-json\/wp\/v2\/users\/1"}],"replies":[{"embeddable":true,"href":"https:\/\/blog.calidadartesana.com\/index.php\/wp-json\/wp\/v2\/comments?post=29"}],"version-history":[{"count":8,"href":"https:\/\/blog.calidadartesana.com\/index.php\/wp-json\/wp\/v2\/pages\/29\/revisions"}],"predecessor-version":[{"id":165,"href":"https:\/\/blog.calidadartesana.com\/index.php\/wp-json\/wp\/v2\/pages\/29\/revisions\/165"}],"wp:attachment":[{"href":"https:\/\/blog.calidadartesana.com\/index.php\/wp-json\/wp\/v2\/media?parent=29"}],"curies":[{"name":"wp","href":"https:\/\/api.w.org\/{rel}","templated":true}]}}