{"id":304,"date":"2016-02-17T20:44:57","date_gmt":"2016-02-17T20:44:57","guid":{"rendered":"http:\/\/www.calidadartesana.es\/blog\/?page_id=304"},"modified":"2016-07-25T15:44:36","modified_gmt":"2016-07-25T15:44:36","slug":"elaboracion-de-objetos-de-carton-piedra","status":"publish","type":"page","link":"https:\/\/blog.calidadartesana.com\/index.php\/fibras-vegetales-papel-y-carton\/elaboracion-de-objetos-de-carton-piedra\/","title":{"rendered":"Elaboraci\u00f3n de objetos de cart\u00f3n piedra"},"content":{"rendered":"<figure id=\"attachment_305\" aria-describedby=\"caption-attachment-305\" style=\"width: 2481px\" class=\"wp-caption aligncenter\"><a href=\"http:\/\/www.calidadartesana.es\/blog\/wp-content\/uploads\/Elaboracion-de-objetos-de-carton-piedra.jpg\"><img loading=\"lazy\" decoding=\"async\" class=\"size-full wp-image-305\" src=\"http:\/\/www.calidadartesana.es\/blog\/wp-content\/uploads\/Elaboracion-de-objetos-de-carton-piedra.jpg\" alt=\"Elaboracion de objetos de carton piedra\" width=\"2481\" height=\"1841\" srcset=\"https:\/\/blog.calidadartesana.com\/wp-content\/uploads\/Elaboracion-de-objetos-de-carton-piedra.jpg 2481w, https:\/\/blog.calidadartesana.com\/wp-content\/uploads\/Elaboracion-de-objetos-de-carton-piedra-300x223.jpg 300w, https:\/\/blog.calidadartesana.com\/wp-content\/uploads\/Elaboracion-de-objetos-de-carton-piedra-1024x760.jpg 1024w\" sizes=\"auto, (max-width: 2481px) 100vw, 2481px\" \/><\/a><figcaption id=\"caption-attachment-305\" class=\"wp-caption-text\">Elaboraci\u00f3n de objetos de cart\u00f3n piedra<\/figcaption><\/figure>\n<p style=\"text-align: justify;\">El <strong>elaborador\/a de objetos de cart\u00f3n piedra<\/strong> es la persona que dise\u00f1a y elabora objetos en cart\u00f3n piedra para decorar escenarios, escaparates o disfraces, entre otros.<\/p>\n<p style=\"text-align: justify;\"><span style=\"color: #800000;\"><strong><em>Los productos que crea son:<\/em><\/strong><\/span>\u00a0Aderezos, antifaces, arquitectura ef\u00edmera, atrezos, bajo-relieve, bultos redondos, carrozas, complementos para distintas fiestas, complementos de imaginer\u00eda (cascos, corazas, espadas, etc.), decorados teatrales, escaparatismo, escenograf\u00edas, figuras decorativas, forillos, mu\u00f1ecos antiguos, otros.<\/p>\n<p style=\"text-align: justify;\"><span style=\"color: #800000;\"><strong><em>Emplea las siguiente materias primas:\u00a0<\/em><\/strong><\/span>Aceite, acr\u00edlicos, adornos varios, agua y formol, aguarr\u00e1s, alambres, alcohol, arpillera, blanco de Espa\u00f1a, barniz, barro, calcina, ca\u00f1as, cola, cola blanca, de conejo, cuero, engrudo, escayola, estopa, harina, hierros, lana, madera, \u00f3leo, \u00f3xidos colorantes, papel, pelo, piel, tela, t\u00e9mperas, otras.<\/p>\n<p style=\"text-align: justify;\"><em><span style=\"color: #800000;\"><strong>Herramientas de trabajo:<\/strong><\/span>\u00a0<\/em>Acanalador, anillo de presi\u00f3n, azuela, banco de carpintero, barrena, barrilete, bast\u00e9n, berbiqu\u00ed, botador, bucel, calibrador, carda, cepilladora\/cepillo, cuchilla para desbastar y para pulir, destornillador, enlazadora, entreguardas, escofinas, escopleadora de cadena y de barrena, escuadras, cartab\u00f3n, comp\u00e1s y l\u00e1piz, falsa escuadra, form\u00f3n de filo horizontal y de corte oblicuo, garlopa y garlop\u00edn, gato o tornillo, gramil, gubias de talla, guillamen, lijadora\/lima, machihembra, m\u00e1quinas de carpinter\u00eda (sierras, cepilladoras, encuadradoras, etc.), martillo\/mazo o maza, metro, papel, prensas (de \u00e1ngulos, de bastidor, en forma de g, para cuadros, etc.), rasquetas, rebajador, regruesador, serrucho, sierras, taladro, tebaza, tijeras, torno, tup\u00ed, \u00fatiles de medici\u00f3n, otros.<\/p>\n","protected":false},"excerpt":{"rendered":"<p>El elaborador\/a de objetos de cart\u00f3n piedra es la persona que dise\u00f1a y elabora objetos en cart\u00f3n piedra para decorar [&hellip;]<\/p>\n","protected":false},"author":1,"featured_media":0,"parent":13,"menu_order":0,"comment_status":"closed","ping_status":"closed","template":"","meta":{"site-sidebar-layout":"default","site-content-layout":"","ast-site-content-layout":"default","site-content-style":"default","site-sidebar-style":"default","ast-global-header-display":"","ast-banner-title-visibility":"","ast-main-header-display":"","ast-hfb-above-header-display":"","ast-hfb-below-header-display":"","ast-hfb-mobile-header-display":"","site-post-title":"","ast-breadcrumbs-content":"","ast-featured-img":"","footer-sml-layout":"","theme-transparent-header-meta":"","adv-header-id-meta":"","stick-header-meta":"","header-above-stick-meta":"","header-main-stick-meta":"","header-below-stick-meta":"","astra-migrate-meta-layouts":"default","ast-page-background-enabled":"default","ast-page-background-meta":{"desktop":{"background-color":"var(--ast-global-color-4)","background-image":"","background-repeat":"repeat","background-position":"center center","background-size":"auto","background-attachment":"scroll","background-type":"","background-media":"","overlay-type":"","overlay-color":"","overlay-opacity":"","overlay-gradient":""},"tablet":{"background-color":"","background-image":"","background-repeat":"repeat","background-position":"center center","background-size":"auto","background-attachment":"scroll","background-type":"","background-media":"","overlay-type":"","overlay-color":"","overlay-opacity":"","overlay-gradient":""},"mobile":{"background-color":"","background-image":"","background-repeat":"repeat","background-position":"center center","background-size":"auto","background-attachment":"scroll","background-type":"","background-media":"","overlay-type":"","overlay-color":"","overlay-opacity":"","overlay-gradient":""}},"ast-content-background-meta":{"desktop":{"background-color":"var(--ast-global-color-5)","background-image":"","background-repeat":"repeat","background-position":"center center","background-size":"auto","background-attachment":"scroll","background-type":"","background-media":"","overlay-type":"","overlay-color":"","overlay-opacity":"","overlay-gradient":""},"tablet":{"background-color":"var(--ast-global-color-5)","background-image":"","background-repeat":"repeat","background-position":"center center","background-size":"auto","background-attachment":"scroll","background-type":"","background-media":"","overlay-type":"","overlay-color":"","overlay-opacity":"","overlay-gradient":""},"mobile":{"background-color":"var(--ast-global-color-5)","background-image":"","background-repeat":"repeat","background-position":"center center","background-size":"auto","background-attachment":"scroll","background-type":"","background-media":"","overlay-type":"","overlay-color":"","overlay-opacity":"","overlay-gradient":""}},"footnotes":""},"class_list":["post-304","page","type-page","status-publish","hentry"],"yoast_head":"<!-- This site is optimized with the Yoast SEO plugin v27.6 - https:\/\/yoast.com\/product\/yoast-seo-wordpress\/ -->\n<title>Elaboraci\u00f3n de objetos de cart\u00f3n piedra -<\/title>\n<meta name=\"robots\" content=\"index, follow, max-snippet:-1, max-image-preview:large, max-video-preview:-1\" \/>\n<link rel=\"canonical\" href=\"https:\/\/blog.calidadartesana.com\/index.php\/fibras-vegetales-papel-y-carton\/elaboracion-de-objetos-de-carton-piedra\/\" \/>\n<meta property=\"og:locale\" content=\"es_ES\" \/>\n<meta property=\"og:type\" content=\"article\" \/>\n<meta property=\"og:title\" content=\"Elaboraci\u00f3n de objetos de cart\u00f3n piedra -\" \/>\n<meta property=\"og:description\" content=\"El elaborador\/a de objetos de cart\u00f3n piedra es la persona que dise\u00f1a y elabora objetos en cart\u00f3n piedra para decorar [&hellip;]\" \/>\n<meta property=\"og:url\" content=\"https:\/\/blog.calidadartesana.com\/index.php\/fibras-vegetales-papel-y-carton\/elaboracion-de-objetos-de-carton-piedra\/\" \/>\n<meta property=\"article:publisher\" content=\"https:\/\/www.facebook.com\/CalidadArtesana\" \/>\n<meta property=\"article:modified_time\" content=\"2016-07-25T15:44:36+00:00\" \/>\n<meta property=\"og:image\" content=\"https:\/\/blog.calidadartesana.com\/wp-content\/uploads\/Elaboracion-de-objetos-de-carton-piedra-1024x760.jpg\" \/>\n\t<meta property=\"og:image:width\" content=\"1024\" \/>\n\t<meta property=\"og:image:height\" content=\"760\" \/>\n\t<meta property=\"og:image:type\" content=\"image\/jpeg\" \/>\n<meta name=\"twitter:card\" content=\"summary_large_image\" \/>\n<meta name=\"twitter:site\" content=\"@CalidadArtesana\" \/>\n<meta name=\"twitter:label1\" content=\"Tiempo de lectura\" \/>\n\t<meta name=\"twitter:data1\" content=\"1 minuto\" \/>\n<script type=\"application\/ld+json\" class=\"yoast-schema-graph\">{\"@context\":\"https:\\\/\\\/schema.org\",\"@graph\":[{\"@type\":\"WebPage\",\"@id\":\"https:\\\/\\\/blog.calidadartesana.com\\\/index.php\\\/fibras-vegetales-papel-y-carton\\\/elaboracion-de-objetos-de-carton-piedra\\\/\",\"url\":\"https:\\\/\\\/blog.calidadartesana.com\\\/index.php\\\/fibras-vegetales-papel-y-carton\\\/elaboracion-de-objetos-de-carton-piedra\\\/\",\"name\":\"Elaboraci\u00f3n de objetos de cart\u00f3n piedra -\",\"isPartOf\":{\"@id\":\"https:\\\/\\\/blog.calidadartesana.com\\\/#website\"},\"primaryImageOfPage\":{\"@id\":\"https:\\\/\\\/blog.calidadartesana.com\\\/index.php\\\/fibras-vegetales-papel-y-carton\\\/elaboracion-de-objetos-de-carton-piedra\\\/#primaryimage\"},\"image\":{\"@id\":\"https:\\\/\\\/blog.calidadartesana.com\\\/index.php\\\/fibras-vegetales-papel-y-carton\\\/elaboracion-de-objetos-de-carton-piedra\\\/#primaryimage\"},\"thumbnailUrl\":\"http:\\\/\\\/www.calidadartesana.es\\\/blog\\\/wp-content\\\/uploads\\\/Elaboracion-de-objetos-de-carton-piedra.jpg\",\"datePublished\":\"2016-02-17T20:44:57+00:00\",\"dateModified\":\"2016-07-25T15:44:36+00:00\",\"breadcrumb\":{\"@id\":\"https:\\\/\\\/blog.calidadartesana.com\\\/index.php\\\/fibras-vegetales-papel-y-carton\\\/elaboracion-de-objetos-de-carton-piedra\\\/#breadcrumb\"},\"inLanguage\":\"es\",\"potentialAction\":[{\"@type\":\"ReadAction\",\"target\":[\"https:\\\/\\\/blog.calidadartesana.com\\\/index.php\\\/fibras-vegetales-papel-y-carton\\\/elaboracion-de-objetos-de-carton-piedra\\\/\"]}]},{\"@type\":\"ImageObject\",\"inLanguage\":\"es\",\"@id\":\"https:\\\/\\\/blog.calidadartesana.com\\\/index.php\\\/fibras-vegetales-papel-y-carton\\\/elaboracion-de-objetos-de-carton-piedra\\\/#primaryimage\",\"url\":\"http:\\\/\\\/www.calidadartesana.es\\\/blog\\\/wp-content\\\/uploads\\\/Elaboracion-de-objetos-de-carton-piedra.jpg\",\"contentUrl\":\"http:\\\/\\\/www.calidadartesana.es\\\/blog\\\/wp-content\\\/uploads\\\/Elaboracion-de-objetos-de-carton-piedra.jpg\"},{\"@type\":\"BreadcrumbList\",\"@id\":\"https:\\\/\\\/blog.calidadartesana.com\\\/index.php\\\/fibras-vegetales-papel-y-carton\\\/elaboracion-de-objetos-de-carton-piedra\\\/#breadcrumb\",\"itemListElement\":[{\"@type\":\"ListItem\",\"position\":1,\"name\":\"Portada\",\"item\":\"https:\\\/\\\/blog.calidadartesana.com\\\/\"},{\"@type\":\"ListItem\",\"position\":2,\"name\":\"Fibras Vegetales, Papel y Cart\u00f3n\",\"item\":\"https:\\\/\\\/blog.calidadartesana.com\\\/index.php\\\/fibras-vegetales-papel-y-carton\\\/\"},{\"@type\":\"ListItem\",\"position\":3,\"name\":\"Elaboraci\u00f3n de objetos de cart\u00f3n piedra\"}]},{\"@type\":\"WebSite\",\"@id\":\"https:\\\/\\\/blog.calidadartesana.com\\\/#website\",\"url\":\"https:\\\/\\\/blog.calidadartesana.com\\\/\",\"name\":\"Calidad Artesana\",\"description\":\"Blog Calidad Artesana\",\"publisher\":{\"@id\":\"https:\\\/\\\/blog.calidadartesana.com\\\/#organization\"},\"potentialAction\":[{\"@type\":\"SearchAction\",\"target\":{\"@type\":\"EntryPoint\",\"urlTemplate\":\"https:\\\/\\\/blog.calidadartesana.com\\\/?s={search_term_string}\"},\"query-input\":{\"@type\":\"PropertyValueSpecification\",\"valueRequired\":true,\"valueName\":\"search_term_string\"}}],\"inLanguage\":\"es\"},{\"@type\":\"Organization\",\"@id\":\"https:\\\/\\\/blog.calidadartesana.com\\\/#organization\",\"name\":\"Calidad Artesana\",\"url\":\"https:\\\/\\\/blog.calidadartesana.com\\\/\",\"logo\":{\"@type\":\"ImageObject\",\"inLanguage\":\"es\",\"@id\":\"https:\\\/\\\/blog.calidadartesana.com\\\/#\\\/schema\\\/logo\\\/image\\\/\",\"url\":\"https:\\\/\\\/blog.calidadartesana.com\\\/wp-content\\\/uploads\\\/cropped-calidadArtesana.png\",\"contentUrl\":\"https:\\\/\\\/blog.calidadartesana.com\\\/wp-content\\\/uploads\\\/cropped-calidadArtesana.png\",\"width\":690,\"height\":230,\"caption\":\"Calidad Artesana\"},\"image\":{\"@id\":\"https:\\\/\\\/blog.calidadartesana.com\\\/#\\\/schema\\\/logo\\\/image\\\/\"},\"sameAs\":[\"https:\\\/\\\/www.facebook.com\\\/CalidadArtesana\",\"https:\\\/\\\/x.com\\\/CalidadArtesana\",\"https:\\\/\\\/www.instagram.com\\\/calidad_artesana\\\/\",\"https:\\\/\\\/es.pinterest.com\\\/CertificadoCalidadArtesana\\\/\"]}]}<\/script>\n<!-- \/ Yoast SEO plugin. -->","yoast_head_json":{"title":"Elaboraci\u00f3n de objetos de cart\u00f3n piedra -","robots":{"index":"index","follow":"follow","max-snippet":"max-snippet:-1","max-image-preview":"max-image-preview:large","max-video-preview":"max-video-preview:-1"},"canonical":"https:\/\/blog.calidadartesana.com\/index.php\/fibras-vegetales-papel-y-carton\/elaboracion-de-objetos-de-carton-piedra\/","og_locale":"es_ES","og_type":"article","og_title":"Elaboraci\u00f3n de objetos de cart\u00f3n piedra -","og_description":"El elaborador\/a de objetos de cart\u00f3n piedra es la persona que dise\u00f1a y elabora objetos en cart\u00f3n piedra para decorar [&hellip;]","og_url":"https:\/\/blog.calidadartesana.com\/index.php\/fibras-vegetales-papel-y-carton\/elaboracion-de-objetos-de-carton-piedra\/","article_publisher":"https:\/\/www.facebook.com\/CalidadArtesana","article_modified_time":"2016-07-25T15:44:36+00:00","og_image":[{"width":1024,"height":760,"url":"https:\/\/blog.calidadartesana.com\/wp-content\/uploads\/Elaboracion-de-objetos-de-carton-piedra-1024x760.jpg","type":"image\/jpeg"}],"twitter_card":"summary_large_image","twitter_site":"@CalidadArtesana","twitter_misc":{"Tiempo de lectura":"1 minuto"},"schema":{"@context":"https:\/\/schema.org","@graph":[{"@type":"WebPage","@id":"https:\/\/blog.calidadartesana.com\/index.php\/fibras-vegetales-papel-y-carton\/elaboracion-de-objetos-de-carton-piedra\/","url":"https:\/\/blog.calidadartesana.com\/index.php\/fibras-vegetales-papel-y-carton\/elaboracion-de-objetos-de-carton-piedra\/","name":"Elaboraci\u00f3n de objetos de cart\u00f3n piedra -","isPartOf":{"@id":"https:\/\/blog.calidadartesana.com\/#website"},"primaryImageOfPage":{"@id":"https:\/\/blog.calidadartesana.com\/index.php\/fibras-vegetales-papel-y-carton\/elaboracion-de-objetos-de-carton-piedra\/#primaryimage"},"image":{"@id":"https:\/\/blog.calidadartesana.com\/index.php\/fibras-vegetales-papel-y-carton\/elaboracion-de-objetos-de-carton-piedra\/#primaryimage"},"thumbnailUrl":"http:\/\/www.calidadartesana.es\/blog\/wp-content\/uploads\/Elaboracion-de-objetos-de-carton-piedra.jpg","datePublished":"2016-02-17T20:44:57+00:00","dateModified":"2016-07-25T15:44:36+00:00","breadcrumb":{"@id":"https:\/\/blog.calidadartesana.com\/index.php\/fibras-vegetales-papel-y-carton\/elaboracion-de-objetos-de-carton-piedra\/#breadcrumb"},"inLanguage":"es","potentialAction":[{"@type":"ReadAction","target":["https:\/\/blog.calidadartesana.com\/index.php\/fibras-vegetales-papel-y-carton\/elaboracion-de-objetos-de-carton-piedra\/"]}]},{"@type":"ImageObject","inLanguage":"es","@id":"https:\/\/blog.calidadartesana.com\/index.php\/fibras-vegetales-papel-y-carton\/elaboracion-de-objetos-de-carton-piedra\/#primaryimage","url":"http:\/\/www.calidadartesana.es\/blog\/wp-content\/uploads\/Elaboracion-de-objetos-de-carton-piedra.jpg","contentUrl":"http:\/\/www.calidadartesana.es\/blog\/wp-content\/uploads\/Elaboracion-de-objetos-de-carton-piedra.jpg"},{"@type":"BreadcrumbList","@id":"https:\/\/blog.calidadartesana.com\/index.php\/fibras-vegetales-papel-y-carton\/elaboracion-de-objetos-de-carton-piedra\/#breadcrumb","itemListElement":[{"@type":"ListItem","position":1,"name":"Portada","item":"https:\/\/blog.calidadartesana.com\/"},{"@type":"ListItem","position":2,"name":"Fibras Vegetales, Papel y Cart\u00f3n","item":"https:\/\/blog.calidadartesana.com\/index.php\/fibras-vegetales-papel-y-carton\/"},{"@type":"ListItem","position":3,"name":"Elaboraci\u00f3n de objetos de cart\u00f3n piedra"}]},{"@type":"WebSite","@id":"https:\/\/blog.calidadartesana.com\/#website","url":"https:\/\/blog.calidadartesana.com\/","name":"Calidad Artesana","description":"Blog Calidad Artesana","publisher":{"@id":"https:\/\/blog.calidadartesana.com\/#organization"},"potentialAction":[{"@type":"SearchAction","target":{"@type":"EntryPoint","urlTemplate":"https:\/\/blog.calidadartesana.com\/?s={search_term_string}"},"query-input":{"@type":"PropertyValueSpecification","valueRequired":true,"valueName":"search_term_string"}}],"inLanguage":"es"},{"@type":"Organization","@id":"https:\/\/blog.calidadartesana.com\/#organization","name":"Calidad Artesana","url":"https:\/\/blog.calidadartesana.com\/","logo":{"@type":"ImageObject","inLanguage":"es","@id":"https:\/\/blog.calidadartesana.com\/#\/schema\/logo\/image\/","url":"https:\/\/blog.calidadartesana.com\/wp-content\/uploads\/cropped-calidadArtesana.png","contentUrl":"https:\/\/blog.calidadartesana.com\/wp-content\/uploads\/cropped-calidadArtesana.png","width":690,"height":230,"caption":"Calidad Artesana"},"image":{"@id":"https:\/\/blog.calidadartesana.com\/#\/schema\/logo\/image\/"},"sameAs":["https:\/\/www.facebook.com\/CalidadArtesana","https:\/\/x.com\/CalidadArtesana","https:\/\/www.instagram.com\/calidad_artesana\/","https:\/\/es.pinterest.com\/CertificadoCalidadArtesana\/"]}]}},"_links":{"self":[{"href":"https:\/\/blog.calidadartesana.com\/index.php\/wp-json\/wp\/v2\/pages\/304","targetHints":{"allow":["GET"]}}],"collection":[{"href":"https:\/\/blog.calidadartesana.com\/index.php\/wp-json\/wp\/v2\/pages"}],"about":[{"href":"https:\/\/blog.calidadartesana.com\/index.php\/wp-json\/wp\/v2\/types\/page"}],"author":[{"embeddable":true,"href":"https:\/\/blog.calidadartesana.com\/index.php\/wp-json\/wp\/v2\/users\/1"}],"replies":[{"embeddable":true,"href":"https:\/\/blog.calidadartesana.com\/index.php\/wp-json\/wp\/v2\/comments?post=304"}],"version-history":[{"count":3,"href":"https:\/\/blog.calidadartesana.com\/index.php\/wp-json\/wp\/v2\/pages\/304\/revisions"}],"predecessor-version":[{"id":482,"href":"https:\/\/blog.calidadartesana.com\/index.php\/wp-json\/wp\/v2\/pages\/304\/revisions\/482"}],"up":[{"embeddable":true,"href":"https:\/\/blog.calidadartesana.com\/index.php\/wp-json\/wp\/v2\/pages\/13"}],"wp:attachment":[{"href":"https:\/\/blog.calidadartesana.com\/index.php\/wp-json\/wp\/v2\/media?parent=304"}],"curies":[{"name":"wp","href":"https:\/\/api.w.org\/{rel}","templated":true}]}}