{"id":310,"date":"2016-02-21T19:19:01","date_gmt":"2016-02-21T19:19:01","guid":{"rendered":"http:\/\/www.calidadartesana.es\/blog\/?page_id=310"},"modified":"2016-07-25T15:45:33","modified_gmt":"2016-07-25T15:45:33","slug":"elaboracion-de-objetos-de-paja","status":"publish","type":"page","link":"https:\/\/blog.calidadartesana.com\/index.php\/fibras-vegetales-papel-y-carton\/elaboracion-de-objetos-de-paja\/","title":{"rendered":"Elaboraci\u00f3n de objetos de paja"},"content":{"rendered":"<figure id=\"attachment_311\" aria-describedby=\"caption-attachment-311\" style=\"width: 4080px\" class=\"wp-caption aligncenter\"><a href=\"http:\/\/www.calidadartesana.es\/blog\/wp-content\/uploads\/Elaboracion-de-objetos-de-paja.jpg\"><img loading=\"lazy\" decoding=\"async\" class=\"size-full wp-image-311\" src=\"http:\/\/www.calidadartesana.es\/blog\/wp-content\/uploads\/Elaboracion-de-objetos-de-paja.jpg\" alt=\"Elaboracion de objetos de paja\" width=\"4080\" height=\"2720\" srcset=\"https:\/\/blog.calidadartesana.com\/wp-content\/uploads\/Elaboracion-de-objetos-de-paja.jpg 4080w, https:\/\/blog.calidadartesana.com\/wp-content\/uploads\/Elaboracion-de-objetos-de-paja-300x200.jpg 300w, https:\/\/blog.calidadartesana.com\/wp-content\/uploads\/Elaboracion-de-objetos-de-paja-1024x683.jpg 1024w\" sizes=\"auto, (max-width: 4080px) 100vw, 4080px\" \/><\/a><figcaption id=\"caption-attachment-311\" class=\"wp-caption-text\">Elaboraci\u00f3n de objetos de paja<\/figcaption><\/figure>\n<p style=\"text-align: justify;\">El <strong>elaborador\/a de objetos de paja<\/strong> es la persona que dise\u00f1a y elabora a partir de paja de trigo o centeno objetos tales como sombreros, viseras, as\u00ed como en algunos casos realiza trabajos de revestimiento decorativo de peque\u00f1as cajas o marcos de fotos, entre otros.<\/p>\n<p style=\"text-align: justify;\"><span style=\"color: #800000;\"><strong><em>Los productos que crea son:<\/em><\/strong><\/span>\u00a0Revestimientos decorativos de peque\u00f1as cajas, marcos de fotos o crucifijos, sombreros, viseras, otros.<\/p>\n<p style=\"text-align: justify;\"><em><strong><span style=\"color: #800000;\">Emplea las siguiente materias primas:<\/span><\/strong>\u00a0<\/em>Paja de trigo o centeno, telas, otros.<\/p>\n<p style=\"text-align: justify;\"><em><span style=\"color: #800000;\"><strong>Herramientas de trabajo:<\/strong><\/span>\u00a0<\/em>Agujas, cuchillos, hilos, tijeras, otros.<\/p>\n","protected":false},"excerpt":{"rendered":"<p>El elaborador\/a de objetos de paja es la persona que dise\u00f1a y elabora a partir de paja de trigo o [&hellip;]<\/p>\n","protected":false},"author":1,"featured_media":0,"parent":13,"menu_order":0,"comment_status":"closed","ping_status":"closed","template":"","meta":{"site-sidebar-layout":"default","site-content-layout":"","ast-site-content-layout":"default","site-content-style":"default","site-sidebar-style":"default","ast-global-header-display":"","ast-banner-title-visibility":"","ast-main-header-display":"","ast-hfb-above-header-display":"","ast-hfb-below-header-display":"","ast-hfb-mobile-header-display":"","site-post-title":"","ast-breadcrumbs-content":"","ast-featured-img":"","footer-sml-layout":"","theme-transparent-header-meta":"","adv-header-id-meta":"","stick-header-meta":"","header-above-stick-meta":"","header-main-stick-meta":"","header-below-stick-meta":"","astra-migrate-meta-layouts":"default","ast-page-background-enabled":"default","ast-page-background-meta":{"desktop":{"background-color":"var(--ast-global-color-4)","background-image":"","background-repeat":"repeat","background-position":"center center","background-size":"auto","background-attachment":"scroll","background-type":"","background-media":"","overlay-type":"","overlay-color":"","overlay-opacity":"","overlay-gradient":""},"tablet":{"background-color":"","background-image":"","background-repeat":"repeat","background-position":"center center","background-size":"auto","background-attachment":"scroll","background-type":"","background-media":"","overlay-type":"","overlay-color":"","overlay-opacity":"","overlay-gradient":""},"mobile":{"background-color":"","background-image":"","background-repeat":"repeat","background-position":"center center","background-size":"auto","background-attachment":"scroll","background-type":"","background-media":"","overlay-type":"","overlay-color":"","overlay-opacity":"","overlay-gradient":""}},"ast-content-background-meta":{"desktop":{"background-color":"var(--ast-global-color-5)","background-image":"","background-repeat":"repeat","background-position":"center center","background-size":"auto","background-attachment":"scroll","background-type":"","background-media":"","overlay-type":"","overlay-color":"","overlay-opacity":"","overlay-gradient":""},"tablet":{"background-color":"var(--ast-global-color-5)","background-image":"","background-repeat":"repeat","background-position":"center center","background-size":"auto","background-attachment":"scroll","background-type":"","background-media":"","overlay-type":"","overlay-color":"","overlay-opacity":"","overlay-gradient":""},"mobile":{"background-color":"var(--ast-global-color-5)","background-image":"","background-repeat":"repeat","background-position":"center center","background-size":"auto","background-attachment":"scroll","background-type":"","background-media":"","overlay-type":"","overlay-color":"","overlay-opacity":"","overlay-gradient":""}},"footnotes":""},"class_list":["post-310","page","type-page","status-publish","hentry"],"yoast_head":"<!-- This site is optimized with the Yoast SEO plugin v27.6 - https:\/\/yoast.com\/product\/yoast-seo-wordpress\/ -->\n<title>Elaboraci\u00f3n de objetos de paja -<\/title>\n<meta name=\"robots\" content=\"index, follow, max-snippet:-1, max-image-preview:large, max-video-preview:-1\" \/>\n<link rel=\"canonical\" href=\"https:\/\/blog.calidadartesana.com\/index.php\/fibras-vegetales-papel-y-carton\/elaboracion-de-objetos-de-paja\/\" \/>\n<meta property=\"og:locale\" content=\"es_ES\" \/>\n<meta property=\"og:type\" content=\"article\" \/>\n<meta property=\"og:title\" content=\"Elaboraci\u00f3n de objetos de paja -\" \/>\n<meta property=\"og:description\" content=\"El elaborador\/a de objetos de paja es la persona que dise\u00f1a y elabora a partir de paja de trigo o [&hellip;]\" \/>\n<meta property=\"og:url\" content=\"https:\/\/blog.calidadartesana.com\/index.php\/fibras-vegetales-papel-y-carton\/elaboracion-de-objetos-de-paja\/\" \/>\n<meta property=\"article:publisher\" content=\"https:\/\/www.facebook.com\/CalidadArtesana\" \/>\n<meta property=\"article:modified_time\" content=\"2016-07-25T15:45:33+00:00\" \/>\n<meta property=\"og:image\" content=\"https:\/\/blog.calidadartesana.com\/wp-content\/uploads\/Elaboracion-de-objetos-de-paja.jpg\" \/>\n\t<meta property=\"og:image:width\" content=\"4080\" \/>\n\t<meta property=\"og:image:height\" content=\"2720\" \/>\n\t<meta property=\"og:image:type\" content=\"image\/jpeg\" \/>\n<meta name=\"twitter:card\" content=\"summary_large_image\" \/>\n<meta name=\"twitter:site\" content=\"@CalidadArtesana\" \/>\n<meta name=\"twitter:label1\" content=\"Tiempo de lectura\" \/>\n\t<meta name=\"twitter:data1\" content=\"1 minuto\" \/>\n<script type=\"application\/ld+json\" class=\"yoast-schema-graph\">{\"@context\":\"https:\\\/\\\/schema.org\",\"@graph\":[{\"@type\":\"WebPage\",\"@id\":\"https:\\\/\\\/blog.calidadartesana.com\\\/index.php\\\/fibras-vegetales-papel-y-carton\\\/elaboracion-de-objetos-de-paja\\\/\",\"url\":\"https:\\\/\\\/blog.calidadartesana.com\\\/index.php\\\/fibras-vegetales-papel-y-carton\\\/elaboracion-de-objetos-de-paja\\\/\",\"name\":\"Elaboraci\u00f3n de objetos de paja -\",\"isPartOf\":{\"@id\":\"https:\\\/\\\/blog.calidadartesana.com\\\/#website\"},\"primaryImageOfPage\":{\"@id\":\"https:\\\/\\\/blog.calidadartesana.com\\\/index.php\\\/fibras-vegetales-papel-y-carton\\\/elaboracion-de-objetos-de-paja\\\/#primaryimage\"},\"image\":{\"@id\":\"https:\\\/\\\/blog.calidadartesana.com\\\/index.php\\\/fibras-vegetales-papel-y-carton\\\/elaboracion-de-objetos-de-paja\\\/#primaryimage\"},\"thumbnailUrl\":\"http:\\\/\\\/www.calidadartesana.es\\\/blog\\\/wp-content\\\/uploads\\\/Elaboracion-de-objetos-de-paja.jpg\",\"datePublished\":\"2016-02-21T19:19:01+00:00\",\"dateModified\":\"2016-07-25T15:45:33+00:00\",\"breadcrumb\":{\"@id\":\"https:\\\/\\\/blog.calidadartesana.com\\\/index.php\\\/fibras-vegetales-papel-y-carton\\\/elaboracion-de-objetos-de-paja\\\/#breadcrumb\"},\"inLanguage\":\"es\",\"potentialAction\":[{\"@type\":\"ReadAction\",\"target\":[\"https:\\\/\\\/blog.calidadartesana.com\\\/index.php\\\/fibras-vegetales-papel-y-carton\\\/elaboracion-de-objetos-de-paja\\\/\"]}]},{\"@type\":\"ImageObject\",\"inLanguage\":\"es\",\"@id\":\"https:\\\/\\\/blog.calidadartesana.com\\\/index.php\\\/fibras-vegetales-papel-y-carton\\\/elaboracion-de-objetos-de-paja\\\/#primaryimage\",\"url\":\"http:\\\/\\\/www.calidadartesana.es\\\/blog\\\/wp-content\\\/uploads\\\/Elaboracion-de-objetos-de-paja.jpg\",\"contentUrl\":\"http:\\\/\\\/www.calidadartesana.es\\\/blog\\\/wp-content\\\/uploads\\\/Elaboracion-de-objetos-de-paja.jpg\"},{\"@type\":\"BreadcrumbList\",\"@id\":\"https:\\\/\\\/blog.calidadartesana.com\\\/index.php\\\/fibras-vegetales-papel-y-carton\\\/elaboracion-de-objetos-de-paja\\\/#breadcrumb\",\"itemListElement\":[{\"@type\":\"ListItem\",\"position\":1,\"name\":\"Portada\",\"item\":\"https:\\\/\\\/blog.calidadartesana.com\\\/\"},{\"@type\":\"ListItem\",\"position\":2,\"name\":\"Fibras Vegetales, Papel y Cart\u00f3n\",\"item\":\"https:\\\/\\\/blog.calidadartesana.com\\\/index.php\\\/fibras-vegetales-papel-y-carton\\\/\"},{\"@type\":\"ListItem\",\"position\":3,\"name\":\"Elaboraci\u00f3n de objetos de paja\"}]},{\"@type\":\"WebSite\",\"@id\":\"https:\\\/\\\/blog.calidadartesana.com\\\/#website\",\"url\":\"https:\\\/\\\/blog.calidadartesana.com\\\/\",\"name\":\"Calidad Artesana\",\"description\":\"Blog Calidad Artesana\",\"publisher\":{\"@id\":\"https:\\\/\\\/blog.calidadartesana.com\\\/#organization\"},\"potentialAction\":[{\"@type\":\"SearchAction\",\"target\":{\"@type\":\"EntryPoint\",\"urlTemplate\":\"https:\\\/\\\/blog.calidadartesana.com\\\/?s={search_term_string}\"},\"query-input\":{\"@type\":\"PropertyValueSpecification\",\"valueRequired\":true,\"valueName\":\"search_term_string\"}}],\"inLanguage\":\"es\"},{\"@type\":\"Organization\",\"@id\":\"https:\\\/\\\/blog.calidadartesana.com\\\/#organization\",\"name\":\"Calidad Artesana\",\"url\":\"https:\\\/\\\/blog.calidadartesana.com\\\/\",\"logo\":{\"@type\":\"ImageObject\",\"inLanguage\":\"es\",\"@id\":\"https:\\\/\\\/blog.calidadartesana.com\\\/#\\\/schema\\\/logo\\\/image\\\/\",\"url\":\"https:\\\/\\\/blog.calidadartesana.com\\\/wp-content\\\/uploads\\\/cropped-calidadArtesana.png\",\"contentUrl\":\"https:\\\/\\\/blog.calidadartesana.com\\\/wp-content\\\/uploads\\\/cropped-calidadArtesana.png\",\"width\":690,\"height\":230,\"caption\":\"Calidad Artesana\"},\"image\":{\"@id\":\"https:\\\/\\\/blog.calidadartesana.com\\\/#\\\/schema\\\/logo\\\/image\\\/\"},\"sameAs\":[\"https:\\\/\\\/www.facebook.com\\\/CalidadArtesana\",\"https:\\\/\\\/x.com\\\/CalidadArtesana\",\"https:\\\/\\\/www.instagram.com\\\/calidad_artesana\\\/\",\"https:\\\/\\\/es.pinterest.com\\\/CertificadoCalidadArtesana\\\/\"]}]}<\/script>\n<!-- \/ Yoast SEO plugin. -->","yoast_head_json":{"title":"Elaboraci\u00f3n de objetos de paja -","robots":{"index":"index","follow":"follow","max-snippet":"max-snippet:-1","max-image-preview":"max-image-preview:large","max-video-preview":"max-video-preview:-1"},"canonical":"https:\/\/blog.calidadartesana.com\/index.php\/fibras-vegetales-papel-y-carton\/elaboracion-de-objetos-de-paja\/","og_locale":"es_ES","og_type":"article","og_title":"Elaboraci\u00f3n de objetos de paja -","og_description":"El elaborador\/a de objetos de paja es la persona que dise\u00f1a y elabora a partir de paja de trigo o [&hellip;]","og_url":"https:\/\/blog.calidadartesana.com\/index.php\/fibras-vegetales-papel-y-carton\/elaboracion-de-objetos-de-paja\/","article_publisher":"https:\/\/www.facebook.com\/CalidadArtesana","article_modified_time":"2016-07-25T15:45:33+00:00","og_image":[{"width":4080,"height":2720,"url":"https:\/\/blog.calidadartesana.com\/wp-content\/uploads\/Elaboracion-de-objetos-de-paja.jpg","type":"image\/jpeg"}],"twitter_card":"summary_large_image","twitter_site":"@CalidadArtesana","twitter_misc":{"Tiempo de lectura":"1 minuto"},"schema":{"@context":"https:\/\/schema.org","@graph":[{"@type":"WebPage","@id":"https:\/\/blog.calidadartesana.com\/index.php\/fibras-vegetales-papel-y-carton\/elaboracion-de-objetos-de-paja\/","url":"https:\/\/blog.calidadartesana.com\/index.php\/fibras-vegetales-papel-y-carton\/elaboracion-de-objetos-de-paja\/","name":"Elaboraci\u00f3n de objetos de paja -","isPartOf":{"@id":"https:\/\/blog.calidadartesana.com\/#website"},"primaryImageOfPage":{"@id":"https:\/\/blog.calidadartesana.com\/index.php\/fibras-vegetales-papel-y-carton\/elaboracion-de-objetos-de-paja\/#primaryimage"},"image":{"@id":"https:\/\/blog.calidadartesana.com\/index.php\/fibras-vegetales-papel-y-carton\/elaboracion-de-objetos-de-paja\/#primaryimage"},"thumbnailUrl":"http:\/\/www.calidadartesana.es\/blog\/wp-content\/uploads\/Elaboracion-de-objetos-de-paja.jpg","datePublished":"2016-02-21T19:19:01+00:00","dateModified":"2016-07-25T15:45:33+00:00","breadcrumb":{"@id":"https:\/\/blog.calidadartesana.com\/index.php\/fibras-vegetales-papel-y-carton\/elaboracion-de-objetos-de-paja\/#breadcrumb"},"inLanguage":"es","potentialAction":[{"@type":"ReadAction","target":["https:\/\/blog.calidadartesana.com\/index.php\/fibras-vegetales-papel-y-carton\/elaboracion-de-objetos-de-paja\/"]}]},{"@type":"ImageObject","inLanguage":"es","@id":"https:\/\/blog.calidadartesana.com\/index.php\/fibras-vegetales-papel-y-carton\/elaboracion-de-objetos-de-paja\/#primaryimage","url":"http:\/\/www.calidadartesana.es\/blog\/wp-content\/uploads\/Elaboracion-de-objetos-de-paja.jpg","contentUrl":"http:\/\/www.calidadartesana.es\/blog\/wp-content\/uploads\/Elaboracion-de-objetos-de-paja.jpg"},{"@type":"BreadcrumbList","@id":"https:\/\/blog.calidadartesana.com\/index.php\/fibras-vegetales-papel-y-carton\/elaboracion-de-objetos-de-paja\/#breadcrumb","itemListElement":[{"@type":"ListItem","position":1,"name":"Portada","item":"https:\/\/blog.calidadartesana.com\/"},{"@type":"ListItem","position":2,"name":"Fibras Vegetales, Papel y Cart\u00f3n","item":"https:\/\/blog.calidadartesana.com\/index.php\/fibras-vegetales-papel-y-carton\/"},{"@type":"ListItem","position":3,"name":"Elaboraci\u00f3n de objetos de paja"}]},{"@type":"WebSite","@id":"https:\/\/blog.calidadartesana.com\/#website","url":"https:\/\/blog.calidadartesana.com\/","name":"Calidad Artesana","description":"Blog Calidad Artesana","publisher":{"@id":"https:\/\/blog.calidadartesana.com\/#organization"},"potentialAction":[{"@type":"SearchAction","target":{"@type":"EntryPoint","urlTemplate":"https:\/\/blog.calidadartesana.com\/?s={search_term_string}"},"query-input":{"@type":"PropertyValueSpecification","valueRequired":true,"valueName":"search_term_string"}}],"inLanguage":"es"},{"@type":"Organization","@id":"https:\/\/blog.calidadartesana.com\/#organization","name":"Calidad Artesana","url":"https:\/\/blog.calidadartesana.com\/","logo":{"@type":"ImageObject","inLanguage":"es","@id":"https:\/\/blog.calidadartesana.com\/#\/schema\/logo\/image\/","url":"https:\/\/blog.calidadartesana.com\/wp-content\/uploads\/cropped-calidadArtesana.png","contentUrl":"https:\/\/blog.calidadartesana.com\/wp-content\/uploads\/cropped-calidadArtesana.png","width":690,"height":230,"caption":"Calidad Artesana"},"image":{"@id":"https:\/\/blog.calidadartesana.com\/#\/schema\/logo\/image\/"},"sameAs":["https:\/\/www.facebook.com\/CalidadArtesana","https:\/\/x.com\/CalidadArtesana","https:\/\/www.instagram.com\/calidad_artesana\/","https:\/\/es.pinterest.com\/CertificadoCalidadArtesana\/"]}]}},"_links":{"self":[{"href":"https:\/\/blog.calidadartesana.com\/index.php\/wp-json\/wp\/v2\/pages\/310","targetHints":{"allow":["GET"]}}],"collection":[{"href":"https:\/\/blog.calidadartesana.com\/index.php\/wp-json\/wp\/v2\/pages"}],"about":[{"href":"https:\/\/blog.calidadartesana.com\/index.php\/wp-json\/wp\/v2\/types\/page"}],"author":[{"embeddable":true,"href":"https:\/\/blog.calidadartesana.com\/index.php\/wp-json\/wp\/v2\/users\/1"}],"replies":[{"embeddable":true,"href":"https:\/\/blog.calidadartesana.com\/index.php\/wp-json\/wp\/v2\/comments?post=310"}],"version-history":[{"count":4,"href":"https:\/\/blog.calidadartesana.com\/index.php\/wp-json\/wp\/v2\/pages\/310\/revisions"}],"predecessor-version":[{"id":483,"href":"https:\/\/blog.calidadartesana.com\/index.php\/wp-json\/wp\/v2\/pages\/310\/revisions\/483"}],"up":[{"embeddable":true,"href":"https:\/\/blog.calidadartesana.com\/index.php\/wp-json\/wp\/v2\/pages\/13"}],"wp:attachment":[{"href":"https:\/\/blog.calidadartesana.com\/index.php\/wp-json\/wp\/v2\/media?parent=310"}],"curies":[{"name":"wp","href":"https:\/\/api.w.org\/{rel}","templated":true}]}}