{"id":332,"date":"2016-04-23T14:59:18","date_gmt":"2016-04-23T14:59:18","guid":{"rendered":"http:\/\/www.calidadartesana.es\/blog\/?page_id=332"},"modified":"2016-07-25T15:49:45","modified_gmt":"2016-07-25T15:49:45","slug":"encuadernador","status":"publish","type":"page","link":"https:\/\/blog.calidadartesana.com\/index.php\/fibras-vegetales-papel-y-carton\/encuadernador\/","title":{"rendered":"Encuadernaci\u00f3n"},"content":{"rendered":"<figure id=\"attachment_333\" aria-describedby=\"caption-attachment-333\" style=\"width: 604px\" class=\"wp-caption aligncenter\"><a href=\"http:\/\/www.calidadartesana.es\/blog\/wp-content\/uploads\/Encuadernador.jpg\"><img loading=\"lazy\" decoding=\"async\" class=\"wp-image-333 size-large\" src=\"http:\/\/www.calidadartesana.es\/blog\/wp-content\/uploads\/Encuadernador-681x1024.jpg\" alt=\"Encuadernacion\" width=\"604\" height=\"908\" srcset=\"https:\/\/blog.calidadartesana.com\/wp-content\/uploads\/Encuadernador-681x1024.jpg 681w, https:\/\/blog.calidadartesana.com\/wp-content\/uploads\/Encuadernador-199x300.jpg 199w, https:\/\/blog.calidadartesana.com\/wp-content\/uploads\/Encuadernador-300x451.jpg 300w, https:\/\/blog.calidadartesana.com\/wp-content\/uploads\/Encuadernador.jpg 2000w\" sizes=\"auto, (max-width: 604px) 100vw, 604px\" \/><\/a><figcaption id=\"caption-attachment-333\" class=\"wp-caption-text\">Encuadernaci\u00f3n<\/figcaption><\/figure>\n<p style=\"text-align: justify;\">El <strong>encuadernador\/a<\/strong> es la persona que dise\u00f1a, elabora y restaura libros y cuadernos mediante el encolado y cosido de hojas de papel, dotando al conjunto de cubiertas r\u00edgidas.<\/p>\n<p style=\"text-align: justify;\"><span style=\"color: #800000;\"><strong><em>Los productos que crea son:<\/em><\/strong><\/span>\u00a0Agendas, \u00e1lbumes de fotos, cajas, camisas para libros, carpetas, cat\u00e1logos, cuadernos, fasc\u00edculos, libretas, libros (de firma, honor, etc.), listines de tel\u00e9fono, objetos de escritorio, papel decorado, tesis doctorales, otros.<\/p>\n<p style=\"text-align: justify;\"><span style=\"color: #800000;\"><strong><em>Emplea las siguiente materias primas:\u00a0<\/em><\/strong><\/span>Aceite, algod\u00f3n, bet\u00fan, bobinas de hilo crudo, caol\u00ed, ceras, cola celul\u00f3sica (cola blanca), cuero (de cerdo, foca, jaconette, marroqu\u00edn, ternera, etc.), engrudo, gluten, guaflex (recubrimiento especial para encuadernaciones), hilaturas, pan de oro, plata o paladium (plata y platino), papel y cart\u00f3n de diferentes grosores, pegamentos, pel\u00edcula dorada, piel y cuero de diversos tipos para las tapas (badana, cabra, pergamino, serpiente, etc.), plancha de cinc, sisal, sulfato de aluminio, tarlatana plateada o en colores (tejido de refuerzo), telas sint\u00e9ticas, tintes, otras.<\/p>\n<p style=\"text-align: justify;\"><em><span style=\"color: #800000;\"><strong>Herramientas de trabajo:<\/strong><\/span>\u00a0<\/em>Aguja, almohadilla especial en piel vuelta, brocha, chifla, cizalla, comp\u00e1s, componedor, cosedora, cubeta, cuchilla multiuso, cuchillo sin filo para pan de oro, cu\u00f1a, escuadra, guillotina el\u00e9ctrica, hierros de bronce grabados con dibujos, hornillo de gas, l\u00e1piz, matacantos, pesa, piedra litogr\u00e1fica para chiflar, plegadera (de hueso o madera), prensas (sacacajos, de husillos, manual o hidr\u00e1ulica), punz\u00f3n, regla, rej\u00f3n, sello, sierra, tabla, telar de encuadernar, termoimpresora, tijeras, tipograf\u00eda de bronce, otros.<\/p>\n","protected":false},"excerpt":{"rendered":"<p>El encuadernador\/a es la persona que dise\u00f1a, elabora y restaura libros y cuadernos mediante el encolado y cosido de hojas [&hellip;]<\/p>\n","protected":false},"author":1,"featured_media":0,"parent":13,"menu_order":0,"comment_status":"closed","ping_status":"closed","template":"","meta":{"site-sidebar-layout":"default","site-content-layout":"","ast-site-content-layout":"default","site-content-style":"default","site-sidebar-style":"default","ast-global-header-display":"","ast-banner-title-visibility":"","ast-main-header-display":"","ast-hfb-above-header-display":"","ast-hfb-below-header-display":"","ast-hfb-mobile-header-display":"","site-post-title":"","ast-breadcrumbs-content":"","ast-featured-img":"","footer-sml-layout":"","theme-transparent-header-meta":"","adv-header-id-meta":"","stick-header-meta":"","header-above-stick-meta":"","header-main-stick-meta":"","header-below-stick-meta":"","astra-migrate-meta-layouts":"default","ast-page-background-enabled":"default","ast-page-background-meta":{"desktop":{"background-color":"var(--ast-global-color-4)","background-image":"","background-repeat":"repeat","background-position":"center center","background-size":"auto","background-attachment":"scroll","background-type":"","background-media":"","overlay-type":"","overlay-color":"","overlay-opacity":"","overlay-gradient":""},"tablet":{"background-color":"","background-image":"","background-repeat":"repeat","background-position":"center center","background-size":"auto","background-attachment":"scroll","background-type":"","background-media":"","overlay-type":"","overlay-color":"","overlay-opacity":"","overlay-gradient":""},"mobile":{"background-color":"","background-image":"","background-repeat":"repeat","background-position":"center center","background-size":"auto","background-attachment":"scroll","background-type":"","background-media":"","overlay-type":"","overlay-color":"","overlay-opacity":"","overlay-gradient":""}},"ast-content-background-meta":{"desktop":{"background-color":"var(--ast-global-color-5)","background-image":"","background-repeat":"repeat","background-position":"center center","background-size":"auto","background-attachment":"scroll","background-type":"","background-media":"","overlay-type":"","overlay-color":"","overlay-opacity":"","overlay-gradient":""},"tablet":{"background-color":"var(--ast-global-color-5)","background-image":"","background-repeat":"repeat","background-position":"center center","background-size":"auto","background-attachment":"scroll","background-type":"","background-media":"","overlay-type":"","overlay-color":"","overlay-opacity":"","overlay-gradient":""},"mobile":{"background-color":"var(--ast-global-color-5)","background-image":"","background-repeat":"repeat","background-position":"center center","background-size":"auto","background-attachment":"scroll","background-type":"","background-media":"","overlay-type":"","overlay-color":"","overlay-opacity":"","overlay-gradient":""}},"footnotes":""},"class_list":["post-332","page","type-page","status-publish","hentry"],"yoast_head":"<!-- This site is optimized with the Yoast SEO plugin v27.6 - https:\/\/yoast.com\/product\/yoast-seo-wordpress\/ -->\n<title>Encuadernaci\u00f3n -<\/title>\n<meta name=\"robots\" content=\"index, follow, max-snippet:-1, max-image-preview:large, max-video-preview:-1\" \/>\n<link rel=\"canonical\" href=\"https:\/\/blog.calidadartesana.com\/index.php\/fibras-vegetales-papel-y-carton\/encuadernador\/\" \/>\n<meta property=\"og:locale\" content=\"es_ES\" \/>\n<meta property=\"og:type\" content=\"article\" \/>\n<meta property=\"og:title\" content=\"Encuadernaci\u00f3n -\" \/>\n<meta property=\"og:description\" content=\"El encuadernador\/a es la persona que dise\u00f1a, elabora y restaura libros y cuadernos mediante el encolado y cosido de hojas [&hellip;]\" \/>\n<meta property=\"og:url\" content=\"https:\/\/blog.calidadartesana.com\/index.php\/fibras-vegetales-papel-y-carton\/encuadernador\/\" \/>\n<meta property=\"article:publisher\" content=\"https:\/\/www.facebook.com\/CalidadArtesana\" \/>\n<meta property=\"article:modified_time\" content=\"2016-07-25T15:49:45+00:00\" \/>\n<meta property=\"og:image\" content=\"https:\/\/blog.calidadartesana.com\/wp-content\/uploads\/Encuadernador-681x1024.jpg\" \/>\n\t<meta property=\"og:image:width\" content=\"681\" \/>\n\t<meta property=\"og:image:height\" content=\"1024\" \/>\n\t<meta property=\"og:image:type\" content=\"image\/jpeg\" \/>\n<meta name=\"twitter:card\" content=\"summary_large_image\" \/>\n<meta name=\"twitter:site\" content=\"@CalidadArtesana\" \/>\n<meta name=\"twitter:label1\" content=\"Tiempo de lectura\" \/>\n\t<meta name=\"twitter:data1\" content=\"1 minuto\" \/>\n<script type=\"application\/ld+json\" class=\"yoast-schema-graph\">{\"@context\":\"https:\\\/\\\/schema.org\",\"@graph\":[{\"@type\":\"WebPage\",\"@id\":\"https:\\\/\\\/blog.calidadartesana.com\\\/index.php\\\/fibras-vegetales-papel-y-carton\\\/encuadernador\\\/\",\"url\":\"https:\\\/\\\/blog.calidadartesana.com\\\/index.php\\\/fibras-vegetales-papel-y-carton\\\/encuadernador\\\/\",\"name\":\"Encuadernaci\u00f3n -\",\"isPartOf\":{\"@id\":\"https:\\\/\\\/blog.calidadartesana.com\\\/#website\"},\"primaryImageOfPage\":{\"@id\":\"https:\\\/\\\/blog.calidadartesana.com\\\/index.php\\\/fibras-vegetales-papel-y-carton\\\/encuadernador\\\/#primaryimage\"},\"image\":{\"@id\":\"https:\\\/\\\/blog.calidadartesana.com\\\/index.php\\\/fibras-vegetales-papel-y-carton\\\/encuadernador\\\/#primaryimage\"},\"thumbnailUrl\":\"http:\\\/\\\/www.calidadartesana.es\\\/blog\\\/wp-content\\\/uploads\\\/Encuadernador-681x1024.jpg\",\"datePublished\":\"2016-04-23T14:59:18+00:00\",\"dateModified\":\"2016-07-25T15:49:45+00:00\",\"breadcrumb\":{\"@id\":\"https:\\\/\\\/blog.calidadartesana.com\\\/index.php\\\/fibras-vegetales-papel-y-carton\\\/encuadernador\\\/#breadcrumb\"},\"inLanguage\":\"es\",\"potentialAction\":[{\"@type\":\"ReadAction\",\"target\":[\"https:\\\/\\\/blog.calidadartesana.com\\\/index.php\\\/fibras-vegetales-papel-y-carton\\\/encuadernador\\\/\"]}]},{\"@type\":\"ImageObject\",\"inLanguage\":\"es\",\"@id\":\"https:\\\/\\\/blog.calidadartesana.com\\\/index.php\\\/fibras-vegetales-papel-y-carton\\\/encuadernador\\\/#primaryimage\",\"url\":\"http:\\\/\\\/www.calidadartesana.es\\\/blog\\\/wp-content\\\/uploads\\\/Encuadernador-681x1024.jpg\",\"contentUrl\":\"http:\\\/\\\/www.calidadartesana.es\\\/blog\\\/wp-content\\\/uploads\\\/Encuadernador-681x1024.jpg\"},{\"@type\":\"BreadcrumbList\",\"@id\":\"https:\\\/\\\/blog.calidadartesana.com\\\/index.php\\\/fibras-vegetales-papel-y-carton\\\/encuadernador\\\/#breadcrumb\",\"itemListElement\":[{\"@type\":\"ListItem\",\"position\":1,\"name\":\"Portada\",\"item\":\"https:\\\/\\\/blog.calidadartesana.com\\\/\"},{\"@type\":\"ListItem\",\"position\":2,\"name\":\"Fibras Vegetales, Papel y Cart\u00f3n\",\"item\":\"https:\\\/\\\/blog.calidadartesana.com\\\/index.php\\\/fibras-vegetales-papel-y-carton\\\/\"},{\"@type\":\"ListItem\",\"position\":3,\"name\":\"Encuadernaci\u00f3n\"}]},{\"@type\":\"WebSite\",\"@id\":\"https:\\\/\\\/blog.calidadartesana.com\\\/#website\",\"url\":\"https:\\\/\\\/blog.calidadartesana.com\\\/\",\"name\":\"Calidad Artesana\",\"description\":\"Blog Calidad Artesana\",\"publisher\":{\"@id\":\"https:\\\/\\\/blog.calidadartesana.com\\\/#organization\"},\"potentialAction\":[{\"@type\":\"SearchAction\",\"target\":{\"@type\":\"EntryPoint\",\"urlTemplate\":\"https:\\\/\\\/blog.calidadartesana.com\\\/?s={search_term_string}\"},\"query-input\":{\"@type\":\"PropertyValueSpecification\",\"valueRequired\":true,\"valueName\":\"search_term_string\"}}],\"inLanguage\":\"es\"},{\"@type\":\"Organization\",\"@id\":\"https:\\\/\\\/blog.calidadartesana.com\\\/#organization\",\"name\":\"Calidad Artesana\",\"url\":\"https:\\\/\\\/blog.calidadartesana.com\\\/\",\"logo\":{\"@type\":\"ImageObject\",\"inLanguage\":\"es\",\"@id\":\"https:\\\/\\\/blog.calidadartesana.com\\\/#\\\/schema\\\/logo\\\/image\\\/\",\"url\":\"https:\\\/\\\/blog.calidadartesana.com\\\/wp-content\\\/uploads\\\/cropped-calidadArtesana.png\",\"contentUrl\":\"https:\\\/\\\/blog.calidadartesana.com\\\/wp-content\\\/uploads\\\/cropped-calidadArtesana.png\",\"width\":690,\"height\":230,\"caption\":\"Calidad Artesana\"},\"image\":{\"@id\":\"https:\\\/\\\/blog.calidadartesana.com\\\/#\\\/schema\\\/logo\\\/image\\\/\"},\"sameAs\":[\"https:\\\/\\\/www.facebook.com\\\/CalidadArtesana\",\"https:\\\/\\\/x.com\\\/CalidadArtesana\",\"https:\\\/\\\/www.instagram.com\\\/calidad_artesana\\\/\",\"https:\\\/\\\/es.pinterest.com\\\/CertificadoCalidadArtesana\\\/\"]}]}<\/script>\n<!-- \/ Yoast SEO plugin. -->","yoast_head_json":{"title":"Encuadernaci\u00f3n -","robots":{"index":"index","follow":"follow","max-snippet":"max-snippet:-1","max-image-preview":"max-image-preview:large","max-video-preview":"max-video-preview:-1"},"canonical":"https:\/\/blog.calidadartesana.com\/index.php\/fibras-vegetales-papel-y-carton\/encuadernador\/","og_locale":"es_ES","og_type":"article","og_title":"Encuadernaci\u00f3n -","og_description":"El encuadernador\/a es la persona que dise\u00f1a, elabora y restaura libros y cuadernos mediante el encolado y cosido de hojas [&hellip;]","og_url":"https:\/\/blog.calidadartesana.com\/index.php\/fibras-vegetales-papel-y-carton\/encuadernador\/","article_publisher":"https:\/\/www.facebook.com\/CalidadArtesana","article_modified_time":"2016-07-25T15:49:45+00:00","og_image":[{"width":681,"height":1024,"url":"https:\/\/blog.calidadartesana.com\/wp-content\/uploads\/Encuadernador-681x1024.jpg","type":"image\/jpeg"}],"twitter_card":"summary_large_image","twitter_site":"@CalidadArtesana","twitter_misc":{"Tiempo de lectura":"1 minuto"},"schema":{"@context":"https:\/\/schema.org","@graph":[{"@type":"WebPage","@id":"https:\/\/blog.calidadartesana.com\/index.php\/fibras-vegetales-papel-y-carton\/encuadernador\/","url":"https:\/\/blog.calidadartesana.com\/index.php\/fibras-vegetales-papel-y-carton\/encuadernador\/","name":"Encuadernaci\u00f3n -","isPartOf":{"@id":"https:\/\/blog.calidadartesana.com\/#website"},"primaryImageOfPage":{"@id":"https:\/\/blog.calidadartesana.com\/index.php\/fibras-vegetales-papel-y-carton\/encuadernador\/#primaryimage"},"image":{"@id":"https:\/\/blog.calidadartesana.com\/index.php\/fibras-vegetales-papel-y-carton\/encuadernador\/#primaryimage"},"thumbnailUrl":"http:\/\/www.calidadartesana.es\/blog\/wp-content\/uploads\/Encuadernador-681x1024.jpg","datePublished":"2016-04-23T14:59:18+00:00","dateModified":"2016-07-25T15:49:45+00:00","breadcrumb":{"@id":"https:\/\/blog.calidadartesana.com\/index.php\/fibras-vegetales-papel-y-carton\/encuadernador\/#breadcrumb"},"inLanguage":"es","potentialAction":[{"@type":"ReadAction","target":["https:\/\/blog.calidadartesana.com\/index.php\/fibras-vegetales-papel-y-carton\/encuadernador\/"]}]},{"@type":"ImageObject","inLanguage":"es","@id":"https:\/\/blog.calidadartesana.com\/index.php\/fibras-vegetales-papel-y-carton\/encuadernador\/#primaryimage","url":"http:\/\/www.calidadartesana.es\/blog\/wp-content\/uploads\/Encuadernador-681x1024.jpg","contentUrl":"http:\/\/www.calidadartesana.es\/blog\/wp-content\/uploads\/Encuadernador-681x1024.jpg"},{"@type":"BreadcrumbList","@id":"https:\/\/blog.calidadartesana.com\/index.php\/fibras-vegetales-papel-y-carton\/encuadernador\/#breadcrumb","itemListElement":[{"@type":"ListItem","position":1,"name":"Portada","item":"https:\/\/blog.calidadartesana.com\/"},{"@type":"ListItem","position":2,"name":"Fibras Vegetales, Papel y Cart\u00f3n","item":"https:\/\/blog.calidadartesana.com\/index.php\/fibras-vegetales-papel-y-carton\/"},{"@type":"ListItem","position":3,"name":"Encuadernaci\u00f3n"}]},{"@type":"WebSite","@id":"https:\/\/blog.calidadartesana.com\/#website","url":"https:\/\/blog.calidadartesana.com\/","name":"Calidad Artesana","description":"Blog Calidad Artesana","publisher":{"@id":"https:\/\/blog.calidadartesana.com\/#organization"},"potentialAction":[{"@type":"SearchAction","target":{"@type":"EntryPoint","urlTemplate":"https:\/\/blog.calidadartesana.com\/?s={search_term_string}"},"query-input":{"@type":"PropertyValueSpecification","valueRequired":true,"valueName":"search_term_string"}}],"inLanguage":"es"},{"@type":"Organization","@id":"https:\/\/blog.calidadartesana.com\/#organization","name":"Calidad Artesana","url":"https:\/\/blog.calidadartesana.com\/","logo":{"@type":"ImageObject","inLanguage":"es","@id":"https:\/\/blog.calidadartesana.com\/#\/schema\/logo\/image\/","url":"https:\/\/blog.calidadartesana.com\/wp-content\/uploads\/cropped-calidadArtesana.png","contentUrl":"https:\/\/blog.calidadartesana.com\/wp-content\/uploads\/cropped-calidadArtesana.png","width":690,"height":230,"caption":"Calidad Artesana"},"image":{"@id":"https:\/\/blog.calidadartesana.com\/#\/schema\/logo\/image\/"},"sameAs":["https:\/\/www.facebook.com\/CalidadArtesana","https:\/\/x.com\/CalidadArtesana","https:\/\/www.instagram.com\/calidad_artesana\/","https:\/\/es.pinterest.com\/CertificadoCalidadArtesana\/"]}]}},"_links":{"self":[{"href":"https:\/\/blog.calidadartesana.com\/index.php\/wp-json\/wp\/v2\/pages\/332","targetHints":{"allow":["GET"]}}],"collection":[{"href":"https:\/\/blog.calidadartesana.com\/index.php\/wp-json\/wp\/v2\/pages"}],"about":[{"href":"https:\/\/blog.calidadartesana.com\/index.php\/wp-json\/wp\/v2\/types\/page"}],"author":[{"embeddable":true,"href":"https:\/\/blog.calidadartesana.com\/index.php\/wp-json\/wp\/v2\/users\/1"}],"replies":[{"embeddable":true,"href":"https:\/\/blog.calidadartesana.com\/index.php\/wp-json\/wp\/v2\/comments?post=332"}],"version-history":[{"count":6,"href":"https:\/\/blog.calidadartesana.com\/index.php\/wp-json\/wp\/v2\/pages\/332\/revisions"}],"predecessor-version":[{"id":487,"href":"https:\/\/blog.calidadartesana.com\/index.php\/wp-json\/wp\/v2\/pages\/332\/revisions\/487"}],"up":[{"embeddable":true,"href":"https:\/\/blog.calidadartesana.com\/index.php\/wp-json\/wp\/v2\/pages\/13"}],"wp:attachment":[{"href":"https:\/\/blog.calidadartesana.com\/index.php\/wp-json\/wp\/v2\/media?parent=332"}],"curies":[{"name":"wp","href":"https:\/\/api.w.org\/{rel}","templated":true}]}}