{"id":347,"date":"2016-04-23T16:15:18","date_gmt":"2016-04-23T16:15:18","guid":{"rendered":"http:\/\/www.calidadartesana.es\/blog\/?page_id=347"},"modified":"2016-07-25T15:54:00","modified_gmt":"2016-07-25T15:54:00","slug":"carpinteria","status":"publish","type":"page","link":"https:\/\/blog.calidadartesana.com\/index.php\/madera-y-corcho\/carpinteria\/","title":{"rendered":"Carpinter\u00eda"},"content":{"rendered":"<figure id=\"attachment_349\" aria-describedby=\"caption-attachment-349\" style=\"width: 604px\" class=\"wp-caption aligncenter\"><a href=\"http:\/\/www.calidadartesana.es\/blog\/wp-content\/uploads\/Carpinteria.jpg\"><img loading=\"lazy\" decoding=\"async\" class=\"size-large wp-image-349\" src=\"http:\/\/www.calidadartesana.es\/blog\/wp-content\/uploads\/Carpinteria-1024x887.jpg\" alt=\"Carpinteria\" width=\"604\" height=\"523\" srcset=\"https:\/\/blog.calidadartesana.com\/wp-content\/uploads\/Carpinteria-1024x887.jpg 1024w, https:\/\/blog.calidadartesana.com\/wp-content\/uploads\/Carpinteria-300x260.jpg 300w, https:\/\/blog.calidadartesana.com\/wp-content\/uploads\/Carpinteria.jpg 1476w\" sizes=\"auto, (max-width: 604px) 100vw, 604px\" \/><\/a><figcaption id=\"caption-attachment-349\" class=\"wp-caption-text\">Carpinter\u00eda<\/figcaption><\/figure>\n<p style=\"text-align: justify;\">El<strong> carpintero\/a<\/strong> es la persona que dise\u00f1a, elabora y repara piezas de madera ordinariamente com\u00fan como muebles, puertas y ventanas entre otros.<\/p>\n<p style=\"text-align: justify;\"><span style=\"color: #800000;\"><strong><em>Los productos que crea son:<\/em><\/strong><\/span>\u00a0Arcos, armarios, artesonados, balcones, bancos, buhardas, cimbras, cubiertas, encofrados, escaleras, marcos, marquesinas, mesas, molduras, pavimentos de madera, persianas, puertas, pupitres, revestimientos, sillas, ventanas, otros.<\/p>\n<p style=\"text-align: justify;\"><span style=\"color: #800000;\"><strong><em>Emplea las siguiente materias primas:\u00a0<\/em><\/strong><\/span>Aceite, adhesivos de resinas epoxis (para todo tipo de materiales), barnices, cartulina, cat\u00f3n, ceras (animales, minerales y vegetales, etc.), clavijas, colas blancas (de acetato de polivinilo), de contacto (de policloropreno o neopreno y resina), contrachapado, gomas y resinas, grapas, lacas, maderas varias (\u00e1lamo, casta\u00f1o, chopo, haya, pino, pinsapo, roble, etc.), masilla, pinturas (al \u00f3leo, al esmalte, asf\u00e1ltica, a la cera, etc.), tableros (de aglomerado, alveolados, contrachapado, fibras, rechapados, etc.), tintes, tornillos, otras.<\/p>\n<p style=\"text-align: justify;\"><em><span style=\"color: #800000;\"><strong>Herramientas de trabajo:<\/strong><\/span>\u00a0<\/em>Acanalador, anillo de presi\u00f3n, banco de carpintero, barrena o barreno, barrilete, bastr\u00e9n o cuchilla de desbastar, berbiqu\u00ed, botador, brocha, calibrador o pie de rey, carda, cepillos (de moldurar, el\u00e9ctricos), clavijas, clavos, comp\u00e1s, cuchillas (comunes, de pulir), cu\u00f1as, destornillador, entreguardas, escofinas, escoplo, escuadra y cartab\u00f3n, espigadora, falsa escuadra, form\u00f3n (de filo horizontal y de corte oblicuo), fresadora vertical, fresas, garlopa o garlop\u00edn, gatos, gramil, grapas, gubias, guillame, ingleteadora, l\u00e1pices, lijadoras\/limas, machihembra, m\u00e1quina escuadradora neum\u00e1tica, martillo, mazo o maza, metro, papel de lija, peloponesa, pincel, pistolas (de barnizar, lacar, aire), prensas (de \u00e1ngulos \u00abolga\u00bb, de arma, de bastidor o sargentos, en forma de g, para cuadros), pulidora, rasquetas, rebajador, regruesadora, serrucho (de costilla, de punta, para clavijas, para cortar chapa, tronzador y ordinario), sierras (ordinaria, fina y de contornear, circular, de cinta, de calar, etc.), soporte cortador, taladradora, tenaza, tijeras, tirafondos, tornillos, torno, tup\u00ed, otros.<\/p>\n","protected":false},"excerpt":{"rendered":"<p>El carpintero\/a es la persona que dise\u00f1a, elabora y repara piezas de madera ordinariamente com\u00fan como muebles, puertas y ventanas [&hellip;]<\/p>\n","protected":false},"author":1,"featured_media":0,"parent":15,"menu_order":0,"comment_status":"closed","ping_status":"closed","template":"","meta":{"site-sidebar-layout":"default","site-content-layout":"","ast-site-content-layout":"default","site-content-style":"default","site-sidebar-style":"default","ast-global-header-display":"","ast-banner-title-visibility":"","ast-main-header-display":"","ast-hfb-above-header-display":"","ast-hfb-below-header-display":"","ast-hfb-mobile-header-display":"","site-post-title":"","ast-breadcrumbs-content":"","ast-featured-img":"","footer-sml-layout":"","theme-transparent-header-meta":"","adv-header-id-meta":"","stick-header-meta":"","header-above-stick-meta":"","header-main-stick-meta":"","header-below-stick-meta":"","astra-migrate-meta-layouts":"default","ast-page-background-enabled":"default","ast-page-background-meta":{"desktop":{"background-color":"var(--ast-global-color-4)","background-image":"","background-repeat":"repeat","background-position":"center center","background-size":"auto","background-attachment":"scroll","background-type":"","background-media":"","overlay-type":"","overlay-color":"","overlay-opacity":"","overlay-gradient":""},"tablet":{"background-color":"","background-image":"","background-repeat":"repeat","background-position":"center center","background-size":"auto","background-attachment":"scroll","background-type":"","background-media":"","overlay-type":"","overlay-color":"","overlay-opacity":"","overlay-gradient":""},"mobile":{"background-color":"","background-image":"","background-repeat":"repeat","background-position":"center center","background-size":"auto","background-attachment":"scroll","background-type":"","background-media":"","overlay-type":"","overlay-color":"","overlay-opacity":"","overlay-gradient":""}},"ast-content-background-meta":{"desktop":{"background-color":"var(--ast-global-color-5)","background-image":"","background-repeat":"repeat","background-position":"center center","background-size":"auto","background-attachment":"scroll","background-type":"","background-media":"","overlay-type":"","overlay-color":"","overlay-opacity":"","overlay-gradient":""},"tablet":{"background-color":"var(--ast-global-color-5)","background-image":"","background-repeat":"repeat","background-position":"center center","background-size":"auto","background-attachment":"scroll","background-type":"","background-media":"","overlay-type":"","overlay-color":"","overlay-opacity":"","overlay-gradient":""},"mobile":{"background-color":"var(--ast-global-color-5)","background-image":"","background-repeat":"repeat","background-position":"center center","background-size":"auto","background-attachment":"scroll","background-type":"","background-media":"","overlay-type":"","overlay-color":"","overlay-opacity":"","overlay-gradient":""}},"footnotes":""},"class_list":["post-347","page","type-page","status-publish","hentry"],"yoast_head":"<!-- This site is optimized with the Yoast SEO plugin v27.5 - https:\/\/yoast.com\/product\/yoast-seo-wordpress\/ -->\n<title>Carpinter\u00eda -<\/title>\n<meta name=\"robots\" content=\"index, follow, max-snippet:-1, max-image-preview:large, max-video-preview:-1\" \/>\n<link rel=\"canonical\" href=\"https:\/\/blog.calidadartesana.com\/index.php\/madera-y-corcho\/carpinteria\/\" \/>\n<meta property=\"og:locale\" content=\"es_ES\" \/>\n<meta property=\"og:type\" content=\"article\" \/>\n<meta property=\"og:title\" content=\"Carpinter\u00eda -\" \/>\n<meta property=\"og:description\" content=\"El carpintero\/a es la persona que dise\u00f1a, elabora y repara piezas de madera ordinariamente com\u00fan como muebles, puertas y ventanas [&hellip;]\" \/>\n<meta property=\"og:url\" content=\"https:\/\/blog.calidadartesana.com\/index.php\/madera-y-corcho\/carpinteria\/\" \/>\n<meta property=\"article:publisher\" content=\"https:\/\/www.facebook.com\/CalidadArtesana\" \/>\n<meta property=\"article:modified_time\" content=\"2016-07-25T15:54:00+00:00\" \/>\n<meta property=\"og:image\" content=\"https:\/\/blog.calidadartesana.com\/wp-content\/uploads\/Carpinteria.jpg\" \/>\n\t<meta property=\"og:image:width\" content=\"1476\" \/>\n\t<meta property=\"og:image:height\" content=\"1279\" \/>\n\t<meta property=\"og:image:type\" content=\"image\/jpeg\" \/>\n<meta name=\"twitter:card\" content=\"summary_large_image\" \/>\n<meta name=\"twitter:site\" content=\"@CalidadArtesana\" \/>\n<meta name=\"twitter:label1\" content=\"Tiempo de lectura\" \/>\n\t<meta name=\"twitter:data1\" content=\"2 minutos\" \/>\n<script type=\"application\/ld+json\" class=\"yoast-schema-graph\">{\"@context\":\"https:\\\/\\\/schema.org\",\"@graph\":[{\"@type\":\"WebPage\",\"@id\":\"https:\\\/\\\/blog.calidadartesana.com\\\/index.php\\\/madera-y-corcho\\\/carpinteria\\\/\",\"url\":\"https:\\\/\\\/blog.calidadartesana.com\\\/index.php\\\/madera-y-corcho\\\/carpinteria\\\/\",\"name\":\"Carpinter\u00eda -\",\"isPartOf\":{\"@id\":\"https:\\\/\\\/blog.calidadartesana.com\\\/#website\"},\"primaryImageOfPage\":{\"@id\":\"https:\\\/\\\/blog.calidadartesana.com\\\/index.php\\\/madera-y-corcho\\\/carpinteria\\\/#primaryimage\"},\"image\":{\"@id\":\"https:\\\/\\\/blog.calidadartesana.com\\\/index.php\\\/madera-y-corcho\\\/carpinteria\\\/#primaryimage\"},\"thumbnailUrl\":\"http:\\\/\\\/www.calidadartesana.es\\\/blog\\\/wp-content\\\/uploads\\\/Carpinteria-1024x887.jpg\",\"datePublished\":\"2016-04-23T16:15:18+00:00\",\"dateModified\":\"2016-07-25T15:54:00+00:00\",\"breadcrumb\":{\"@id\":\"https:\\\/\\\/blog.calidadartesana.com\\\/index.php\\\/madera-y-corcho\\\/carpinteria\\\/#breadcrumb\"},\"inLanguage\":\"es\",\"potentialAction\":[{\"@type\":\"ReadAction\",\"target\":[\"https:\\\/\\\/blog.calidadartesana.com\\\/index.php\\\/madera-y-corcho\\\/carpinteria\\\/\"]}]},{\"@type\":\"ImageObject\",\"inLanguage\":\"es\",\"@id\":\"https:\\\/\\\/blog.calidadartesana.com\\\/index.php\\\/madera-y-corcho\\\/carpinteria\\\/#primaryimage\",\"url\":\"http:\\\/\\\/www.calidadartesana.es\\\/blog\\\/wp-content\\\/uploads\\\/Carpinteria-1024x887.jpg\",\"contentUrl\":\"http:\\\/\\\/www.calidadartesana.es\\\/blog\\\/wp-content\\\/uploads\\\/Carpinteria-1024x887.jpg\"},{\"@type\":\"BreadcrumbList\",\"@id\":\"https:\\\/\\\/blog.calidadartesana.com\\\/index.php\\\/madera-y-corcho\\\/carpinteria\\\/#breadcrumb\",\"itemListElement\":[{\"@type\":\"ListItem\",\"position\":1,\"name\":\"Portada\",\"item\":\"https:\\\/\\\/blog.calidadartesana.com\\\/\"},{\"@type\":\"ListItem\",\"position\":2,\"name\":\"Madera y Corcho\",\"item\":\"https:\\\/\\\/blog.calidadartesana.com\\\/index.php\\\/madera-y-corcho\\\/\"},{\"@type\":\"ListItem\",\"position\":3,\"name\":\"Carpinter\u00eda\"}]},{\"@type\":\"WebSite\",\"@id\":\"https:\\\/\\\/blog.calidadartesana.com\\\/#website\",\"url\":\"https:\\\/\\\/blog.calidadartesana.com\\\/\",\"name\":\"Calidad Artesana\",\"description\":\"Blog Calidad Artesana\",\"publisher\":{\"@id\":\"https:\\\/\\\/blog.calidadartesana.com\\\/#organization\"},\"potentialAction\":[{\"@type\":\"SearchAction\",\"target\":{\"@type\":\"EntryPoint\",\"urlTemplate\":\"https:\\\/\\\/blog.calidadartesana.com\\\/?s={search_term_string}\"},\"query-input\":{\"@type\":\"PropertyValueSpecification\",\"valueRequired\":true,\"valueName\":\"search_term_string\"}}],\"inLanguage\":\"es\"},{\"@type\":\"Organization\",\"@id\":\"https:\\\/\\\/blog.calidadartesana.com\\\/#organization\",\"name\":\"Calidad Artesana\",\"url\":\"https:\\\/\\\/blog.calidadartesana.com\\\/\",\"logo\":{\"@type\":\"ImageObject\",\"inLanguage\":\"es\",\"@id\":\"https:\\\/\\\/blog.calidadartesana.com\\\/#\\\/schema\\\/logo\\\/image\\\/\",\"url\":\"https:\\\/\\\/blog.calidadartesana.com\\\/wp-content\\\/uploads\\\/cropped-calidadArtesana.png\",\"contentUrl\":\"https:\\\/\\\/blog.calidadartesana.com\\\/wp-content\\\/uploads\\\/cropped-calidadArtesana.png\",\"width\":690,\"height\":230,\"caption\":\"Calidad Artesana\"},\"image\":{\"@id\":\"https:\\\/\\\/blog.calidadartesana.com\\\/#\\\/schema\\\/logo\\\/image\\\/\"},\"sameAs\":[\"https:\\\/\\\/www.facebook.com\\\/CalidadArtesana\",\"https:\\\/\\\/x.com\\\/CalidadArtesana\",\"https:\\\/\\\/www.instagram.com\\\/calidad_artesana\\\/\",\"https:\\\/\\\/es.pinterest.com\\\/CertificadoCalidadArtesana\\\/\"]}]}<\/script>\n<!-- \/ Yoast SEO plugin. -->","yoast_head_json":{"title":"Carpinter\u00eda -","robots":{"index":"index","follow":"follow","max-snippet":"max-snippet:-1","max-image-preview":"max-image-preview:large","max-video-preview":"max-video-preview:-1"},"canonical":"https:\/\/blog.calidadartesana.com\/index.php\/madera-y-corcho\/carpinteria\/","og_locale":"es_ES","og_type":"article","og_title":"Carpinter\u00eda -","og_description":"El carpintero\/a es la persona que dise\u00f1a, elabora y repara piezas de madera ordinariamente com\u00fan como muebles, puertas y ventanas [&hellip;]","og_url":"https:\/\/blog.calidadartesana.com\/index.php\/madera-y-corcho\/carpinteria\/","article_publisher":"https:\/\/www.facebook.com\/CalidadArtesana","article_modified_time":"2016-07-25T15:54:00+00:00","og_image":[{"width":1476,"height":1279,"url":"https:\/\/blog.calidadartesana.com\/wp-content\/uploads\/Carpinteria.jpg","type":"image\/jpeg"}],"twitter_card":"summary_large_image","twitter_site":"@CalidadArtesana","twitter_misc":{"Tiempo de lectura":"2 minutos"},"schema":{"@context":"https:\/\/schema.org","@graph":[{"@type":"WebPage","@id":"https:\/\/blog.calidadartesana.com\/index.php\/madera-y-corcho\/carpinteria\/","url":"https:\/\/blog.calidadartesana.com\/index.php\/madera-y-corcho\/carpinteria\/","name":"Carpinter\u00eda -","isPartOf":{"@id":"https:\/\/blog.calidadartesana.com\/#website"},"primaryImageOfPage":{"@id":"https:\/\/blog.calidadartesana.com\/index.php\/madera-y-corcho\/carpinteria\/#primaryimage"},"image":{"@id":"https:\/\/blog.calidadartesana.com\/index.php\/madera-y-corcho\/carpinteria\/#primaryimage"},"thumbnailUrl":"http:\/\/www.calidadartesana.es\/blog\/wp-content\/uploads\/Carpinteria-1024x887.jpg","datePublished":"2016-04-23T16:15:18+00:00","dateModified":"2016-07-25T15:54:00+00:00","breadcrumb":{"@id":"https:\/\/blog.calidadartesana.com\/index.php\/madera-y-corcho\/carpinteria\/#breadcrumb"},"inLanguage":"es","potentialAction":[{"@type":"ReadAction","target":["https:\/\/blog.calidadartesana.com\/index.php\/madera-y-corcho\/carpinteria\/"]}]},{"@type":"ImageObject","inLanguage":"es","@id":"https:\/\/blog.calidadartesana.com\/index.php\/madera-y-corcho\/carpinteria\/#primaryimage","url":"http:\/\/www.calidadartesana.es\/blog\/wp-content\/uploads\/Carpinteria-1024x887.jpg","contentUrl":"http:\/\/www.calidadartesana.es\/blog\/wp-content\/uploads\/Carpinteria-1024x887.jpg"},{"@type":"BreadcrumbList","@id":"https:\/\/blog.calidadartesana.com\/index.php\/madera-y-corcho\/carpinteria\/#breadcrumb","itemListElement":[{"@type":"ListItem","position":1,"name":"Portada","item":"https:\/\/blog.calidadartesana.com\/"},{"@type":"ListItem","position":2,"name":"Madera y Corcho","item":"https:\/\/blog.calidadartesana.com\/index.php\/madera-y-corcho\/"},{"@type":"ListItem","position":3,"name":"Carpinter\u00eda"}]},{"@type":"WebSite","@id":"https:\/\/blog.calidadartesana.com\/#website","url":"https:\/\/blog.calidadartesana.com\/","name":"Calidad Artesana","description":"Blog Calidad Artesana","publisher":{"@id":"https:\/\/blog.calidadartesana.com\/#organization"},"potentialAction":[{"@type":"SearchAction","target":{"@type":"EntryPoint","urlTemplate":"https:\/\/blog.calidadartesana.com\/?s={search_term_string}"},"query-input":{"@type":"PropertyValueSpecification","valueRequired":true,"valueName":"search_term_string"}}],"inLanguage":"es"},{"@type":"Organization","@id":"https:\/\/blog.calidadartesana.com\/#organization","name":"Calidad Artesana","url":"https:\/\/blog.calidadartesana.com\/","logo":{"@type":"ImageObject","inLanguage":"es","@id":"https:\/\/blog.calidadartesana.com\/#\/schema\/logo\/image\/","url":"https:\/\/blog.calidadartesana.com\/wp-content\/uploads\/cropped-calidadArtesana.png","contentUrl":"https:\/\/blog.calidadartesana.com\/wp-content\/uploads\/cropped-calidadArtesana.png","width":690,"height":230,"caption":"Calidad Artesana"},"image":{"@id":"https:\/\/blog.calidadartesana.com\/#\/schema\/logo\/image\/"},"sameAs":["https:\/\/www.facebook.com\/CalidadArtesana","https:\/\/x.com\/CalidadArtesana","https:\/\/www.instagram.com\/calidad_artesana\/","https:\/\/es.pinterest.com\/CertificadoCalidadArtesana\/"]}]}},"_links":{"self":[{"href":"https:\/\/blog.calidadartesana.com\/index.php\/wp-json\/wp\/v2\/pages\/347","targetHints":{"allow":["GET"]}}],"collection":[{"href":"https:\/\/blog.calidadartesana.com\/index.php\/wp-json\/wp\/v2\/pages"}],"about":[{"href":"https:\/\/blog.calidadartesana.com\/index.php\/wp-json\/wp\/v2\/types\/page"}],"author":[{"embeddable":true,"href":"https:\/\/blog.calidadartesana.com\/index.php\/wp-json\/wp\/v2\/users\/1"}],"replies":[{"embeddable":true,"href":"https:\/\/blog.calidadartesana.com\/index.php\/wp-json\/wp\/v2\/comments?post=347"}],"version-history":[{"count":6,"href":"https:\/\/blog.calidadartesana.com\/index.php\/wp-json\/wp\/v2\/pages\/347\/revisions"}],"predecessor-version":[{"id":490,"href":"https:\/\/blog.calidadartesana.com\/index.php\/wp-json\/wp\/v2\/pages\/347\/revisions\/490"}],"up":[{"embeddable":true,"href":"https:\/\/blog.calidadartesana.com\/index.php\/wp-json\/wp\/v2\/pages\/15"}],"wp:attachment":[{"href":"https:\/\/blog.calidadartesana.com\/index.php\/wp-json\/wp\/v2\/media?parent=347"}],"curies":[{"name":"wp","href":"https:\/\/api.w.org\/{rel}","templated":true}]}}