{"id":371,"date":"2016-04-23T18:24:18","date_gmt":"2016-04-23T18:24:18","guid":{"rendered":"http:\/\/www.calidadartesana.es\/blog\/?page_id=371"},"modified":"2016-04-23T20:05:47","modified_gmt":"2016-04-23T20:05:47","slug":"elaboracion-artesanado-mudejar","status":"publish","type":"page","link":"https:\/\/blog.calidadartesana.com\/index.php\/madera-y-corcho\/elaboracion-artesanado-mudejar\/","title":{"rendered":"Elaboracion artesanado mudejar"},"content":{"rendered":"<figure id=\"attachment_372\" aria-describedby=\"caption-attachment-372\" style=\"width: 604px\" class=\"wp-caption aligncenter\"><a href=\"http:\/\/www.calidadartesana.es\/blog\/wp-content\/uploads\/Elaboracion-artesanado-mudejar.jpg\"><img loading=\"lazy\" decoding=\"async\" class=\"size-large wp-image-372\" src=\"http:\/\/www.calidadartesana.es\/blog\/wp-content\/uploads\/Elaboracion-artesanado-mudejar-1024x678.jpg\" alt=\"Elaboracion artesanado mudejar\" width=\"604\" height=\"400\" srcset=\"https:\/\/blog.calidadartesana.com\/wp-content\/uploads\/Elaboracion-artesanado-mudejar-1024x678.jpg 1024w, https:\/\/blog.calidadartesana.com\/wp-content\/uploads\/Elaboracion-artesanado-mudejar-300x199.jpg 300w\" sizes=\"auto, (max-width: 604px) 100vw, 604px\" \/><\/a><figcaption id=\"caption-attachment-372\" class=\"wp-caption-text\">Elaboraci\u00f3n artesanado mud\u00e9jar<\/figcaption><\/figure>\n<p>El <strong>elaborador\/a de artesonado mud\u00e9jar<\/strong> es la persona que dise\u00f1a y elabora cubiertas de madera decoradas con motivos mud\u00e9jares, utilizadas en la construcci\u00f3n de edificios.<\/p>\n<p><span style=\"color: #800000;\"><strong><em>Los productos que crea son:<\/em><\/strong><\/span>\u00a0Cubiertas, decoraci\u00f3n de b\u00f3vedas y otros tipos de cubierta, restauraci\u00f3n de viejas cubiertas, otras.<\/p>\n<p><span style=\"color: #800000;\"><strong><em>Emplea las siguiente materias primas:\u00a0<\/em><\/strong><\/span>Agua, maderas, pigmentos naturales, yema de huevo, otras.<\/p>\n<p><em><span style=\"color: #800000;\"><strong>Herramientas de trabajo:<\/strong><\/span>\u00a0<\/em>Cartab\u00f3n, cepilladora el\u00e9ctrica, cola, cepillo, chill, comp\u00e1s, escuadra, form\u00f3n, gato, gramil, gubia, lija\/lima, martillo, pincel, plantilla de adaraja, puntillas, rodeadora, sacagrueso, segueta, serrucho, tornillo de banco, otros.<\/p>\n","protected":false},"excerpt":{"rendered":"<p>El elaborador\/a de artesonado mud\u00e9jar es la persona que dise\u00f1a y elabora cubiertas de madera decoradas con motivos mud\u00e9jares, utilizadas [&hellip;]<\/p>\n","protected":false},"author":1,"featured_media":0,"parent":15,"menu_order":0,"comment_status":"closed","ping_status":"closed","template":"","meta":{"site-sidebar-layout":"default","site-content-layout":"","ast-site-content-layout":"default","site-content-style":"default","site-sidebar-style":"default","ast-global-header-display":"","ast-banner-title-visibility":"","ast-main-header-display":"","ast-hfb-above-header-display":"","ast-hfb-below-header-display":"","ast-hfb-mobile-header-display":"","site-post-title":"","ast-breadcrumbs-content":"","ast-featured-img":"","footer-sml-layout":"","theme-transparent-header-meta":"","adv-header-id-meta":"","stick-header-meta":"","header-above-stick-meta":"","header-main-stick-meta":"","header-below-stick-meta":"","astra-migrate-meta-layouts":"default","ast-page-background-enabled":"default","ast-page-background-meta":{"desktop":{"background-color":"var(--ast-global-color-4)","background-image":"","background-repeat":"repeat","background-position":"center center","background-size":"auto","background-attachment":"scroll","background-type":"","background-media":"","overlay-type":"","overlay-color":"","overlay-opacity":"","overlay-gradient":""},"tablet":{"background-color":"","background-image":"","background-repeat":"repeat","background-position":"center center","background-size":"auto","background-attachment":"scroll","background-type":"","background-media":"","overlay-type":"","overlay-color":"","overlay-opacity":"","overlay-gradient":""},"mobile":{"background-color":"","background-image":"","background-repeat":"repeat","background-position":"center center","background-size":"auto","background-attachment":"scroll","background-type":"","background-media":"","overlay-type":"","overlay-color":"","overlay-opacity":"","overlay-gradient":""}},"ast-content-background-meta":{"desktop":{"background-color":"var(--ast-global-color-5)","background-image":"","background-repeat":"repeat","background-position":"center center","background-size":"auto","background-attachment":"scroll","background-type":"","background-media":"","overlay-type":"","overlay-color":"","overlay-opacity":"","overlay-gradient":""},"tablet":{"background-color":"var(--ast-global-color-5)","background-image":"","background-repeat":"repeat","background-position":"center center","background-size":"auto","background-attachment":"scroll","background-type":"","background-media":"","overlay-type":"","overlay-color":"","overlay-opacity":"","overlay-gradient":""},"mobile":{"background-color":"var(--ast-global-color-5)","background-image":"","background-repeat":"repeat","background-position":"center center","background-size":"auto","background-attachment":"scroll","background-type":"","background-media":"","overlay-type":"","overlay-color":"","overlay-opacity":"","overlay-gradient":""}},"footnotes":""},"class_list":["post-371","page","type-page","status-publish","hentry"],"yoast_head":"<!-- This site is optimized with the Yoast SEO plugin v27.4 - https:\/\/yoast.com\/product\/yoast-seo-wordpress\/ -->\n<title>Elaboracion artesanado mudejar -<\/title>\n<meta name=\"robots\" content=\"index, follow, max-snippet:-1, max-image-preview:large, max-video-preview:-1\" \/>\n<link rel=\"canonical\" href=\"https:\/\/blog.calidadartesana.com\/index.php\/madera-y-corcho\/elaboracion-artesanado-mudejar\/\" \/>\n<meta property=\"og:locale\" content=\"es_ES\" \/>\n<meta property=\"og:type\" content=\"article\" \/>\n<meta property=\"og:title\" content=\"Elaboracion artesanado mudejar -\" \/>\n<meta property=\"og:description\" content=\"El elaborador\/a de artesonado mud\u00e9jar es la persona que dise\u00f1a y elabora cubiertas de madera decoradas con motivos mud\u00e9jares, utilizadas [&hellip;]\" \/>\n<meta property=\"og:url\" content=\"https:\/\/blog.calidadartesana.com\/index.php\/madera-y-corcho\/elaboracion-artesanado-mudejar\/\" \/>\n<meta property=\"article:publisher\" content=\"https:\/\/www.facebook.com\/CalidadArtesana\" \/>\n<meta property=\"article:modified_time\" content=\"2016-04-23T20:05:47+00:00\" \/>\n<meta property=\"og:image\" content=\"https:\/\/blog.calidadartesana.com\/wp-content\/uploads\/Elaboracion-artesanado-mudejar-1024x678.jpg\" \/>\n\t<meta property=\"og:image:width\" content=\"1024\" \/>\n\t<meta property=\"og:image:height\" content=\"678\" \/>\n\t<meta property=\"og:image:type\" content=\"image\/jpeg\" \/>\n<meta name=\"twitter:card\" content=\"summary_large_image\" \/>\n<meta name=\"twitter:site\" content=\"@CalidadArtesana\" \/>\n<meta name=\"twitter:label1\" content=\"Tiempo de lectura\" \/>\n\t<meta name=\"twitter:data1\" content=\"1 minuto\" \/>\n<script type=\"application\/ld+json\" class=\"yoast-schema-graph\">{\"@context\":\"https:\\\/\\\/schema.org\",\"@graph\":[{\"@type\":\"WebPage\",\"@id\":\"https:\\\/\\\/blog.calidadartesana.com\\\/index.php\\\/madera-y-corcho\\\/elaboracion-artesanado-mudejar\\\/\",\"url\":\"https:\\\/\\\/blog.calidadartesana.com\\\/index.php\\\/madera-y-corcho\\\/elaboracion-artesanado-mudejar\\\/\",\"name\":\"Elaboracion artesanado mudejar -\",\"isPartOf\":{\"@id\":\"https:\\\/\\\/blog.calidadartesana.com\\\/#website\"},\"primaryImageOfPage\":{\"@id\":\"https:\\\/\\\/blog.calidadartesana.com\\\/index.php\\\/madera-y-corcho\\\/elaboracion-artesanado-mudejar\\\/#primaryimage\"},\"image\":{\"@id\":\"https:\\\/\\\/blog.calidadartesana.com\\\/index.php\\\/madera-y-corcho\\\/elaboracion-artesanado-mudejar\\\/#primaryimage\"},\"thumbnailUrl\":\"http:\\\/\\\/www.calidadartesana.es\\\/blog\\\/wp-content\\\/uploads\\\/Elaboracion-artesanado-mudejar-1024x678.jpg\",\"datePublished\":\"2016-04-23T18:24:18+00:00\",\"dateModified\":\"2016-04-23T20:05:47+00:00\",\"breadcrumb\":{\"@id\":\"https:\\\/\\\/blog.calidadartesana.com\\\/index.php\\\/madera-y-corcho\\\/elaboracion-artesanado-mudejar\\\/#breadcrumb\"},\"inLanguage\":\"es\",\"potentialAction\":[{\"@type\":\"ReadAction\",\"target\":[\"https:\\\/\\\/blog.calidadartesana.com\\\/index.php\\\/madera-y-corcho\\\/elaboracion-artesanado-mudejar\\\/\"]}]},{\"@type\":\"ImageObject\",\"inLanguage\":\"es\",\"@id\":\"https:\\\/\\\/blog.calidadartesana.com\\\/index.php\\\/madera-y-corcho\\\/elaboracion-artesanado-mudejar\\\/#primaryimage\",\"url\":\"http:\\\/\\\/www.calidadartesana.es\\\/blog\\\/wp-content\\\/uploads\\\/Elaboracion-artesanado-mudejar-1024x678.jpg\",\"contentUrl\":\"http:\\\/\\\/www.calidadartesana.es\\\/blog\\\/wp-content\\\/uploads\\\/Elaboracion-artesanado-mudejar-1024x678.jpg\"},{\"@type\":\"BreadcrumbList\",\"@id\":\"https:\\\/\\\/blog.calidadartesana.com\\\/index.php\\\/madera-y-corcho\\\/elaboracion-artesanado-mudejar\\\/#breadcrumb\",\"itemListElement\":[{\"@type\":\"ListItem\",\"position\":1,\"name\":\"Portada\",\"item\":\"https:\\\/\\\/blog.calidadartesana.com\\\/\"},{\"@type\":\"ListItem\",\"position\":2,\"name\":\"Madera y Corcho\",\"item\":\"https:\\\/\\\/blog.calidadartesana.com\\\/index.php\\\/madera-y-corcho\\\/\"},{\"@type\":\"ListItem\",\"position\":3,\"name\":\"Elaboracion artesanado mudejar\"}]},{\"@type\":\"WebSite\",\"@id\":\"https:\\\/\\\/blog.calidadartesana.com\\\/#website\",\"url\":\"https:\\\/\\\/blog.calidadartesana.com\\\/\",\"name\":\"Calidad Artesana\",\"description\":\"Blog Calidad Artesana\",\"publisher\":{\"@id\":\"https:\\\/\\\/blog.calidadartesana.com\\\/#organization\"},\"potentialAction\":[{\"@type\":\"SearchAction\",\"target\":{\"@type\":\"EntryPoint\",\"urlTemplate\":\"https:\\\/\\\/blog.calidadartesana.com\\\/?s={search_term_string}\"},\"query-input\":{\"@type\":\"PropertyValueSpecification\",\"valueRequired\":true,\"valueName\":\"search_term_string\"}}],\"inLanguage\":\"es\"},{\"@type\":\"Organization\",\"@id\":\"https:\\\/\\\/blog.calidadartesana.com\\\/#organization\",\"name\":\"Calidad Artesana\",\"url\":\"https:\\\/\\\/blog.calidadartesana.com\\\/\",\"logo\":{\"@type\":\"ImageObject\",\"inLanguage\":\"es\",\"@id\":\"https:\\\/\\\/blog.calidadartesana.com\\\/#\\\/schema\\\/logo\\\/image\\\/\",\"url\":\"https:\\\/\\\/blog.calidadartesana.com\\\/wp-content\\\/uploads\\\/cropped-calidadArtesana.png\",\"contentUrl\":\"https:\\\/\\\/blog.calidadartesana.com\\\/wp-content\\\/uploads\\\/cropped-calidadArtesana.png\",\"width\":690,\"height\":230,\"caption\":\"Calidad Artesana\"},\"image\":{\"@id\":\"https:\\\/\\\/blog.calidadartesana.com\\\/#\\\/schema\\\/logo\\\/image\\\/\"},\"sameAs\":[\"https:\\\/\\\/www.facebook.com\\\/CalidadArtesana\",\"https:\\\/\\\/x.com\\\/CalidadArtesana\",\"https:\\\/\\\/www.instagram.com\\\/calidad_artesana\\\/\",\"https:\\\/\\\/es.pinterest.com\\\/CertificadoCalidadArtesana\\\/\"]}]}<\/script>\n<!-- \/ Yoast SEO plugin. -->","yoast_head_json":{"title":"Elaboracion artesanado mudejar -","robots":{"index":"index","follow":"follow","max-snippet":"max-snippet:-1","max-image-preview":"max-image-preview:large","max-video-preview":"max-video-preview:-1"},"canonical":"https:\/\/blog.calidadartesana.com\/index.php\/madera-y-corcho\/elaboracion-artesanado-mudejar\/","og_locale":"es_ES","og_type":"article","og_title":"Elaboracion artesanado mudejar -","og_description":"El elaborador\/a de artesonado mud\u00e9jar es la persona que dise\u00f1a y elabora cubiertas de madera decoradas con motivos mud\u00e9jares, utilizadas [&hellip;]","og_url":"https:\/\/blog.calidadartesana.com\/index.php\/madera-y-corcho\/elaboracion-artesanado-mudejar\/","article_publisher":"https:\/\/www.facebook.com\/CalidadArtesana","article_modified_time":"2016-04-23T20:05:47+00:00","og_image":[{"width":1024,"height":678,"url":"https:\/\/blog.calidadartesana.com\/wp-content\/uploads\/Elaboracion-artesanado-mudejar-1024x678.jpg","type":"image\/jpeg"}],"twitter_card":"summary_large_image","twitter_site":"@CalidadArtesana","twitter_misc":{"Tiempo de lectura":"1 minuto"},"schema":{"@context":"https:\/\/schema.org","@graph":[{"@type":"WebPage","@id":"https:\/\/blog.calidadartesana.com\/index.php\/madera-y-corcho\/elaboracion-artesanado-mudejar\/","url":"https:\/\/blog.calidadartesana.com\/index.php\/madera-y-corcho\/elaboracion-artesanado-mudejar\/","name":"Elaboracion artesanado mudejar -","isPartOf":{"@id":"https:\/\/blog.calidadartesana.com\/#website"},"primaryImageOfPage":{"@id":"https:\/\/blog.calidadartesana.com\/index.php\/madera-y-corcho\/elaboracion-artesanado-mudejar\/#primaryimage"},"image":{"@id":"https:\/\/blog.calidadartesana.com\/index.php\/madera-y-corcho\/elaboracion-artesanado-mudejar\/#primaryimage"},"thumbnailUrl":"http:\/\/www.calidadartesana.es\/blog\/wp-content\/uploads\/Elaboracion-artesanado-mudejar-1024x678.jpg","datePublished":"2016-04-23T18:24:18+00:00","dateModified":"2016-04-23T20:05:47+00:00","breadcrumb":{"@id":"https:\/\/blog.calidadartesana.com\/index.php\/madera-y-corcho\/elaboracion-artesanado-mudejar\/#breadcrumb"},"inLanguage":"es","potentialAction":[{"@type":"ReadAction","target":["https:\/\/blog.calidadartesana.com\/index.php\/madera-y-corcho\/elaboracion-artesanado-mudejar\/"]}]},{"@type":"ImageObject","inLanguage":"es","@id":"https:\/\/blog.calidadartesana.com\/index.php\/madera-y-corcho\/elaboracion-artesanado-mudejar\/#primaryimage","url":"http:\/\/www.calidadartesana.es\/blog\/wp-content\/uploads\/Elaboracion-artesanado-mudejar-1024x678.jpg","contentUrl":"http:\/\/www.calidadartesana.es\/blog\/wp-content\/uploads\/Elaboracion-artesanado-mudejar-1024x678.jpg"},{"@type":"BreadcrumbList","@id":"https:\/\/blog.calidadartesana.com\/index.php\/madera-y-corcho\/elaboracion-artesanado-mudejar\/#breadcrumb","itemListElement":[{"@type":"ListItem","position":1,"name":"Portada","item":"https:\/\/blog.calidadartesana.com\/"},{"@type":"ListItem","position":2,"name":"Madera y Corcho","item":"https:\/\/blog.calidadartesana.com\/index.php\/madera-y-corcho\/"},{"@type":"ListItem","position":3,"name":"Elaboracion artesanado mudejar"}]},{"@type":"WebSite","@id":"https:\/\/blog.calidadartesana.com\/#website","url":"https:\/\/blog.calidadartesana.com\/","name":"Calidad Artesana","description":"Blog Calidad Artesana","publisher":{"@id":"https:\/\/blog.calidadartesana.com\/#organization"},"potentialAction":[{"@type":"SearchAction","target":{"@type":"EntryPoint","urlTemplate":"https:\/\/blog.calidadartesana.com\/?s={search_term_string}"},"query-input":{"@type":"PropertyValueSpecification","valueRequired":true,"valueName":"search_term_string"}}],"inLanguage":"es"},{"@type":"Organization","@id":"https:\/\/blog.calidadartesana.com\/#organization","name":"Calidad Artesana","url":"https:\/\/blog.calidadartesana.com\/","logo":{"@type":"ImageObject","inLanguage":"es","@id":"https:\/\/blog.calidadartesana.com\/#\/schema\/logo\/image\/","url":"https:\/\/blog.calidadartesana.com\/wp-content\/uploads\/cropped-calidadArtesana.png","contentUrl":"https:\/\/blog.calidadartesana.com\/wp-content\/uploads\/cropped-calidadArtesana.png","width":690,"height":230,"caption":"Calidad Artesana"},"image":{"@id":"https:\/\/blog.calidadartesana.com\/#\/schema\/logo\/image\/"},"sameAs":["https:\/\/www.facebook.com\/CalidadArtesana","https:\/\/x.com\/CalidadArtesana","https:\/\/www.instagram.com\/calidad_artesana\/","https:\/\/es.pinterest.com\/CertificadoCalidadArtesana\/"]}]}},"_links":{"self":[{"href":"https:\/\/blog.calidadartesana.com\/index.php\/wp-json\/wp\/v2\/pages\/371","targetHints":{"allow":["GET"]}}],"collection":[{"href":"https:\/\/blog.calidadartesana.com\/index.php\/wp-json\/wp\/v2\/pages"}],"about":[{"href":"https:\/\/blog.calidadartesana.com\/index.php\/wp-json\/wp\/v2\/types\/page"}],"author":[{"embeddable":true,"href":"https:\/\/blog.calidadartesana.com\/index.php\/wp-json\/wp\/v2\/users\/1"}],"replies":[{"embeddable":true,"href":"https:\/\/blog.calidadartesana.com\/index.php\/wp-json\/wp\/v2\/comments?post=371"}],"version-history":[{"count":2,"href":"https:\/\/blog.calidadartesana.com\/index.php\/wp-json\/wp\/v2\/pages\/371\/revisions"}],"predecessor-version":[{"id":422,"href":"https:\/\/blog.calidadartesana.com\/index.php\/wp-json\/wp\/v2\/pages\/371\/revisions\/422"}],"up":[{"embeddable":true,"href":"https:\/\/blog.calidadartesana.com\/index.php\/wp-json\/wp\/v2\/pages\/15"}],"wp:attachment":[{"href":"https:\/\/blog.calidadartesana.com\/index.php\/wp-json\/wp\/v2\/media?parent=371"}],"curies":[{"name":"wp","href":"https:\/\/api.w.org\/{rel}","templated":true}]}}