{"id":45,"date":"2015-10-12T15:45:55","date_gmt":"2015-10-12T15:45:55","guid":{"rendered":"http:\/\/www.calidadartesana.es\/blog\/?page_id=45"},"modified":"2015-12-20T16:09:03","modified_gmt":"2015-12-20T16:09:03","slug":"oficios-artesanos","status":"publish","type":"page","link":"https:\/\/blog.calidadartesana.com\/index.php\/oficios-artesanos\/","title":{"rendered":"OFICIOS ARTESANOS"},"content":{"rendered":"<figure id=\"attachment_110\" aria-describedby=\"caption-attachment-110\" style=\"width: 815px\" class=\"wp-caption aligncenter\"><a href=\"http:\/\/www.calidadartesana.es\/contacto\/\"><img loading=\"lazy\" decoding=\"async\" class=\"wp-image-110 size-full\" src=\"http:\/\/www.calidadartesana.es\/blog\/wp-content\/uploads\/Oficios-artesanos.jpg\" alt=\"Oficios artesanos\" width=\"815\" height=\"315\" srcset=\"https:\/\/blog.calidadartesana.com\/wp-content\/uploads\/Oficios-artesanos.jpg 815w, https:\/\/blog.calidadartesana.com\/wp-content\/uploads\/Oficios-artesanos-300x116.jpg 300w\" sizes=\"auto, (max-width: 815px) 100vw, 815px\" \/><\/a><figcaption id=\"caption-attachment-110\" class=\"wp-caption-text\">Oficios artesanos<\/figcaption><\/figure>\n<p style=\"text-align: justify;\">El concepto \u00a0sobre <strong>artesan\u00eda<\/strong> en los distintos pa\u00edses es totalmente diferente, entendiendo cada uno de ellos unos <strong>oficios<\/strong> como artesanos.<\/p>\n<p style=\"text-align: justify;\">Sin embargo, existe una confusi\u00f3n general que identifica lo artesano con lo <strong>hecho a mano<\/strong>; dicha identificaci\u00f3n conlleva un cierto error, ya que si bien la <strong>manualidad<\/strong> es uno de los criterios b\u00e1sicos definitorios de la <strong>artesan\u00eda<\/strong>, no todo lo realizado a mano lo es.<\/p>\n<p style=\"text-align: justify;\">As\u00ed, nos encontramos con <strong>oficios,<\/strong> normalmente integrados en el sector Servicios, como podr\u00eda ser el de los <em>fontaneros<\/em>, cuya actividad es eminentemente manual y que son considerados como artesanos en diversos paises europeos; sin embargo, su obra carece de unos requisitos art\u00edsticos, y es, por lo tanto, una mera manualidad.<\/p>\n<p style=\"text-align: justify;\">Parece, pues, indudable que un n\u00famero considerable de los <strong>oficios artesanos<\/strong> de Servicios no re\u00fanen las condiciones m\u00ednimas para ser considerados artesanos, fundamentalmente porque en dichos servicios la ejecuci\u00f3n manual no da un car\u00e1cter diferente al producto obtenido, siendo, en muchos casos, claramente complementarios de actividades industriales.<\/p>\n<p style=\"text-align: justify;\">Otros <strong>oficios<\/strong>, integrados en el sector terciario de la econom\u00eda, como el de <em>peluquero,<\/em> son asimismo considerados artesanos, debido a que se realizan manualmente y se requiere para llevarlos a cabo una determinada est\u00e9tica. La caracter\u00edstica que define a estos <strong>oficios<\/strong> es que su obra es perecedera y no tiene un car\u00e1cter permanente, desapareciendo al cabo de pocos d\u00edas. Incluso, algunos <strong>oficios<\/strong> incluidos en el sector secundario dedicados a al industria alimentaria, como los <em>pasteleros y queseros<\/em>, con considerados artesanos por ciertos planteamientos antropol\u00f3gicos y por los defensores del arte popular, aun que los objetos producidos son asimismo perecederos.<\/p>\n<p style=\"text-align: justify;\">Desde un punto de vista sectorial, se considera el <strong>sector artesano<\/strong> como claramente diferenciado del industrial sobre la base del grado de manualidad utilizado en el proceso productivo, y se describen los productos artesanos como bienes de caracter duradero, con caracter\u00edsticas, propias, individuales y observables que los diferencian de los productos industriales, y con una serie de cualidades est\u00e9ticas y art\u00edsticas que los diferencian de los simplemente elaborados a mano. Este punto de vista excluye, pues, de la <strong>artesan\u00eda<\/strong> aquellos <strong>oficios<\/strong> cuya producci\u00f3n no tiene un caracter duradero, considerando \u00fanicamente como artesanos los <strong>oficios<\/strong> incluidos en el sector secundario de la econom\u00eda, y excluyendo los de los sectores primario y terciario.<\/p>\n<p style=\"text-align: justify;\">Siguiendo esta orientaci\u00f3n, en los <strong>sectores<\/strong> siguientes se centrara la atenci\u00f3n en ofrecer una panor\u00e1mica de aquellos <strong>oficios artesanos<\/strong> que realizan bienes tangibles de caracter duradero, ya utilicen para ello <em>la arcilla, la madera, las fibras textiles y vegetales, la piedra, o los metales<\/em> como materia prima fundamental. En definitiva, aquellos <strong>oficios<\/strong> considerados tradicionalmente como artesanos y de los que existe una identificaci\u00f3n social que los define como tales.<\/p>\n<p style=\"text-align: justify;\">La finalidad del <strong>repertorio<\/strong> es delimitar el conjunto de actividades que forman parte del <strong>sector artesano.<\/strong>\u00a0 El repertorio, normalmente, suele presentar la denominaci\u00f3n del<strong> oficio y<\/strong>\u00a0la denominaci\u00f3n de la <strong>persona artesana<\/strong> y una breve definici\u00f3n del <strong>oficio. <\/strong><\/p>\n<ul>\n<li style=\"text-align: justify;\"><a href=\"https:\/\/blog.calidadartesana.com\/index.php\/arcilla-y-barro\/\" target=\"_blank\">Arcilla y Barro.<\/a><a href=\"http:\/\/www.calidadartesana.es\/socios-artesanos\/\"><img loading=\"lazy\" decoding=\"async\" class=\"alignright wp-image-114 size-medium\" src=\"http:\/\/www.calidadartesana.es\/blog\/wp-content\/uploads\/Certificados-205x300.png\" alt=\"Certificados Calidad Artesana\" width=\"205\" height=\"300\" srcset=\"https:\/\/blog.calidadartesana.com\/wp-content\/uploads\/Certificados-205x300.png 205w, https:\/\/blog.calidadartesana.com\/wp-content\/uploads\/Certificados-300x439.png 300w, https:\/\/blog.calidadartesana.com\/wp-content\/uploads\/Certificados.png 374w\" sizes=\"auto, (max-width: 205px) 100vw, 205px\" \/><\/a><\/li>\n<li style=\"text-align: justify;\"><a href=\"https:\/\/blog.calidadartesana.com\/index.php\/ceras-y-aceites\/\" target=\"_blank\">Ceras y Aceites.<\/a><\/li>\n<li style=\"text-align: justify;\"><a href=\"https:\/\/blog.calidadartesana.com\/index.php\/fibras-vegetales-papel-y-carton\/\" target=\"_blank\">Fibras Vegetales, Papel y Cart\u00f3n.<\/a><\/li>\n<li style=\"text-align: justify;\"><a href=\"https:\/\/blog.calidadartesana.com\/index.php\/madera-y-corcho\/\" target=\"_blank\">Madera y Corcho.<\/a><\/li>\n<li style=\"text-align: justify;\"><a href=\"https:\/\/blog.calidadartesana.com\/index.php\/joyeria-y-bisuteria\/\" target=\"_blank\">Joyer\u00eda y Bisuter\u00eda.<\/a><\/li>\n<li style=\"text-align: justify;\"><a href=\"https:\/\/blog.calidadartesana.com\/index.php\/metal-y-aleaciones\/\" target=\"_blank\">Metal y Aleaciones.<\/a><\/li>\n<li style=\"text-align: justify;\"><a href=\"https:\/\/blog.calidadartesana.com\/index.php\/piedra-marmol-y-escayola\/\" target=\"_blank\">Piedra, M\u00e1rmol y Escayola.<\/a><\/li>\n<li style=\"text-align: justify;\"><a href=\"https:\/\/blog.calidadartesana.com\/index.php\/piel-y-cuero\/\" target=\"_blank\">Piel y Cuero.<\/a><\/li>\n<li style=\"text-align: justify;\"><a href=\"https:\/\/blog.calidadartesana.com\/index.php\/textil\/\" target=\"_blank\">Textil.<\/a><\/li>\n<li style=\"text-align: justify;\"><a href=\"https:\/\/blog.calidadartesana.com\/index.php\/otros-categorias\/\" target=\"_blank\">Otras categor\u00edas.<\/a><\/li>\n<\/ul>\n","protected":false},"excerpt":{"rendered":"<p>El concepto \u00a0sobre artesan\u00eda en los distintos pa\u00edses es totalmente diferente, entendiendo cada uno de ellos unos oficios como artesanos. [&hellip;]<\/p>\n","protected":false},"author":1,"featured_media":0,"parent":0,"menu_order":0,"comment_status":"closed","ping_status":"closed","template":"","meta":{"site-sidebar-layout":"default","site-content-layout":"","ast-site-content-layout":"default","site-content-style":"default","site-sidebar-style":"default","ast-global-header-display":"","ast-banner-title-visibility":"","ast-main-header-display":"","ast-hfb-above-header-display":"","ast-hfb-below-header-display":"","ast-hfb-mobile-header-display":"","site-post-title":"","ast-breadcrumbs-content":"","ast-featured-img":"","footer-sml-layout":"","theme-transparent-header-meta":"","adv-header-id-meta":"","stick-header-meta":"","header-above-stick-meta":"","header-main-stick-meta":"","header-below-stick-meta":"","astra-migrate-meta-layouts":"default","ast-page-background-enabled":"default","ast-page-background-meta":{"desktop":{"background-color":"var(--ast-global-color-4)","background-image":"","background-repeat":"repeat","background-position":"center center","background-size":"auto","background-attachment":"scroll","background-type":"","background-media":"","overlay-type":"","overlay-color":"","overlay-opacity":"","overlay-gradient":""},"tablet":{"background-color":"","background-image":"","background-repeat":"repeat","background-position":"center center","background-size":"auto","background-attachment":"scroll","background-type":"","background-media":"","overlay-type":"","overlay-color":"","overlay-opacity":"","overlay-gradient":""},"mobile":{"background-color":"","background-image":"","background-repeat":"repeat","background-position":"center center","background-size":"auto","background-attachment":"scroll","background-type":"","background-media":"","overlay-type":"","overlay-color":"","overlay-opacity":"","overlay-gradient":""}},"ast-content-background-meta":{"desktop":{"background-color":"var(--ast-global-color-5)","background-image":"","background-repeat":"repeat","background-position":"center center","background-size":"auto","background-attachment":"scroll","background-type":"","background-media":"","overlay-type":"","overlay-color":"","overlay-opacity":"","overlay-gradient":""},"tablet":{"background-color":"var(--ast-global-color-5)","background-image":"","background-repeat":"repeat","background-position":"center center","background-size":"auto","background-attachment":"scroll","background-type":"","background-media":"","overlay-type":"","overlay-color":"","overlay-opacity":"","overlay-gradient":""},"mobile":{"background-color":"var(--ast-global-color-5)","background-image":"","background-repeat":"repeat","background-position":"center center","background-size":"auto","background-attachment":"scroll","background-type":"","background-media":"","overlay-type":"","overlay-color":"","overlay-opacity":"","overlay-gradient":""}},"footnotes":""},"class_list":["post-45","page","type-page","status-publish","hentry"],"yoast_head":"<!-- This site is optimized with the Yoast SEO plugin v27.6 - https:\/\/yoast.com\/product\/yoast-seo-wordpress\/ -->\n<title>OFICIOS ARTESANOS -<\/title>\n<meta name=\"robots\" content=\"index, follow, max-snippet:-1, max-image-preview:large, max-video-preview:-1\" \/>\n<link rel=\"canonical\" href=\"https:\/\/blog.calidadartesana.com\/index.php\/oficios-artesanos\/\" \/>\n<meta property=\"og:locale\" content=\"es_ES\" \/>\n<meta property=\"og:type\" content=\"article\" \/>\n<meta property=\"og:title\" content=\"OFICIOS ARTESANOS -\" \/>\n<meta property=\"og:description\" content=\"El concepto \u00a0sobre artesan\u00eda en los distintos pa\u00edses es totalmente diferente, entendiendo cada uno de ellos unos oficios como artesanos. [&hellip;]\" \/>\n<meta property=\"og:url\" content=\"https:\/\/blog.calidadartesana.com\/index.php\/oficios-artesanos\/\" \/>\n<meta property=\"article:publisher\" content=\"https:\/\/www.facebook.com\/CalidadArtesana\" \/>\n<meta property=\"article:modified_time\" content=\"2015-12-20T16:09:03+00:00\" \/>\n<meta property=\"og:image\" content=\"https:\/\/blog.calidadartesana.com\/wp-content\/uploads\/Oficios-artesanos.jpg\" \/>\n\t<meta property=\"og:image:width\" content=\"815\" \/>\n\t<meta property=\"og:image:height\" content=\"315\" \/>\n\t<meta property=\"og:image:type\" content=\"image\/jpeg\" \/>\n<meta name=\"twitter:card\" content=\"summary_large_image\" \/>\n<meta name=\"twitter:site\" content=\"@CalidadArtesana\" \/>\n<meta name=\"twitter:label1\" content=\"Tiempo de lectura\" \/>\n\t<meta name=\"twitter:data1\" content=\"3 minutos\" \/>\n<script type=\"application\/ld+json\" class=\"yoast-schema-graph\">{\"@context\":\"https:\\\/\\\/schema.org\",\"@graph\":[{\"@type\":\"WebPage\",\"@id\":\"https:\\\/\\\/blog.calidadartesana.com\\\/index.php\\\/oficios-artesanos\\\/\",\"url\":\"https:\\\/\\\/blog.calidadartesana.com\\\/index.php\\\/oficios-artesanos\\\/\",\"name\":\"OFICIOS ARTESANOS -\",\"isPartOf\":{\"@id\":\"https:\\\/\\\/blog.calidadartesana.com\\\/#website\"},\"primaryImageOfPage\":{\"@id\":\"https:\\\/\\\/blog.calidadartesana.com\\\/index.php\\\/oficios-artesanos\\\/#primaryimage\"},\"image\":{\"@id\":\"https:\\\/\\\/blog.calidadartesana.com\\\/index.php\\\/oficios-artesanos\\\/#primaryimage\"},\"thumbnailUrl\":\"http:\\\/\\\/www.calidadartesana.es\\\/blog\\\/wp-content\\\/uploads\\\/Oficios-artesanos.jpg\",\"datePublished\":\"2015-10-12T15:45:55+00:00\",\"dateModified\":\"2015-12-20T16:09:03+00:00\",\"breadcrumb\":{\"@id\":\"https:\\\/\\\/blog.calidadartesana.com\\\/index.php\\\/oficios-artesanos\\\/#breadcrumb\"},\"inLanguage\":\"es\",\"potentialAction\":[{\"@type\":\"ReadAction\",\"target\":[\"https:\\\/\\\/blog.calidadartesana.com\\\/index.php\\\/oficios-artesanos\\\/\"]}]},{\"@type\":\"ImageObject\",\"inLanguage\":\"es\",\"@id\":\"https:\\\/\\\/blog.calidadartesana.com\\\/index.php\\\/oficios-artesanos\\\/#primaryimage\",\"url\":\"http:\\\/\\\/www.calidadartesana.es\\\/blog\\\/wp-content\\\/uploads\\\/Oficios-artesanos.jpg\",\"contentUrl\":\"http:\\\/\\\/www.calidadartesana.es\\\/blog\\\/wp-content\\\/uploads\\\/Oficios-artesanos.jpg\"},{\"@type\":\"BreadcrumbList\",\"@id\":\"https:\\\/\\\/blog.calidadartesana.com\\\/index.php\\\/oficios-artesanos\\\/#breadcrumb\",\"itemListElement\":[{\"@type\":\"ListItem\",\"position\":1,\"name\":\"Portada\",\"item\":\"https:\\\/\\\/blog.calidadartesana.com\\\/\"},{\"@type\":\"ListItem\",\"position\":2,\"name\":\"OFICIOS ARTESANOS\"}]},{\"@type\":\"WebSite\",\"@id\":\"https:\\\/\\\/blog.calidadartesana.com\\\/#website\",\"url\":\"https:\\\/\\\/blog.calidadartesana.com\\\/\",\"name\":\"Calidad Artesana\",\"description\":\"Blog Calidad Artesana\",\"publisher\":{\"@id\":\"https:\\\/\\\/blog.calidadartesana.com\\\/#organization\"},\"potentialAction\":[{\"@type\":\"SearchAction\",\"target\":{\"@type\":\"EntryPoint\",\"urlTemplate\":\"https:\\\/\\\/blog.calidadartesana.com\\\/?s={search_term_string}\"},\"query-input\":{\"@type\":\"PropertyValueSpecification\",\"valueRequired\":true,\"valueName\":\"search_term_string\"}}],\"inLanguage\":\"es\"},{\"@type\":\"Organization\",\"@id\":\"https:\\\/\\\/blog.calidadartesana.com\\\/#organization\",\"name\":\"Calidad Artesana\",\"url\":\"https:\\\/\\\/blog.calidadartesana.com\\\/\",\"logo\":{\"@type\":\"ImageObject\",\"inLanguage\":\"es\",\"@id\":\"https:\\\/\\\/blog.calidadartesana.com\\\/#\\\/schema\\\/logo\\\/image\\\/\",\"url\":\"https:\\\/\\\/blog.calidadartesana.com\\\/wp-content\\\/uploads\\\/cropped-calidadArtesana.png\",\"contentUrl\":\"https:\\\/\\\/blog.calidadartesana.com\\\/wp-content\\\/uploads\\\/cropped-calidadArtesana.png\",\"width\":690,\"height\":230,\"caption\":\"Calidad Artesana\"},\"image\":{\"@id\":\"https:\\\/\\\/blog.calidadartesana.com\\\/#\\\/schema\\\/logo\\\/image\\\/\"},\"sameAs\":[\"https:\\\/\\\/www.facebook.com\\\/CalidadArtesana\",\"https:\\\/\\\/x.com\\\/CalidadArtesana\",\"https:\\\/\\\/www.instagram.com\\\/calidad_artesana\\\/\",\"https:\\\/\\\/es.pinterest.com\\\/CertificadoCalidadArtesana\\\/\"]}]}<\/script>\n<!-- \/ Yoast SEO plugin. -->","yoast_head_json":{"title":"OFICIOS ARTESANOS -","robots":{"index":"index","follow":"follow","max-snippet":"max-snippet:-1","max-image-preview":"max-image-preview:large","max-video-preview":"max-video-preview:-1"},"canonical":"https:\/\/blog.calidadartesana.com\/index.php\/oficios-artesanos\/","og_locale":"es_ES","og_type":"article","og_title":"OFICIOS ARTESANOS -","og_description":"El concepto \u00a0sobre artesan\u00eda en los distintos pa\u00edses es totalmente diferente, entendiendo cada uno de ellos unos oficios como artesanos. [&hellip;]","og_url":"https:\/\/blog.calidadartesana.com\/index.php\/oficios-artesanos\/","article_publisher":"https:\/\/www.facebook.com\/CalidadArtesana","article_modified_time":"2015-12-20T16:09:03+00:00","og_image":[{"width":815,"height":315,"url":"https:\/\/blog.calidadartesana.com\/wp-content\/uploads\/Oficios-artesanos.jpg","type":"image\/jpeg"}],"twitter_card":"summary_large_image","twitter_site":"@CalidadArtesana","twitter_misc":{"Tiempo de lectura":"3 minutos"},"schema":{"@context":"https:\/\/schema.org","@graph":[{"@type":"WebPage","@id":"https:\/\/blog.calidadartesana.com\/index.php\/oficios-artesanos\/","url":"https:\/\/blog.calidadartesana.com\/index.php\/oficios-artesanos\/","name":"OFICIOS ARTESANOS -","isPartOf":{"@id":"https:\/\/blog.calidadartesana.com\/#website"},"primaryImageOfPage":{"@id":"https:\/\/blog.calidadartesana.com\/index.php\/oficios-artesanos\/#primaryimage"},"image":{"@id":"https:\/\/blog.calidadartesana.com\/index.php\/oficios-artesanos\/#primaryimage"},"thumbnailUrl":"http:\/\/www.calidadartesana.es\/blog\/wp-content\/uploads\/Oficios-artesanos.jpg","datePublished":"2015-10-12T15:45:55+00:00","dateModified":"2015-12-20T16:09:03+00:00","breadcrumb":{"@id":"https:\/\/blog.calidadartesana.com\/index.php\/oficios-artesanos\/#breadcrumb"},"inLanguage":"es","potentialAction":[{"@type":"ReadAction","target":["https:\/\/blog.calidadartesana.com\/index.php\/oficios-artesanos\/"]}]},{"@type":"ImageObject","inLanguage":"es","@id":"https:\/\/blog.calidadartesana.com\/index.php\/oficios-artesanos\/#primaryimage","url":"http:\/\/www.calidadartesana.es\/blog\/wp-content\/uploads\/Oficios-artesanos.jpg","contentUrl":"http:\/\/www.calidadartesana.es\/blog\/wp-content\/uploads\/Oficios-artesanos.jpg"},{"@type":"BreadcrumbList","@id":"https:\/\/blog.calidadartesana.com\/index.php\/oficios-artesanos\/#breadcrumb","itemListElement":[{"@type":"ListItem","position":1,"name":"Portada","item":"https:\/\/blog.calidadartesana.com\/"},{"@type":"ListItem","position":2,"name":"OFICIOS ARTESANOS"}]},{"@type":"WebSite","@id":"https:\/\/blog.calidadartesana.com\/#website","url":"https:\/\/blog.calidadartesana.com\/","name":"Calidad Artesana","description":"Blog Calidad Artesana","publisher":{"@id":"https:\/\/blog.calidadartesana.com\/#organization"},"potentialAction":[{"@type":"SearchAction","target":{"@type":"EntryPoint","urlTemplate":"https:\/\/blog.calidadartesana.com\/?s={search_term_string}"},"query-input":{"@type":"PropertyValueSpecification","valueRequired":true,"valueName":"search_term_string"}}],"inLanguage":"es"},{"@type":"Organization","@id":"https:\/\/blog.calidadartesana.com\/#organization","name":"Calidad Artesana","url":"https:\/\/blog.calidadartesana.com\/","logo":{"@type":"ImageObject","inLanguage":"es","@id":"https:\/\/blog.calidadartesana.com\/#\/schema\/logo\/image\/","url":"https:\/\/blog.calidadartesana.com\/wp-content\/uploads\/cropped-calidadArtesana.png","contentUrl":"https:\/\/blog.calidadartesana.com\/wp-content\/uploads\/cropped-calidadArtesana.png","width":690,"height":230,"caption":"Calidad Artesana"},"image":{"@id":"https:\/\/blog.calidadartesana.com\/#\/schema\/logo\/image\/"},"sameAs":["https:\/\/www.facebook.com\/CalidadArtesana","https:\/\/x.com\/CalidadArtesana","https:\/\/www.instagram.com\/calidad_artesana\/","https:\/\/es.pinterest.com\/CertificadoCalidadArtesana\/"]}]}},"_links":{"self":[{"href":"https:\/\/blog.calidadartesana.com\/index.php\/wp-json\/wp\/v2\/pages\/45","targetHints":{"allow":["GET"]}}],"collection":[{"href":"https:\/\/blog.calidadartesana.com\/index.php\/wp-json\/wp\/v2\/pages"}],"about":[{"href":"https:\/\/blog.calidadartesana.com\/index.php\/wp-json\/wp\/v2\/types\/page"}],"author":[{"embeddable":true,"href":"https:\/\/blog.calidadartesana.com\/index.php\/wp-json\/wp\/v2\/users\/1"}],"replies":[{"embeddable":true,"href":"https:\/\/blog.calidadartesana.com\/index.php\/wp-json\/wp\/v2\/comments?post=45"}],"version-history":[{"count":14,"href":"https:\/\/blog.calidadartesana.com\/index.php\/wp-json\/wp\/v2\/pages\/45\/revisions"}],"predecessor-version":[{"id":116,"href":"https:\/\/blog.calidadartesana.com\/index.php\/wp-json\/wp\/v2\/pages\/45\/revisions\/116"}],"wp:attachment":[{"href":"https:\/\/blog.calidadartesana.com\/index.php\/wp-json\/wp\/v2\/media?parent=45"}],"curies":[{"name":"wp","href":"https:\/\/api.w.org\/{rel}","templated":true}]}}