{"id":521,"date":"2024-01-09T09:33:06","date_gmt":"2024-01-09T09:33:06","guid":{"rendered":"https:\/\/blog.calidadartesana.com\/?page_id=521"},"modified":"2024-01-09T09:33:23","modified_gmt":"2024-01-09T09:33:23","slug":"inicio","status":"publish","type":"page","link":"https:\/\/blog.calidadartesana.com\/","title":{"rendered":"Inicio"},"content":{"rendered":"\n<h4 class=\"wp-block-heading\">INICIO &#8211; BLOG DE CALIDAD ARTESANA.<\/h4>\n\n\n\n<p>A continuaci\u00f3n detallamos la definici\u00f3n de los principales conceptos y t\u00e9rminos relacionados con la artesan\u00eda con la finalidad de facilitar, especialmente a aquellos lectores menos familiarizados con el sector.<\/p>\n\n\n\n<p><strong>Actividades artesanas<\/strong><\/p>\n\n\n\n<p>Son aqu\u00e9llas que se ajustan a la definici\u00f3n desarrollada por cada comunidad aut\u00f3noma. Normalmente las actividades artesanas se agrupan en tres o cuatro grupos siendo los m\u00e1s comunes:&nbsp;<strong>actividades art\u00edsticas o de creaci\u00f3n<\/strong>;&nbsp;<strong>actividades de producci\u00f3n de bienes de consumo<\/strong>&nbsp;\u2014dependiendo de la comunidad aut\u00f3noma se tiene en cuenta o no la producci\u00f3n de alimentos elaborados de forma artesanal\u2014;&nbsp;<strong>actividades de servicios<\/strong>&nbsp;y&nbsp;<strong>actividades con car\u00e1cter tradicional<\/strong>, de inter\u00e9s hist\u00f3rico o antropol\u00f3gico.<\/p>\n\n\n\n<p><strong>Actividad preferentemente manual<\/strong><\/p>\n\n\n\n<p>Uno de los requisitos indispensables, recogido as\u00ed en todas las definiciones de artesan\u00eda de las comunidades aut\u00f3nomas, es que&nbsp;<strong>la actividad debe desarrollarse en su mayor parte de forma manual<\/strong>, con utilizaci\u00f3n de herramientas o utillaje. Con esta condici\u00f3n se pretende diferenciar la artesan\u00eda de los procesos de elaboraci\u00f3n industrial.&nbsp;<a href=\"http:\/\/www.calidadartesana.es\/codigo-etico\/\" target=\"_blank\" rel=\"noreferrer noopener\">C\u00d3DIGO \u00c9TICO DE CALIDAD ARTESANA.<\/a><\/p>\n\n\n\n<p><strong>Carta de Maestro\/a Artesano\/a<\/strong><\/p>\n\n\n\n<p>La&nbsp;<strong>Carta de Maestro Artesano<\/strong>&nbsp;es una distinci\u00f3n honor\u00edfica que se concede a la persona artesana, con car\u00e1cter personal e intransferible, por ostentar m\u00e9ritos extraordinarios relacionados con el mantenimiento de su oficio, por su experiencia profesional o por la promoci\u00f3n de su actividad.&nbsp;<a href=\"http:\/\/www.medievalesartesanos.com\/brujula-del-artesano\" target=\"_blank\" rel=\"noreferrer noopener\">SOLICITA AYUDA PARA CONSEGUIR TU CARTA DE ARTESANO<\/a>.<\/p>\n\n\n\n<p><strong>Consejo de artesan\u00eda El Consejo o Comit\u00e9 de artesan\u00eda.<\/strong><\/p>\n\n\n\n<p>Es un&nbsp;<strong>\u00f3rgano colegiado de asesoramiento<\/strong>&nbsp;adscrito a la consejer\u00eda competente en materia de artesan\u00eda, en el que est\u00e1n representadas las entidades p\u00fablicas y privadas relacionadas con el sector, as\u00ed como las propias personas artesanas. Todas las comunidades aut\u00f3nomas cuentan con este \u00f3rgano, as\u00ed como las diputaciones forales del Pa\u00eds Vasco, a excepci\u00f3n de Vizcaya.<\/p>\n\n\n\n<p><strong>Distintivos de calidad.<\/strong><\/p>\n\n\n\n<p>Los&nbsp;<strong>distintivos de calidad<\/strong>&nbsp;o las \u00ab<strong>denominaciones de calidad de la artesan\u00eda<\/strong>\u00bb, son garant\u00edas de calidad, as\u00ed como instrumentos de identificaci\u00f3n de la procedencia de un producto artesano. Su finalidad principal es la de fomentar la comercializaci\u00f3n de los productos artesanos de un determinado lugar.&nbsp;<a href=\"http:\/\/www.calidadartesana.es\/\" target=\"_blank\" rel=\"noreferrer noopener\">CONSIGUE TU SELLO DE CALIDAD ARTESANA<\/a>.<\/p>\n\n\n\n<p><strong>Registros de artesan\u00eda.<\/strong><\/p>\n\n\n\n<p>Los&nbsp;<strong>registros de artesan\u00eda<\/strong>&nbsp;se adscriben a cada comunidad aut\u00f3noma con el prop\u00f3sito de posibilitar la inscripci\u00f3n de las personas artesanas en una clasificaci\u00f3n administrativa que permita&nbsp;su reconocimiento y acceso a una serie de derechos concretos, como por ejemplo la posibilidad de participar en eventos feriales, cursos, acceso a subvenciones, etc. Seg\u00fan el criterio de cada comunidad aut\u00f3noma el registro puede contar con varias secciones: artesanos y artesanas individuales, empresas, asociaciones, federaciones, etc.&nbsp;<a href=\"http:\/\/www.calidadartesana.es\/socios-artesanos\/\" target=\"_blank\" rel=\"noreferrer noopener\">SOCIOS CERTIFICADOS POR CALIDAD ARTESANA.<\/a><\/p>\n\n\n\n<p><strong>Repertorio de oficios artesanos.<\/strong><\/p>\n\n\n\n<p>La finalidad del&nbsp;<strong>repertorio<\/strong>&nbsp;es delimitar el conjunto de actividades que forman parte del sector artesano. Esta delimitaci\u00f3n viene acotada por la definici\u00f3n que cada comunidad aut\u00f3noma desarrolle sobre artesan\u00eda. El repertorio, normalmente, suele presentar la denominaci\u00f3n del oficio, su correspondencia con la Clasificaci\u00f3n Nacional de Actividades Econ\u00f3micas (CNAE), la denominaci\u00f3n de la persona artesana y una breve definici\u00f3n del oficio.&nbsp;<a href=\"http:\/\/www.calidadartesana.es\/blog\/\" target=\"_blank\" rel=\"noreferrer noopener\">CONOCE TODO EL REPERTORIO DE OFICIOS ARTESANOS<\/a>.<\/p>\n\n\n\n<p><strong>Zonas y puntos de inter\u00e9s artesanal.<\/strong><\/p>\n\n\n\n<p>Las<strong>&nbsp;zonas de inter\u00e9s artesanal<\/strong>&nbsp;son \u00e1reas geogr\u00e1ficas, ya sean agrupaciones municipales, t\u00e9rminos municipales o parte de los mismos, en los que concurren especiales caracter\u00edsticas de producci\u00f3n o comercializaci\u00f3n de productos artesanos o de concentraci\u00f3n de talleres, cuyos productos se identifican como genuinos del territorio. Por su parte, los puntos de inter\u00e9s artesanal hacen referencia a aquellos locales o talleres con especiales caracter\u00edsticas de producci\u00f3n y comercializaci\u00f3n de productos artesanos que, no necesariamente, se encuentran ubicados en una zona de concentraci\u00f3n de talleres artesanos, o sus productos no se identifican como genuinos del territorio.&nbsp;<a href=\"http:\/\/www.medievalesartesanos.com\/blog\/index.php\/turismo-artesanal\/\" target=\"_blank\" rel=\"noreferrer noopener\">DISFRUTA HACIENDO TURISMO ARTESANAL<\/a><\/p>\n","protected":false},"excerpt":{"rendered":"<p>INICIO &#8211; BLOG DE CALIDAD ARTESANA. A continuaci\u00f3n detallamos la definici\u00f3n de los principales conceptos y t\u00e9rminos relacionados con la [&hellip;]<\/p>\n","protected":false},"author":1,"featured_media":0,"parent":0,"menu_order":0,"comment_status":"closed","ping_status":"closed","template":"","meta":{"site-sidebar-layout":"default","site-content-layout":"","ast-site-content-layout":"default","site-content-style":"default","site-sidebar-style":"default","ast-global-header-display":"","ast-banner-title-visibility":"","ast-main-header-display":"","ast-hfb-above-header-display":"","ast-hfb-below-header-display":"","ast-hfb-mobile-header-display":"","site-post-title":"","ast-breadcrumbs-content":"","ast-featured-img":"","footer-sml-layout":"","theme-transparent-header-meta":"","adv-header-id-meta":"","stick-header-meta":"","header-above-stick-meta":"","header-main-stick-meta":"","header-below-stick-meta":"","astra-migrate-meta-layouts":"default","ast-page-background-enabled":"default","ast-page-background-meta":{"desktop":{"background-color":"var(--ast-global-color-4)","background-image":"","background-repeat":"repeat","background-position":"center center","background-size":"auto","background-attachment":"scroll","background-type":"","background-media":"","overlay-type":"","overlay-color":"","overlay-opacity":"","overlay-gradient":""},"tablet":{"background-color":"","background-image":"","background-repeat":"repeat","background-position":"center center","background-size":"auto","background-attachment":"scroll","background-type":"","background-media":"","overlay-type":"","overlay-color":"","overlay-opacity":"","overlay-gradient":""},"mobile":{"background-color":"","background-image":"","background-repeat":"repeat","background-position":"center center","background-size":"auto","background-attachment":"scroll","background-type":"","background-media":"","overlay-type":"","overlay-color":"","overlay-opacity":"","overlay-gradient":""}},"ast-content-background-meta":{"desktop":{"background-color":"var(--ast-global-color-5)","background-image":"","background-repeat":"repeat","background-position":"center center","background-size":"auto","background-attachment":"scroll","background-type":"","background-media":"","overlay-type":"","overlay-color":"","overlay-opacity":"","overlay-gradient":""},"tablet":{"background-color":"var(--ast-global-color-5)","background-image":"","background-repeat":"repeat","background-position":"center center","background-size":"auto","background-attachment":"scroll","background-type":"","background-media":"","overlay-type":"","overlay-color":"","overlay-opacity":"","overlay-gradient":""},"mobile":{"background-color":"var(--ast-global-color-5)","background-image":"","background-repeat":"repeat","background-position":"center center","background-size":"auto","background-attachment":"scroll","background-type":"","background-media":"","overlay-type":"","overlay-color":"","overlay-opacity":"","overlay-gradient":""}},"footnotes":""},"class_list":["post-521","page","type-page","status-publish","hentry"],"yoast_head":"<!-- This site is optimized with the Yoast SEO plugin v27.6 - https:\/\/yoast.com\/product\/yoast-seo-wordpress\/ -->\n<title>Inicio -<\/title>\n<meta name=\"robots\" content=\"index, follow, max-snippet:-1, max-image-preview:large, max-video-preview:-1\" \/>\n<link rel=\"canonical\" href=\"https:\/\/blog.calidadartesana.com\/\" \/>\n<meta property=\"og:locale\" content=\"es_ES\" \/>\n<meta property=\"og:type\" content=\"article\" \/>\n<meta property=\"og:title\" content=\"Inicio -\" \/>\n<meta property=\"og:description\" content=\"INICIO &#8211; BLOG DE CALIDAD ARTESANA. A continuaci\u00f3n detallamos la definici\u00f3n de los principales conceptos y t\u00e9rminos relacionados con la [&hellip;]\" \/>\n<meta property=\"og:url\" content=\"https:\/\/blog.calidadartesana.com\/\" \/>\n<meta property=\"article:publisher\" content=\"https:\/\/www.facebook.com\/CalidadArtesana\" \/>\n<meta property=\"article:modified_time\" content=\"2024-01-09T09:33:23+00:00\" \/>\n<meta name=\"twitter:card\" content=\"summary_large_image\" \/>\n<meta name=\"twitter:site\" content=\"@CalidadArtesana\" \/>\n<meta name=\"twitter:label1\" content=\"Tiempo de lectura\" \/>\n\t<meta name=\"twitter:data1\" content=\"3 minutos\" \/>\n<script type=\"application\/ld+json\" class=\"yoast-schema-graph\">{\"@context\":\"https:\\\/\\\/schema.org\",\"@graph\":[{\"@type\":\"WebPage\",\"@id\":\"https:\\\/\\\/blog.calidadartesana.com\\\/\",\"url\":\"https:\\\/\\\/blog.calidadartesana.com\\\/\",\"name\":\"Inicio -\",\"isPartOf\":{\"@id\":\"https:\\\/\\\/blog.calidadartesana.com\\\/#website\"},\"datePublished\":\"2024-01-09T09:33:06+00:00\",\"dateModified\":\"2024-01-09T09:33:23+00:00\",\"breadcrumb\":{\"@id\":\"https:\\\/\\\/blog.calidadartesana.com\\\/#breadcrumb\"},\"inLanguage\":\"es\",\"potentialAction\":[{\"@type\":\"ReadAction\",\"target\":[\"https:\\\/\\\/blog.calidadartesana.com\\\/\"]}]},{\"@type\":\"BreadcrumbList\",\"@id\":\"https:\\\/\\\/blog.calidadartesana.com\\\/#breadcrumb\",\"itemListElement\":[{\"@type\":\"ListItem\",\"position\":1,\"name\":\"Portada\",\"item\":\"https:\\\/\\\/blog.calidadartesana.com\\\/\"},{\"@type\":\"ListItem\",\"position\":2,\"name\":\"Inicio\"}]},{\"@type\":\"WebSite\",\"@id\":\"https:\\\/\\\/blog.calidadartesana.com\\\/#website\",\"url\":\"https:\\\/\\\/blog.calidadartesana.com\\\/\",\"name\":\"Calidad Artesana\",\"description\":\"Blog Calidad Artesana\",\"publisher\":{\"@id\":\"https:\\\/\\\/blog.calidadartesana.com\\\/#organization\"},\"potentialAction\":[{\"@type\":\"SearchAction\",\"target\":{\"@type\":\"EntryPoint\",\"urlTemplate\":\"https:\\\/\\\/blog.calidadartesana.com\\\/?s={search_term_string}\"},\"query-input\":{\"@type\":\"PropertyValueSpecification\",\"valueRequired\":true,\"valueName\":\"search_term_string\"}}],\"inLanguage\":\"es\"},{\"@type\":\"Organization\",\"@id\":\"https:\\\/\\\/blog.calidadartesana.com\\\/#organization\",\"name\":\"Calidad Artesana\",\"url\":\"https:\\\/\\\/blog.calidadartesana.com\\\/\",\"logo\":{\"@type\":\"ImageObject\",\"inLanguage\":\"es\",\"@id\":\"https:\\\/\\\/blog.calidadartesana.com\\\/#\\\/schema\\\/logo\\\/image\\\/\",\"url\":\"https:\\\/\\\/blog.calidadartesana.com\\\/wp-content\\\/uploads\\\/cropped-calidadArtesana.png\",\"contentUrl\":\"https:\\\/\\\/blog.calidadartesana.com\\\/wp-content\\\/uploads\\\/cropped-calidadArtesana.png\",\"width\":690,\"height\":230,\"caption\":\"Calidad Artesana\"},\"image\":{\"@id\":\"https:\\\/\\\/blog.calidadartesana.com\\\/#\\\/schema\\\/logo\\\/image\\\/\"},\"sameAs\":[\"https:\\\/\\\/www.facebook.com\\\/CalidadArtesana\",\"https:\\\/\\\/x.com\\\/CalidadArtesana\",\"https:\\\/\\\/www.instagram.com\\\/calidad_artesana\\\/\",\"https:\\\/\\\/es.pinterest.com\\\/CertificadoCalidadArtesana\\\/\"]}]}<\/script>\n<!-- \/ Yoast SEO plugin. -->","yoast_head_json":{"title":"Inicio -","robots":{"index":"index","follow":"follow","max-snippet":"max-snippet:-1","max-image-preview":"max-image-preview:large","max-video-preview":"max-video-preview:-1"},"canonical":"https:\/\/blog.calidadartesana.com\/","og_locale":"es_ES","og_type":"article","og_title":"Inicio -","og_description":"INICIO &#8211; BLOG DE CALIDAD ARTESANA. A continuaci\u00f3n detallamos la definici\u00f3n de los principales conceptos y t\u00e9rminos relacionados con la [&hellip;]","og_url":"https:\/\/blog.calidadartesana.com\/","article_publisher":"https:\/\/www.facebook.com\/CalidadArtesana","article_modified_time":"2024-01-09T09:33:23+00:00","twitter_card":"summary_large_image","twitter_site":"@CalidadArtesana","twitter_misc":{"Tiempo de lectura":"3 minutos"},"schema":{"@context":"https:\/\/schema.org","@graph":[{"@type":"WebPage","@id":"https:\/\/blog.calidadartesana.com\/","url":"https:\/\/blog.calidadartesana.com\/","name":"Inicio -","isPartOf":{"@id":"https:\/\/blog.calidadartesana.com\/#website"},"datePublished":"2024-01-09T09:33:06+00:00","dateModified":"2024-01-09T09:33:23+00:00","breadcrumb":{"@id":"https:\/\/blog.calidadartesana.com\/#breadcrumb"},"inLanguage":"es","potentialAction":[{"@type":"ReadAction","target":["https:\/\/blog.calidadartesana.com\/"]}]},{"@type":"BreadcrumbList","@id":"https:\/\/blog.calidadartesana.com\/#breadcrumb","itemListElement":[{"@type":"ListItem","position":1,"name":"Portada","item":"https:\/\/blog.calidadartesana.com\/"},{"@type":"ListItem","position":2,"name":"Inicio"}]},{"@type":"WebSite","@id":"https:\/\/blog.calidadartesana.com\/#website","url":"https:\/\/blog.calidadartesana.com\/","name":"Calidad Artesana","description":"Blog Calidad Artesana","publisher":{"@id":"https:\/\/blog.calidadartesana.com\/#organization"},"potentialAction":[{"@type":"SearchAction","target":{"@type":"EntryPoint","urlTemplate":"https:\/\/blog.calidadartesana.com\/?s={search_term_string}"},"query-input":{"@type":"PropertyValueSpecification","valueRequired":true,"valueName":"search_term_string"}}],"inLanguage":"es"},{"@type":"Organization","@id":"https:\/\/blog.calidadartesana.com\/#organization","name":"Calidad Artesana","url":"https:\/\/blog.calidadartesana.com\/","logo":{"@type":"ImageObject","inLanguage":"es","@id":"https:\/\/blog.calidadartesana.com\/#\/schema\/logo\/image\/","url":"https:\/\/blog.calidadartesana.com\/wp-content\/uploads\/cropped-calidadArtesana.png","contentUrl":"https:\/\/blog.calidadartesana.com\/wp-content\/uploads\/cropped-calidadArtesana.png","width":690,"height":230,"caption":"Calidad Artesana"},"image":{"@id":"https:\/\/blog.calidadartesana.com\/#\/schema\/logo\/image\/"},"sameAs":["https:\/\/www.facebook.com\/CalidadArtesana","https:\/\/x.com\/CalidadArtesana","https:\/\/www.instagram.com\/calidad_artesana\/","https:\/\/es.pinterest.com\/CertificadoCalidadArtesana\/"]}]}},"_links":{"self":[{"href":"https:\/\/blog.calidadartesana.com\/index.php\/wp-json\/wp\/v2\/pages\/521","targetHints":{"allow":["GET"]}}],"collection":[{"href":"https:\/\/blog.calidadartesana.com\/index.php\/wp-json\/wp\/v2\/pages"}],"about":[{"href":"https:\/\/blog.calidadartesana.com\/index.php\/wp-json\/wp\/v2\/types\/page"}],"author":[{"embeddable":true,"href":"https:\/\/blog.calidadartesana.com\/index.php\/wp-json\/wp\/v2\/users\/1"}],"replies":[{"embeddable":true,"href":"https:\/\/blog.calidadartesana.com\/index.php\/wp-json\/wp\/v2\/comments?post=521"}],"version-history":[{"count":2,"href":"https:\/\/blog.calidadartesana.com\/index.php\/wp-json\/wp\/v2\/pages\/521\/revisions"}],"predecessor-version":[{"id":523,"href":"https:\/\/blog.calidadartesana.com\/index.php\/wp-json\/wp\/v2\/pages\/521\/revisions\/523"}],"wp:attachment":[{"href":"https:\/\/blog.calidadartesana.com\/index.php\/wp-json\/wp\/v2\/media?parent=521"}],"curies":[{"name":"wp","href":"https:\/\/api.w.org\/{rel}","templated":true}]}}